{"id":7475,"date":"2024-04-11T14:38:13","date_gmt":"2024-04-11T12:38:13","guid":{"rendered":"https:\/\/www.passion4travel.it\/elemento\/unkategorisiert\/porsche-panamera-4-2022\/"},"modified":"2024-04-12T15:06:30","modified_gmt":"2024-04-12T13:06:30","slug":"porsche-panamera-4-2022","status":"publish","type":"product","link":"https:\/\/passion4travel.it\/de\/element\/vermietung\/vintage-und-luxusautos\/porsche-panamera-4-2022\/","title":{"rendered":"Porsche Panamera 4 2022"},"content":{"rendered":"<p>Die Porsche Panamera 4 steht f\u00fcr Spitzenleistungen in Verbindung mit Sportlichkeit, Luxus und modernster Technologie. Diese Luxuslimousine zeichnet sich durch flie\u00dfende und elegante Linien aus, die auf der Stra\u00dfe Aufmerksamkeit erregen. Mit einem leistungsstarken V6-Turbo-Motor bietet der Panamera 4 au\u00dfergew\u00f6hnliche Leistung, blitzschnelle Beschleunigung und agile Fahreigenschaften, selbst in Kurven.<\/p>\n<p>Das Interieur vereint Komfort und Raffinesse mit hochwertigen Materialien, ergonomischen Sitzen und einer breiten Palette von Unterhaltungs- und Fahrerassistenztechnologien. Dar\u00fcber hinaus ist der Panamera 4 mit einem intelligenten Allradantriebssystem erh\u00e4ltlich, das eine au\u00dfergew\u00f6hnliche Stabilit\u00e4t unter allen Fahrbedingungen gew\u00e4hrleistet. Durch die Kombination von Luxus, Leistung und Alltagstauglichkeit bietet der Porsche Panamera 4 ein au\u00dfergew\u00f6hnliches Fahrerlebnis im Segment der Luxuslimousinen.<\/p>\n","protected":false},"excerpt":{"rendered":"<p>Die Porsche Panamera 4 steht f\u00fcr Spitzenleistungen in Verbindung mit Sportlichkeit, Luxus und modernster Technologie. Diese Luxuslimousine zeichnet sich durch flie\u00dfende und elegante Linien aus, die auf der Stra\u00dfe Aufmerksamkeit&#8230;<\/p>\n","protected":false},"featured_media":7286,"template":"","meta":[],"product_brand":[],"product_cat":[78],"product_tag":[],"class_list":{"0":"post-7475","1":"product","2":"type-product","3":"status-publish","4":"has-post-thumbnail","6":"product_cat-vintage-und-luxusautos","8":"first","9":"instock","10":"virtual","11":"sold-individually","12":"purchasable","13":"product-type-simple"},"yoast_head":"<!-- This site is optimized with the Yoast SEO plugin v27.0 - https:\/\/yoast.com\/product\/yoast-seo-wordpress\/ -->\n<title>Porsche Panamera 4 2022 - Passion 4 Travel<\/title>\n<meta name=\"robots\" content=\"index, follow, max-snippet:-1, max-image-preview:large, max-video-preview:-1\" \/>\n<link rel=\"canonical\" href=\"https:\/\/passion4travel.it\/de\/element\/vermietung\/vintage-und-luxusautos\/porsche-panamera-4-2022\/\" \/>\n<meta property=\"og:locale\" content=\"de_DE\" \/>\n<meta property=\"og:type\" content=\"article\" \/>\n<meta property=\"og:title\" content=\"Porsche Panamera 4 2022 - Passion 4 Travel\" \/>\n<meta property=\"og:description\" content=\"Die Porsche Panamera 4 steht f\u00fcr Spitzenleistungen in Verbindung mit Sportlichkeit, Luxus und modernster Technologie. Diese Luxuslimousine zeichnet sich durch flie\u00dfende und elegante Linien aus, die auf der Stra\u00dfe Aufmerksamkeit...\" \/>\n<meta property=\"og:url\" content=\"https:\/\/passion4travel.it\/de\/element\/vermietung\/vintage-und-luxusautos\/porsche-panamera-4-2022\/\" \/>\n<meta property=\"og:site_name\" content=\"Passion 4 Travel\" \/>\n<meta property=\"article:modified_time\" content=\"2024-04-12T13:06:30+00:00\" \/>\n<meta property=\"og:image\" content=\"https:\/\/passion4travel.it\/wp-content\/uploads\/2024\/04\/passion4travel_noleggio_auto_lusso_porsche_panamera_4_2023_1.jpg\" \/>\n\t<meta property=\"og:image:width\" content=\"1000\" \/>\n\t<meta property=\"og:image:height\" content=\"600\" \/>\n\t<meta property=\"og:image:type\" content=\"image\/jpeg\" \/>\n<meta name=\"twitter:card\" content=\"summary_large_image\" \/>\n<meta name=\"twitter:label1\" content=\"Gesch\u00e4tzte Lesezeit\" \/>\n\t<meta name=\"twitter:data1\" content=\"1\u00a0Minute\" \/>\n<script type=\"application\/ld+json\" class=\"yoast-schema-graph\">{\"@context\":\"https:\/\/schema.org\",\"@graph\":[{\"@type\":\"WebPage\",\"@id\":\"https:\/\/passion4travel.it\/de\/element\/vermietung\/vintage-und-luxusautos\/porsche-panamera-4-2022\/\",\"url\":\"https:\/\/passion4travel.it\/de\/element\/vermietung\/vintage-und-luxusautos\/porsche-panamera-4-2022\/\",\"name\":\"Porsche Panamera 4 2022 - Passion 4 Travel\",\"isPartOf\":{\"@id\":\"https:\/\/passion4travel.it\/de\/#website\"},\"primaryImageOfPage\":{\"@id\":\"https:\/\/passion4travel.it\/de\/element\/vermietung\/vintage-und-luxusautos\/porsche-panamera-4-2022\/#primaryimage\"},\"image\":{\"@id\":\"https:\/\/passion4travel.it\/de\/element\/vermietung\/vintage-und-luxusautos\/porsche-panamera-4-2022\/#primaryimage\"},\"thumbnailUrl\":\"https:\/\/passion4travel.it\/wp-content\/uploads\/2024\/04\/passion4travel_noleggio_auto_lusso_porsche_panamera_4_2023_1.jpg\",\"datePublished\":\"2024-04-11T12:38:13+00:00\",\"dateModified\":\"2024-04-12T13:06:30+00:00\",\"breadcrumb\":{\"@id\":\"https:\/\/passion4travel.it\/de\/element\/vermietung\/vintage-und-luxusautos\/porsche-panamera-4-2022\/#breadcrumb\"},\"inLanguage\":\"de\",\"potentialAction\":[{\"@type\":\"ReadAction\",\"target\":[\"https:\/\/passion4travel.it\/de\/element\/vermietung\/vintage-und-luxusautos\/porsche-panamera-4-2022\/\"]}]},{\"@type\":\"ImageObject\",\"inLanguage\":\"de\",\"@id\":\"https:\/\/passion4travel.it\/de\/element\/vermietung\/vintage-und-luxusautos\/porsche-panamera-4-2022\/#primaryimage\",\"url\":\"https:\/\/passion4travel.it\/wp-content\/uploads\/2024\/04\/passion4travel_noleggio_auto_lusso_porsche_panamera_4_2023_1.jpg\",\"contentUrl\":\"https:\/\/passion4travel.it\/wp-content\/uploads\/2024\/04\/passion4travel_noleggio_auto_lusso_porsche_panamera_4_2023_1.jpg\",\"width\":1000,\"height\":600},{\"@type\":\"BreadcrumbList\",\"@id\":\"https:\/\/passion4travel.it\/de\/element\/vermietung\/vintage-und-luxusautos\/porsche-panamera-4-2022\/#breadcrumb\",\"itemListElement\":[{\"@type\":\"ListItem\",\"position\":1,\"name\":\"Home\",\"item\":\"https:\/\/passion4travel.it\/de\/\"},{\"@type\":\"ListItem\",\"position\":2,\"name\":\"Produkte\",\"item\":\"https:\/\/passion4travel.it\/de\/shop\/\"},{\"@type\":\"ListItem\",\"position\":3,\"name\":\"Porsche Panamera 4 2022\"}]},{\"@type\":\"WebSite\",\"@id\":\"https:\/\/passion4travel.it\/de\/#website\",\"url\":\"https:\/\/passion4travel.it\/de\/\",\"name\":\"Passion 4 Travel\",\"description\":\"Tour Operator con sede nelle Colline del Prosecco Conegliano Valdobbiadene che sviluppa e propone tour guidati e servizi turistici che soddisfano ogni passione.\",\"potentialAction\":[{\"@type\":\"SearchAction\",\"target\":{\"@type\":\"EntryPoint\",\"urlTemplate\":\"https:\/\/passion4travel.it\/de\/?s={search_term_string}\"},\"query-input\":{\"@type\":\"PropertyValueSpecification\",\"valueRequired\":true,\"valueName\":\"search_term_string\"}}],\"inLanguage\":\"de\"}]}<\/script>\n<!-- \/ Yoast SEO plugin. -->","yoast_head_json":{"title":"Porsche Panamera 4 2022 - Passion 4 Travel","robots":{"index":"index","follow":"follow","max-snippet":"max-snippet:-1","max-image-preview":"max-image-preview:large","max-video-preview":"max-video-preview:-1"},"canonical":"https:\/\/passion4travel.it\/de\/element\/vermietung\/vintage-und-luxusautos\/porsche-panamera-4-2022\/","og_locale":"de_DE","og_type":"article","og_title":"Porsche Panamera 4 2022 - Passion 4 Travel","og_description":"Die Porsche Panamera 4 steht f\u00fcr Spitzenleistungen in Verbindung mit Sportlichkeit, Luxus und modernster Technologie. Diese Luxuslimousine zeichnet sich durch flie\u00dfende und elegante Linien aus, die auf der Stra\u00dfe Aufmerksamkeit...","og_url":"https:\/\/passion4travel.it\/de\/element\/vermietung\/vintage-und-luxusautos\/porsche-panamera-4-2022\/","og_site_name":"Passion 4 Travel","article_modified_time":"2024-04-12T13:06:30+00:00","og_image":[{"width":1000,"height":600,"url":"https:\/\/passion4travel.it\/wp-content\/uploads\/2024\/04\/passion4travel_noleggio_auto_lusso_porsche_panamera_4_2023_1.jpg","type":"image\/jpeg"}],"twitter_card":"summary_large_image","twitter_misc":{"Gesch\u00e4tzte Lesezeit":"1\u00a0Minute"},"schema":{"@context":"https:\/\/schema.org","@graph":[{"@type":"WebPage","@id":"https:\/\/passion4travel.it\/de\/element\/vermietung\/vintage-und-luxusautos\/porsche-panamera-4-2022\/","url":"https:\/\/passion4travel.it\/de\/element\/vermietung\/vintage-und-luxusautos\/porsche-panamera-4-2022\/","name":"Porsche Panamera 4 2022 - Passion 4 Travel","isPartOf":{"@id":"https:\/\/passion4travel.it\/de\/#website"},"primaryImageOfPage":{"@id":"https:\/\/passion4travel.it\/de\/element\/vermietung\/vintage-und-luxusautos\/porsche-panamera-4-2022\/#primaryimage"},"image":{"@id":"https:\/\/passion4travel.it\/de\/element\/vermietung\/vintage-und-luxusautos\/porsche-panamera-4-2022\/#primaryimage"},"thumbnailUrl":"https:\/\/passion4travel.it\/wp-content\/uploads\/2024\/04\/passion4travel_noleggio_auto_lusso_porsche_panamera_4_2023_1.jpg","datePublished":"2024-04-11T12:38:13+00:00","dateModified":"2024-04-12T13:06:30+00:00","breadcrumb":{"@id":"https:\/\/passion4travel.it\/de\/element\/vermietung\/vintage-und-luxusautos\/porsche-panamera-4-2022\/#breadcrumb"},"inLanguage":"de","potentialAction":[{"@type":"ReadAction","target":["https:\/\/passion4travel.it\/de\/element\/vermietung\/vintage-und-luxusautos\/porsche-panamera-4-2022\/"]}]},{"@type":"ImageObject","inLanguage":"de","@id":"https:\/\/passion4travel.it\/de\/element\/vermietung\/vintage-und-luxusautos\/porsche-panamera-4-2022\/#primaryimage","url":"https:\/\/passion4travel.it\/wp-content\/uploads\/2024\/04\/passion4travel_noleggio_auto_lusso_porsche_panamera_4_2023_1.jpg","contentUrl":"https:\/\/passion4travel.it\/wp-content\/uploads\/2024\/04\/passion4travel_noleggio_auto_lusso_porsche_panamera_4_2023_1.jpg","width":1000,"height":600},{"@type":"BreadcrumbList","@id":"https:\/\/passion4travel.it\/de\/element\/vermietung\/vintage-und-luxusautos\/porsche-panamera-4-2022\/#breadcrumb","itemListElement":[{"@type":"ListItem","position":1,"name":"Home","item":"https:\/\/passion4travel.it\/de\/"},{"@type":"ListItem","position":2,"name":"Produkte","item":"https:\/\/passion4travel.it\/de\/shop\/"},{"@type":"ListItem","position":3,"name":"Porsche Panamera 4 2022"}]},{"@type":"WebSite","@id":"https:\/\/passion4travel.it\/de\/#website","url":"https:\/\/passion4travel.it\/de\/","name":"Passion 4 Travel","description":"Tour Operator con sede nelle Colline del Prosecco Conegliano Valdobbiadene che sviluppa e propone tour guidati e servizi turistici che soddisfano ogni passione.","potentialAction":[{"@type":"SearchAction","target":{"@type":"EntryPoint","urlTemplate":"https:\/\/passion4travel.it\/de\/?s={search_term_string}"},"query-input":{"@type":"PropertyValueSpecification","valueRequired":true,"valueName":"search_term_string"}}],"inLanguage":"de"}]}},"_links":{"self":[{"href":"https:\/\/passion4travel.it\/de\/wp-json\/wp\/v2\/product\/7475","targetHints":{"allow":["GET"]}}],"collection":[{"href":"https:\/\/passion4travel.it\/de\/wp-json\/wp\/v2\/product"}],"about":[{"href":"https:\/\/passion4travel.it\/de\/wp-json\/wp\/v2\/types\/product"}],"wp:featuredmedia":[{"embeddable":true,"href":"https:\/\/passion4travel.it\/de\/wp-json\/wp\/v2\/media\/7286"}],"wp:attachment":[{"href":"https:\/\/passion4travel.it\/de\/wp-json\/wp\/v2\/media?parent=7475"}],"wp:term":[{"taxonomy":"product_brand","embeddable":true,"href":"https:\/\/passion4travel.it\/de\/wp-json\/wp\/v2\/product_brand?post=7475"},{"taxonomy":"product_cat","embeddable":true,"href":"https:\/\/passion4travel.it\/de\/wp-json\/wp\/v2\/product_cat?post=7475"},{"taxonomy":"product_tag","embeddable":true,"href":"https:\/\/passion4travel.it\/de\/wp-json\/wp\/v2\/product_tag?post=7475"}],"curies":[{"name":"wp","href":"https:\/\/api.w.org\/{rel}","templated":true}]}}