{"id":7487,"date":"2024-04-11T12:50:39","date_gmt":"2024-04-11T10:50:39","guid":{"rendered":"https:\/\/www.passion4travel.it\/elemento\/unkategorisiert\/triumph-tr3-1962\/"},"modified":"2024-04-12T15:04:58","modified_gmt":"2024-04-12T13:04:58","slug":"triumph-tr3-1962","status":"publish","type":"product","link":"https:\/\/passion4travel.it\/de\/element\/vermietung\/vintage-und-luxusautos\/triumph-tr3-1962\/","title":{"rendered":"Triumph TR3 1962"},"content":{"rendered":"<p>Der Triumph TR3 ist ein klassischer britischer Roadster, der den abenteuerlichen Geist der 1950er und 1960er Jahre verk\u00f6rpert. 1955 eingef\u00fchrt, hat dieses Sportauto die Vorstellungskraft der Fahrer mit seinem markanten Design und seinem fesselnden Fahrverhalten erobert. Mit seiner schlanken Karosserie, den markanten Kotfl\u00fcgeln und dem Fischmaul-K\u00fchlergrill strahlt der TR3 eine zeitlose Eleganz aus. Der Vierzylinder-Motor bietet erstaunliche Leistung, w\u00e4hrend das manuelle Getriebe eine pr\u00e4zise Kontrolle auf der Stra\u00dfe erm\u00f6glicht.<\/p>\n<p>Das Interieur ist einfach, aber funktional, mit umh\u00fcllenden Sitzen und einer grundlegenden Instrumentierung f\u00fcr den Fahrer. Dank seiner Wendigkeit und seiner F\u00e4higkeit, Kurven gut zu bew\u00e4ltigen, war der Triumph TR3 eine beliebte Wahl sowohl f\u00fcr Rennen als auch f\u00fcr malerische Stra\u00dfenfahrten. Auch heute noch ist er eine Ikone des britischen Automobildesigns.<\/p>\n","protected":false},"excerpt":{"rendered":"<p>Der Triumph TR3 ist ein klassischer britischer Roadster, der den abenteuerlichen Geist der 1950er und 1960er Jahre verk\u00f6rpert. 1955 eingef\u00fchrt, hat dieses Sportauto die Vorstellungskraft der Fahrer mit seinem markanten&#8230;<\/p>\n","protected":false},"featured_media":7265,"template":"","meta":[],"product_brand":[],"product_cat":[78],"product_tag":[],"class_list":{"0":"post-7487","1":"product","2":"type-product","3":"status-publish","4":"has-post-thumbnail","6":"product_cat-vintage-und-luxusautos","8":"first","9":"instock","10":"virtual","11":"sold-individually","12":"purchasable","13":"product-type-simple"},"yoast_head":"<!-- This site is optimized with the Yoast SEO plugin v27.0 - https:\/\/yoast.com\/product\/yoast-seo-wordpress\/ -->\n<title>Triumph TR3 1962 - Passion 4 Travel<\/title>\n<meta name=\"robots\" content=\"index, follow, max-snippet:-1, max-image-preview:large, max-video-preview:-1\" \/>\n<link rel=\"canonical\" href=\"https:\/\/passion4travel.it\/de\/element\/vermietung\/vintage-und-luxusautos\/triumph-tr3-1962\/\" \/>\n<meta property=\"og:locale\" content=\"de_DE\" \/>\n<meta property=\"og:type\" content=\"article\" \/>\n<meta property=\"og:title\" content=\"Triumph TR3 1962 - Passion 4 Travel\" \/>\n<meta property=\"og:description\" content=\"Der Triumph TR3 ist ein klassischer britischer Roadster, der den abenteuerlichen Geist der 1950er und 1960er Jahre verk\u00f6rpert. 1955 eingef\u00fchrt, hat dieses Sportauto die Vorstellungskraft der Fahrer mit seinem markanten...\" \/>\n<meta property=\"og:url\" content=\"https:\/\/passion4travel.it\/de\/element\/vermietung\/vintage-und-luxusautos\/triumph-tr3-1962\/\" \/>\n<meta property=\"og:site_name\" content=\"Passion 4 Travel\" \/>\n<meta property=\"article:modified_time\" content=\"2024-04-12T13:04:58+00:00\" \/>\n<meta property=\"og:image\" content=\"https:\/\/passion4travel.it\/wp-content\/uploads\/2024\/04\/passion4travel_noleggio_auto_depoca_triumph_tr3_1962_2.jpg\" \/>\n\t<meta property=\"og:image:width\" content=\"1000\" \/>\n\t<meta property=\"og:image:height\" content=\"600\" \/>\n\t<meta property=\"og:image:type\" content=\"image\/jpeg\" \/>\n<meta name=\"twitter:card\" content=\"summary_large_image\" \/>\n<meta name=\"twitter:label1\" content=\"Gesch\u00e4tzte Lesezeit\" \/>\n\t<meta name=\"twitter:data1\" content=\"1\u00a0Minute\" \/>\n<script type=\"application\/ld+json\" class=\"yoast-schema-graph\">{\"@context\":\"https:\/\/schema.org\",\"@graph\":[{\"@type\":\"WebPage\",\"@id\":\"https:\/\/passion4travel.it\/de\/element\/vermietung\/vintage-und-luxusautos\/triumph-tr3-1962\/\",\"url\":\"https:\/\/passion4travel.it\/de\/element\/vermietung\/vintage-und-luxusautos\/triumph-tr3-1962\/\",\"name\":\"Triumph TR3 1962 - Passion 4 Travel\",\"isPartOf\":{\"@id\":\"https:\/\/passion4travel.it\/de\/#website\"},\"primaryImageOfPage\":{\"@id\":\"https:\/\/passion4travel.it\/de\/element\/vermietung\/vintage-und-luxusautos\/triumph-tr3-1962\/#primaryimage\"},\"image\":{\"@id\":\"https:\/\/passion4travel.it\/de\/element\/vermietung\/vintage-und-luxusautos\/triumph-tr3-1962\/#primaryimage\"},\"thumbnailUrl\":\"https:\/\/passion4travel.it\/wp-content\/uploads\/2024\/04\/passion4travel_noleggio_auto_depoca_triumph_tr3_1962_2.jpg\",\"datePublished\":\"2024-04-11T10:50:39+00:00\",\"dateModified\":\"2024-04-12T13:04:58+00:00\",\"breadcrumb\":{\"@id\":\"https:\/\/passion4travel.it\/de\/element\/vermietung\/vintage-und-luxusautos\/triumph-tr3-1962\/#breadcrumb\"},\"inLanguage\":\"de\",\"potentialAction\":[{\"@type\":\"ReadAction\",\"target\":[\"https:\/\/passion4travel.it\/de\/element\/vermietung\/vintage-und-luxusautos\/triumph-tr3-1962\/\"]}]},{\"@type\":\"ImageObject\",\"inLanguage\":\"de\",\"@id\":\"https:\/\/passion4travel.it\/de\/element\/vermietung\/vintage-und-luxusautos\/triumph-tr3-1962\/#primaryimage\",\"url\":\"https:\/\/passion4travel.it\/wp-content\/uploads\/2024\/04\/passion4travel_noleggio_auto_depoca_triumph_tr3_1962_2.jpg\",\"contentUrl\":\"https:\/\/passion4travel.it\/wp-content\/uploads\/2024\/04\/passion4travel_noleggio_auto_depoca_triumph_tr3_1962_2.jpg\",\"width\":1000,\"height\":600},{\"@type\":\"BreadcrumbList\",\"@id\":\"https:\/\/passion4travel.it\/de\/element\/vermietung\/vintage-und-luxusautos\/triumph-tr3-1962\/#breadcrumb\",\"itemListElement\":[{\"@type\":\"ListItem\",\"position\":1,\"name\":\"Home\",\"item\":\"https:\/\/passion4travel.it\/de\/\"},{\"@type\":\"ListItem\",\"position\":2,\"name\":\"Produkte\",\"item\":\"https:\/\/passion4travel.it\/de\/shop\/\"},{\"@type\":\"ListItem\",\"position\":3,\"name\":\"Triumph TR3 1962\"}]},{\"@type\":\"WebSite\",\"@id\":\"https:\/\/passion4travel.it\/de\/#website\",\"url\":\"https:\/\/passion4travel.it\/de\/\",\"name\":\"Passion 4 Travel\",\"description\":\"Tour Operator con sede nelle Colline del Prosecco Conegliano Valdobbiadene che sviluppa e propone tour guidati e servizi turistici che soddisfano ogni passione.\",\"potentialAction\":[{\"@type\":\"SearchAction\",\"target\":{\"@type\":\"EntryPoint\",\"urlTemplate\":\"https:\/\/passion4travel.it\/de\/?s={search_term_string}\"},\"query-input\":{\"@type\":\"PropertyValueSpecification\",\"valueRequired\":true,\"valueName\":\"search_term_string\"}}],\"inLanguage\":\"de\"}]}<\/script>\n<!-- \/ Yoast SEO plugin. -->","yoast_head_json":{"title":"Triumph TR3 1962 - Passion 4 Travel","robots":{"index":"index","follow":"follow","max-snippet":"max-snippet:-1","max-image-preview":"max-image-preview:large","max-video-preview":"max-video-preview:-1"},"canonical":"https:\/\/passion4travel.it\/de\/element\/vermietung\/vintage-und-luxusautos\/triumph-tr3-1962\/","og_locale":"de_DE","og_type":"article","og_title":"Triumph TR3 1962 - Passion 4 Travel","og_description":"Der Triumph TR3 ist ein klassischer britischer Roadster, der den abenteuerlichen Geist der 1950er und 1960er Jahre verk\u00f6rpert. 1955 eingef\u00fchrt, hat dieses Sportauto die Vorstellungskraft der Fahrer mit seinem markanten...","og_url":"https:\/\/passion4travel.it\/de\/element\/vermietung\/vintage-und-luxusautos\/triumph-tr3-1962\/","og_site_name":"Passion 4 Travel","article_modified_time":"2024-04-12T13:04:58+00:00","og_image":[{"width":1000,"height":600,"url":"https:\/\/passion4travel.it\/wp-content\/uploads\/2024\/04\/passion4travel_noleggio_auto_depoca_triumph_tr3_1962_2.jpg","type":"image\/jpeg"}],"twitter_card":"summary_large_image","twitter_misc":{"Gesch\u00e4tzte Lesezeit":"1\u00a0Minute"},"schema":{"@context":"https:\/\/schema.org","@graph":[{"@type":"WebPage","@id":"https:\/\/passion4travel.it\/de\/element\/vermietung\/vintage-und-luxusautos\/triumph-tr3-1962\/","url":"https:\/\/passion4travel.it\/de\/element\/vermietung\/vintage-und-luxusautos\/triumph-tr3-1962\/","name":"Triumph TR3 1962 - Passion 4 Travel","isPartOf":{"@id":"https:\/\/passion4travel.it\/de\/#website"},"primaryImageOfPage":{"@id":"https:\/\/passion4travel.it\/de\/element\/vermietung\/vintage-und-luxusautos\/triumph-tr3-1962\/#primaryimage"},"image":{"@id":"https:\/\/passion4travel.it\/de\/element\/vermietung\/vintage-und-luxusautos\/triumph-tr3-1962\/#primaryimage"},"thumbnailUrl":"https:\/\/passion4travel.it\/wp-content\/uploads\/2024\/04\/passion4travel_noleggio_auto_depoca_triumph_tr3_1962_2.jpg","datePublished":"2024-04-11T10:50:39+00:00","dateModified":"2024-04-12T13:04:58+00:00","breadcrumb":{"@id":"https:\/\/passion4travel.it\/de\/element\/vermietung\/vintage-und-luxusautos\/triumph-tr3-1962\/#breadcrumb"},"inLanguage":"de","potentialAction":[{"@type":"ReadAction","target":["https:\/\/passion4travel.it\/de\/element\/vermietung\/vintage-und-luxusautos\/triumph-tr3-1962\/"]}]},{"@type":"ImageObject","inLanguage":"de","@id":"https:\/\/passion4travel.it\/de\/element\/vermietung\/vintage-und-luxusautos\/triumph-tr3-1962\/#primaryimage","url":"https:\/\/passion4travel.it\/wp-content\/uploads\/2024\/04\/passion4travel_noleggio_auto_depoca_triumph_tr3_1962_2.jpg","contentUrl":"https:\/\/passion4travel.it\/wp-content\/uploads\/2024\/04\/passion4travel_noleggio_auto_depoca_triumph_tr3_1962_2.jpg","width":1000,"height":600},{"@type":"BreadcrumbList","@id":"https:\/\/passion4travel.it\/de\/element\/vermietung\/vintage-und-luxusautos\/triumph-tr3-1962\/#breadcrumb","itemListElement":[{"@type":"ListItem","position":1,"name":"Home","item":"https:\/\/passion4travel.it\/de\/"},{"@type":"ListItem","position":2,"name":"Produkte","item":"https:\/\/passion4travel.it\/de\/shop\/"},{"@type":"ListItem","position":3,"name":"Triumph TR3 1962"}]},{"@type":"WebSite","@id":"https:\/\/passion4travel.it\/de\/#website","url":"https:\/\/passion4travel.it\/de\/","name":"Passion 4 Travel","description":"Tour Operator con sede nelle Colline del Prosecco Conegliano Valdobbiadene che sviluppa e propone tour guidati e servizi turistici che soddisfano ogni passione.","potentialAction":[{"@type":"SearchAction","target":{"@type":"EntryPoint","urlTemplate":"https:\/\/passion4travel.it\/de\/?s={search_term_string}"},"query-input":{"@type":"PropertyValueSpecification","valueRequired":true,"valueName":"search_term_string"}}],"inLanguage":"de"}]}},"_links":{"self":[{"href":"https:\/\/passion4travel.it\/de\/wp-json\/wp\/v2\/product\/7487","targetHints":{"allow":["GET"]}}],"collection":[{"href":"https:\/\/passion4travel.it\/de\/wp-json\/wp\/v2\/product"}],"about":[{"href":"https:\/\/passion4travel.it\/de\/wp-json\/wp\/v2\/types\/product"}],"wp:featuredmedia":[{"embeddable":true,"href":"https:\/\/passion4travel.it\/de\/wp-json\/wp\/v2\/media\/7265"}],"wp:attachment":[{"href":"https:\/\/passion4travel.it\/de\/wp-json\/wp\/v2\/media?parent=7487"}],"wp:term":[{"taxonomy":"product_brand","embeddable":true,"href":"https:\/\/passion4travel.it\/de\/wp-json\/wp\/v2\/product_brand?post=7487"},{"taxonomy":"product_cat","embeddable":true,"href":"https:\/\/passion4travel.it\/de\/wp-json\/wp\/v2\/product_cat?post=7487"},{"taxonomy":"product_tag","embeddable":true,"href":"https:\/\/passion4travel.it\/de\/wp-json\/wp\/v2\/product_tag?post=7487"}],"curies":[{"name":"wp","href":"https:\/\/api.w.org\/{rel}","templated":true}]}}