{"id":7496,"date":"2024-04-11T12:30:28","date_gmt":"2024-04-11T10:30:28","guid":{"rendered":"https:\/\/www.passion4travel.it\/elemento\/unkategorisiert\/fiat-124-sport-spider-1973\/"},"modified":"2024-04-12T15:03:26","modified_gmt":"2024-04-12T13:03:26","slug":"fiat-124-sport-spider-1973","status":"publish","type":"product","link":"https:\/\/passion4travel.it\/de\/element\/vermietung\/vintage-und-luxusautos\/fiat-124-sport-spider-1973\/","title":{"rendered":"Fiat 124 Sport Spider 1973"},"content":{"rendered":"<p>Nach dem Erfolg des Fiat 124 wurden die sportlichen Versionen des Fahrzeugs vorbereitet, das 124 Sport Coup\u00e9 und der 124 Sport Spider. Das Coup\u00e9 und der Spider waren im Namen und durch die Verwendung vieler Mechanik eng mit der Limousinen-Version des 124 verbunden und im Fall des Coup\u00e9s auch mit dem Chassis.<\/p>\n<p>Der &#8220;Sport Spider&#8221; wurde auf dem verk\u00fcrzten Chassis der Limousine gebaut und war mit einem 1438 cm\u00b3 gro\u00dfen Vierzylinder-Doppelwellenmotor mit Zweivergaseranlage ausgestattet, der \u00fcber eine f\u00fcr die damalige Zeit fortschrittliche Zahnriemensteuerung verf\u00fcgte und 90 PS bei 6500 U\/min lieferte und dem Fahrzeug eine angegebene H\u00f6chstgeschwindigkeit von 170 km\/h (tats\u00e4chliche Geschwindigkeit laut dem Test von &#8220;Quattroruote&#8221; im Mai 1967, 173 km\/h) verlieh. Sie hatte eine modifizierte starre Hinterachse an den Befestigungspunkten (zwei Paare von L\u00e4ngslenkern anstelle des fr\u00fcheren &#8220;Kreuzes&#8221;, um die Fahrpr\u00e4zision zu verbessern) und eine serienm\u00e4\u00dfige Servolenkung. Auch ein neues serienm\u00e4\u00dfiges F\u00fcnfganggetriebe wurde eingef\u00fchrt. Tats\u00e4chlich ersetzten diese beiden neuen Modelle die zuvor eingestellten Sportmodelle &#8220;1500 S&#8221; und &#8220;1600 S&#8221; im Katalog.<\/p>\n<p>Der Spider wurde von Pininfarina entworfen und auch hergestellt; das Design stammt von Tom Tjaarda. Das Coup\u00e9 und der Spider wurden erstmals 1968 in den Vereinigten Staaten verkauft.<\/p>\n","protected":false},"excerpt":{"rendered":"<p>Nach dem Erfolg des Fiat 124 wurden die sportlichen Versionen des Fahrzeugs vorbereitet, das 124 Sport Coup\u00e9 und der 124 Sport Spider. Das Coup\u00e9 und der Spider waren im Namen&#8230;<\/p>\n","protected":false},"featured_media":7247,"template":"","meta":[],"product_brand":[],"product_cat":[78],"product_tag":[],"class_list":{"0":"post-7496","1":"product","2":"type-product","3":"status-publish","4":"has-post-thumbnail","6":"product_cat-vintage-und-luxusautos","8":"first","9":"instock","10":"virtual","11":"sold-individually","12":"purchasable","13":"product-type-simple"},"yoast_head":"<!-- This site is optimized with the Yoast SEO plugin v27.0 - https:\/\/yoast.com\/product\/yoast-seo-wordpress\/ -->\n<title>Fiat 124 Sport Spider 1973 - Passion 4 Travel<\/title>\n<meta name=\"robots\" content=\"index, follow, max-snippet:-1, max-image-preview:large, max-video-preview:-1\" \/>\n<link rel=\"canonical\" href=\"https:\/\/passion4travel.it\/de\/element\/vermietung\/vintage-und-luxusautos\/fiat-124-sport-spider-1973\/\" \/>\n<meta property=\"og:locale\" content=\"de_DE\" \/>\n<meta property=\"og:type\" content=\"article\" \/>\n<meta property=\"og:title\" content=\"Fiat 124 Sport Spider 1973 - Passion 4 Travel\" \/>\n<meta property=\"og:description\" content=\"Nach dem Erfolg des Fiat 124 wurden die sportlichen Versionen des Fahrzeugs vorbereitet, das 124 Sport Coup\u00e9 und der 124 Sport Spider. Das Coup\u00e9 und der Spider waren im Namen...\" \/>\n<meta property=\"og:url\" content=\"https:\/\/passion4travel.it\/de\/element\/vermietung\/vintage-und-luxusautos\/fiat-124-sport-spider-1973\/\" \/>\n<meta property=\"og:site_name\" content=\"Passion 4 Travel\" \/>\n<meta property=\"article:modified_time\" content=\"2024-04-12T13:03:26+00:00\" \/>\n<meta property=\"og:image\" content=\"https:\/\/passion4travel.it\/wp-content\/uploads\/2024\/04\/passion4travel_noleggio_auto_depoca_fiat_124_sport_spider_1.jpg\" \/>\n\t<meta property=\"og:image:width\" content=\"1000\" \/>\n\t<meta property=\"og:image:height\" content=\"600\" \/>\n\t<meta property=\"og:image:type\" content=\"image\/jpeg\" \/>\n<meta name=\"twitter:card\" content=\"summary_large_image\" \/>\n<meta name=\"twitter:label1\" content=\"Gesch\u00e4tzte Lesezeit\" \/>\n\t<meta name=\"twitter:data1\" content=\"2\u00a0Minuten\" \/>\n<script type=\"application\/ld+json\" class=\"yoast-schema-graph\">{\"@context\":\"https:\/\/schema.org\",\"@graph\":[{\"@type\":\"WebPage\",\"@id\":\"https:\/\/passion4travel.it\/de\/element\/vermietung\/vintage-und-luxusautos\/fiat-124-sport-spider-1973\/\",\"url\":\"https:\/\/passion4travel.it\/de\/element\/vermietung\/vintage-und-luxusautos\/fiat-124-sport-spider-1973\/\",\"name\":\"Fiat 124 Sport Spider 1973 - Passion 4 Travel\",\"isPartOf\":{\"@id\":\"https:\/\/passion4travel.it\/de\/#website\"},\"primaryImageOfPage\":{\"@id\":\"https:\/\/passion4travel.it\/de\/element\/vermietung\/vintage-und-luxusautos\/fiat-124-sport-spider-1973\/#primaryimage\"},\"image\":{\"@id\":\"https:\/\/passion4travel.it\/de\/element\/vermietung\/vintage-und-luxusautos\/fiat-124-sport-spider-1973\/#primaryimage\"},\"thumbnailUrl\":\"https:\/\/passion4travel.it\/wp-content\/uploads\/2024\/04\/passion4travel_noleggio_auto_depoca_fiat_124_sport_spider_1.jpg\",\"datePublished\":\"2024-04-11T10:30:28+00:00\",\"dateModified\":\"2024-04-12T13:03:26+00:00\",\"breadcrumb\":{\"@id\":\"https:\/\/passion4travel.it\/de\/element\/vermietung\/vintage-und-luxusautos\/fiat-124-sport-spider-1973\/#breadcrumb\"},\"inLanguage\":\"de\",\"potentialAction\":[{\"@type\":\"ReadAction\",\"target\":[\"https:\/\/passion4travel.it\/de\/element\/vermietung\/vintage-und-luxusautos\/fiat-124-sport-spider-1973\/\"]}]},{\"@type\":\"ImageObject\",\"inLanguage\":\"de\",\"@id\":\"https:\/\/passion4travel.it\/de\/element\/vermietung\/vintage-und-luxusautos\/fiat-124-sport-spider-1973\/#primaryimage\",\"url\":\"https:\/\/passion4travel.it\/wp-content\/uploads\/2024\/04\/passion4travel_noleggio_auto_depoca_fiat_124_sport_spider_1.jpg\",\"contentUrl\":\"https:\/\/passion4travel.it\/wp-content\/uploads\/2024\/04\/passion4travel_noleggio_auto_depoca_fiat_124_sport_spider_1.jpg\",\"width\":1000,\"height\":600},{\"@type\":\"BreadcrumbList\",\"@id\":\"https:\/\/passion4travel.it\/de\/element\/vermietung\/vintage-und-luxusautos\/fiat-124-sport-spider-1973\/#breadcrumb\",\"itemListElement\":[{\"@type\":\"ListItem\",\"position\":1,\"name\":\"Home\",\"item\":\"https:\/\/passion4travel.it\/de\/\"},{\"@type\":\"ListItem\",\"position\":2,\"name\":\"Produkte\",\"item\":\"https:\/\/passion4travel.it\/de\/shop\/\"},{\"@type\":\"ListItem\",\"position\":3,\"name\":\"Fiat 124 Sport Spider 1973\"}]},{\"@type\":\"WebSite\",\"@id\":\"https:\/\/passion4travel.it\/de\/#website\",\"url\":\"https:\/\/passion4travel.it\/de\/\",\"name\":\"Passion 4 Travel\",\"description\":\"Tour Operator con sede nelle Colline del Prosecco Conegliano Valdobbiadene che sviluppa e propone tour guidati e servizi turistici che soddisfano ogni passione.\",\"potentialAction\":[{\"@type\":\"SearchAction\",\"target\":{\"@type\":\"EntryPoint\",\"urlTemplate\":\"https:\/\/passion4travel.it\/de\/?s={search_term_string}\"},\"query-input\":{\"@type\":\"PropertyValueSpecification\",\"valueRequired\":true,\"valueName\":\"search_term_string\"}}],\"inLanguage\":\"de\"}]}<\/script>\n<!-- \/ Yoast SEO plugin. -->","yoast_head_json":{"title":"Fiat 124 Sport Spider 1973 - Passion 4 Travel","robots":{"index":"index","follow":"follow","max-snippet":"max-snippet:-1","max-image-preview":"max-image-preview:large","max-video-preview":"max-video-preview:-1"},"canonical":"https:\/\/passion4travel.it\/de\/element\/vermietung\/vintage-und-luxusautos\/fiat-124-sport-spider-1973\/","og_locale":"de_DE","og_type":"article","og_title":"Fiat 124 Sport Spider 1973 - Passion 4 Travel","og_description":"Nach dem Erfolg des Fiat 124 wurden die sportlichen Versionen des Fahrzeugs vorbereitet, das 124 Sport Coup\u00e9 und der 124 Sport Spider. Das Coup\u00e9 und der Spider waren im Namen...","og_url":"https:\/\/passion4travel.it\/de\/element\/vermietung\/vintage-und-luxusautos\/fiat-124-sport-spider-1973\/","og_site_name":"Passion 4 Travel","article_modified_time":"2024-04-12T13:03:26+00:00","og_image":[{"width":1000,"height":600,"url":"https:\/\/passion4travel.it\/wp-content\/uploads\/2024\/04\/passion4travel_noleggio_auto_depoca_fiat_124_sport_spider_1.jpg","type":"image\/jpeg"}],"twitter_card":"summary_large_image","twitter_misc":{"Gesch\u00e4tzte Lesezeit":"2\u00a0Minuten"},"schema":{"@context":"https:\/\/schema.org","@graph":[{"@type":"WebPage","@id":"https:\/\/passion4travel.it\/de\/element\/vermietung\/vintage-und-luxusautos\/fiat-124-sport-spider-1973\/","url":"https:\/\/passion4travel.it\/de\/element\/vermietung\/vintage-und-luxusautos\/fiat-124-sport-spider-1973\/","name":"Fiat 124 Sport Spider 1973 - Passion 4 Travel","isPartOf":{"@id":"https:\/\/passion4travel.it\/de\/#website"},"primaryImageOfPage":{"@id":"https:\/\/passion4travel.it\/de\/element\/vermietung\/vintage-und-luxusautos\/fiat-124-sport-spider-1973\/#primaryimage"},"image":{"@id":"https:\/\/passion4travel.it\/de\/element\/vermietung\/vintage-und-luxusautos\/fiat-124-sport-spider-1973\/#primaryimage"},"thumbnailUrl":"https:\/\/passion4travel.it\/wp-content\/uploads\/2024\/04\/passion4travel_noleggio_auto_depoca_fiat_124_sport_spider_1.jpg","datePublished":"2024-04-11T10:30:28+00:00","dateModified":"2024-04-12T13:03:26+00:00","breadcrumb":{"@id":"https:\/\/passion4travel.it\/de\/element\/vermietung\/vintage-und-luxusautos\/fiat-124-sport-spider-1973\/#breadcrumb"},"inLanguage":"de","potentialAction":[{"@type":"ReadAction","target":["https:\/\/passion4travel.it\/de\/element\/vermietung\/vintage-und-luxusautos\/fiat-124-sport-spider-1973\/"]}]},{"@type":"ImageObject","inLanguage":"de","@id":"https:\/\/passion4travel.it\/de\/element\/vermietung\/vintage-und-luxusautos\/fiat-124-sport-spider-1973\/#primaryimage","url":"https:\/\/passion4travel.it\/wp-content\/uploads\/2024\/04\/passion4travel_noleggio_auto_depoca_fiat_124_sport_spider_1.jpg","contentUrl":"https:\/\/passion4travel.it\/wp-content\/uploads\/2024\/04\/passion4travel_noleggio_auto_depoca_fiat_124_sport_spider_1.jpg","width":1000,"height":600},{"@type":"BreadcrumbList","@id":"https:\/\/passion4travel.it\/de\/element\/vermietung\/vintage-und-luxusautos\/fiat-124-sport-spider-1973\/#breadcrumb","itemListElement":[{"@type":"ListItem","position":1,"name":"Home","item":"https:\/\/passion4travel.it\/de\/"},{"@type":"ListItem","position":2,"name":"Produkte","item":"https:\/\/passion4travel.it\/de\/shop\/"},{"@type":"ListItem","position":3,"name":"Fiat 124 Sport Spider 1973"}]},{"@type":"WebSite","@id":"https:\/\/passion4travel.it\/de\/#website","url":"https:\/\/passion4travel.it\/de\/","name":"Passion 4 Travel","description":"Tour Operator con sede nelle Colline del Prosecco Conegliano Valdobbiadene che sviluppa e propone tour guidati e servizi turistici che soddisfano ogni passione.","potentialAction":[{"@type":"SearchAction","target":{"@type":"EntryPoint","urlTemplate":"https:\/\/passion4travel.it\/de\/?s={search_term_string}"},"query-input":{"@type":"PropertyValueSpecification","valueRequired":true,"valueName":"search_term_string"}}],"inLanguage":"de"}]}},"_links":{"self":[{"href":"https:\/\/passion4travel.it\/de\/wp-json\/wp\/v2\/product\/7496","targetHints":{"allow":["GET"]}}],"collection":[{"href":"https:\/\/passion4travel.it\/de\/wp-json\/wp\/v2\/product"}],"about":[{"href":"https:\/\/passion4travel.it\/de\/wp-json\/wp\/v2\/types\/product"}],"wp:featuredmedia":[{"embeddable":true,"href":"https:\/\/passion4travel.it\/de\/wp-json\/wp\/v2\/media\/7247"}],"wp:attachment":[{"href":"https:\/\/passion4travel.it\/de\/wp-json\/wp\/v2\/media?parent=7496"}],"wp:term":[{"taxonomy":"product_brand","embeddable":true,"href":"https:\/\/passion4travel.it\/de\/wp-json\/wp\/v2\/product_brand?post=7496"},{"taxonomy":"product_cat","embeddable":true,"href":"https:\/\/passion4travel.it\/de\/wp-json\/wp\/v2\/product_cat?post=7496"},{"taxonomy":"product_tag","embeddable":true,"href":"https:\/\/passion4travel.it\/de\/wp-json\/wp\/v2\/product_tag?post=7496"}],"curies":[{"name":"wp","href":"https:\/\/api.w.org\/{rel}","templated":true}]}}