{"id":7505,"date":"2024-04-11T10:27:29","date_gmt":"2024-04-11T08:27:29","guid":{"rendered":"https:\/\/www.passion4travel.it\/elemento\/unkategorisiert\/royal-enfield-shotgun-650\/"},"modified":"2024-04-12T15:02:07","modified_gmt":"2024-04-12T13:02:07","slug":"royal-enfield-shotgun-650","status":"publish","type":"product","link":"https:\/\/passion4travel.it\/de\/element\/vermietung\/motorraeder\/royal-enfield-shotgun-650\/","title":{"rendered":"Royal Enfield Shotgun 650"},"content":{"rendered":"<p>Die Shotgun 650 bricht sowohl im Geist als auch in der Form aus den \u00fcblichen Mustern aus. Dank ihres modularen Designs kann sie problemlos von einem klassischen Einsitzer zu einem Zweisitzer und schlie\u00dflich zu einem Tourenmotorrad umgebaut werden, das perfekt f\u00fcr Reisen geeignet ist. Ihre vier einzigartigen Farbgebungen sch\u00f6pfen aus der Custom-Kultur und bieten sowohl erfahrenen als auch weniger erfahrenen Fahrern eine ideale Leinwand, um ihre Kreativit\u00e4t auszudr\u00fccken.<\/p>\n<p>Die Shotgun 650 verf\u00fcgt \u00fcber eine optimierte Ergonomie mit zentral positionierten Fu\u00dfrasten, einer Sitzh\u00f6he von nur 795 mm und einem leicht zu handhabenden Lenker, der sich perfekt zur Sitzposition und den Fu\u00dfrasten verh\u00e4lt. Die speziell abgestimmten Showa-Federungen, der Radstand von 1.465 mm und der niedrige Schwerpunkt machen jede Motorradausfahrt zu einem Vergn\u00fcgen, egal ob es darum geht, sich durch den Verkehr zu schl\u00e4ngeln oder Kilometer auf Nebenstra\u00dfen und kurvenreichen Strecken zur\u00fcckzulegen. Die 18-Zoll-Reifen vorne und 17-Zoll-Reifen hinten, kombiniert mit 320-mm- und 300-mm-Bremsscheiben, bieten eine konstante Haftung und optimale Kontrolle bei jeder Geschwindigkeit, mit oder ohne Passagier und Gep\u00e4ck.<\/p>\n<p>In das Chassis der Shotgun 650 eingebettet schl\u00e4gt ein faszinierendes Herz: Unser paralleler Zweizylinder-Motor mit 648 ccm, der entwickelt wurde, um ein mitrei\u00dfendes Fahrerlebnis mit kraftvollem Drehmoment im mittleren Drehzahlbereich und \u00fcber den gesamten Drehzahlbereich zu bieten. Ein Motorrad, das unseren authentischen Motorrad-DNA verk\u00f6rpert, ohne sich einschr\u00e4nken zu lassen, und das sein modulares Design, die neo-moderne \u00c4sthetik und die exklusiven Farbgebungen nutzt, um aus den gewohnten Mustern auszubrechen und die Grenzen dessen zu \u00fcberschreiten, was eine Royal Enfield sein kann.<\/p>\n","protected":false},"excerpt":{"rendered":"<p>Die Shotgun 650 bricht sowohl im Geist als auch in der Form aus den \u00fcblichen Mustern aus. Dank ihres modularen Designs kann sie problemlos von einem klassischen Einsitzer zu einem&#8230;<\/p>\n","protected":false},"featured_media":7226,"template":"","meta":[],"product_brand":[],"product_cat":[70],"product_tag":[],"class_list":{"0":"post-7505","1":"product","2":"type-product","3":"status-publish","4":"has-post-thumbnail","6":"product_cat-motorraeder","8":"first","9":"instock","10":"virtual","11":"sold-individually","12":"purchasable","13":"product-type-simple"},"yoast_head":"<!-- This site is optimized with the Yoast SEO plugin v27.0 - https:\/\/yoast.com\/product\/yoast-seo-wordpress\/ -->\n<title>Royal Enfield Shotgun 650 - Passion 4 Travel<\/title>\n<meta name=\"robots\" content=\"index, follow, max-snippet:-1, max-image-preview:large, max-video-preview:-1\" \/>\n<link rel=\"canonical\" href=\"https:\/\/passion4travel.it\/de\/element\/vermietung\/motorraeder\/royal-enfield-shotgun-650\/\" \/>\n<meta property=\"og:locale\" content=\"de_DE\" \/>\n<meta property=\"og:type\" content=\"article\" \/>\n<meta property=\"og:title\" content=\"Royal Enfield Shotgun 650 - Passion 4 Travel\" \/>\n<meta property=\"og:description\" content=\"Die Shotgun 650 bricht sowohl im Geist als auch in der Form aus den \u00fcblichen Mustern aus. Dank ihres modularen Designs kann sie problemlos von einem klassischen Einsitzer zu einem...\" \/>\n<meta property=\"og:url\" content=\"https:\/\/passion4travel.it\/de\/element\/vermietung\/motorraeder\/royal-enfield-shotgun-650\/\" \/>\n<meta property=\"og:site_name\" content=\"Passion 4 Travel\" \/>\n<meta property=\"article:modified_time\" content=\"2024-04-12T13:02:07+00:00\" \/>\n<meta property=\"og:image\" content=\"https:\/\/passion4travel.it\/wp-content\/uploads\/2024\/04\/passion4travel_noleggio_moto_harley_davidson_shotgun_650_1.jpg\" \/>\n\t<meta property=\"og:image:width\" content=\"1000\" \/>\n\t<meta property=\"og:image:height\" content=\"600\" \/>\n\t<meta property=\"og:image:type\" content=\"image\/jpeg\" \/>\n<meta name=\"twitter:card\" content=\"summary_large_image\" \/>\n<meta name=\"twitter:label1\" content=\"Gesch\u00e4tzte Lesezeit\" \/>\n\t<meta name=\"twitter:data1\" content=\"2\u00a0Minuten\" \/>\n<script type=\"application\/ld+json\" class=\"yoast-schema-graph\">{\"@context\":\"https:\/\/schema.org\",\"@graph\":[{\"@type\":\"WebPage\",\"@id\":\"https:\/\/passion4travel.it\/de\/element\/vermietung\/motorraeder\/royal-enfield-shotgun-650\/\",\"url\":\"https:\/\/passion4travel.it\/de\/element\/vermietung\/motorraeder\/royal-enfield-shotgun-650\/\",\"name\":\"Royal Enfield Shotgun 650 - Passion 4 Travel\",\"isPartOf\":{\"@id\":\"https:\/\/passion4travel.it\/de\/#website\"},\"primaryImageOfPage\":{\"@id\":\"https:\/\/passion4travel.it\/de\/element\/vermietung\/motorraeder\/royal-enfield-shotgun-650\/#primaryimage\"},\"image\":{\"@id\":\"https:\/\/passion4travel.it\/de\/element\/vermietung\/motorraeder\/royal-enfield-shotgun-650\/#primaryimage\"},\"thumbnailUrl\":\"https:\/\/passion4travel.it\/wp-content\/uploads\/2024\/04\/passion4travel_noleggio_moto_harley_davidson_shotgun_650_1.jpg\",\"datePublished\":\"2024-04-11T08:27:29+00:00\",\"dateModified\":\"2024-04-12T13:02:07+00:00\",\"breadcrumb\":{\"@id\":\"https:\/\/passion4travel.it\/de\/element\/vermietung\/motorraeder\/royal-enfield-shotgun-650\/#breadcrumb\"},\"inLanguage\":\"de\",\"potentialAction\":[{\"@type\":\"ReadAction\",\"target\":[\"https:\/\/passion4travel.it\/de\/element\/vermietung\/motorraeder\/royal-enfield-shotgun-650\/\"]}]},{\"@type\":\"ImageObject\",\"inLanguage\":\"de\",\"@id\":\"https:\/\/passion4travel.it\/de\/element\/vermietung\/motorraeder\/royal-enfield-shotgun-650\/#primaryimage\",\"url\":\"https:\/\/passion4travel.it\/wp-content\/uploads\/2024\/04\/passion4travel_noleggio_moto_harley_davidson_shotgun_650_1.jpg\",\"contentUrl\":\"https:\/\/passion4travel.it\/wp-content\/uploads\/2024\/04\/passion4travel_noleggio_moto_harley_davidson_shotgun_650_1.jpg\",\"width\":1000,\"height\":600},{\"@type\":\"BreadcrumbList\",\"@id\":\"https:\/\/passion4travel.it\/de\/element\/vermietung\/motorraeder\/royal-enfield-shotgun-650\/#breadcrumb\",\"itemListElement\":[{\"@type\":\"ListItem\",\"position\":1,\"name\":\"Home\",\"item\":\"https:\/\/passion4travel.it\/de\/\"},{\"@type\":\"ListItem\",\"position\":2,\"name\":\"Produkte\",\"item\":\"https:\/\/passion4travel.it\/de\/shop\/\"},{\"@type\":\"ListItem\",\"position\":3,\"name\":\"Royal Enfield Shotgun 650\"}]},{\"@type\":\"WebSite\",\"@id\":\"https:\/\/passion4travel.it\/de\/#website\",\"url\":\"https:\/\/passion4travel.it\/de\/\",\"name\":\"Passion 4 Travel\",\"description\":\"Tour Operator con sede nelle Colline del Prosecco Conegliano Valdobbiadene che sviluppa e propone tour guidati e servizi turistici che soddisfano ogni passione.\",\"potentialAction\":[{\"@type\":\"SearchAction\",\"target\":{\"@type\":\"EntryPoint\",\"urlTemplate\":\"https:\/\/passion4travel.it\/de\/?s={search_term_string}\"},\"query-input\":{\"@type\":\"PropertyValueSpecification\",\"valueRequired\":true,\"valueName\":\"search_term_string\"}}],\"inLanguage\":\"de\"}]}<\/script>\n<!-- \/ Yoast SEO plugin. -->","yoast_head_json":{"title":"Royal Enfield Shotgun 650 - Passion 4 Travel","robots":{"index":"index","follow":"follow","max-snippet":"max-snippet:-1","max-image-preview":"max-image-preview:large","max-video-preview":"max-video-preview:-1"},"canonical":"https:\/\/passion4travel.it\/de\/element\/vermietung\/motorraeder\/royal-enfield-shotgun-650\/","og_locale":"de_DE","og_type":"article","og_title":"Royal Enfield Shotgun 650 - Passion 4 Travel","og_description":"Die Shotgun 650 bricht sowohl im Geist als auch in der Form aus den \u00fcblichen Mustern aus. Dank ihres modularen Designs kann sie problemlos von einem klassischen Einsitzer zu einem...","og_url":"https:\/\/passion4travel.it\/de\/element\/vermietung\/motorraeder\/royal-enfield-shotgun-650\/","og_site_name":"Passion 4 Travel","article_modified_time":"2024-04-12T13:02:07+00:00","og_image":[{"width":1000,"height":600,"url":"https:\/\/passion4travel.it\/wp-content\/uploads\/2024\/04\/passion4travel_noleggio_moto_harley_davidson_shotgun_650_1.jpg","type":"image\/jpeg"}],"twitter_card":"summary_large_image","twitter_misc":{"Gesch\u00e4tzte Lesezeit":"2\u00a0Minuten"},"schema":{"@context":"https:\/\/schema.org","@graph":[{"@type":"WebPage","@id":"https:\/\/passion4travel.it\/de\/element\/vermietung\/motorraeder\/royal-enfield-shotgun-650\/","url":"https:\/\/passion4travel.it\/de\/element\/vermietung\/motorraeder\/royal-enfield-shotgun-650\/","name":"Royal Enfield Shotgun 650 - Passion 4 Travel","isPartOf":{"@id":"https:\/\/passion4travel.it\/de\/#website"},"primaryImageOfPage":{"@id":"https:\/\/passion4travel.it\/de\/element\/vermietung\/motorraeder\/royal-enfield-shotgun-650\/#primaryimage"},"image":{"@id":"https:\/\/passion4travel.it\/de\/element\/vermietung\/motorraeder\/royal-enfield-shotgun-650\/#primaryimage"},"thumbnailUrl":"https:\/\/passion4travel.it\/wp-content\/uploads\/2024\/04\/passion4travel_noleggio_moto_harley_davidson_shotgun_650_1.jpg","datePublished":"2024-04-11T08:27:29+00:00","dateModified":"2024-04-12T13:02:07+00:00","breadcrumb":{"@id":"https:\/\/passion4travel.it\/de\/element\/vermietung\/motorraeder\/royal-enfield-shotgun-650\/#breadcrumb"},"inLanguage":"de","potentialAction":[{"@type":"ReadAction","target":["https:\/\/passion4travel.it\/de\/element\/vermietung\/motorraeder\/royal-enfield-shotgun-650\/"]}]},{"@type":"ImageObject","inLanguage":"de","@id":"https:\/\/passion4travel.it\/de\/element\/vermietung\/motorraeder\/royal-enfield-shotgun-650\/#primaryimage","url":"https:\/\/passion4travel.it\/wp-content\/uploads\/2024\/04\/passion4travel_noleggio_moto_harley_davidson_shotgun_650_1.jpg","contentUrl":"https:\/\/passion4travel.it\/wp-content\/uploads\/2024\/04\/passion4travel_noleggio_moto_harley_davidson_shotgun_650_1.jpg","width":1000,"height":600},{"@type":"BreadcrumbList","@id":"https:\/\/passion4travel.it\/de\/element\/vermietung\/motorraeder\/royal-enfield-shotgun-650\/#breadcrumb","itemListElement":[{"@type":"ListItem","position":1,"name":"Home","item":"https:\/\/passion4travel.it\/de\/"},{"@type":"ListItem","position":2,"name":"Produkte","item":"https:\/\/passion4travel.it\/de\/shop\/"},{"@type":"ListItem","position":3,"name":"Royal Enfield Shotgun 650"}]},{"@type":"WebSite","@id":"https:\/\/passion4travel.it\/de\/#website","url":"https:\/\/passion4travel.it\/de\/","name":"Passion 4 Travel","description":"Tour Operator con sede nelle Colline del Prosecco Conegliano Valdobbiadene che sviluppa e propone tour guidati e servizi turistici che soddisfano ogni passione.","potentialAction":[{"@type":"SearchAction","target":{"@type":"EntryPoint","urlTemplate":"https:\/\/passion4travel.it\/de\/?s={search_term_string}"},"query-input":{"@type":"PropertyValueSpecification","valueRequired":true,"valueName":"search_term_string"}}],"inLanguage":"de"}]}},"_links":{"self":[{"href":"https:\/\/passion4travel.it\/de\/wp-json\/wp\/v2\/product\/7505","targetHints":{"allow":["GET"]}}],"collection":[{"href":"https:\/\/passion4travel.it\/de\/wp-json\/wp\/v2\/product"}],"about":[{"href":"https:\/\/passion4travel.it\/de\/wp-json\/wp\/v2\/types\/product"}],"wp:featuredmedia":[{"embeddable":true,"href":"https:\/\/passion4travel.it\/de\/wp-json\/wp\/v2\/media\/7226"}],"wp:attachment":[{"href":"https:\/\/passion4travel.it\/de\/wp-json\/wp\/v2\/media?parent=7505"}],"wp:term":[{"taxonomy":"product_brand","embeddable":true,"href":"https:\/\/passion4travel.it\/de\/wp-json\/wp\/v2\/product_brand?post=7505"},{"taxonomy":"product_cat","embeddable":true,"href":"https:\/\/passion4travel.it\/de\/wp-json\/wp\/v2\/product_cat?post=7505"},{"taxonomy":"product_tag","embeddable":true,"href":"https:\/\/passion4travel.it\/de\/wp-json\/wp\/v2\/product_tag?post=7505"}],"curies":[{"name":"wp","href":"https:\/\/api.w.org\/{rel}","templated":true}]}}