{"id":7508,"date":"2024-04-11T10:20:30","date_gmt":"2024-04-11T08:20:30","guid":{"rendered":"https:\/\/www.passion4travel.it\/elemento\/unkategorisiert\/royal-enfield-classic-350\/"},"modified":"2024-04-12T15:01:26","modified_gmt":"2024-04-12T13:01:26","slug":"royal-enfield-classic-350","status":"publish","type":"product","link":"https:\/\/passion4travel.it\/de\/element\/vermietung\/motorraeder\/royal-enfield-classic-350\/","title":{"rendered":"Royal Enfield Classic 350"},"content":{"rendered":"<p>Die neue Classic 350 bleibt den Traditionen in einem zeitlosen Stil treu, jedoch vollst\u00e4ndig modern interpretiert. Inspiriert vom historischen Modell G2, feiert die neue und aktuelle Classic 350 weiterhin ihr ikonisches Design mit ihren geschwungenen Kotfl\u00fcgeln und dem Tropfentank, dem charakteristischen Scheinwerfer und den Linien des Kurbelgeh\u00e4uses, sowie den speziellen Farben und dem markanten Auspuffklang. Elegant, mit gl\u00e4nzenden Veredelungen, die eine au\u00dfergew\u00f6hnliche Struktur schm\u00fccken und hervorheben, strahlt sie eine unvergleichliche Sch\u00f6nheit und Qualit\u00e4t aus.<\/p>\n<p>In der neuen Classic 350 schl\u00e4gt ein v\u00f6llig neues &#8220;Herz&#8221;, das im einzigartigen Rhythmus von Royal Enfield schl\u00e4gt. Auf einem neuen Doppelrohrrahmen f\u00fcr sicheres und stabiles Fahren gebaut, gew\u00e4hrleistet die Classic Qualit\u00e4t und Zuverl\u00e4ssigkeit als idealer Reisebegleiter, egal wohin die Reise geht. Die erh\u00f6hte Sitzposition sorgt f\u00fcr eine pr\u00e4sente und dominante Sicht auf die Stra\u00dfe, w\u00e4hrend die vergr\u00f6\u00dferten Bremsen die Bremskraft verst\u00e4rken. Aber st\u00e4rker zu sein bedeutet nicht nur f\u00e4hig und widerstandsf\u00e4hig zu sein, die neue Classic ist noch komfortabler, mit einem breiteren Sitz, der den Fahrer umschmeichelt.<\/p>\n<p>&#8220;Zeitlos&#8221; bedeutet auch &#8220;mit der Zeit gehen&#8221;, in diesem Sinne kombiniert das neue Instrumentenpanel der Classic die Direktheit eines analogen Tachometers mit der Funktionalit\u00e4t eines LCD-Displays. Die praktische USB-Port unter dem Lenker erm\u00f6glicht ausreichendes Laden w\u00e4hrend der Fahrt und das ABS-Bremssystem mit doppeltem Kanal vermittelt die gesamte Zuverl\u00e4ssigkeit eines modernen Motorrads.<\/p>\n","protected":false},"excerpt":{"rendered":"<p>Die neue Classic 350 bleibt den Traditionen in einem zeitlosen Stil treu, jedoch vollst\u00e4ndig modern interpretiert. Inspiriert vom historischen Modell G2, feiert die neue und aktuelle Classic 350 weiterhin ihr&#8230;<\/p>\n","protected":false},"featured_media":7220,"template":"","meta":[],"product_brand":[],"product_cat":[70],"product_tag":[],"class_list":{"0":"post-7508","1":"product","2":"type-product","3":"status-publish","4":"has-post-thumbnail","6":"product_cat-motorraeder","8":"first","9":"instock","10":"virtual","11":"sold-individually","12":"purchasable","13":"product-type-simple"},"yoast_head":"<!-- This site is optimized with the Yoast SEO plugin v27.0 - https:\/\/yoast.com\/product\/yoast-seo-wordpress\/ -->\n<title>Royal Enfield Classic 350 - Passion 4 Travel<\/title>\n<meta name=\"robots\" content=\"index, follow, max-snippet:-1, max-image-preview:large, max-video-preview:-1\" \/>\n<link rel=\"canonical\" href=\"https:\/\/passion4travel.it\/de\/element\/vermietung\/motorraeder\/royal-enfield-classic-350\/\" \/>\n<meta property=\"og:locale\" content=\"de_DE\" \/>\n<meta property=\"og:type\" content=\"article\" \/>\n<meta property=\"og:title\" content=\"Royal Enfield Classic 350 - Passion 4 Travel\" \/>\n<meta property=\"og:description\" content=\"Die neue Classic 350 bleibt den Traditionen in einem zeitlosen Stil treu, jedoch vollst\u00e4ndig modern interpretiert. Inspiriert vom historischen Modell G2, feiert die neue und aktuelle Classic 350 weiterhin ihr...\" \/>\n<meta property=\"og:url\" content=\"https:\/\/passion4travel.it\/de\/element\/vermietung\/motorraeder\/royal-enfield-classic-350\/\" \/>\n<meta property=\"og:site_name\" content=\"Passion 4 Travel\" \/>\n<meta property=\"article:modified_time\" content=\"2024-04-12T13:01:26+00:00\" \/>\n<meta property=\"og:image\" content=\"https:\/\/passion4travel.it\/wp-content\/uploads\/2024\/04\/passion4travel_noleggio_moto_harley_davidson_classic_350_1.jpg\" \/>\n\t<meta property=\"og:image:width\" content=\"1000\" \/>\n\t<meta property=\"og:image:height\" content=\"600\" \/>\n\t<meta property=\"og:image:type\" content=\"image\/jpeg\" \/>\n<meta name=\"twitter:card\" content=\"summary_large_image\" \/>\n<meta name=\"twitter:label1\" content=\"Gesch\u00e4tzte Lesezeit\" \/>\n\t<meta name=\"twitter:data1\" content=\"2\u00a0Minuten\" \/>\n<script type=\"application\/ld+json\" class=\"yoast-schema-graph\">{\"@context\":\"https:\/\/schema.org\",\"@graph\":[{\"@type\":\"WebPage\",\"@id\":\"https:\/\/passion4travel.it\/de\/element\/vermietung\/motorraeder\/royal-enfield-classic-350\/\",\"url\":\"https:\/\/passion4travel.it\/de\/element\/vermietung\/motorraeder\/royal-enfield-classic-350\/\",\"name\":\"Royal Enfield Classic 350 - Passion 4 Travel\",\"isPartOf\":{\"@id\":\"https:\/\/passion4travel.it\/de\/#website\"},\"primaryImageOfPage\":{\"@id\":\"https:\/\/passion4travel.it\/de\/element\/vermietung\/motorraeder\/royal-enfield-classic-350\/#primaryimage\"},\"image\":{\"@id\":\"https:\/\/passion4travel.it\/de\/element\/vermietung\/motorraeder\/royal-enfield-classic-350\/#primaryimage\"},\"thumbnailUrl\":\"https:\/\/passion4travel.it\/wp-content\/uploads\/2024\/04\/passion4travel_noleggio_moto_harley_davidson_classic_350_1.jpg\",\"datePublished\":\"2024-04-11T08:20:30+00:00\",\"dateModified\":\"2024-04-12T13:01:26+00:00\",\"breadcrumb\":{\"@id\":\"https:\/\/passion4travel.it\/de\/element\/vermietung\/motorraeder\/royal-enfield-classic-350\/#breadcrumb\"},\"inLanguage\":\"de\",\"potentialAction\":[{\"@type\":\"ReadAction\",\"target\":[\"https:\/\/passion4travel.it\/de\/element\/vermietung\/motorraeder\/royal-enfield-classic-350\/\"]}]},{\"@type\":\"ImageObject\",\"inLanguage\":\"de\",\"@id\":\"https:\/\/passion4travel.it\/de\/element\/vermietung\/motorraeder\/royal-enfield-classic-350\/#primaryimage\",\"url\":\"https:\/\/passion4travel.it\/wp-content\/uploads\/2024\/04\/passion4travel_noleggio_moto_harley_davidson_classic_350_1.jpg\",\"contentUrl\":\"https:\/\/passion4travel.it\/wp-content\/uploads\/2024\/04\/passion4travel_noleggio_moto_harley_davidson_classic_350_1.jpg\",\"width\":1000,\"height\":600},{\"@type\":\"BreadcrumbList\",\"@id\":\"https:\/\/passion4travel.it\/de\/element\/vermietung\/motorraeder\/royal-enfield-classic-350\/#breadcrumb\",\"itemListElement\":[{\"@type\":\"ListItem\",\"position\":1,\"name\":\"Home\",\"item\":\"https:\/\/passion4travel.it\/de\/\"},{\"@type\":\"ListItem\",\"position\":2,\"name\":\"Produkte\",\"item\":\"https:\/\/passion4travel.it\/de\/shop\/\"},{\"@type\":\"ListItem\",\"position\":3,\"name\":\"Royal Enfield Classic 350\"}]},{\"@type\":\"WebSite\",\"@id\":\"https:\/\/passion4travel.it\/de\/#website\",\"url\":\"https:\/\/passion4travel.it\/de\/\",\"name\":\"Passion 4 Travel\",\"description\":\"Tour Operator con sede nelle Colline del Prosecco Conegliano Valdobbiadene che sviluppa e propone tour guidati e servizi turistici che soddisfano ogni passione.\",\"potentialAction\":[{\"@type\":\"SearchAction\",\"target\":{\"@type\":\"EntryPoint\",\"urlTemplate\":\"https:\/\/passion4travel.it\/de\/?s={search_term_string}\"},\"query-input\":{\"@type\":\"PropertyValueSpecification\",\"valueRequired\":true,\"valueName\":\"search_term_string\"}}],\"inLanguage\":\"de\"}]}<\/script>\n<!-- \/ Yoast SEO plugin. -->","yoast_head_json":{"title":"Royal Enfield Classic 350 - Passion 4 Travel","robots":{"index":"index","follow":"follow","max-snippet":"max-snippet:-1","max-image-preview":"max-image-preview:large","max-video-preview":"max-video-preview:-1"},"canonical":"https:\/\/passion4travel.it\/de\/element\/vermietung\/motorraeder\/royal-enfield-classic-350\/","og_locale":"de_DE","og_type":"article","og_title":"Royal Enfield Classic 350 - Passion 4 Travel","og_description":"Die neue Classic 350 bleibt den Traditionen in einem zeitlosen Stil treu, jedoch vollst\u00e4ndig modern interpretiert. Inspiriert vom historischen Modell G2, feiert die neue und aktuelle Classic 350 weiterhin ihr...","og_url":"https:\/\/passion4travel.it\/de\/element\/vermietung\/motorraeder\/royal-enfield-classic-350\/","og_site_name":"Passion 4 Travel","article_modified_time":"2024-04-12T13:01:26+00:00","og_image":[{"width":1000,"height":600,"url":"https:\/\/passion4travel.it\/wp-content\/uploads\/2024\/04\/passion4travel_noleggio_moto_harley_davidson_classic_350_1.jpg","type":"image\/jpeg"}],"twitter_card":"summary_large_image","twitter_misc":{"Gesch\u00e4tzte Lesezeit":"2\u00a0Minuten"},"schema":{"@context":"https:\/\/schema.org","@graph":[{"@type":"WebPage","@id":"https:\/\/passion4travel.it\/de\/element\/vermietung\/motorraeder\/royal-enfield-classic-350\/","url":"https:\/\/passion4travel.it\/de\/element\/vermietung\/motorraeder\/royal-enfield-classic-350\/","name":"Royal Enfield Classic 350 - Passion 4 Travel","isPartOf":{"@id":"https:\/\/passion4travel.it\/de\/#website"},"primaryImageOfPage":{"@id":"https:\/\/passion4travel.it\/de\/element\/vermietung\/motorraeder\/royal-enfield-classic-350\/#primaryimage"},"image":{"@id":"https:\/\/passion4travel.it\/de\/element\/vermietung\/motorraeder\/royal-enfield-classic-350\/#primaryimage"},"thumbnailUrl":"https:\/\/passion4travel.it\/wp-content\/uploads\/2024\/04\/passion4travel_noleggio_moto_harley_davidson_classic_350_1.jpg","datePublished":"2024-04-11T08:20:30+00:00","dateModified":"2024-04-12T13:01:26+00:00","breadcrumb":{"@id":"https:\/\/passion4travel.it\/de\/element\/vermietung\/motorraeder\/royal-enfield-classic-350\/#breadcrumb"},"inLanguage":"de","potentialAction":[{"@type":"ReadAction","target":["https:\/\/passion4travel.it\/de\/element\/vermietung\/motorraeder\/royal-enfield-classic-350\/"]}]},{"@type":"ImageObject","inLanguage":"de","@id":"https:\/\/passion4travel.it\/de\/element\/vermietung\/motorraeder\/royal-enfield-classic-350\/#primaryimage","url":"https:\/\/passion4travel.it\/wp-content\/uploads\/2024\/04\/passion4travel_noleggio_moto_harley_davidson_classic_350_1.jpg","contentUrl":"https:\/\/passion4travel.it\/wp-content\/uploads\/2024\/04\/passion4travel_noleggio_moto_harley_davidson_classic_350_1.jpg","width":1000,"height":600},{"@type":"BreadcrumbList","@id":"https:\/\/passion4travel.it\/de\/element\/vermietung\/motorraeder\/royal-enfield-classic-350\/#breadcrumb","itemListElement":[{"@type":"ListItem","position":1,"name":"Home","item":"https:\/\/passion4travel.it\/de\/"},{"@type":"ListItem","position":2,"name":"Produkte","item":"https:\/\/passion4travel.it\/de\/shop\/"},{"@type":"ListItem","position":3,"name":"Royal Enfield Classic 350"}]},{"@type":"WebSite","@id":"https:\/\/passion4travel.it\/de\/#website","url":"https:\/\/passion4travel.it\/de\/","name":"Passion 4 Travel","description":"Tour Operator con sede nelle Colline del Prosecco Conegliano Valdobbiadene che sviluppa e propone tour guidati e servizi turistici che soddisfano ogni passione.","potentialAction":[{"@type":"SearchAction","target":{"@type":"EntryPoint","urlTemplate":"https:\/\/passion4travel.it\/de\/?s={search_term_string}"},"query-input":{"@type":"PropertyValueSpecification","valueRequired":true,"valueName":"search_term_string"}}],"inLanguage":"de"}]}},"_links":{"self":[{"href":"https:\/\/passion4travel.it\/de\/wp-json\/wp\/v2\/product\/7508","targetHints":{"allow":["GET"]}}],"collection":[{"href":"https:\/\/passion4travel.it\/de\/wp-json\/wp\/v2\/product"}],"about":[{"href":"https:\/\/passion4travel.it\/de\/wp-json\/wp\/v2\/types\/product"}],"wp:featuredmedia":[{"embeddable":true,"href":"https:\/\/passion4travel.it\/de\/wp-json\/wp\/v2\/media\/7220"}],"wp:attachment":[{"href":"https:\/\/passion4travel.it\/de\/wp-json\/wp\/v2\/media?parent=7508"}],"wp:term":[{"taxonomy":"product_brand","embeddable":true,"href":"https:\/\/passion4travel.it\/de\/wp-json\/wp\/v2\/product_brand?post=7508"},{"taxonomy":"product_cat","embeddable":true,"href":"https:\/\/passion4travel.it\/de\/wp-json\/wp\/v2\/product_cat?post=7508"},{"taxonomy":"product_tag","embeddable":true,"href":"https:\/\/passion4travel.it\/de\/wp-json\/wp\/v2\/product_tag?post=7508"}],"curies":[{"name":"wp","href":"https:\/\/api.w.org\/{rel}","templated":true}]}}