{"id":7511,"date":"2024-04-11T10:08:23","date_gmt":"2024-04-11T08:08:23","guid":{"rendered":"https:\/\/www.passion4travel.it\/elemento\/unkategorisiert\/harley-davidson-street-glide\/"},"modified":"2024-04-12T15:01:02","modified_gmt":"2024-04-12T13:01:02","slug":"harley-davidson-street-glide","status":"publish","type":"product","link":"https:\/\/passion4travel.it\/de\/element\/vermietung\/motorraeder\/harley-davidson-street-glide\/","title":{"rendered":"Harley-Davidson Street Glide"},"content":{"rendered":"<p>Das H\u00f6chstma\u00df an Komfort und Touring-Factory-Custom-Stil. Visuell spektakul\u00e4r und mit au\u00dfergew\u00f6hnlicher Leistung. Die neue Apotheose von Drehmoment und Hubraum in einem werkseitig installierten Antriebsstrang. Pr\u00e4zise Luft-\/\u00d6lk\u00fchlung. 169 Nm Drehmoment bei 3.500 U\/min. Der verbesserte Heavy-Breather-Ansaugtrakt und der Hochleistungsauspuff maximieren die Motorleistung; ein Schub, den Sie jedes Mal sp\u00fcrbar erleben, wenn Sie das Gas drehen. Alle Funktionen, die Sie f\u00fcr eine sichere Fahrt und ein Gef\u00fchl totalen Komforts suchen. Adaptiver LED-Daymaker-Frontscheinwerfer und intensive LED-Beleuchtung f\u00fcr eine bessere Sichtbarkeit. In diesem hochmodernen System mit Farb-Touchscreen, zwei am Verkleidung montierten Lautsprechern und versteckter Radiantenne ist nichts gew\u00f6hnlich. Jedes Element ist darauf ausgelegt, die Interaktion des Fahrers mit dem Motorrad und die Konnektivit\u00e4t mit der Welt zu verbessern.<\/p>\n","protected":false},"excerpt":{"rendered":"<p>Das H\u00f6chstma\u00df an Komfort und Touring-Factory-Custom-Stil. Visuell spektakul\u00e4r und mit au\u00dfergew\u00f6hnlicher Leistung. Die neue Apotheose von Drehmoment und Hubraum in einem werkseitig installierten Antriebsstrang. Pr\u00e4zise Luft-\/\u00d6lk\u00fchlung. 169 Nm Drehmoment bei&#8230;<\/p>\n","protected":false},"featured_media":7214,"template":"","meta":[],"product_brand":[],"product_cat":[70],"product_tag":[],"class_list":{"0":"post-7511","1":"product","2":"type-product","3":"status-publish","4":"has-post-thumbnail","6":"product_cat-motorraeder","8":"first","9":"instock","10":"virtual","11":"sold-individually","12":"purchasable","13":"product-type-simple"},"yoast_head":"<!-- This site is optimized with the Yoast SEO plugin v27.0 - https:\/\/yoast.com\/product\/yoast-seo-wordpress\/ -->\n<title>Harley-Davidson Street Glide - Passion 4 Travel<\/title>\n<meta name=\"robots\" content=\"index, follow, max-snippet:-1, max-image-preview:large, max-video-preview:-1\" \/>\n<link rel=\"canonical\" href=\"https:\/\/passion4travel.it\/de\/element\/vermietung\/motorraeder\/harley-davidson-street-glide\/\" \/>\n<meta property=\"og:locale\" content=\"de_DE\" \/>\n<meta property=\"og:type\" content=\"article\" \/>\n<meta property=\"og:title\" content=\"Harley-Davidson Street Glide - Passion 4 Travel\" \/>\n<meta property=\"og:description\" content=\"Das H\u00f6chstma\u00df an Komfort und Touring-Factory-Custom-Stil. Visuell spektakul\u00e4r und mit au\u00dfergew\u00f6hnlicher Leistung. Die neue Apotheose von Drehmoment und Hubraum in einem werkseitig installierten Antriebsstrang. Pr\u00e4zise Luft-\/\u00d6lk\u00fchlung. 169 Nm Drehmoment bei...\" \/>\n<meta property=\"og:url\" content=\"https:\/\/passion4travel.it\/de\/element\/vermietung\/motorraeder\/harley-davidson-street-glide\/\" \/>\n<meta property=\"og:site_name\" content=\"Passion 4 Travel\" \/>\n<meta property=\"article:modified_time\" content=\"2024-04-12T13:01:02+00:00\" \/>\n<meta property=\"og:image\" content=\"https:\/\/passion4travel.it\/wp-content\/uploads\/2024\/04\/passion4travel_noleggio_moto_harley_davidson_street-glide_1.jpg\" \/>\n\t<meta property=\"og:image:width\" content=\"1000\" \/>\n\t<meta property=\"og:image:height\" content=\"600\" \/>\n\t<meta property=\"og:image:type\" content=\"image\/jpeg\" \/>\n<meta name=\"twitter:card\" content=\"summary_large_image\" \/>\n<meta name=\"twitter:label1\" content=\"Gesch\u00e4tzte Lesezeit\" \/>\n\t<meta name=\"twitter:data1\" content=\"1\u00a0Minute\" \/>\n<script type=\"application\/ld+json\" class=\"yoast-schema-graph\">{\"@context\":\"https:\/\/schema.org\",\"@graph\":[{\"@type\":\"WebPage\",\"@id\":\"https:\/\/passion4travel.it\/de\/element\/vermietung\/motorraeder\/harley-davidson-street-glide\/\",\"url\":\"https:\/\/passion4travel.it\/de\/element\/vermietung\/motorraeder\/harley-davidson-street-glide\/\",\"name\":\"Harley-Davidson Street Glide - Passion 4 Travel\",\"isPartOf\":{\"@id\":\"https:\/\/passion4travel.it\/de\/#website\"},\"primaryImageOfPage\":{\"@id\":\"https:\/\/passion4travel.it\/de\/element\/vermietung\/motorraeder\/harley-davidson-street-glide\/#primaryimage\"},\"image\":{\"@id\":\"https:\/\/passion4travel.it\/de\/element\/vermietung\/motorraeder\/harley-davidson-street-glide\/#primaryimage\"},\"thumbnailUrl\":\"https:\/\/passion4travel.it\/wp-content\/uploads\/2024\/04\/passion4travel_noleggio_moto_harley_davidson_street-glide_1.jpg\",\"datePublished\":\"2024-04-11T08:08:23+00:00\",\"dateModified\":\"2024-04-12T13:01:02+00:00\",\"breadcrumb\":{\"@id\":\"https:\/\/passion4travel.it\/de\/element\/vermietung\/motorraeder\/harley-davidson-street-glide\/#breadcrumb\"},\"inLanguage\":\"de\",\"potentialAction\":[{\"@type\":\"ReadAction\",\"target\":[\"https:\/\/passion4travel.it\/de\/element\/vermietung\/motorraeder\/harley-davidson-street-glide\/\"]}]},{\"@type\":\"ImageObject\",\"inLanguage\":\"de\",\"@id\":\"https:\/\/passion4travel.it\/de\/element\/vermietung\/motorraeder\/harley-davidson-street-glide\/#primaryimage\",\"url\":\"https:\/\/passion4travel.it\/wp-content\/uploads\/2024\/04\/passion4travel_noleggio_moto_harley_davidson_street-glide_1.jpg\",\"contentUrl\":\"https:\/\/passion4travel.it\/wp-content\/uploads\/2024\/04\/passion4travel_noleggio_moto_harley_davidson_street-glide_1.jpg\",\"width\":1000,\"height\":600},{\"@type\":\"BreadcrumbList\",\"@id\":\"https:\/\/passion4travel.it\/de\/element\/vermietung\/motorraeder\/harley-davidson-street-glide\/#breadcrumb\",\"itemListElement\":[{\"@type\":\"ListItem\",\"position\":1,\"name\":\"Home\",\"item\":\"https:\/\/passion4travel.it\/de\/\"},{\"@type\":\"ListItem\",\"position\":2,\"name\":\"Produkte\",\"item\":\"https:\/\/passion4travel.it\/de\/shop\/\"},{\"@type\":\"ListItem\",\"position\":3,\"name\":\"Harley-Davidson Street Glide\"}]},{\"@type\":\"WebSite\",\"@id\":\"https:\/\/passion4travel.it\/de\/#website\",\"url\":\"https:\/\/passion4travel.it\/de\/\",\"name\":\"Passion 4 Travel\",\"description\":\"Tour Operator con sede nelle Colline del Prosecco Conegliano Valdobbiadene che sviluppa e propone tour guidati e servizi turistici che soddisfano ogni passione.\",\"potentialAction\":[{\"@type\":\"SearchAction\",\"target\":{\"@type\":\"EntryPoint\",\"urlTemplate\":\"https:\/\/passion4travel.it\/de\/?s={search_term_string}\"},\"query-input\":{\"@type\":\"PropertyValueSpecification\",\"valueRequired\":true,\"valueName\":\"search_term_string\"}}],\"inLanguage\":\"de\"}]}<\/script>\n<!-- \/ Yoast SEO plugin. -->","yoast_head_json":{"title":"Harley-Davidson Street Glide - Passion 4 Travel","robots":{"index":"index","follow":"follow","max-snippet":"max-snippet:-1","max-image-preview":"max-image-preview:large","max-video-preview":"max-video-preview:-1"},"canonical":"https:\/\/passion4travel.it\/de\/element\/vermietung\/motorraeder\/harley-davidson-street-glide\/","og_locale":"de_DE","og_type":"article","og_title":"Harley-Davidson Street Glide - Passion 4 Travel","og_description":"Das H\u00f6chstma\u00df an Komfort und Touring-Factory-Custom-Stil. Visuell spektakul\u00e4r und mit au\u00dfergew\u00f6hnlicher Leistung. Die neue Apotheose von Drehmoment und Hubraum in einem werkseitig installierten Antriebsstrang. Pr\u00e4zise Luft-\/\u00d6lk\u00fchlung. 169 Nm Drehmoment bei...","og_url":"https:\/\/passion4travel.it\/de\/element\/vermietung\/motorraeder\/harley-davidson-street-glide\/","og_site_name":"Passion 4 Travel","article_modified_time":"2024-04-12T13:01:02+00:00","og_image":[{"width":1000,"height":600,"url":"https:\/\/passion4travel.it\/wp-content\/uploads\/2024\/04\/passion4travel_noleggio_moto_harley_davidson_street-glide_1.jpg","type":"image\/jpeg"}],"twitter_card":"summary_large_image","twitter_misc":{"Gesch\u00e4tzte Lesezeit":"1\u00a0Minute"},"schema":{"@context":"https:\/\/schema.org","@graph":[{"@type":"WebPage","@id":"https:\/\/passion4travel.it\/de\/element\/vermietung\/motorraeder\/harley-davidson-street-glide\/","url":"https:\/\/passion4travel.it\/de\/element\/vermietung\/motorraeder\/harley-davidson-street-glide\/","name":"Harley-Davidson Street Glide - Passion 4 Travel","isPartOf":{"@id":"https:\/\/passion4travel.it\/de\/#website"},"primaryImageOfPage":{"@id":"https:\/\/passion4travel.it\/de\/element\/vermietung\/motorraeder\/harley-davidson-street-glide\/#primaryimage"},"image":{"@id":"https:\/\/passion4travel.it\/de\/element\/vermietung\/motorraeder\/harley-davidson-street-glide\/#primaryimage"},"thumbnailUrl":"https:\/\/passion4travel.it\/wp-content\/uploads\/2024\/04\/passion4travel_noleggio_moto_harley_davidson_street-glide_1.jpg","datePublished":"2024-04-11T08:08:23+00:00","dateModified":"2024-04-12T13:01:02+00:00","breadcrumb":{"@id":"https:\/\/passion4travel.it\/de\/element\/vermietung\/motorraeder\/harley-davidson-street-glide\/#breadcrumb"},"inLanguage":"de","potentialAction":[{"@type":"ReadAction","target":["https:\/\/passion4travel.it\/de\/element\/vermietung\/motorraeder\/harley-davidson-street-glide\/"]}]},{"@type":"ImageObject","inLanguage":"de","@id":"https:\/\/passion4travel.it\/de\/element\/vermietung\/motorraeder\/harley-davidson-street-glide\/#primaryimage","url":"https:\/\/passion4travel.it\/wp-content\/uploads\/2024\/04\/passion4travel_noleggio_moto_harley_davidson_street-glide_1.jpg","contentUrl":"https:\/\/passion4travel.it\/wp-content\/uploads\/2024\/04\/passion4travel_noleggio_moto_harley_davidson_street-glide_1.jpg","width":1000,"height":600},{"@type":"BreadcrumbList","@id":"https:\/\/passion4travel.it\/de\/element\/vermietung\/motorraeder\/harley-davidson-street-glide\/#breadcrumb","itemListElement":[{"@type":"ListItem","position":1,"name":"Home","item":"https:\/\/passion4travel.it\/de\/"},{"@type":"ListItem","position":2,"name":"Produkte","item":"https:\/\/passion4travel.it\/de\/shop\/"},{"@type":"ListItem","position":3,"name":"Harley-Davidson Street Glide"}]},{"@type":"WebSite","@id":"https:\/\/passion4travel.it\/de\/#website","url":"https:\/\/passion4travel.it\/de\/","name":"Passion 4 Travel","description":"Tour Operator con sede nelle Colline del Prosecco Conegliano Valdobbiadene che sviluppa e propone tour guidati e servizi turistici che soddisfano ogni passione.","potentialAction":[{"@type":"SearchAction","target":{"@type":"EntryPoint","urlTemplate":"https:\/\/passion4travel.it\/de\/?s={search_term_string}"},"query-input":{"@type":"PropertyValueSpecification","valueRequired":true,"valueName":"search_term_string"}}],"inLanguage":"de"}]}},"_links":{"self":[{"href":"https:\/\/passion4travel.it\/de\/wp-json\/wp\/v2\/product\/7511","targetHints":{"allow":["GET"]}}],"collection":[{"href":"https:\/\/passion4travel.it\/de\/wp-json\/wp\/v2\/product"}],"about":[{"href":"https:\/\/passion4travel.it\/de\/wp-json\/wp\/v2\/types\/product"}],"wp:featuredmedia":[{"embeddable":true,"href":"https:\/\/passion4travel.it\/de\/wp-json\/wp\/v2\/media\/7214"}],"wp:attachment":[{"href":"https:\/\/passion4travel.it\/de\/wp-json\/wp\/v2\/media?parent=7511"}],"wp:term":[{"taxonomy":"product_brand","embeddable":true,"href":"https:\/\/passion4travel.it\/de\/wp-json\/wp\/v2\/product_brand?post=7511"},{"taxonomy":"product_cat","embeddable":true,"href":"https:\/\/passion4travel.it\/de\/wp-json\/wp\/v2\/product_cat?post=7511"},{"taxonomy":"product_tag","embeddable":true,"href":"https:\/\/passion4travel.it\/de\/wp-json\/wp\/v2\/product_tag?post=7511"}],"curies":[{"name":"wp","href":"https:\/\/api.w.org\/{rel}","templated":true}]}}