{"id":7514,"date":"2024-04-11T09:33:38","date_gmt":"2024-04-11T07:33:38","guid":{"rendered":"https:\/\/www.passion4travel.it\/elemento\/unkategorisiert\/harley-davidson-sportster-forty-eight\/"},"modified":"2024-04-12T15:00:40","modified_gmt":"2024-04-12T13:00:40","slug":"harley-davidson-sportster-forty-eight","status":"publish","type":"product","link":"https:\/\/passion4travel.it\/de\/element\/vermietung\/motorraeder\/harley-davidson-sportster-forty-eight\/","title":{"rendered":"Harley-Davidson Sportster Forty-Eight"},"content":{"rendered":"<p>Ein markantes Styling mit imposanten Reifen und dem legend\u00e4ren Peanut-Tank. Hergestellt mit dem traditionellen Bulldog-Look und 1200 ccm Drehmoment in der Kurve.<\/p>\n<p>Der legend\u00e4re V-Twin-Motor, bekannt f\u00fcr sein robustes Drehmoment bei niedrigen Drehzahlen und einen befriedigenden Klang. Leichtgewichtige Aluminium-Zylinderk\u00f6pfe und Zylinder verbessern die Luftk\u00fchlungseffizienz. Um die &#8220;Lead-Sled&#8221; -Kultur zu beschw\u00f6ren. Massives Vorderrad mit einem gro\u00dfen MT90-Reifen f\u00fcr eine dominante Pr\u00e4senz des Motorrads, eine reibungslose Fahrt und sichere Handhabung. Die robuste 49-mm-Vorderradgabel wird durch drei Klemmen und die Platte betont. Wir haben auch die Cartridge-D\u00e4mpfungstechnologie hinzugef\u00fcgt, um sicheres und agiles Handling unter allen Stra\u00dfenbedingungen zu gew\u00e4hrleisten. Der hintere Sto\u00dfd\u00e4mpfer mit Emulsion und Vorlastverstellung absorbiert jeden Stra\u00dfenschlag und passt sich leicht Ihrem Fahrstil an. Schwarze Hardcore-Speichenr\u00e4der mit bearbeiteten Details, um das Design zu betonen. Sie sind aus leichtem Druckgussaluminium f\u00fcr eine wendige und komfortable Fahrt trotz des imposanten schwarzen Reifens. Ein innovatives und leistungsstarkes System, das mehr Sicherheit auf der Stra\u00dfe sowie mehr Leistung und Vorhersehbarkeit beim Bremsen bietet. Der klassische Peanut-Tank betont den kraftvollen, abgesenkten Bulldog-Look und zeigt den massiven Motor und den essentiellen Stil des Sportster-Rahmens.<\/p>\n","protected":false},"excerpt":{"rendered":"<p>Ein markantes Styling mit imposanten Reifen und dem legend\u00e4ren Peanut-Tank. Hergestellt mit dem traditionellen Bulldog-Look und 1200 ccm Drehmoment in der Kurve. Der legend\u00e4re V-Twin-Motor, bekannt f\u00fcr sein robustes Drehmoment&#8230;<\/p>\n","protected":false},"featured_media":7199,"template":"","meta":[],"product_brand":[],"product_cat":[70],"product_tag":[],"class_list":{"0":"post-7514","1":"product","2":"type-product","3":"status-publish","4":"has-post-thumbnail","6":"product_cat-motorraeder","8":"first","9":"instock","10":"virtual","11":"sold-individually","12":"purchasable","13":"product-type-simple"},"yoast_head":"<!-- This site is optimized with the Yoast SEO plugin v27.0 - https:\/\/yoast.com\/product\/yoast-seo-wordpress\/ -->\n<title>Harley-Davidson Sportster Forty-Eight - Passion 4 Travel<\/title>\n<meta name=\"robots\" content=\"index, follow, max-snippet:-1, max-image-preview:large, max-video-preview:-1\" \/>\n<link rel=\"canonical\" href=\"https:\/\/passion4travel.it\/de\/element\/vermietung\/motorraeder\/harley-davidson-sportster-forty-eight\/\" \/>\n<meta property=\"og:locale\" content=\"de_DE\" \/>\n<meta property=\"og:type\" content=\"article\" \/>\n<meta property=\"og:title\" content=\"Harley-Davidson Sportster Forty-Eight - Passion 4 Travel\" \/>\n<meta property=\"og:description\" content=\"Ein markantes Styling mit imposanten Reifen und dem legend\u00e4ren Peanut-Tank. Hergestellt mit dem traditionellen Bulldog-Look und 1200 ccm Drehmoment in der Kurve. Der legend\u00e4re V-Twin-Motor, bekannt f\u00fcr sein robustes Drehmoment...\" \/>\n<meta property=\"og:url\" content=\"https:\/\/passion4travel.it\/de\/element\/vermietung\/motorraeder\/harley-davidson-sportster-forty-eight\/\" \/>\n<meta property=\"og:site_name\" content=\"Passion 4 Travel\" \/>\n<meta property=\"article:modified_time\" content=\"2024-04-12T13:00:40+00:00\" \/>\n<meta property=\"og:image\" content=\"https:\/\/passion4travel.it\/wp-content\/uploads\/2024\/04\/passion4travel_noleggio_moto_harley_davidson_sportster_forty_eight_1.jpg\" \/>\n\t<meta property=\"og:image:width\" content=\"1000\" \/>\n\t<meta property=\"og:image:height\" content=\"600\" \/>\n\t<meta property=\"og:image:type\" content=\"image\/jpeg\" \/>\n<meta name=\"twitter:card\" content=\"summary_large_image\" \/>\n<meta name=\"twitter:label1\" content=\"Gesch\u00e4tzte Lesezeit\" \/>\n\t<meta name=\"twitter:data1\" content=\"2\u00a0Minuten\" \/>\n<script type=\"application\/ld+json\" class=\"yoast-schema-graph\">{\"@context\":\"https:\/\/schema.org\",\"@graph\":[{\"@type\":\"WebPage\",\"@id\":\"https:\/\/passion4travel.it\/de\/element\/vermietung\/motorraeder\/harley-davidson-sportster-forty-eight\/\",\"url\":\"https:\/\/passion4travel.it\/de\/element\/vermietung\/motorraeder\/harley-davidson-sportster-forty-eight\/\",\"name\":\"Harley-Davidson Sportster Forty-Eight - Passion 4 Travel\",\"isPartOf\":{\"@id\":\"https:\/\/passion4travel.it\/de\/#website\"},\"primaryImageOfPage\":{\"@id\":\"https:\/\/passion4travel.it\/de\/element\/vermietung\/motorraeder\/harley-davidson-sportster-forty-eight\/#primaryimage\"},\"image\":{\"@id\":\"https:\/\/passion4travel.it\/de\/element\/vermietung\/motorraeder\/harley-davidson-sportster-forty-eight\/#primaryimage\"},\"thumbnailUrl\":\"https:\/\/passion4travel.it\/wp-content\/uploads\/2024\/04\/passion4travel_noleggio_moto_harley_davidson_sportster_forty_eight_1.jpg\",\"datePublished\":\"2024-04-11T07:33:38+00:00\",\"dateModified\":\"2024-04-12T13:00:40+00:00\",\"breadcrumb\":{\"@id\":\"https:\/\/passion4travel.it\/de\/element\/vermietung\/motorraeder\/harley-davidson-sportster-forty-eight\/#breadcrumb\"},\"inLanguage\":\"de\",\"potentialAction\":[{\"@type\":\"ReadAction\",\"target\":[\"https:\/\/passion4travel.it\/de\/element\/vermietung\/motorraeder\/harley-davidson-sportster-forty-eight\/\"]}]},{\"@type\":\"ImageObject\",\"inLanguage\":\"de\",\"@id\":\"https:\/\/passion4travel.it\/de\/element\/vermietung\/motorraeder\/harley-davidson-sportster-forty-eight\/#primaryimage\",\"url\":\"https:\/\/passion4travel.it\/wp-content\/uploads\/2024\/04\/passion4travel_noleggio_moto_harley_davidson_sportster_forty_eight_1.jpg\",\"contentUrl\":\"https:\/\/passion4travel.it\/wp-content\/uploads\/2024\/04\/passion4travel_noleggio_moto_harley_davidson_sportster_forty_eight_1.jpg\",\"width\":1000,\"height\":600},{\"@type\":\"BreadcrumbList\",\"@id\":\"https:\/\/passion4travel.it\/de\/element\/vermietung\/motorraeder\/harley-davidson-sportster-forty-eight\/#breadcrumb\",\"itemListElement\":[{\"@type\":\"ListItem\",\"position\":1,\"name\":\"Home\",\"item\":\"https:\/\/passion4travel.it\/de\/\"},{\"@type\":\"ListItem\",\"position\":2,\"name\":\"Produkte\",\"item\":\"https:\/\/passion4travel.it\/de\/shop\/\"},{\"@type\":\"ListItem\",\"position\":3,\"name\":\"Harley-Davidson Sportster Forty-Eight\"}]},{\"@type\":\"WebSite\",\"@id\":\"https:\/\/passion4travel.it\/de\/#website\",\"url\":\"https:\/\/passion4travel.it\/de\/\",\"name\":\"Passion 4 Travel\",\"description\":\"Tour Operator con sede nelle Colline del Prosecco Conegliano Valdobbiadene che sviluppa e propone tour guidati e servizi turistici che soddisfano ogni passione.\",\"potentialAction\":[{\"@type\":\"SearchAction\",\"target\":{\"@type\":\"EntryPoint\",\"urlTemplate\":\"https:\/\/passion4travel.it\/de\/?s={search_term_string}\"},\"query-input\":{\"@type\":\"PropertyValueSpecification\",\"valueRequired\":true,\"valueName\":\"search_term_string\"}}],\"inLanguage\":\"de\"}]}<\/script>\n<!-- \/ Yoast SEO plugin. -->","yoast_head_json":{"title":"Harley-Davidson Sportster Forty-Eight - Passion 4 Travel","robots":{"index":"index","follow":"follow","max-snippet":"max-snippet:-1","max-image-preview":"max-image-preview:large","max-video-preview":"max-video-preview:-1"},"canonical":"https:\/\/passion4travel.it\/de\/element\/vermietung\/motorraeder\/harley-davidson-sportster-forty-eight\/","og_locale":"de_DE","og_type":"article","og_title":"Harley-Davidson Sportster Forty-Eight - Passion 4 Travel","og_description":"Ein markantes Styling mit imposanten Reifen und dem legend\u00e4ren Peanut-Tank. Hergestellt mit dem traditionellen Bulldog-Look und 1200 ccm Drehmoment in der Kurve. Der legend\u00e4re V-Twin-Motor, bekannt f\u00fcr sein robustes Drehmoment...","og_url":"https:\/\/passion4travel.it\/de\/element\/vermietung\/motorraeder\/harley-davidson-sportster-forty-eight\/","og_site_name":"Passion 4 Travel","article_modified_time":"2024-04-12T13:00:40+00:00","og_image":[{"width":1000,"height":600,"url":"https:\/\/passion4travel.it\/wp-content\/uploads\/2024\/04\/passion4travel_noleggio_moto_harley_davidson_sportster_forty_eight_1.jpg","type":"image\/jpeg"}],"twitter_card":"summary_large_image","twitter_misc":{"Gesch\u00e4tzte Lesezeit":"2\u00a0Minuten"},"schema":{"@context":"https:\/\/schema.org","@graph":[{"@type":"WebPage","@id":"https:\/\/passion4travel.it\/de\/element\/vermietung\/motorraeder\/harley-davidson-sportster-forty-eight\/","url":"https:\/\/passion4travel.it\/de\/element\/vermietung\/motorraeder\/harley-davidson-sportster-forty-eight\/","name":"Harley-Davidson Sportster Forty-Eight - Passion 4 Travel","isPartOf":{"@id":"https:\/\/passion4travel.it\/de\/#website"},"primaryImageOfPage":{"@id":"https:\/\/passion4travel.it\/de\/element\/vermietung\/motorraeder\/harley-davidson-sportster-forty-eight\/#primaryimage"},"image":{"@id":"https:\/\/passion4travel.it\/de\/element\/vermietung\/motorraeder\/harley-davidson-sportster-forty-eight\/#primaryimage"},"thumbnailUrl":"https:\/\/passion4travel.it\/wp-content\/uploads\/2024\/04\/passion4travel_noleggio_moto_harley_davidson_sportster_forty_eight_1.jpg","datePublished":"2024-04-11T07:33:38+00:00","dateModified":"2024-04-12T13:00:40+00:00","breadcrumb":{"@id":"https:\/\/passion4travel.it\/de\/element\/vermietung\/motorraeder\/harley-davidson-sportster-forty-eight\/#breadcrumb"},"inLanguage":"de","potentialAction":[{"@type":"ReadAction","target":["https:\/\/passion4travel.it\/de\/element\/vermietung\/motorraeder\/harley-davidson-sportster-forty-eight\/"]}]},{"@type":"ImageObject","inLanguage":"de","@id":"https:\/\/passion4travel.it\/de\/element\/vermietung\/motorraeder\/harley-davidson-sportster-forty-eight\/#primaryimage","url":"https:\/\/passion4travel.it\/wp-content\/uploads\/2024\/04\/passion4travel_noleggio_moto_harley_davidson_sportster_forty_eight_1.jpg","contentUrl":"https:\/\/passion4travel.it\/wp-content\/uploads\/2024\/04\/passion4travel_noleggio_moto_harley_davidson_sportster_forty_eight_1.jpg","width":1000,"height":600},{"@type":"BreadcrumbList","@id":"https:\/\/passion4travel.it\/de\/element\/vermietung\/motorraeder\/harley-davidson-sportster-forty-eight\/#breadcrumb","itemListElement":[{"@type":"ListItem","position":1,"name":"Home","item":"https:\/\/passion4travel.it\/de\/"},{"@type":"ListItem","position":2,"name":"Produkte","item":"https:\/\/passion4travel.it\/de\/shop\/"},{"@type":"ListItem","position":3,"name":"Harley-Davidson Sportster Forty-Eight"}]},{"@type":"WebSite","@id":"https:\/\/passion4travel.it\/de\/#website","url":"https:\/\/passion4travel.it\/de\/","name":"Passion 4 Travel","description":"Tour Operator con sede nelle Colline del Prosecco Conegliano Valdobbiadene che sviluppa e propone tour guidati e servizi turistici che soddisfano ogni passione.","potentialAction":[{"@type":"SearchAction","target":{"@type":"EntryPoint","urlTemplate":"https:\/\/passion4travel.it\/de\/?s={search_term_string}"},"query-input":{"@type":"PropertyValueSpecification","valueRequired":true,"valueName":"search_term_string"}}],"inLanguage":"de"}]}},"_links":{"self":[{"href":"https:\/\/passion4travel.it\/de\/wp-json\/wp\/v2\/product\/7514","targetHints":{"allow":["GET"]}}],"collection":[{"href":"https:\/\/passion4travel.it\/de\/wp-json\/wp\/v2\/product"}],"about":[{"href":"https:\/\/passion4travel.it\/de\/wp-json\/wp\/v2\/types\/product"}],"wp:featuredmedia":[{"embeddable":true,"href":"https:\/\/passion4travel.it\/de\/wp-json\/wp\/v2\/media\/7199"}],"wp:attachment":[{"href":"https:\/\/passion4travel.it\/de\/wp-json\/wp\/v2\/media?parent=7514"}],"wp:term":[{"taxonomy":"product_brand","embeddable":true,"href":"https:\/\/passion4travel.it\/de\/wp-json\/wp\/v2\/product_brand?post=7514"},{"taxonomy":"product_cat","embeddable":true,"href":"https:\/\/passion4travel.it\/de\/wp-json\/wp\/v2\/product_cat?post=7514"},{"taxonomy":"product_tag","embeddable":true,"href":"https:\/\/passion4travel.it\/de\/wp-json\/wp\/v2\/product_tag?post=7514"}],"curies":[{"name":"wp","href":"https:\/\/api.w.org\/{rel}","templated":true}]}}