{"id":7517,"date":"2024-04-08T20:33:29","date_gmt":"2024-04-08T18:33:29","guid":{"rendered":"https:\/\/www.passion4travel.it\/elemento\/unkategorisiert\/suzuki-v-strom-800de\/"},"modified":"2024-04-12T15:00:16","modified_gmt":"2024-04-12T13:00:16","slug":"suzuki-v-strom-800de","status":"publish","type":"product","link":"https:\/\/passion4travel.it\/de\/element\/vermietung\/motorraeder\/suzuki-v-strom-800de\/","title":{"rendered":"Suzuki V-STROM 800DE"},"content":{"rendered":"<p>Die V-STROM 800DE vermittelt ein einzigartiges Abenteuergef\u00fchl und Fahrvergn\u00fcgen zu jeder Zeit. Egal, ob Sie zur Arbeit fahren oder Besorgungen machen. Ob Sie eine Tagestour auf kurvenreichen Bergstra\u00dfen oder auf der Autobahn unternehmen m\u00f6chten, oder ob Sie eine lange Reise antreten, campieren und eine nat\u00fcrliche Landschaft erkunden m\u00f6chten. Unabh\u00e4ngig vom Ziel kann die Vielseitigkeit der V-STROM 800DE jede Anforderung erf\u00fcllen und ein angenehmes und aufregendes Fahrerlebnis bieten.<\/p>\n<p>Die V-STROM 800DE wird von dem neuen 776-cm\u00b3-Zweizylinder-Reihenmotor von Suzuki angetrieben. Er zeichnet sich durch eine Super-Quad-Konfiguration aus, die ein ausgezeichnetes Leistungsgleichgewicht bei jeder Drehzahl bietet, sowohl im Stadtverkehr als auch auf Langstreckenreisen. Der Motor reagiert auch bei extrem niedrigen Geschwindigkeiten prompt und flie\u00dfend, was die V-STROM 800DE auf unbefestigten Stra\u00dfen und Offroad-Strecken leicht beherrschbar macht, wenn Sie \u00fcber den Asphalt hinausgehen m\u00f6chten.<\/p>\n","protected":false},"excerpt":{"rendered":"<p>Die V-STROM 800DE vermittelt ein einzigartiges Abenteuergef\u00fchl und Fahrvergn\u00fcgen zu jeder Zeit. Egal, ob Sie zur Arbeit fahren oder Besorgungen machen. Ob Sie eine Tagestour auf kurvenreichen Bergstra\u00dfen oder auf&#8230;<\/p>\n","protected":false},"featured_media":7193,"template":"","meta":[],"product_brand":[],"product_cat":[70],"product_tag":[],"class_list":{"0":"post-7517","1":"product","2":"type-product","3":"status-publish","4":"has-post-thumbnail","6":"product_cat-motorraeder","8":"first","9":"instock","10":"virtual","11":"sold-individually","12":"purchasable","13":"product-type-simple"},"yoast_head":"<!-- This site is optimized with the Yoast SEO plugin v27.0 - https:\/\/yoast.com\/product\/yoast-seo-wordpress\/ -->\n<title>Suzuki V-STROM 800DE - Passion 4 Travel<\/title>\n<meta name=\"robots\" content=\"index, follow, max-snippet:-1, max-image-preview:large, max-video-preview:-1\" \/>\n<link rel=\"canonical\" href=\"https:\/\/passion4travel.it\/de\/element\/vermietung\/motorraeder\/suzuki-v-strom-800de\/\" \/>\n<meta property=\"og:locale\" content=\"de_DE\" \/>\n<meta property=\"og:type\" content=\"article\" \/>\n<meta property=\"og:title\" content=\"Suzuki V-STROM 800DE - Passion 4 Travel\" \/>\n<meta property=\"og:description\" content=\"Die V-STROM 800DE vermittelt ein einzigartiges Abenteuergef\u00fchl und Fahrvergn\u00fcgen zu jeder Zeit. Egal, ob Sie zur Arbeit fahren oder Besorgungen machen. Ob Sie eine Tagestour auf kurvenreichen Bergstra\u00dfen oder auf...\" \/>\n<meta property=\"og:url\" content=\"https:\/\/passion4travel.it\/de\/element\/vermietung\/motorraeder\/suzuki-v-strom-800de\/\" \/>\n<meta property=\"og:site_name\" content=\"Passion 4 Travel\" \/>\n<meta property=\"article:modified_time\" content=\"2024-04-12T13:00:16+00:00\" \/>\n<meta property=\"og:image\" content=\"https:\/\/passion4travel.it\/wp-content\/uploads\/2024\/04\/passion4travel_noleggio_moto_suzuki_v_strom_800de_1.jpg\" \/>\n\t<meta property=\"og:image:width\" content=\"1000\" \/>\n\t<meta property=\"og:image:height\" content=\"600\" \/>\n\t<meta property=\"og:image:type\" content=\"image\/jpeg\" \/>\n<meta name=\"twitter:card\" content=\"summary_large_image\" \/>\n<meta name=\"twitter:label1\" content=\"Gesch\u00e4tzte Lesezeit\" \/>\n\t<meta name=\"twitter:data1\" content=\"2\u00a0Minuten\" \/>\n<script type=\"application\/ld+json\" class=\"yoast-schema-graph\">{\"@context\":\"https:\/\/schema.org\",\"@graph\":[{\"@type\":\"WebPage\",\"@id\":\"https:\/\/passion4travel.it\/de\/element\/vermietung\/motorraeder\/suzuki-v-strom-800de\/\",\"url\":\"https:\/\/passion4travel.it\/de\/element\/vermietung\/motorraeder\/suzuki-v-strom-800de\/\",\"name\":\"Suzuki V-STROM 800DE - Passion 4 Travel\",\"isPartOf\":{\"@id\":\"https:\/\/passion4travel.it\/de\/#website\"},\"primaryImageOfPage\":{\"@id\":\"https:\/\/passion4travel.it\/de\/element\/vermietung\/motorraeder\/suzuki-v-strom-800de\/#primaryimage\"},\"image\":{\"@id\":\"https:\/\/passion4travel.it\/de\/element\/vermietung\/motorraeder\/suzuki-v-strom-800de\/#primaryimage\"},\"thumbnailUrl\":\"https:\/\/passion4travel.it\/wp-content\/uploads\/2024\/04\/passion4travel_noleggio_moto_suzuki_v_strom_800de_1.jpg\",\"datePublished\":\"2024-04-08T18:33:29+00:00\",\"dateModified\":\"2024-04-12T13:00:16+00:00\",\"breadcrumb\":{\"@id\":\"https:\/\/passion4travel.it\/de\/element\/vermietung\/motorraeder\/suzuki-v-strom-800de\/#breadcrumb\"},\"inLanguage\":\"de\",\"potentialAction\":[{\"@type\":\"ReadAction\",\"target\":[\"https:\/\/passion4travel.it\/de\/element\/vermietung\/motorraeder\/suzuki-v-strom-800de\/\"]}]},{\"@type\":\"ImageObject\",\"inLanguage\":\"de\",\"@id\":\"https:\/\/passion4travel.it\/de\/element\/vermietung\/motorraeder\/suzuki-v-strom-800de\/#primaryimage\",\"url\":\"https:\/\/passion4travel.it\/wp-content\/uploads\/2024\/04\/passion4travel_noleggio_moto_suzuki_v_strom_800de_1.jpg\",\"contentUrl\":\"https:\/\/passion4travel.it\/wp-content\/uploads\/2024\/04\/passion4travel_noleggio_moto_suzuki_v_strom_800de_1.jpg\",\"width\":1000,\"height\":600},{\"@type\":\"BreadcrumbList\",\"@id\":\"https:\/\/passion4travel.it\/de\/element\/vermietung\/motorraeder\/suzuki-v-strom-800de\/#breadcrumb\",\"itemListElement\":[{\"@type\":\"ListItem\",\"position\":1,\"name\":\"Home\",\"item\":\"https:\/\/passion4travel.it\/de\/\"},{\"@type\":\"ListItem\",\"position\":2,\"name\":\"Produkte\",\"item\":\"https:\/\/passion4travel.it\/de\/shop\/\"},{\"@type\":\"ListItem\",\"position\":3,\"name\":\"Suzuki V-STROM 800DE\"}]},{\"@type\":\"WebSite\",\"@id\":\"https:\/\/passion4travel.it\/de\/#website\",\"url\":\"https:\/\/passion4travel.it\/de\/\",\"name\":\"Passion 4 Travel\",\"description\":\"Tour Operator con sede nelle Colline del Prosecco Conegliano Valdobbiadene che sviluppa e propone tour guidati e servizi turistici che soddisfano ogni passione.\",\"potentialAction\":[{\"@type\":\"SearchAction\",\"target\":{\"@type\":\"EntryPoint\",\"urlTemplate\":\"https:\/\/passion4travel.it\/de\/?s={search_term_string}\"},\"query-input\":{\"@type\":\"PropertyValueSpecification\",\"valueRequired\":true,\"valueName\":\"search_term_string\"}}],\"inLanguage\":\"de\"}]}<\/script>\n<!-- \/ Yoast SEO plugin. -->","yoast_head_json":{"title":"Suzuki V-STROM 800DE - Passion 4 Travel","robots":{"index":"index","follow":"follow","max-snippet":"max-snippet:-1","max-image-preview":"max-image-preview:large","max-video-preview":"max-video-preview:-1"},"canonical":"https:\/\/passion4travel.it\/de\/element\/vermietung\/motorraeder\/suzuki-v-strom-800de\/","og_locale":"de_DE","og_type":"article","og_title":"Suzuki V-STROM 800DE - Passion 4 Travel","og_description":"Die V-STROM 800DE vermittelt ein einzigartiges Abenteuergef\u00fchl und Fahrvergn\u00fcgen zu jeder Zeit. Egal, ob Sie zur Arbeit fahren oder Besorgungen machen. Ob Sie eine Tagestour auf kurvenreichen Bergstra\u00dfen oder auf...","og_url":"https:\/\/passion4travel.it\/de\/element\/vermietung\/motorraeder\/suzuki-v-strom-800de\/","og_site_name":"Passion 4 Travel","article_modified_time":"2024-04-12T13:00:16+00:00","og_image":[{"width":1000,"height":600,"url":"https:\/\/passion4travel.it\/wp-content\/uploads\/2024\/04\/passion4travel_noleggio_moto_suzuki_v_strom_800de_1.jpg","type":"image\/jpeg"}],"twitter_card":"summary_large_image","twitter_misc":{"Gesch\u00e4tzte Lesezeit":"2\u00a0Minuten"},"schema":{"@context":"https:\/\/schema.org","@graph":[{"@type":"WebPage","@id":"https:\/\/passion4travel.it\/de\/element\/vermietung\/motorraeder\/suzuki-v-strom-800de\/","url":"https:\/\/passion4travel.it\/de\/element\/vermietung\/motorraeder\/suzuki-v-strom-800de\/","name":"Suzuki V-STROM 800DE - Passion 4 Travel","isPartOf":{"@id":"https:\/\/passion4travel.it\/de\/#website"},"primaryImageOfPage":{"@id":"https:\/\/passion4travel.it\/de\/element\/vermietung\/motorraeder\/suzuki-v-strom-800de\/#primaryimage"},"image":{"@id":"https:\/\/passion4travel.it\/de\/element\/vermietung\/motorraeder\/suzuki-v-strom-800de\/#primaryimage"},"thumbnailUrl":"https:\/\/passion4travel.it\/wp-content\/uploads\/2024\/04\/passion4travel_noleggio_moto_suzuki_v_strom_800de_1.jpg","datePublished":"2024-04-08T18:33:29+00:00","dateModified":"2024-04-12T13:00:16+00:00","breadcrumb":{"@id":"https:\/\/passion4travel.it\/de\/element\/vermietung\/motorraeder\/suzuki-v-strom-800de\/#breadcrumb"},"inLanguage":"de","potentialAction":[{"@type":"ReadAction","target":["https:\/\/passion4travel.it\/de\/element\/vermietung\/motorraeder\/suzuki-v-strom-800de\/"]}]},{"@type":"ImageObject","inLanguage":"de","@id":"https:\/\/passion4travel.it\/de\/element\/vermietung\/motorraeder\/suzuki-v-strom-800de\/#primaryimage","url":"https:\/\/passion4travel.it\/wp-content\/uploads\/2024\/04\/passion4travel_noleggio_moto_suzuki_v_strom_800de_1.jpg","contentUrl":"https:\/\/passion4travel.it\/wp-content\/uploads\/2024\/04\/passion4travel_noleggio_moto_suzuki_v_strom_800de_1.jpg","width":1000,"height":600},{"@type":"BreadcrumbList","@id":"https:\/\/passion4travel.it\/de\/element\/vermietung\/motorraeder\/suzuki-v-strom-800de\/#breadcrumb","itemListElement":[{"@type":"ListItem","position":1,"name":"Home","item":"https:\/\/passion4travel.it\/de\/"},{"@type":"ListItem","position":2,"name":"Produkte","item":"https:\/\/passion4travel.it\/de\/shop\/"},{"@type":"ListItem","position":3,"name":"Suzuki V-STROM 800DE"}]},{"@type":"WebSite","@id":"https:\/\/passion4travel.it\/de\/#website","url":"https:\/\/passion4travel.it\/de\/","name":"Passion 4 Travel","description":"Tour Operator con sede nelle Colline del Prosecco Conegliano Valdobbiadene che sviluppa e propone tour guidati e servizi turistici che soddisfano ogni passione.","potentialAction":[{"@type":"SearchAction","target":{"@type":"EntryPoint","urlTemplate":"https:\/\/passion4travel.it\/de\/?s={search_term_string}"},"query-input":{"@type":"PropertyValueSpecification","valueRequired":true,"valueName":"search_term_string"}}],"inLanguage":"de"}]}},"_links":{"self":[{"href":"https:\/\/passion4travel.it\/de\/wp-json\/wp\/v2\/product\/7517","targetHints":{"allow":["GET"]}}],"collection":[{"href":"https:\/\/passion4travel.it\/de\/wp-json\/wp\/v2\/product"}],"about":[{"href":"https:\/\/passion4travel.it\/de\/wp-json\/wp\/v2\/types\/product"}],"wp:featuredmedia":[{"embeddable":true,"href":"https:\/\/passion4travel.it\/de\/wp-json\/wp\/v2\/media\/7193"}],"wp:attachment":[{"href":"https:\/\/passion4travel.it\/de\/wp-json\/wp\/v2\/media?parent=7517"}],"wp:term":[{"taxonomy":"product_brand","embeddable":true,"href":"https:\/\/passion4travel.it\/de\/wp-json\/wp\/v2\/product_brand?post=7517"},{"taxonomy":"product_cat","embeddable":true,"href":"https:\/\/passion4travel.it\/de\/wp-json\/wp\/v2\/product_cat?post=7517"},{"taxonomy":"product_tag","embeddable":true,"href":"https:\/\/passion4travel.it\/de\/wp-json\/wp\/v2\/product_tag?post=7517"}],"curies":[{"name":"wp","href":"https:\/\/api.w.org\/{rel}","templated":true}]}}