{"id":7520,"date":"2024-04-08T20:32:32","date_gmt":"2024-04-08T18:32:32","guid":{"rendered":"https:\/\/www.passion4travel.it\/elemento\/unkategorisiert\/suzuki-v-strom-800se\/"},"modified":"2024-04-12T14:59:55","modified_gmt":"2024-04-12T12:59:55","slug":"suzuki-v-strom-800se","status":"publish","type":"product","link":"https:\/\/passion4travel.it\/de\/element\/vermietung\/motorraeder\/suzuki-v-strom-800se\/","title":{"rendered":"Suzuki V-STROM 800SE"},"content":{"rendered":"<p>Die V-STROM 800SE vereint Leistung, Komfort und Handlichkeit auf optimale Weise, um sowohl lange Reisen als auch den t\u00e4glichen Gebrauch \u00e4u\u00dferst angenehm zu gestalten. Perfekt auf Autobahnen ebenso wie in st\u00e4dtischen Stra\u00dfen oder Nebenstra\u00dfen, bietet die V-STROM 800SE ein exzellentes Fahrerlebnis in jeder Situation.<\/p>\n<p>Der 776-cm\u00b3-Zweizylinder-Reihenmotor der V-STROM 800SE bietet eine perfekte Leistungsbalance bei jeder Drehzahl, um jeden Ausflug, sei es eine lange Reise mit Ausr\u00fcstung oder eine einfache Fahrt durch die Stadt, aufregend zu gestalten. Entworfen, um leistungsstark, effizient und vielseitig zu sein, verf\u00fcgt dieser Motor \u00fcber eine Kurbelwelle mit einem Hubzapfenversatz von 270 Grad, die ein kr\u00e4ftiges Drehmoment, eine gute Traktion und einen angenehmen Klang \u00e4hnlich dem eines V-Zweizylinders erm\u00f6glicht. Die Kompaktheit des Motors tr\u00e4gt zur optimalen Gewichtsverteilung und idealen Fahrwerksgeometrie bei. Gleichzeitig erm\u00f6glicht sie dem Fahrer eine fortschrittlichere und bequemere Fahrposition.<\/p>\n","protected":false},"excerpt":{"rendered":"<p>Die V-STROM 800SE vereint Leistung, Komfort und Handlichkeit auf optimale Weise, um sowohl lange Reisen als auch den t\u00e4glichen Gebrauch \u00e4u\u00dferst angenehm zu gestalten. Perfekt auf Autobahnen ebenso wie in&#8230;<\/p>\n","protected":false},"featured_media":7190,"template":"","meta":[],"product_brand":[],"product_cat":[70],"product_tag":[],"class_list":{"0":"post-7520","1":"product","2":"type-product","3":"status-publish","4":"has-post-thumbnail","6":"product_cat-motorraeder","8":"first","9":"instock","10":"virtual","11":"sold-individually","12":"purchasable","13":"product-type-simple"},"yoast_head":"<!-- This site is optimized with the Yoast SEO plugin v27.0 - https:\/\/yoast.com\/product\/yoast-seo-wordpress\/ -->\n<title>Suzuki V-STROM 800SE - Passion 4 Travel<\/title>\n<meta name=\"robots\" content=\"index, follow, max-snippet:-1, max-image-preview:large, max-video-preview:-1\" \/>\n<link rel=\"canonical\" href=\"https:\/\/passion4travel.it\/de\/element\/vermietung\/motorraeder\/suzuki-v-strom-800se\/\" \/>\n<meta property=\"og:locale\" content=\"de_DE\" \/>\n<meta property=\"og:type\" content=\"article\" \/>\n<meta property=\"og:title\" content=\"Suzuki V-STROM 800SE - Passion 4 Travel\" \/>\n<meta property=\"og:description\" content=\"Die V-STROM 800SE vereint Leistung, Komfort und Handlichkeit auf optimale Weise, um sowohl lange Reisen als auch den t\u00e4glichen Gebrauch \u00e4u\u00dferst angenehm zu gestalten. Perfekt auf Autobahnen ebenso wie in...\" \/>\n<meta property=\"og:url\" content=\"https:\/\/passion4travel.it\/de\/element\/vermietung\/motorraeder\/suzuki-v-strom-800se\/\" \/>\n<meta property=\"og:site_name\" content=\"Passion 4 Travel\" \/>\n<meta property=\"article:modified_time\" content=\"2024-04-12T12:59:55+00:00\" \/>\n<meta property=\"og:image\" content=\"https:\/\/passion4travel.it\/wp-content\/uploads\/2024\/04\/passion4travel_noleggio_moto_suzuki_v_strom_800se_1_ok.jpg\" \/>\n\t<meta property=\"og:image:width\" content=\"1000\" \/>\n\t<meta property=\"og:image:height\" content=\"600\" \/>\n\t<meta property=\"og:image:type\" content=\"image\/jpeg\" \/>\n<meta name=\"twitter:card\" content=\"summary_large_image\" \/>\n<meta name=\"twitter:label1\" content=\"Gesch\u00e4tzte Lesezeit\" \/>\n\t<meta name=\"twitter:data1\" content=\"2\u00a0Minuten\" \/>\n<script type=\"application\/ld+json\" class=\"yoast-schema-graph\">{\"@context\":\"https:\/\/schema.org\",\"@graph\":[{\"@type\":\"WebPage\",\"@id\":\"https:\/\/passion4travel.it\/de\/element\/vermietung\/motorraeder\/suzuki-v-strom-800se\/\",\"url\":\"https:\/\/passion4travel.it\/de\/element\/vermietung\/motorraeder\/suzuki-v-strom-800se\/\",\"name\":\"Suzuki V-STROM 800SE - Passion 4 Travel\",\"isPartOf\":{\"@id\":\"https:\/\/passion4travel.it\/de\/#website\"},\"primaryImageOfPage\":{\"@id\":\"https:\/\/passion4travel.it\/de\/element\/vermietung\/motorraeder\/suzuki-v-strom-800se\/#primaryimage\"},\"image\":{\"@id\":\"https:\/\/passion4travel.it\/de\/element\/vermietung\/motorraeder\/suzuki-v-strom-800se\/#primaryimage\"},\"thumbnailUrl\":\"https:\/\/passion4travel.it\/wp-content\/uploads\/2024\/04\/passion4travel_noleggio_moto_suzuki_v_strom_800se_1_ok.jpg\",\"datePublished\":\"2024-04-08T18:32:32+00:00\",\"dateModified\":\"2024-04-12T12:59:55+00:00\",\"breadcrumb\":{\"@id\":\"https:\/\/passion4travel.it\/de\/element\/vermietung\/motorraeder\/suzuki-v-strom-800se\/#breadcrumb\"},\"inLanguage\":\"de\",\"potentialAction\":[{\"@type\":\"ReadAction\",\"target\":[\"https:\/\/passion4travel.it\/de\/element\/vermietung\/motorraeder\/suzuki-v-strom-800se\/\"]}]},{\"@type\":\"ImageObject\",\"inLanguage\":\"de\",\"@id\":\"https:\/\/passion4travel.it\/de\/element\/vermietung\/motorraeder\/suzuki-v-strom-800se\/#primaryimage\",\"url\":\"https:\/\/passion4travel.it\/wp-content\/uploads\/2024\/04\/passion4travel_noleggio_moto_suzuki_v_strom_800se_1_ok.jpg\",\"contentUrl\":\"https:\/\/passion4travel.it\/wp-content\/uploads\/2024\/04\/passion4travel_noleggio_moto_suzuki_v_strom_800se_1_ok.jpg\",\"width\":1000,\"height\":600},{\"@type\":\"BreadcrumbList\",\"@id\":\"https:\/\/passion4travel.it\/de\/element\/vermietung\/motorraeder\/suzuki-v-strom-800se\/#breadcrumb\",\"itemListElement\":[{\"@type\":\"ListItem\",\"position\":1,\"name\":\"Home\",\"item\":\"https:\/\/passion4travel.it\/de\/\"},{\"@type\":\"ListItem\",\"position\":2,\"name\":\"Produkte\",\"item\":\"https:\/\/passion4travel.it\/de\/shop\/\"},{\"@type\":\"ListItem\",\"position\":3,\"name\":\"Suzuki V-STROM 800SE\"}]},{\"@type\":\"WebSite\",\"@id\":\"https:\/\/passion4travel.it\/de\/#website\",\"url\":\"https:\/\/passion4travel.it\/de\/\",\"name\":\"Passion 4 Travel\",\"description\":\"Tour Operator con sede nelle Colline del Prosecco Conegliano Valdobbiadene che sviluppa e propone tour guidati e servizi turistici che soddisfano ogni passione.\",\"potentialAction\":[{\"@type\":\"SearchAction\",\"target\":{\"@type\":\"EntryPoint\",\"urlTemplate\":\"https:\/\/passion4travel.it\/de\/?s={search_term_string}\"},\"query-input\":{\"@type\":\"PropertyValueSpecification\",\"valueRequired\":true,\"valueName\":\"search_term_string\"}}],\"inLanguage\":\"de\"}]}<\/script>\n<!-- \/ Yoast SEO plugin. -->","yoast_head_json":{"title":"Suzuki V-STROM 800SE - Passion 4 Travel","robots":{"index":"index","follow":"follow","max-snippet":"max-snippet:-1","max-image-preview":"max-image-preview:large","max-video-preview":"max-video-preview:-1"},"canonical":"https:\/\/passion4travel.it\/de\/element\/vermietung\/motorraeder\/suzuki-v-strom-800se\/","og_locale":"de_DE","og_type":"article","og_title":"Suzuki V-STROM 800SE - Passion 4 Travel","og_description":"Die V-STROM 800SE vereint Leistung, Komfort und Handlichkeit auf optimale Weise, um sowohl lange Reisen als auch den t\u00e4glichen Gebrauch \u00e4u\u00dferst angenehm zu gestalten. Perfekt auf Autobahnen ebenso wie in...","og_url":"https:\/\/passion4travel.it\/de\/element\/vermietung\/motorraeder\/suzuki-v-strom-800se\/","og_site_name":"Passion 4 Travel","article_modified_time":"2024-04-12T12:59:55+00:00","og_image":[{"width":1000,"height":600,"url":"https:\/\/passion4travel.it\/wp-content\/uploads\/2024\/04\/passion4travel_noleggio_moto_suzuki_v_strom_800se_1_ok.jpg","type":"image\/jpeg"}],"twitter_card":"summary_large_image","twitter_misc":{"Gesch\u00e4tzte Lesezeit":"2\u00a0Minuten"},"schema":{"@context":"https:\/\/schema.org","@graph":[{"@type":"WebPage","@id":"https:\/\/passion4travel.it\/de\/element\/vermietung\/motorraeder\/suzuki-v-strom-800se\/","url":"https:\/\/passion4travel.it\/de\/element\/vermietung\/motorraeder\/suzuki-v-strom-800se\/","name":"Suzuki V-STROM 800SE - Passion 4 Travel","isPartOf":{"@id":"https:\/\/passion4travel.it\/de\/#website"},"primaryImageOfPage":{"@id":"https:\/\/passion4travel.it\/de\/element\/vermietung\/motorraeder\/suzuki-v-strom-800se\/#primaryimage"},"image":{"@id":"https:\/\/passion4travel.it\/de\/element\/vermietung\/motorraeder\/suzuki-v-strom-800se\/#primaryimage"},"thumbnailUrl":"https:\/\/passion4travel.it\/wp-content\/uploads\/2024\/04\/passion4travel_noleggio_moto_suzuki_v_strom_800se_1_ok.jpg","datePublished":"2024-04-08T18:32:32+00:00","dateModified":"2024-04-12T12:59:55+00:00","breadcrumb":{"@id":"https:\/\/passion4travel.it\/de\/element\/vermietung\/motorraeder\/suzuki-v-strom-800se\/#breadcrumb"},"inLanguage":"de","potentialAction":[{"@type":"ReadAction","target":["https:\/\/passion4travel.it\/de\/element\/vermietung\/motorraeder\/suzuki-v-strom-800se\/"]}]},{"@type":"ImageObject","inLanguage":"de","@id":"https:\/\/passion4travel.it\/de\/element\/vermietung\/motorraeder\/suzuki-v-strom-800se\/#primaryimage","url":"https:\/\/passion4travel.it\/wp-content\/uploads\/2024\/04\/passion4travel_noleggio_moto_suzuki_v_strom_800se_1_ok.jpg","contentUrl":"https:\/\/passion4travel.it\/wp-content\/uploads\/2024\/04\/passion4travel_noleggio_moto_suzuki_v_strom_800se_1_ok.jpg","width":1000,"height":600},{"@type":"BreadcrumbList","@id":"https:\/\/passion4travel.it\/de\/element\/vermietung\/motorraeder\/suzuki-v-strom-800se\/#breadcrumb","itemListElement":[{"@type":"ListItem","position":1,"name":"Home","item":"https:\/\/passion4travel.it\/de\/"},{"@type":"ListItem","position":2,"name":"Produkte","item":"https:\/\/passion4travel.it\/de\/shop\/"},{"@type":"ListItem","position":3,"name":"Suzuki V-STROM 800SE"}]},{"@type":"WebSite","@id":"https:\/\/passion4travel.it\/de\/#website","url":"https:\/\/passion4travel.it\/de\/","name":"Passion 4 Travel","description":"Tour Operator con sede nelle Colline del Prosecco Conegliano Valdobbiadene che sviluppa e propone tour guidati e servizi turistici che soddisfano ogni passione.","potentialAction":[{"@type":"SearchAction","target":{"@type":"EntryPoint","urlTemplate":"https:\/\/passion4travel.it\/de\/?s={search_term_string}"},"query-input":{"@type":"PropertyValueSpecification","valueRequired":true,"valueName":"search_term_string"}}],"inLanguage":"de"}]}},"_links":{"self":[{"href":"https:\/\/passion4travel.it\/de\/wp-json\/wp\/v2\/product\/7520","targetHints":{"allow":["GET"]}}],"collection":[{"href":"https:\/\/passion4travel.it\/de\/wp-json\/wp\/v2\/product"}],"about":[{"href":"https:\/\/passion4travel.it\/de\/wp-json\/wp\/v2\/types\/product"}],"wp:featuredmedia":[{"embeddable":true,"href":"https:\/\/passion4travel.it\/de\/wp-json\/wp\/v2\/media\/7190"}],"wp:attachment":[{"href":"https:\/\/passion4travel.it\/de\/wp-json\/wp\/v2\/media?parent=7520"}],"wp:term":[{"taxonomy":"product_brand","embeddable":true,"href":"https:\/\/passion4travel.it\/de\/wp-json\/wp\/v2\/product_brand?post=7520"},{"taxonomy":"product_cat","embeddable":true,"href":"https:\/\/passion4travel.it\/de\/wp-json\/wp\/v2\/product_cat?post=7520"},{"taxonomy":"product_tag","embeddable":true,"href":"https:\/\/passion4travel.it\/de\/wp-json\/wp\/v2\/product_tag?post=7520"}],"curies":[{"name":"wp","href":"https:\/\/api.w.org\/{rel}","templated":true}]}}