{"id":7529,"date":"2024-04-08T19:25:31","date_gmt":"2024-04-08T17:25:31","guid":{"rendered":"https:\/\/www.passion4travel.it\/elemento\/unkategorisiert\/suzuki-gsx-8r\/"},"modified":"2024-04-12T14:58:34","modified_gmt":"2024-04-12T12:58:34","slug":"suzuki-gsx-8r","status":"publish","type":"product","link":"https:\/\/passion4travel.it\/de\/element\/vermietung\/motorraeder\/suzuki-gsx-8r\/","title":{"rendered":"Suzuki GSX-8R"},"content":{"rendered":"<p>Der Reiz des sportlichen und modernen Stils fesselt sofort die Aufmerksamkeit. Einmal im Sattel, erleben Sie das raffinierte Gleichgewicht zwischen Leistung, Wendigkeit und Reaktionsf\u00e4higkeit, das es Ihnen erm\u00f6glicht, die volle Kontrolle zu haben. Eine Fusion von Elementen f\u00fcr ein neues Fahrerlebnis, das \u00fcber rein sportliche oder Rennstrecken-Nutzung hinausgeht. Die GSX-8R ist dazu bestimmt, das Konzept der Sportlichkeit neu zu definieren und eine aufregende neue \u00c4ra zu schaffen.<\/p>\n<p>Vom scharfen Design der Verkleidungen und des vorderen Teils bis zum schlanken Profil des hinteren Abschnitts vermittelt das aggressive und sportliche Aussehen der GSX-8R sofort das volle Potenzial ihrer Leistung. Die Details des Motors und die Grafiken unterstreichen die fesselnde Linie weiter, machen sie unverwechselbar und \u00e4u\u00dferst charmant.<\/p>\n","protected":false},"excerpt":{"rendered":"<p>Der Reiz des sportlichen und modernen Stils fesselt sofort die Aufmerksamkeit. Einmal im Sattel, erleben Sie das raffinierte Gleichgewicht zwischen Leistung, Wendigkeit und Reaktionsf\u00e4higkeit, das es Ihnen erm\u00f6glicht, die volle&#8230;<\/p>\n","protected":false},"featured_media":7169,"template":"","meta":[],"product_brand":[],"product_cat":[70],"product_tag":[],"class_list":{"0":"post-7529","1":"product","2":"type-product","3":"status-publish","4":"has-post-thumbnail","6":"product_cat-motorraeder","8":"first","9":"instock","10":"virtual","11":"sold-individually","12":"purchasable","13":"product-type-simple"},"yoast_head":"<!-- This site is optimized with the Yoast SEO plugin v27.0 - https:\/\/yoast.com\/product\/yoast-seo-wordpress\/ -->\n<title>Suzuki GSX-8R - Passion 4 Travel<\/title>\n<meta name=\"robots\" content=\"index, follow, max-snippet:-1, max-image-preview:large, max-video-preview:-1\" \/>\n<link rel=\"canonical\" href=\"https:\/\/passion4travel.it\/de\/element\/vermietung\/motorraeder\/suzuki-gsx-8r\/\" \/>\n<meta property=\"og:locale\" content=\"de_DE\" \/>\n<meta property=\"og:type\" content=\"article\" \/>\n<meta property=\"og:title\" content=\"Suzuki GSX-8R - Passion 4 Travel\" \/>\n<meta property=\"og:description\" content=\"Der Reiz des sportlichen und modernen Stils fesselt sofort die Aufmerksamkeit. Einmal im Sattel, erleben Sie das raffinierte Gleichgewicht zwischen Leistung, Wendigkeit und Reaktionsf\u00e4higkeit, das es Ihnen erm\u00f6glicht, die volle...\" \/>\n<meta property=\"og:url\" content=\"https:\/\/passion4travel.it\/de\/element\/vermietung\/motorraeder\/suzuki-gsx-8r\/\" \/>\n<meta property=\"og:site_name\" content=\"Passion 4 Travel\" \/>\n<meta property=\"article:modified_time\" content=\"2024-04-12T12:58:34+00:00\" \/>\n<meta property=\"og:image\" content=\"https:\/\/passion4travel.it\/wp-content\/uploads\/2024\/04\/passion4travel_noleggio_moto_suzuki_gsx_8r_1.jpg\" \/>\n\t<meta property=\"og:image:width\" content=\"1000\" \/>\n\t<meta property=\"og:image:height\" content=\"600\" \/>\n\t<meta property=\"og:image:type\" content=\"image\/jpeg\" \/>\n<meta name=\"twitter:card\" content=\"summary_large_image\" \/>\n<meta name=\"twitter:label1\" content=\"Gesch\u00e4tzte Lesezeit\" \/>\n\t<meta name=\"twitter:data1\" content=\"1\u00a0Minute\" \/>\n<script type=\"application\/ld+json\" class=\"yoast-schema-graph\">{\"@context\":\"https:\/\/schema.org\",\"@graph\":[{\"@type\":\"WebPage\",\"@id\":\"https:\/\/passion4travel.it\/de\/element\/vermietung\/motorraeder\/suzuki-gsx-8r\/\",\"url\":\"https:\/\/passion4travel.it\/de\/element\/vermietung\/motorraeder\/suzuki-gsx-8r\/\",\"name\":\"Suzuki GSX-8R - Passion 4 Travel\",\"isPartOf\":{\"@id\":\"https:\/\/passion4travel.it\/de\/#website\"},\"primaryImageOfPage\":{\"@id\":\"https:\/\/passion4travel.it\/de\/element\/vermietung\/motorraeder\/suzuki-gsx-8r\/#primaryimage\"},\"image\":{\"@id\":\"https:\/\/passion4travel.it\/de\/element\/vermietung\/motorraeder\/suzuki-gsx-8r\/#primaryimage\"},\"thumbnailUrl\":\"https:\/\/passion4travel.it\/wp-content\/uploads\/2024\/04\/passion4travel_noleggio_moto_suzuki_gsx_8r_1.jpg\",\"datePublished\":\"2024-04-08T17:25:31+00:00\",\"dateModified\":\"2024-04-12T12:58:34+00:00\",\"breadcrumb\":{\"@id\":\"https:\/\/passion4travel.it\/de\/element\/vermietung\/motorraeder\/suzuki-gsx-8r\/#breadcrumb\"},\"inLanguage\":\"de\",\"potentialAction\":[{\"@type\":\"ReadAction\",\"target\":[\"https:\/\/passion4travel.it\/de\/element\/vermietung\/motorraeder\/suzuki-gsx-8r\/\"]}]},{\"@type\":\"ImageObject\",\"inLanguage\":\"de\",\"@id\":\"https:\/\/passion4travel.it\/de\/element\/vermietung\/motorraeder\/suzuki-gsx-8r\/#primaryimage\",\"url\":\"https:\/\/passion4travel.it\/wp-content\/uploads\/2024\/04\/passion4travel_noleggio_moto_suzuki_gsx_8r_1.jpg\",\"contentUrl\":\"https:\/\/passion4travel.it\/wp-content\/uploads\/2024\/04\/passion4travel_noleggio_moto_suzuki_gsx_8r_1.jpg\",\"width\":1000,\"height\":600},{\"@type\":\"BreadcrumbList\",\"@id\":\"https:\/\/passion4travel.it\/de\/element\/vermietung\/motorraeder\/suzuki-gsx-8r\/#breadcrumb\",\"itemListElement\":[{\"@type\":\"ListItem\",\"position\":1,\"name\":\"Home\",\"item\":\"https:\/\/passion4travel.it\/de\/\"},{\"@type\":\"ListItem\",\"position\":2,\"name\":\"Produkte\",\"item\":\"https:\/\/passion4travel.it\/de\/shop\/\"},{\"@type\":\"ListItem\",\"position\":3,\"name\":\"Suzuki GSX-8R\"}]},{\"@type\":\"WebSite\",\"@id\":\"https:\/\/passion4travel.it\/de\/#website\",\"url\":\"https:\/\/passion4travel.it\/de\/\",\"name\":\"Passion 4 Travel\",\"description\":\"Tour Operator con sede nelle Colline del Prosecco Conegliano Valdobbiadene che sviluppa e propone tour guidati e servizi turistici che soddisfano ogni passione.\",\"potentialAction\":[{\"@type\":\"SearchAction\",\"target\":{\"@type\":\"EntryPoint\",\"urlTemplate\":\"https:\/\/passion4travel.it\/de\/?s={search_term_string}\"},\"query-input\":{\"@type\":\"PropertyValueSpecification\",\"valueRequired\":true,\"valueName\":\"search_term_string\"}}],\"inLanguage\":\"de\"}]}<\/script>\n<!-- \/ Yoast SEO plugin. -->","yoast_head_json":{"title":"Suzuki GSX-8R - Passion 4 Travel","robots":{"index":"index","follow":"follow","max-snippet":"max-snippet:-1","max-image-preview":"max-image-preview:large","max-video-preview":"max-video-preview:-1"},"canonical":"https:\/\/passion4travel.it\/de\/element\/vermietung\/motorraeder\/suzuki-gsx-8r\/","og_locale":"de_DE","og_type":"article","og_title":"Suzuki GSX-8R - Passion 4 Travel","og_description":"Der Reiz des sportlichen und modernen Stils fesselt sofort die Aufmerksamkeit. Einmal im Sattel, erleben Sie das raffinierte Gleichgewicht zwischen Leistung, Wendigkeit und Reaktionsf\u00e4higkeit, das es Ihnen erm\u00f6glicht, die volle...","og_url":"https:\/\/passion4travel.it\/de\/element\/vermietung\/motorraeder\/suzuki-gsx-8r\/","og_site_name":"Passion 4 Travel","article_modified_time":"2024-04-12T12:58:34+00:00","og_image":[{"width":1000,"height":600,"url":"https:\/\/passion4travel.it\/wp-content\/uploads\/2024\/04\/passion4travel_noleggio_moto_suzuki_gsx_8r_1.jpg","type":"image\/jpeg"}],"twitter_card":"summary_large_image","twitter_misc":{"Gesch\u00e4tzte Lesezeit":"1\u00a0Minute"},"schema":{"@context":"https:\/\/schema.org","@graph":[{"@type":"WebPage","@id":"https:\/\/passion4travel.it\/de\/element\/vermietung\/motorraeder\/suzuki-gsx-8r\/","url":"https:\/\/passion4travel.it\/de\/element\/vermietung\/motorraeder\/suzuki-gsx-8r\/","name":"Suzuki GSX-8R - Passion 4 Travel","isPartOf":{"@id":"https:\/\/passion4travel.it\/de\/#website"},"primaryImageOfPage":{"@id":"https:\/\/passion4travel.it\/de\/element\/vermietung\/motorraeder\/suzuki-gsx-8r\/#primaryimage"},"image":{"@id":"https:\/\/passion4travel.it\/de\/element\/vermietung\/motorraeder\/suzuki-gsx-8r\/#primaryimage"},"thumbnailUrl":"https:\/\/passion4travel.it\/wp-content\/uploads\/2024\/04\/passion4travel_noleggio_moto_suzuki_gsx_8r_1.jpg","datePublished":"2024-04-08T17:25:31+00:00","dateModified":"2024-04-12T12:58:34+00:00","breadcrumb":{"@id":"https:\/\/passion4travel.it\/de\/element\/vermietung\/motorraeder\/suzuki-gsx-8r\/#breadcrumb"},"inLanguage":"de","potentialAction":[{"@type":"ReadAction","target":["https:\/\/passion4travel.it\/de\/element\/vermietung\/motorraeder\/suzuki-gsx-8r\/"]}]},{"@type":"ImageObject","inLanguage":"de","@id":"https:\/\/passion4travel.it\/de\/element\/vermietung\/motorraeder\/suzuki-gsx-8r\/#primaryimage","url":"https:\/\/passion4travel.it\/wp-content\/uploads\/2024\/04\/passion4travel_noleggio_moto_suzuki_gsx_8r_1.jpg","contentUrl":"https:\/\/passion4travel.it\/wp-content\/uploads\/2024\/04\/passion4travel_noleggio_moto_suzuki_gsx_8r_1.jpg","width":1000,"height":600},{"@type":"BreadcrumbList","@id":"https:\/\/passion4travel.it\/de\/element\/vermietung\/motorraeder\/suzuki-gsx-8r\/#breadcrumb","itemListElement":[{"@type":"ListItem","position":1,"name":"Home","item":"https:\/\/passion4travel.it\/de\/"},{"@type":"ListItem","position":2,"name":"Produkte","item":"https:\/\/passion4travel.it\/de\/shop\/"},{"@type":"ListItem","position":3,"name":"Suzuki GSX-8R"}]},{"@type":"WebSite","@id":"https:\/\/passion4travel.it\/de\/#website","url":"https:\/\/passion4travel.it\/de\/","name":"Passion 4 Travel","description":"Tour Operator con sede nelle Colline del Prosecco Conegliano Valdobbiadene che sviluppa e propone tour guidati e servizi turistici che soddisfano ogni passione.","potentialAction":[{"@type":"SearchAction","target":{"@type":"EntryPoint","urlTemplate":"https:\/\/passion4travel.it\/de\/?s={search_term_string}"},"query-input":{"@type":"PropertyValueSpecification","valueRequired":true,"valueName":"search_term_string"}}],"inLanguage":"de"}]}},"_links":{"self":[{"href":"https:\/\/passion4travel.it\/de\/wp-json\/wp\/v2\/product\/7529","targetHints":{"allow":["GET"]}}],"collection":[{"href":"https:\/\/passion4travel.it\/de\/wp-json\/wp\/v2\/product"}],"about":[{"href":"https:\/\/passion4travel.it\/de\/wp-json\/wp\/v2\/types\/product"}],"wp:featuredmedia":[{"embeddable":true,"href":"https:\/\/passion4travel.it\/de\/wp-json\/wp\/v2\/media\/7169"}],"wp:attachment":[{"href":"https:\/\/passion4travel.it\/de\/wp-json\/wp\/v2\/media?parent=7529"}],"wp:term":[{"taxonomy":"product_brand","embeddable":true,"href":"https:\/\/passion4travel.it\/de\/wp-json\/wp\/v2\/product_brand?post=7529"},{"taxonomy":"product_cat","embeddable":true,"href":"https:\/\/passion4travel.it\/de\/wp-json\/wp\/v2\/product_cat?post=7529"},{"taxonomy":"product_tag","embeddable":true,"href":"https:\/\/passion4travel.it\/de\/wp-json\/wp\/v2\/product_tag?post=7529"}],"curies":[{"name":"wp","href":"https:\/\/api.w.org\/{rel}","templated":true}]}}