{"id":7579,"date":"2024-04-08T17:00:26","date_gmt":"2024-04-08T15:00:26","guid":{"rendered":"https:\/\/www.passion4travel.it\/elemento\/unkategorisiert\/olympia-ex-900-sport\/"},"modified":"2024-04-12T15:40:05","modified_gmt":"2024-04-12T13:40:05","slug":"olympia-ex-900-sport","status":"publish","type":"product","link":"https:\/\/passion4travel.it\/de\/element\/vermietung\/elektrofahrrader\/olympia-ex-900-sport\/","title":{"rendered":"Olympia EX 900 Sport"},"content":{"rendered":"<p>Das vollgefederte EX 900 TRAIL verwendet den kompakten Ananda M81 Motor mit 100 Nm Drehmoment und f\u00fcnf Unterst\u00fctzungsstufen. Der Motor wurde von Olympia eingestellt, um eine optimale Leistung entsprechend den strukturellen Eigenschaften des Fahrrads zu gew\u00e4hrleisten.<\/p>\n<p>Die Stromversorgung erfolgt durch den &#8220;Superbatterie&#8221; PowerNine 900 mit gro\u00dfer Reichweite. Der hydrogeformte Aluminiumrahmen 6061 wurde gem\u00e4\u00df den Standards der &#8220;Electric Fit Geometry&#8221; entworfen. Das Federungssystem ist so konzipiert, dass es sich an verschiedene Arten von Strecken und Fahrstilen anpassen kann. Der Mitteld\u00e4mpfer und die Gabel haben jeweils einen Federweg von 140 mm und 150 mm.<\/p>\n<p>Die Rahmengr\u00f6\u00dfen wurden entwickelt, um die Leistung mit 29-Zoll-R\u00e4dern zu maximieren.<\/p>\n","protected":false},"excerpt":{"rendered":"<p>Das vollgefederte EX 900 TRAIL verwendet den kompakten Ananda M81 Motor mit 100 Nm Drehmoment und f\u00fcnf Unterst\u00fctzungsstufen. Der Motor wurde von Olympia eingestellt, um eine optimale Leistung entsprechend den&#8230;<\/p>\n","protected":false},"featured_media":7025,"template":"","meta":[],"product_brand":[],"product_cat":[80],"product_tag":[],"class_list":{"0":"post-7579","1":"product","2":"type-product","3":"status-publish","4":"has-post-thumbnail","6":"product_cat-elektrofahrrader","8":"first","9":"instock","10":"virtual","11":"sold-individually","12":"purchasable","13":"product-type-simple"},"yoast_head":"<!-- This site is optimized with the Yoast SEO plugin v27.0 - https:\/\/yoast.com\/product\/yoast-seo-wordpress\/ -->\n<title>Olympia EX 900 Sport - Passion 4 Travel<\/title>\n<meta name=\"robots\" content=\"index, follow, max-snippet:-1, max-image-preview:large, max-video-preview:-1\" \/>\n<link rel=\"canonical\" href=\"https:\/\/passion4travel.it\/de\/element\/vermietung\/elektrofahrrader\/olympia-ex-900-sport\/\" \/>\n<meta property=\"og:locale\" content=\"de_DE\" \/>\n<meta property=\"og:type\" content=\"article\" \/>\n<meta property=\"og:title\" content=\"Olympia EX 900 Sport - Passion 4 Travel\" \/>\n<meta property=\"og:description\" content=\"Das vollgefederte EX 900 TRAIL verwendet den kompakten Ananda M81 Motor mit 100 Nm Drehmoment und f\u00fcnf Unterst\u00fctzungsstufen. Der Motor wurde von Olympia eingestellt, um eine optimale Leistung entsprechend den...\" \/>\n<meta property=\"og:url\" content=\"https:\/\/passion4travel.it\/de\/element\/vermietung\/elektrofahrrader\/olympia-ex-900-sport\/\" \/>\n<meta property=\"og:site_name\" content=\"Passion 4 Travel\" \/>\n<meta property=\"article:modified_time\" content=\"2024-04-12T13:40:05+00:00\" \/>\n<meta property=\"og:image\" content=\"https:\/\/passion4travel.it\/wp-content\/uploads\/2024\/04\/passion4travel_noleggio_bici_elettriche_olympia_ex900_1.jpg\" \/>\n\t<meta property=\"og:image:width\" content=\"1000\" \/>\n\t<meta property=\"og:image:height\" content=\"600\" \/>\n\t<meta property=\"og:image:type\" content=\"image\/jpeg\" \/>\n<meta name=\"twitter:card\" content=\"summary_large_image\" \/>\n<meta name=\"twitter:label1\" content=\"Gesch\u00e4tzte Lesezeit\" \/>\n\t<meta name=\"twitter:data1\" content=\"1\u00a0Minute\" \/>\n<script type=\"application\/ld+json\" class=\"yoast-schema-graph\">{\"@context\":\"https:\/\/schema.org\",\"@graph\":[{\"@type\":\"WebPage\",\"@id\":\"https:\/\/passion4travel.it\/de\/element\/vermietung\/elektrofahrrader\/olympia-ex-900-sport\/\",\"url\":\"https:\/\/passion4travel.it\/de\/element\/vermietung\/elektrofahrrader\/olympia-ex-900-sport\/\",\"name\":\"Olympia EX 900 Sport - Passion 4 Travel\",\"isPartOf\":{\"@id\":\"https:\/\/passion4travel.it\/de\/#website\"},\"primaryImageOfPage\":{\"@id\":\"https:\/\/passion4travel.it\/de\/element\/vermietung\/elektrofahrrader\/olympia-ex-900-sport\/#primaryimage\"},\"image\":{\"@id\":\"https:\/\/passion4travel.it\/de\/element\/vermietung\/elektrofahrrader\/olympia-ex-900-sport\/#primaryimage\"},\"thumbnailUrl\":\"https:\/\/passion4travel.it\/wp-content\/uploads\/2024\/04\/passion4travel_noleggio_bici_elettriche_olympia_ex900_1.jpg\",\"datePublished\":\"2024-04-08T15:00:26+00:00\",\"dateModified\":\"2024-04-12T13:40:05+00:00\",\"breadcrumb\":{\"@id\":\"https:\/\/passion4travel.it\/de\/element\/vermietung\/elektrofahrrader\/olympia-ex-900-sport\/#breadcrumb\"},\"inLanguage\":\"de\",\"potentialAction\":[{\"@type\":\"ReadAction\",\"target\":[\"https:\/\/passion4travel.it\/de\/element\/vermietung\/elektrofahrrader\/olympia-ex-900-sport\/\"]}]},{\"@type\":\"ImageObject\",\"inLanguage\":\"de\",\"@id\":\"https:\/\/passion4travel.it\/de\/element\/vermietung\/elektrofahrrader\/olympia-ex-900-sport\/#primaryimage\",\"url\":\"https:\/\/passion4travel.it\/wp-content\/uploads\/2024\/04\/passion4travel_noleggio_bici_elettriche_olympia_ex900_1.jpg\",\"contentUrl\":\"https:\/\/passion4travel.it\/wp-content\/uploads\/2024\/04\/passion4travel_noleggio_bici_elettriche_olympia_ex900_1.jpg\",\"width\":1000,\"height\":600},{\"@type\":\"BreadcrumbList\",\"@id\":\"https:\/\/passion4travel.it\/de\/element\/vermietung\/elektrofahrrader\/olympia-ex-900-sport\/#breadcrumb\",\"itemListElement\":[{\"@type\":\"ListItem\",\"position\":1,\"name\":\"Home\",\"item\":\"https:\/\/passion4travel.it\/de\/\"},{\"@type\":\"ListItem\",\"position\":2,\"name\":\"Produkte\",\"item\":\"https:\/\/passion4travel.it\/de\/shop\/\"},{\"@type\":\"ListItem\",\"position\":3,\"name\":\"Olympia EX 900 Sport\"}]},{\"@type\":\"WebSite\",\"@id\":\"https:\/\/passion4travel.it\/de\/#website\",\"url\":\"https:\/\/passion4travel.it\/de\/\",\"name\":\"Passion 4 Travel\",\"description\":\"Tour Operator con sede nelle Colline del Prosecco Conegliano Valdobbiadene che sviluppa e propone tour guidati e servizi turistici che soddisfano ogni passione.\",\"potentialAction\":[{\"@type\":\"SearchAction\",\"target\":{\"@type\":\"EntryPoint\",\"urlTemplate\":\"https:\/\/passion4travel.it\/de\/?s={search_term_string}\"},\"query-input\":{\"@type\":\"PropertyValueSpecification\",\"valueRequired\":true,\"valueName\":\"search_term_string\"}}],\"inLanguage\":\"de\"}]}<\/script>\n<!-- \/ Yoast SEO plugin. -->","yoast_head_json":{"title":"Olympia EX 900 Sport - Passion 4 Travel","robots":{"index":"index","follow":"follow","max-snippet":"max-snippet:-1","max-image-preview":"max-image-preview:large","max-video-preview":"max-video-preview:-1"},"canonical":"https:\/\/passion4travel.it\/de\/element\/vermietung\/elektrofahrrader\/olympia-ex-900-sport\/","og_locale":"de_DE","og_type":"article","og_title":"Olympia EX 900 Sport - Passion 4 Travel","og_description":"Das vollgefederte EX 900 TRAIL verwendet den kompakten Ananda M81 Motor mit 100 Nm Drehmoment und f\u00fcnf Unterst\u00fctzungsstufen. Der Motor wurde von Olympia eingestellt, um eine optimale Leistung entsprechend den...","og_url":"https:\/\/passion4travel.it\/de\/element\/vermietung\/elektrofahrrader\/olympia-ex-900-sport\/","og_site_name":"Passion 4 Travel","article_modified_time":"2024-04-12T13:40:05+00:00","og_image":[{"width":1000,"height":600,"url":"https:\/\/passion4travel.it\/wp-content\/uploads\/2024\/04\/passion4travel_noleggio_bici_elettriche_olympia_ex900_1.jpg","type":"image\/jpeg"}],"twitter_card":"summary_large_image","twitter_misc":{"Gesch\u00e4tzte Lesezeit":"1\u00a0Minute"},"schema":{"@context":"https:\/\/schema.org","@graph":[{"@type":"WebPage","@id":"https:\/\/passion4travel.it\/de\/element\/vermietung\/elektrofahrrader\/olympia-ex-900-sport\/","url":"https:\/\/passion4travel.it\/de\/element\/vermietung\/elektrofahrrader\/olympia-ex-900-sport\/","name":"Olympia EX 900 Sport - Passion 4 Travel","isPartOf":{"@id":"https:\/\/passion4travel.it\/de\/#website"},"primaryImageOfPage":{"@id":"https:\/\/passion4travel.it\/de\/element\/vermietung\/elektrofahrrader\/olympia-ex-900-sport\/#primaryimage"},"image":{"@id":"https:\/\/passion4travel.it\/de\/element\/vermietung\/elektrofahrrader\/olympia-ex-900-sport\/#primaryimage"},"thumbnailUrl":"https:\/\/passion4travel.it\/wp-content\/uploads\/2024\/04\/passion4travel_noleggio_bici_elettriche_olympia_ex900_1.jpg","datePublished":"2024-04-08T15:00:26+00:00","dateModified":"2024-04-12T13:40:05+00:00","breadcrumb":{"@id":"https:\/\/passion4travel.it\/de\/element\/vermietung\/elektrofahrrader\/olympia-ex-900-sport\/#breadcrumb"},"inLanguage":"de","potentialAction":[{"@type":"ReadAction","target":["https:\/\/passion4travel.it\/de\/element\/vermietung\/elektrofahrrader\/olympia-ex-900-sport\/"]}]},{"@type":"ImageObject","inLanguage":"de","@id":"https:\/\/passion4travel.it\/de\/element\/vermietung\/elektrofahrrader\/olympia-ex-900-sport\/#primaryimage","url":"https:\/\/passion4travel.it\/wp-content\/uploads\/2024\/04\/passion4travel_noleggio_bici_elettriche_olympia_ex900_1.jpg","contentUrl":"https:\/\/passion4travel.it\/wp-content\/uploads\/2024\/04\/passion4travel_noleggio_bici_elettriche_olympia_ex900_1.jpg","width":1000,"height":600},{"@type":"BreadcrumbList","@id":"https:\/\/passion4travel.it\/de\/element\/vermietung\/elektrofahrrader\/olympia-ex-900-sport\/#breadcrumb","itemListElement":[{"@type":"ListItem","position":1,"name":"Home","item":"https:\/\/passion4travel.it\/de\/"},{"@type":"ListItem","position":2,"name":"Produkte","item":"https:\/\/passion4travel.it\/de\/shop\/"},{"@type":"ListItem","position":3,"name":"Olympia EX 900 Sport"}]},{"@type":"WebSite","@id":"https:\/\/passion4travel.it\/de\/#website","url":"https:\/\/passion4travel.it\/de\/","name":"Passion 4 Travel","description":"Tour Operator con sede nelle Colline del Prosecco Conegliano Valdobbiadene che sviluppa e propone tour guidati e servizi turistici che soddisfano ogni passione.","potentialAction":[{"@type":"SearchAction","target":{"@type":"EntryPoint","urlTemplate":"https:\/\/passion4travel.it\/de\/?s={search_term_string}"},"query-input":{"@type":"PropertyValueSpecification","valueRequired":true,"valueName":"search_term_string"}}],"inLanguage":"de"}]}},"_links":{"self":[{"href":"https:\/\/passion4travel.it\/de\/wp-json\/wp\/v2\/product\/7579","targetHints":{"allow":["GET"]}}],"collection":[{"href":"https:\/\/passion4travel.it\/de\/wp-json\/wp\/v2\/product"}],"about":[{"href":"https:\/\/passion4travel.it\/de\/wp-json\/wp\/v2\/types\/product"}],"wp:featuredmedia":[{"embeddable":true,"href":"https:\/\/passion4travel.it\/de\/wp-json\/wp\/v2\/media\/7025"}],"wp:attachment":[{"href":"https:\/\/passion4travel.it\/de\/wp-json\/wp\/v2\/media?parent=7579"}],"wp:term":[{"taxonomy":"product_brand","embeddable":true,"href":"https:\/\/passion4travel.it\/de\/wp-json\/wp\/v2\/product_brand?post=7579"},{"taxonomy":"product_cat","embeddable":true,"href":"https:\/\/passion4travel.it\/de\/wp-json\/wp\/v2\/product_cat?post=7579"},{"taxonomy":"product_tag","embeddable":true,"href":"https:\/\/passion4travel.it\/de\/wp-json\/wp\/v2\/product_tag?post=7579"}],"curies":[{"name":"wp","href":"https:\/\/api.w.org\/{rel}","templated":true}]}}