{"id":7581,"date":"2024-04-08T17:45:29","date_gmt":"2024-04-08T15:45:29","guid":{"rendered":"https:\/\/www.passion4travel.it\/elemento\/unkategorisiert\/piaggio-vespa-sprint-125-s\/"},"modified":"2024-04-12T15:40:25","modified_gmt":"2024-04-12T13:40:25","slug":"piaggio-vespa-sprint-125-s","status":"publish","type":"product","link":"https:\/\/passion4travel.it\/de\/element\/vermietung\/motorraeder\/piaggio-vespa-sprint-125-s\/","title":{"rendered":"Piaggio Vespa Sprint 125 S"},"content":{"rendered":"<p>Ein sportliches Pedigree verwandelt sich in ein umweltfreundliches Fahrzeug, das dank des innovativen 125 i-get Motors Elastizit\u00e4t, Spritzigkeit beim Beschleunigen und Fahrkomfort bietet.<\/p>\n<p>FAHREN MIT ERNEUERTER VITALIT\u00c4T<br \/>\nAls Erbe jener Generation sportlicher Vespas, die in den wilden Sechzigern die europ\u00e4ischen Stra\u00dfen mit einem agilen, wendigen und modernen &#8220;Small Body&#8221; erobert haben, erneuert die Vespa Sprint diese Berufung, indem sie Frische im Stil und sportlichen Charakter mit modernster Technologie kombiniert.<\/p>\n<p>W\u00c4HLEN SIE EINEN K\u00c4MPFERISCHEN LOOK<br \/>\nDie Vespa Sprint pr\u00e4sentiert sich mit einem kleinen und leichten, komfortablen und sch\u00fctzenden Stahlrahmen, der von einer sehr jugendlichen Linie gepr\u00e4gt ist und durch einen k\u00e4mpferischen rechteckigen Scheinwerfer gekennzeichnet ist. Sie f\u00e4llt durch die gro\u00dfen 12-Zoll-R\u00e4der mit spektakul\u00e4ren Aluminiumfelgen auf.<\/p>\n","protected":false},"excerpt":{"rendered":"<p>Ein sportliches Pedigree verwandelt sich in ein umweltfreundliches Fahrzeug, das dank des innovativen 125 i-get Motors Elastizit\u00e4t, Spritzigkeit beim Beschleunigen und Fahrkomfort bietet. FAHREN MIT ERNEUERTER VITALIT\u00c4T Als Erbe jener&#8230;<\/p>\n","protected":false},"featured_media":7046,"template":"","meta":[],"product_brand":[],"product_cat":[70],"product_tag":[],"class_list":{"0":"post-7581","1":"product","2":"type-product","3":"status-publish","4":"has-post-thumbnail","6":"product_cat-motorraeder","8":"first","9":"instock","10":"virtual","11":"sold-individually","12":"purchasable","13":"product-type-simple"},"yoast_head":"<!-- This site is optimized with the Yoast SEO plugin v27.0 - https:\/\/yoast.com\/product\/yoast-seo-wordpress\/ -->\n<title>Piaggio Vespa Sprint 125 S - Passion 4 Travel<\/title>\n<meta name=\"robots\" content=\"index, follow, max-snippet:-1, max-image-preview:large, max-video-preview:-1\" \/>\n<link rel=\"canonical\" href=\"https:\/\/passion4travel.it\/de\/element\/vermietung\/motorraeder\/piaggio-vespa-sprint-125-s\/\" \/>\n<meta property=\"og:locale\" content=\"de_DE\" \/>\n<meta property=\"og:type\" content=\"article\" \/>\n<meta property=\"og:title\" content=\"Piaggio Vespa Sprint 125 S - Passion 4 Travel\" \/>\n<meta property=\"og:description\" content=\"Ein sportliches Pedigree verwandelt sich in ein umweltfreundliches Fahrzeug, das dank des innovativen 125 i-get Motors Elastizit\u00e4t, Spritzigkeit beim Beschleunigen und Fahrkomfort bietet. FAHREN MIT ERNEUERTER VITALIT\u00c4T Als Erbe jener...\" \/>\n<meta property=\"og:url\" content=\"https:\/\/passion4travel.it\/de\/element\/vermietung\/motorraeder\/piaggio-vespa-sprint-125-s\/\" \/>\n<meta property=\"og:site_name\" content=\"Passion 4 Travel\" \/>\n<meta property=\"article:modified_time\" content=\"2024-04-12T13:40:25+00:00\" \/>\n<meta property=\"og:image\" content=\"https:\/\/passion4travel.it\/wp-content\/uploads\/2024\/04\/passion4travel_noleggio_moto_vespa_sprint_125_1.jpg\" \/>\n\t<meta property=\"og:image:width\" content=\"1000\" \/>\n\t<meta property=\"og:image:height\" content=\"600\" \/>\n\t<meta property=\"og:image:type\" content=\"image\/jpeg\" \/>\n<meta name=\"twitter:card\" content=\"summary_large_image\" \/>\n<meta name=\"twitter:label1\" content=\"Gesch\u00e4tzte Lesezeit\" \/>\n\t<meta name=\"twitter:data1\" content=\"1\u00a0Minute\" \/>\n<script type=\"application\/ld+json\" class=\"yoast-schema-graph\">{\"@context\":\"https:\/\/schema.org\",\"@graph\":[{\"@type\":\"WebPage\",\"@id\":\"https:\/\/passion4travel.it\/de\/element\/vermietung\/motorraeder\/piaggio-vespa-sprint-125-s\/\",\"url\":\"https:\/\/passion4travel.it\/de\/element\/vermietung\/motorraeder\/piaggio-vespa-sprint-125-s\/\",\"name\":\"Piaggio Vespa Sprint 125 S - Passion 4 Travel\",\"isPartOf\":{\"@id\":\"https:\/\/passion4travel.it\/de\/#website\"},\"primaryImageOfPage\":{\"@id\":\"https:\/\/passion4travel.it\/de\/element\/vermietung\/motorraeder\/piaggio-vespa-sprint-125-s\/#primaryimage\"},\"image\":{\"@id\":\"https:\/\/passion4travel.it\/de\/element\/vermietung\/motorraeder\/piaggio-vespa-sprint-125-s\/#primaryimage\"},\"thumbnailUrl\":\"https:\/\/passion4travel.it\/wp-content\/uploads\/2024\/04\/passion4travel_noleggio_moto_vespa_sprint_125_1.jpg\",\"datePublished\":\"2024-04-08T15:45:29+00:00\",\"dateModified\":\"2024-04-12T13:40:25+00:00\",\"breadcrumb\":{\"@id\":\"https:\/\/passion4travel.it\/de\/element\/vermietung\/motorraeder\/piaggio-vespa-sprint-125-s\/#breadcrumb\"},\"inLanguage\":\"de\",\"potentialAction\":[{\"@type\":\"ReadAction\",\"target\":[\"https:\/\/passion4travel.it\/de\/element\/vermietung\/motorraeder\/piaggio-vespa-sprint-125-s\/\"]}]},{\"@type\":\"ImageObject\",\"inLanguage\":\"de\",\"@id\":\"https:\/\/passion4travel.it\/de\/element\/vermietung\/motorraeder\/piaggio-vespa-sprint-125-s\/#primaryimage\",\"url\":\"https:\/\/passion4travel.it\/wp-content\/uploads\/2024\/04\/passion4travel_noleggio_moto_vespa_sprint_125_1.jpg\",\"contentUrl\":\"https:\/\/passion4travel.it\/wp-content\/uploads\/2024\/04\/passion4travel_noleggio_moto_vespa_sprint_125_1.jpg\",\"width\":1000,\"height\":600},{\"@type\":\"BreadcrumbList\",\"@id\":\"https:\/\/passion4travel.it\/de\/element\/vermietung\/motorraeder\/piaggio-vespa-sprint-125-s\/#breadcrumb\",\"itemListElement\":[{\"@type\":\"ListItem\",\"position\":1,\"name\":\"Home\",\"item\":\"https:\/\/passion4travel.it\/de\/\"},{\"@type\":\"ListItem\",\"position\":2,\"name\":\"Produkte\",\"item\":\"https:\/\/passion4travel.it\/de\/shop\/\"},{\"@type\":\"ListItem\",\"position\":3,\"name\":\"Piaggio Vespa Sprint 125 S\"}]},{\"@type\":\"WebSite\",\"@id\":\"https:\/\/passion4travel.it\/de\/#website\",\"url\":\"https:\/\/passion4travel.it\/de\/\",\"name\":\"Passion 4 Travel\",\"description\":\"Tour Operator con sede nelle Colline del Prosecco Conegliano Valdobbiadene che sviluppa e propone tour guidati e servizi turistici che soddisfano ogni passione.\",\"potentialAction\":[{\"@type\":\"SearchAction\",\"target\":{\"@type\":\"EntryPoint\",\"urlTemplate\":\"https:\/\/passion4travel.it\/de\/?s={search_term_string}\"},\"query-input\":{\"@type\":\"PropertyValueSpecification\",\"valueRequired\":true,\"valueName\":\"search_term_string\"}}],\"inLanguage\":\"de\"}]}<\/script>\n<!-- \/ Yoast SEO plugin. -->","yoast_head_json":{"title":"Piaggio Vespa Sprint 125 S - Passion 4 Travel","robots":{"index":"index","follow":"follow","max-snippet":"max-snippet:-1","max-image-preview":"max-image-preview:large","max-video-preview":"max-video-preview:-1"},"canonical":"https:\/\/passion4travel.it\/de\/element\/vermietung\/motorraeder\/piaggio-vespa-sprint-125-s\/","og_locale":"de_DE","og_type":"article","og_title":"Piaggio Vespa Sprint 125 S - Passion 4 Travel","og_description":"Ein sportliches Pedigree verwandelt sich in ein umweltfreundliches Fahrzeug, das dank des innovativen 125 i-get Motors Elastizit\u00e4t, Spritzigkeit beim Beschleunigen und Fahrkomfort bietet. FAHREN MIT ERNEUERTER VITALIT\u00c4T Als Erbe jener...","og_url":"https:\/\/passion4travel.it\/de\/element\/vermietung\/motorraeder\/piaggio-vespa-sprint-125-s\/","og_site_name":"Passion 4 Travel","article_modified_time":"2024-04-12T13:40:25+00:00","og_image":[{"width":1000,"height":600,"url":"https:\/\/passion4travel.it\/wp-content\/uploads\/2024\/04\/passion4travel_noleggio_moto_vespa_sprint_125_1.jpg","type":"image\/jpeg"}],"twitter_card":"summary_large_image","twitter_misc":{"Gesch\u00e4tzte Lesezeit":"1\u00a0Minute"},"schema":{"@context":"https:\/\/schema.org","@graph":[{"@type":"WebPage","@id":"https:\/\/passion4travel.it\/de\/element\/vermietung\/motorraeder\/piaggio-vespa-sprint-125-s\/","url":"https:\/\/passion4travel.it\/de\/element\/vermietung\/motorraeder\/piaggio-vespa-sprint-125-s\/","name":"Piaggio Vespa Sprint 125 S - Passion 4 Travel","isPartOf":{"@id":"https:\/\/passion4travel.it\/de\/#website"},"primaryImageOfPage":{"@id":"https:\/\/passion4travel.it\/de\/element\/vermietung\/motorraeder\/piaggio-vespa-sprint-125-s\/#primaryimage"},"image":{"@id":"https:\/\/passion4travel.it\/de\/element\/vermietung\/motorraeder\/piaggio-vespa-sprint-125-s\/#primaryimage"},"thumbnailUrl":"https:\/\/passion4travel.it\/wp-content\/uploads\/2024\/04\/passion4travel_noleggio_moto_vespa_sprint_125_1.jpg","datePublished":"2024-04-08T15:45:29+00:00","dateModified":"2024-04-12T13:40:25+00:00","breadcrumb":{"@id":"https:\/\/passion4travel.it\/de\/element\/vermietung\/motorraeder\/piaggio-vespa-sprint-125-s\/#breadcrumb"},"inLanguage":"de","potentialAction":[{"@type":"ReadAction","target":["https:\/\/passion4travel.it\/de\/element\/vermietung\/motorraeder\/piaggio-vespa-sprint-125-s\/"]}]},{"@type":"ImageObject","inLanguage":"de","@id":"https:\/\/passion4travel.it\/de\/element\/vermietung\/motorraeder\/piaggio-vespa-sprint-125-s\/#primaryimage","url":"https:\/\/passion4travel.it\/wp-content\/uploads\/2024\/04\/passion4travel_noleggio_moto_vespa_sprint_125_1.jpg","contentUrl":"https:\/\/passion4travel.it\/wp-content\/uploads\/2024\/04\/passion4travel_noleggio_moto_vespa_sprint_125_1.jpg","width":1000,"height":600},{"@type":"BreadcrumbList","@id":"https:\/\/passion4travel.it\/de\/element\/vermietung\/motorraeder\/piaggio-vespa-sprint-125-s\/#breadcrumb","itemListElement":[{"@type":"ListItem","position":1,"name":"Home","item":"https:\/\/passion4travel.it\/de\/"},{"@type":"ListItem","position":2,"name":"Produkte","item":"https:\/\/passion4travel.it\/de\/shop\/"},{"@type":"ListItem","position":3,"name":"Piaggio Vespa Sprint 125 S"}]},{"@type":"WebSite","@id":"https:\/\/passion4travel.it\/de\/#website","url":"https:\/\/passion4travel.it\/de\/","name":"Passion 4 Travel","description":"Tour Operator con sede nelle Colline del Prosecco Conegliano Valdobbiadene che sviluppa e propone tour guidati e servizi turistici che soddisfano ogni passione.","potentialAction":[{"@type":"SearchAction","target":{"@type":"EntryPoint","urlTemplate":"https:\/\/passion4travel.it\/de\/?s={search_term_string}"},"query-input":{"@type":"PropertyValueSpecification","valueRequired":true,"valueName":"search_term_string"}}],"inLanguage":"de"}]}},"_links":{"self":[{"href":"https:\/\/passion4travel.it\/de\/wp-json\/wp\/v2\/product\/7581","targetHints":{"allow":["GET"]}}],"collection":[{"href":"https:\/\/passion4travel.it\/de\/wp-json\/wp\/v2\/product"}],"about":[{"href":"https:\/\/passion4travel.it\/de\/wp-json\/wp\/v2\/types\/product"}],"wp:featuredmedia":[{"embeddable":true,"href":"https:\/\/passion4travel.it\/de\/wp-json\/wp\/v2\/media\/7046"}],"wp:attachment":[{"href":"https:\/\/passion4travel.it\/de\/wp-json\/wp\/v2\/media?parent=7581"}],"wp:term":[{"taxonomy":"product_brand","embeddable":true,"href":"https:\/\/passion4travel.it\/de\/wp-json\/wp\/v2\/product_brand?post=7581"},{"taxonomy":"product_cat","embeddable":true,"href":"https:\/\/passion4travel.it\/de\/wp-json\/wp\/v2\/product_cat?post=7581"},{"taxonomy":"product_tag","embeddable":true,"href":"https:\/\/passion4travel.it\/de\/wp-json\/wp\/v2\/product_tag?post=7581"}],"curies":[{"name":"wp","href":"https:\/\/api.w.org\/{rel}","templated":true}]}}