{"id":7797,"date":"2024-04-05T15:14:53","date_gmt":"2024-04-05T13:14:53","guid":{"rendered":"https:\/\/www.passion4travel.it\/elemento\/unkategorisiert\/jesolo\/"},"modified":"2024-04-12T21:23:12","modified_gmt":"2024-04-12T19:23:12","slug":"jesolo","status":"publish","type":"product","link":"https:\/\/passion4travel.it\/de\/element\/gruppenreisen\/bustouren\/jesolo\/","title":{"rendered":"Jesolo"},"content":{"rendered":"<p>4 Tage im Zeichen von Meer, H\u00fcgeln und Venedig am Tag und in der Nacht.<\/p>\n<p>Ein Aufenthalt in Jesolo bietet die M\u00f6glichkeit, die kulinarische und kulturelle Vielfalt der Regionen Venetien und Friaul-Julisch-Venetien zu entdecken. Am ersten Tag ist ein Besuch mit Weinverkostung in den Prosecco-H\u00fcgeln von Conegliano Valdobbiadene vorgesehen, am zweiten Tag wird das Gebiet von Triest und Collio in Friaul-Julisch-Venetien besichtigt. Hier werden weitere Weinverkostungen stattfinden, und am dritten Tag geht es \u00fcber Bassano &#8211; Castelfranco &#8211; und Asolo weiter. Der abschlie\u00dfende Tag ist dem Zauber von Venedig gewidmet.<br \/>\nW\u00e4hrend der w\u00e4rmeren Monate gibt es die M\u00f6glichkeit, am Hotelpool oder direkt am Strand von Jesolo &#8211; einem ber\u00fchmten Badeort in der Region Venetien, der auch f\u00fcr sein Nachtleben bekannt ist &#8211; zu schwimmen.<\/p>\n<p><strong>Vorschlag<\/strong>: Unterkunft in einem 3-4 Sterne-Hotel, gepr\u00fcfte Sprachf\u00fchrung, Halbpension, zwei Besuche in Weinkellern, eine Besichtigung des Schlosses.<\/p>\n","protected":false},"excerpt":{"rendered":"<p>4 Tage im Zeichen von Meer, H\u00fcgeln und Venedig am Tag und in der Nacht. Ein Aufenthalt in Jesolo bietet die M\u00f6glichkeit, die kulinarische und kulturelle Vielfalt der Regionen Venetien&#8230;<\/p>\n","protected":false},"featured_media":6794,"template":"","meta":[],"product_brand":[],"product_cat":[85],"product_tag":[],"class_list":{"0":"post-7797","1":"product","2":"type-product","3":"status-publish","4":"has-post-thumbnail","6":"product_cat-bustouren","8":"first","9":"instock","10":"virtual","11":"sold-individually","12":"purchasable","13":"product-type-simple"},"yoast_head":"<!-- This site is optimized with the Yoast SEO plugin v27.0 - https:\/\/yoast.com\/product\/yoast-seo-wordpress\/ -->\n<title>Jesolo - Passion 4 Travel<\/title>\n<meta name=\"robots\" content=\"index, follow, max-snippet:-1, max-image-preview:large, max-video-preview:-1\" \/>\n<link rel=\"canonical\" href=\"https:\/\/passion4travel.it\/de\/element\/gruppenreisen\/bustouren\/jesolo\/\" \/>\n<meta property=\"og:locale\" content=\"de_DE\" \/>\n<meta property=\"og:type\" content=\"article\" \/>\n<meta property=\"og:title\" content=\"Jesolo - Passion 4 Travel\" \/>\n<meta property=\"og:description\" content=\"4 Tage im Zeichen von Meer, H\u00fcgeln und Venedig am Tag und in der Nacht. Ein Aufenthalt in Jesolo bietet die M\u00f6glichkeit, die kulinarische und kulturelle Vielfalt der Regionen Venetien...\" \/>\n<meta property=\"og:url\" content=\"https:\/\/passion4travel.it\/de\/element\/gruppenreisen\/bustouren\/jesolo\/\" \/>\n<meta property=\"og:site_name\" content=\"Passion 4 Travel\" \/>\n<meta property=\"article:modified_time\" content=\"2024-04-12T19:23:12+00:00\" \/>\n<meta property=\"og:image\" content=\"https:\/\/passion4travel.it\/wp-content\/uploads\/2024\/04\/passion4travel_bus_tour_jesolo_2.jpg\" \/>\n\t<meta property=\"og:image:width\" content=\"1000\" \/>\n\t<meta property=\"og:image:height\" content=\"600\" \/>\n\t<meta property=\"og:image:type\" content=\"image\/jpeg\" \/>\n<meta name=\"twitter:card\" content=\"summary_large_image\" \/>\n<meta name=\"twitter:label1\" content=\"Gesch\u00e4tzte Lesezeit\" \/>\n\t<meta name=\"twitter:data1\" content=\"1\u00a0Minute\" \/>\n<script type=\"application\/ld+json\" class=\"yoast-schema-graph\">{\"@context\":\"https:\/\/schema.org\",\"@graph\":[{\"@type\":\"WebPage\",\"@id\":\"https:\/\/passion4travel.it\/de\/element\/gruppenreisen\/bustouren\/jesolo\/\",\"url\":\"https:\/\/passion4travel.it\/de\/element\/gruppenreisen\/bustouren\/jesolo\/\",\"name\":\"Jesolo - Passion 4 Travel\",\"isPartOf\":{\"@id\":\"https:\/\/passion4travel.it\/de\/#website\"},\"primaryImageOfPage\":{\"@id\":\"https:\/\/passion4travel.it\/de\/element\/gruppenreisen\/bustouren\/jesolo\/#primaryimage\"},\"image\":{\"@id\":\"https:\/\/passion4travel.it\/de\/element\/gruppenreisen\/bustouren\/jesolo\/#primaryimage\"},\"thumbnailUrl\":\"https:\/\/passion4travel.it\/wp-content\/uploads\/2024\/04\/passion4travel_bus_tour_jesolo_2.jpg\",\"datePublished\":\"2024-04-05T13:14:53+00:00\",\"dateModified\":\"2024-04-12T19:23:12+00:00\",\"breadcrumb\":{\"@id\":\"https:\/\/passion4travel.it\/de\/element\/gruppenreisen\/bustouren\/jesolo\/#breadcrumb\"},\"inLanguage\":\"de\",\"potentialAction\":[{\"@type\":\"ReadAction\",\"target\":[\"https:\/\/passion4travel.it\/de\/element\/gruppenreisen\/bustouren\/jesolo\/\"]}]},{\"@type\":\"ImageObject\",\"inLanguage\":\"de\",\"@id\":\"https:\/\/passion4travel.it\/de\/element\/gruppenreisen\/bustouren\/jesolo\/#primaryimage\",\"url\":\"https:\/\/passion4travel.it\/wp-content\/uploads\/2024\/04\/passion4travel_bus_tour_jesolo_2.jpg\",\"contentUrl\":\"https:\/\/passion4travel.it\/wp-content\/uploads\/2024\/04\/passion4travel_bus_tour_jesolo_2.jpg\",\"width\":1000,\"height\":600},{\"@type\":\"BreadcrumbList\",\"@id\":\"https:\/\/passion4travel.it\/de\/element\/gruppenreisen\/bustouren\/jesolo\/#breadcrumb\",\"itemListElement\":[{\"@type\":\"ListItem\",\"position\":1,\"name\":\"Home\",\"item\":\"https:\/\/passion4travel.it\/de\/\"},{\"@type\":\"ListItem\",\"position\":2,\"name\":\"Produkte\",\"item\":\"https:\/\/passion4travel.it\/de\/shop\/\"},{\"@type\":\"ListItem\",\"position\":3,\"name\":\"Jesolo\"}]},{\"@type\":\"WebSite\",\"@id\":\"https:\/\/passion4travel.it\/de\/#website\",\"url\":\"https:\/\/passion4travel.it\/de\/\",\"name\":\"Passion 4 Travel\",\"description\":\"Tour Operator con sede nelle Colline del Prosecco Conegliano Valdobbiadene che sviluppa e propone tour guidati e servizi turistici che soddisfano ogni passione.\",\"potentialAction\":[{\"@type\":\"SearchAction\",\"target\":{\"@type\":\"EntryPoint\",\"urlTemplate\":\"https:\/\/passion4travel.it\/de\/?s={search_term_string}\"},\"query-input\":{\"@type\":\"PropertyValueSpecification\",\"valueRequired\":true,\"valueName\":\"search_term_string\"}}],\"inLanguage\":\"de\"}]}<\/script>\n<!-- \/ Yoast SEO plugin. -->","yoast_head_json":{"title":"Jesolo - Passion 4 Travel","robots":{"index":"index","follow":"follow","max-snippet":"max-snippet:-1","max-image-preview":"max-image-preview:large","max-video-preview":"max-video-preview:-1"},"canonical":"https:\/\/passion4travel.it\/de\/element\/gruppenreisen\/bustouren\/jesolo\/","og_locale":"de_DE","og_type":"article","og_title":"Jesolo - Passion 4 Travel","og_description":"4 Tage im Zeichen von Meer, H\u00fcgeln und Venedig am Tag und in der Nacht. Ein Aufenthalt in Jesolo bietet die M\u00f6glichkeit, die kulinarische und kulturelle Vielfalt der Regionen Venetien...","og_url":"https:\/\/passion4travel.it\/de\/element\/gruppenreisen\/bustouren\/jesolo\/","og_site_name":"Passion 4 Travel","article_modified_time":"2024-04-12T19:23:12+00:00","og_image":[{"width":1000,"height":600,"url":"https:\/\/passion4travel.it\/wp-content\/uploads\/2024\/04\/passion4travel_bus_tour_jesolo_2.jpg","type":"image\/jpeg"}],"twitter_card":"summary_large_image","twitter_misc":{"Gesch\u00e4tzte Lesezeit":"1\u00a0Minute"},"schema":{"@context":"https:\/\/schema.org","@graph":[{"@type":"WebPage","@id":"https:\/\/passion4travel.it\/de\/element\/gruppenreisen\/bustouren\/jesolo\/","url":"https:\/\/passion4travel.it\/de\/element\/gruppenreisen\/bustouren\/jesolo\/","name":"Jesolo - Passion 4 Travel","isPartOf":{"@id":"https:\/\/passion4travel.it\/de\/#website"},"primaryImageOfPage":{"@id":"https:\/\/passion4travel.it\/de\/element\/gruppenreisen\/bustouren\/jesolo\/#primaryimage"},"image":{"@id":"https:\/\/passion4travel.it\/de\/element\/gruppenreisen\/bustouren\/jesolo\/#primaryimage"},"thumbnailUrl":"https:\/\/passion4travel.it\/wp-content\/uploads\/2024\/04\/passion4travel_bus_tour_jesolo_2.jpg","datePublished":"2024-04-05T13:14:53+00:00","dateModified":"2024-04-12T19:23:12+00:00","breadcrumb":{"@id":"https:\/\/passion4travel.it\/de\/element\/gruppenreisen\/bustouren\/jesolo\/#breadcrumb"},"inLanguage":"de","potentialAction":[{"@type":"ReadAction","target":["https:\/\/passion4travel.it\/de\/element\/gruppenreisen\/bustouren\/jesolo\/"]}]},{"@type":"ImageObject","inLanguage":"de","@id":"https:\/\/passion4travel.it\/de\/element\/gruppenreisen\/bustouren\/jesolo\/#primaryimage","url":"https:\/\/passion4travel.it\/wp-content\/uploads\/2024\/04\/passion4travel_bus_tour_jesolo_2.jpg","contentUrl":"https:\/\/passion4travel.it\/wp-content\/uploads\/2024\/04\/passion4travel_bus_tour_jesolo_2.jpg","width":1000,"height":600},{"@type":"BreadcrumbList","@id":"https:\/\/passion4travel.it\/de\/element\/gruppenreisen\/bustouren\/jesolo\/#breadcrumb","itemListElement":[{"@type":"ListItem","position":1,"name":"Home","item":"https:\/\/passion4travel.it\/de\/"},{"@type":"ListItem","position":2,"name":"Produkte","item":"https:\/\/passion4travel.it\/de\/shop\/"},{"@type":"ListItem","position":3,"name":"Jesolo"}]},{"@type":"WebSite","@id":"https:\/\/passion4travel.it\/de\/#website","url":"https:\/\/passion4travel.it\/de\/","name":"Passion 4 Travel","description":"Tour Operator con sede nelle Colline del Prosecco Conegliano Valdobbiadene che sviluppa e propone tour guidati e servizi turistici che soddisfano ogni passione.","potentialAction":[{"@type":"SearchAction","target":{"@type":"EntryPoint","urlTemplate":"https:\/\/passion4travel.it\/de\/?s={search_term_string}"},"query-input":{"@type":"PropertyValueSpecification","valueRequired":true,"valueName":"search_term_string"}}],"inLanguage":"de"}]}},"_links":{"self":[{"href":"https:\/\/passion4travel.it\/de\/wp-json\/wp\/v2\/product\/7797","targetHints":{"allow":["GET"]}}],"collection":[{"href":"https:\/\/passion4travel.it\/de\/wp-json\/wp\/v2\/product"}],"about":[{"href":"https:\/\/passion4travel.it\/de\/wp-json\/wp\/v2\/types\/product"}],"wp:featuredmedia":[{"embeddable":true,"href":"https:\/\/passion4travel.it\/de\/wp-json\/wp\/v2\/media\/6794"}],"wp:attachment":[{"href":"https:\/\/passion4travel.it\/de\/wp-json\/wp\/v2\/media?parent=7797"}],"wp:term":[{"taxonomy":"product_brand","embeddable":true,"href":"https:\/\/passion4travel.it\/de\/wp-json\/wp\/v2\/product_brand?post=7797"},{"taxonomy":"product_cat","embeddable":true,"href":"https:\/\/passion4travel.it\/de\/wp-json\/wp\/v2\/product_cat?post=7797"},{"taxonomy":"product_tag","embeddable":true,"href":"https:\/\/passion4travel.it\/de\/wp-json\/wp\/v2\/product_tag?post=7797"}],"curies":[{"name":"wp","href":"https:\/\/api.w.org\/{rel}","templated":true}]}}