{"id":7799,"date":"2024-04-05T15:50:43","date_gmt":"2024-04-05T13:50:43","guid":{"rendered":"https:\/\/www.passion4travel.it\/elemento\/unkategorisiert\/prosecco-venezia-2\/"},"modified":"2024-04-12T21:24:07","modified_gmt":"2024-04-12T19:24:07","slug":"prosecco-venezia-2","status":"publish","type":"product","link":"https:\/\/passion4travel.it\/de\/element\/gruppenreisen\/fahrradtouren\/prosecco-venezia-2\/","title":{"rendered":"Prosecco Venezia"},"content":{"rendered":"<p>4 Tage mit einer Gesamtstrecke von 182 km, alle auf sicheren, verkehrsfreien Radwegen. Letzter Tag: die Besichtigung der Stadt Venedig.<\/p>\n<p>Von den Prosecco-H\u00fcgeln von Conegliano und Valdobbiadene f\u00e4hrt man in das wundersch\u00f6ne Asolo.<br \/>\nDer zweite Tag ist dem Weg nach Klein-Venedig gewidmet: Treviso!<br \/>\nDer Radweg entlang der Restera geht weiter bis nach Punta Sabbioni, wo man die Lagune bewundern kann.<br \/>\nDie Tour endet in Venedig, einer historischen Stadt, in der Fahrr\u00e4der sogar f\u00fcr die Einwohner verboten sind. Von dort geht es zu Fu\u00df weiter, um die historische Hauptstadt Venetiens zu entdecken.<\/p>\n<p><strong>Vorschlag<\/strong>: Unterkunft in einem 3 &#8211; 4-Sterne-Hotel, gepr\u00fcfter Tourbegleiter, Halbpension, 2 Besuche in Weinkellern, eine Besichtigung des Schlosses, auf Wunsch mit Gep\u00e4cktransport.<\/p>\n","protected":false},"excerpt":{"rendered":"<p>4 Tage mit einer Gesamtstrecke von 182 km, alle auf sicheren, verkehrsfreien Radwegen. Letzter Tag: die Besichtigung der Stadt Venedig. Von den Prosecco-H\u00fcgeln von Conegliano und Valdobbiadene f\u00e4hrt man in&#8230;<\/p>\n","protected":false},"featured_media":6806,"template":"","meta":[],"product_brand":[],"product_cat":[84],"product_tag":[],"class_list":{"0":"post-7799","1":"product","2":"type-product","3":"status-publish","4":"has-post-thumbnail","6":"product_cat-fahrradtouren","8":"first","9":"instock","10":"virtual","11":"sold-individually","12":"purchasable","13":"product-type-simple"},"yoast_head":"<!-- This site is optimized with the Yoast SEO plugin v27.0 - https:\/\/yoast.com\/product\/yoast-seo-wordpress\/ -->\n<title>Prosecco Venezia - Passion 4 Travel<\/title>\n<meta name=\"robots\" content=\"index, follow, max-snippet:-1, max-image-preview:large, max-video-preview:-1\" \/>\n<link rel=\"canonical\" href=\"https:\/\/passion4travel.it\/de\/element\/gruppenreisen\/fahrradtouren\/prosecco-venezia-2\/\" \/>\n<meta property=\"og:locale\" content=\"de_DE\" \/>\n<meta property=\"og:type\" content=\"article\" \/>\n<meta property=\"og:title\" content=\"Prosecco Venezia - Passion 4 Travel\" \/>\n<meta property=\"og:description\" content=\"4 Tage mit einer Gesamtstrecke von 182 km, alle auf sicheren, verkehrsfreien Radwegen. Letzter Tag: die Besichtigung der Stadt Venedig. Von den Prosecco-H\u00fcgeln von Conegliano und Valdobbiadene f\u00e4hrt man in...\" \/>\n<meta property=\"og:url\" content=\"https:\/\/passion4travel.it\/de\/element\/gruppenreisen\/fahrradtouren\/prosecco-venezia-2\/\" \/>\n<meta property=\"og:site_name\" content=\"Passion 4 Travel\" \/>\n<meta property=\"article:modified_time\" content=\"2024-04-12T19:24:07+00:00\" \/>\n<meta property=\"og:image\" content=\"https:\/\/passion4travel.it\/wp-content\/uploads\/2024\/04\/passion4travel_bike_tour_prosecco_venezia_1.jpg\" \/>\n\t<meta property=\"og:image:width\" content=\"1000\" \/>\n\t<meta property=\"og:image:height\" content=\"600\" \/>\n\t<meta property=\"og:image:type\" content=\"image\/jpeg\" \/>\n<meta name=\"twitter:card\" content=\"summary_large_image\" \/>\n<meta name=\"twitter:label1\" content=\"Gesch\u00e4tzte Lesezeit\" \/>\n\t<meta name=\"twitter:data1\" content=\"1\u00a0Minute\" \/>\n<script type=\"application\/ld+json\" class=\"yoast-schema-graph\">{\"@context\":\"https:\/\/schema.org\",\"@graph\":[{\"@type\":\"WebPage\",\"@id\":\"https:\/\/passion4travel.it\/de\/element\/gruppenreisen\/fahrradtouren\/prosecco-venezia-2\/\",\"url\":\"https:\/\/passion4travel.it\/de\/element\/gruppenreisen\/fahrradtouren\/prosecco-venezia-2\/\",\"name\":\"Prosecco Venezia - Passion 4 Travel\",\"isPartOf\":{\"@id\":\"https:\/\/passion4travel.it\/de\/#website\"},\"primaryImageOfPage\":{\"@id\":\"https:\/\/passion4travel.it\/de\/element\/gruppenreisen\/fahrradtouren\/prosecco-venezia-2\/#primaryimage\"},\"image\":{\"@id\":\"https:\/\/passion4travel.it\/de\/element\/gruppenreisen\/fahrradtouren\/prosecco-venezia-2\/#primaryimage\"},\"thumbnailUrl\":\"https:\/\/passion4travel.it\/wp-content\/uploads\/2024\/04\/passion4travel_bike_tour_prosecco_venezia_1.jpg\",\"datePublished\":\"2024-04-05T13:50:43+00:00\",\"dateModified\":\"2024-04-12T19:24:07+00:00\",\"breadcrumb\":{\"@id\":\"https:\/\/passion4travel.it\/de\/element\/gruppenreisen\/fahrradtouren\/prosecco-venezia-2\/#breadcrumb\"},\"inLanguage\":\"de\",\"potentialAction\":[{\"@type\":\"ReadAction\",\"target\":[\"https:\/\/passion4travel.it\/de\/element\/gruppenreisen\/fahrradtouren\/prosecco-venezia-2\/\"]}]},{\"@type\":\"ImageObject\",\"inLanguage\":\"de\",\"@id\":\"https:\/\/passion4travel.it\/de\/element\/gruppenreisen\/fahrradtouren\/prosecco-venezia-2\/#primaryimage\",\"url\":\"https:\/\/passion4travel.it\/wp-content\/uploads\/2024\/04\/passion4travel_bike_tour_prosecco_venezia_1.jpg\",\"contentUrl\":\"https:\/\/passion4travel.it\/wp-content\/uploads\/2024\/04\/passion4travel_bike_tour_prosecco_venezia_1.jpg\",\"width\":1000,\"height\":600},{\"@type\":\"BreadcrumbList\",\"@id\":\"https:\/\/passion4travel.it\/de\/element\/gruppenreisen\/fahrradtouren\/prosecco-venezia-2\/#breadcrumb\",\"itemListElement\":[{\"@type\":\"ListItem\",\"position\":1,\"name\":\"Home\",\"item\":\"https:\/\/passion4travel.it\/de\/\"},{\"@type\":\"ListItem\",\"position\":2,\"name\":\"Produkte\",\"item\":\"https:\/\/passion4travel.it\/de\/shop\/\"},{\"@type\":\"ListItem\",\"position\":3,\"name\":\"Prosecco Venezia\"}]},{\"@type\":\"WebSite\",\"@id\":\"https:\/\/passion4travel.it\/de\/#website\",\"url\":\"https:\/\/passion4travel.it\/de\/\",\"name\":\"Passion 4 Travel\",\"description\":\"Tour Operator con sede nelle Colline del Prosecco Conegliano Valdobbiadene che sviluppa e propone tour guidati e servizi turistici che soddisfano ogni passione.\",\"potentialAction\":[{\"@type\":\"SearchAction\",\"target\":{\"@type\":\"EntryPoint\",\"urlTemplate\":\"https:\/\/passion4travel.it\/de\/?s={search_term_string}\"},\"query-input\":{\"@type\":\"PropertyValueSpecification\",\"valueRequired\":true,\"valueName\":\"search_term_string\"}}],\"inLanguage\":\"de\"}]}<\/script>\n<!-- \/ Yoast SEO plugin. -->","yoast_head_json":{"title":"Prosecco Venezia - Passion 4 Travel","robots":{"index":"index","follow":"follow","max-snippet":"max-snippet:-1","max-image-preview":"max-image-preview:large","max-video-preview":"max-video-preview:-1"},"canonical":"https:\/\/passion4travel.it\/de\/element\/gruppenreisen\/fahrradtouren\/prosecco-venezia-2\/","og_locale":"de_DE","og_type":"article","og_title":"Prosecco Venezia - Passion 4 Travel","og_description":"4 Tage mit einer Gesamtstrecke von 182 km, alle auf sicheren, verkehrsfreien Radwegen. Letzter Tag: die Besichtigung der Stadt Venedig. Von den Prosecco-H\u00fcgeln von Conegliano und Valdobbiadene f\u00e4hrt man in...","og_url":"https:\/\/passion4travel.it\/de\/element\/gruppenreisen\/fahrradtouren\/prosecco-venezia-2\/","og_site_name":"Passion 4 Travel","article_modified_time":"2024-04-12T19:24:07+00:00","og_image":[{"width":1000,"height":600,"url":"https:\/\/passion4travel.it\/wp-content\/uploads\/2024\/04\/passion4travel_bike_tour_prosecco_venezia_1.jpg","type":"image\/jpeg"}],"twitter_card":"summary_large_image","twitter_misc":{"Gesch\u00e4tzte Lesezeit":"1\u00a0Minute"},"schema":{"@context":"https:\/\/schema.org","@graph":[{"@type":"WebPage","@id":"https:\/\/passion4travel.it\/de\/element\/gruppenreisen\/fahrradtouren\/prosecco-venezia-2\/","url":"https:\/\/passion4travel.it\/de\/element\/gruppenreisen\/fahrradtouren\/prosecco-venezia-2\/","name":"Prosecco Venezia - Passion 4 Travel","isPartOf":{"@id":"https:\/\/passion4travel.it\/de\/#website"},"primaryImageOfPage":{"@id":"https:\/\/passion4travel.it\/de\/element\/gruppenreisen\/fahrradtouren\/prosecco-venezia-2\/#primaryimage"},"image":{"@id":"https:\/\/passion4travel.it\/de\/element\/gruppenreisen\/fahrradtouren\/prosecco-venezia-2\/#primaryimage"},"thumbnailUrl":"https:\/\/passion4travel.it\/wp-content\/uploads\/2024\/04\/passion4travel_bike_tour_prosecco_venezia_1.jpg","datePublished":"2024-04-05T13:50:43+00:00","dateModified":"2024-04-12T19:24:07+00:00","breadcrumb":{"@id":"https:\/\/passion4travel.it\/de\/element\/gruppenreisen\/fahrradtouren\/prosecco-venezia-2\/#breadcrumb"},"inLanguage":"de","potentialAction":[{"@type":"ReadAction","target":["https:\/\/passion4travel.it\/de\/element\/gruppenreisen\/fahrradtouren\/prosecco-venezia-2\/"]}]},{"@type":"ImageObject","inLanguage":"de","@id":"https:\/\/passion4travel.it\/de\/element\/gruppenreisen\/fahrradtouren\/prosecco-venezia-2\/#primaryimage","url":"https:\/\/passion4travel.it\/wp-content\/uploads\/2024\/04\/passion4travel_bike_tour_prosecco_venezia_1.jpg","contentUrl":"https:\/\/passion4travel.it\/wp-content\/uploads\/2024\/04\/passion4travel_bike_tour_prosecco_venezia_1.jpg","width":1000,"height":600},{"@type":"BreadcrumbList","@id":"https:\/\/passion4travel.it\/de\/element\/gruppenreisen\/fahrradtouren\/prosecco-venezia-2\/#breadcrumb","itemListElement":[{"@type":"ListItem","position":1,"name":"Home","item":"https:\/\/passion4travel.it\/de\/"},{"@type":"ListItem","position":2,"name":"Produkte","item":"https:\/\/passion4travel.it\/de\/shop\/"},{"@type":"ListItem","position":3,"name":"Prosecco Venezia"}]},{"@type":"WebSite","@id":"https:\/\/passion4travel.it\/de\/#website","url":"https:\/\/passion4travel.it\/de\/","name":"Passion 4 Travel","description":"Tour Operator con sede nelle Colline del Prosecco Conegliano Valdobbiadene che sviluppa e propone tour guidati e servizi turistici che soddisfano ogni passione.","potentialAction":[{"@type":"SearchAction","target":{"@type":"EntryPoint","urlTemplate":"https:\/\/passion4travel.it\/de\/?s={search_term_string}"},"query-input":{"@type":"PropertyValueSpecification","valueRequired":true,"valueName":"search_term_string"}}],"inLanguage":"de"}]}},"_links":{"self":[{"href":"https:\/\/passion4travel.it\/de\/wp-json\/wp\/v2\/product\/7799","targetHints":{"allow":["GET"]}}],"collection":[{"href":"https:\/\/passion4travel.it\/de\/wp-json\/wp\/v2\/product"}],"about":[{"href":"https:\/\/passion4travel.it\/de\/wp-json\/wp\/v2\/types\/product"}],"wp:featuredmedia":[{"embeddable":true,"href":"https:\/\/passion4travel.it\/de\/wp-json\/wp\/v2\/media\/6806"}],"wp:attachment":[{"href":"https:\/\/passion4travel.it\/de\/wp-json\/wp\/v2\/media?parent=7799"}],"wp:term":[{"taxonomy":"product_brand","embeddable":true,"href":"https:\/\/passion4travel.it\/de\/wp-json\/wp\/v2\/product_brand?post=7799"},{"taxonomy":"product_cat","embeddable":true,"href":"https:\/\/passion4travel.it\/de\/wp-json\/wp\/v2\/product_cat?post=7799"},{"taxonomy":"product_tag","embeddable":true,"href":"https:\/\/passion4travel.it\/de\/wp-json\/wp\/v2\/product_tag?post=7799"}],"curies":[{"name":"wp","href":"https:\/\/api.w.org\/{rel}","templated":true}]}}