{"id":7801,"date":"2024-04-05T16:00:19","date_gmt":"2024-04-05T14:00:19","guid":{"rendered":"https:\/\/www.passion4travel.it\/elemento\/unkategorisiert\/lanello-del-prosecco\/"},"modified":"2024-04-12T21:24:43","modified_gmt":"2024-04-12T19:24:43","slug":"der-prosecco-rundfahrt","status":"publish","type":"product","link":"https:\/\/passion4travel.it\/de\/element\/gruppenreisen\/fahrradtouren\/der-prosecco-rundfahrt\/","title":{"rendered":"Der Prosecco-Rundfahrt"},"content":{"rendered":"<p>3 oder 4 Tage in der H\u00fcgellandschaft des Prosecco Superiore Conegliano Valdobbiadene DOCG mit landestypischen Speisen und Weinverkostungen.<\/p>\n<p>Die Strecken ,mit unterschiedlichen Leistungsniveaus, umfassen nicht asphaltierte Stra\u00dfen und ein asphaltiertes Wegst\u00fcck, um die Weinkellereien zu erreichen und die typischen Produkte zu verkosten. Asolo wird nat\u00fcrlich auch bei dieser Tour die Hauptrolle spielen.<\/p>\n<p><strong>Vorschlag<\/strong>: Unterkunft in einem 3 &#8211; 4-Sterne-Hotel, gepr\u00fcfter Tourbegleiter, Halbpension, 2 Besuche in Weinkellern, eine Besichtigung des Schlosses, auf Wunsch mit Gep\u00e4cktransport.<\/p>\n","protected":false},"excerpt":{"rendered":"<p>3 oder 4 Tage in der H\u00fcgellandschaft des Prosecco Superiore Conegliano Valdobbiadene DOCG mit landestypischen Speisen und Weinverkostungen. Die Strecken ,mit unterschiedlichen Leistungsniveaus, umfassen nicht asphaltierte Stra\u00dfen und ein asphaltiertes&#8230;<\/p>\n","protected":false},"featured_media":6818,"template":"","meta":[],"product_brand":[],"product_cat":[84],"product_tag":[],"class_list":{"0":"post-7801","1":"product","2":"type-product","3":"status-publish","4":"has-post-thumbnail","6":"product_cat-fahrradtouren","8":"first","9":"instock","10":"virtual","11":"sold-individually","12":"purchasable","13":"product-type-simple"},"yoast_head":"<!-- This site is optimized with the Yoast SEO plugin v27.0 - https:\/\/yoast.com\/product\/yoast-seo-wordpress\/ -->\n<title>Der Prosecco-Rundfahrt - Passion 4 Travel<\/title>\n<meta name=\"robots\" content=\"index, follow, max-snippet:-1, max-image-preview:large, max-video-preview:-1\" \/>\n<link rel=\"canonical\" href=\"https:\/\/passion4travel.it\/de\/element\/gruppenreisen\/fahrradtouren\/der-prosecco-rundfahrt\/\" \/>\n<meta property=\"og:locale\" content=\"de_DE\" \/>\n<meta property=\"og:type\" content=\"article\" \/>\n<meta property=\"og:title\" content=\"Der Prosecco-Rundfahrt - Passion 4 Travel\" \/>\n<meta property=\"og:description\" content=\"3 oder 4 Tage in der H\u00fcgellandschaft des Prosecco Superiore Conegliano Valdobbiadene DOCG mit landestypischen Speisen und Weinverkostungen. Die Strecken ,mit unterschiedlichen Leistungsniveaus, umfassen nicht asphaltierte Stra\u00dfen und ein asphaltiertes...\" \/>\n<meta property=\"og:url\" content=\"https:\/\/passion4travel.it\/de\/element\/gruppenreisen\/fahrradtouren\/der-prosecco-rundfahrt\/\" \/>\n<meta property=\"og:site_name\" content=\"Passion 4 Travel\" \/>\n<meta property=\"article:modified_time\" content=\"2024-04-12T19:24:43+00:00\" \/>\n<meta property=\"og:image\" content=\"https:\/\/passion4travel.it\/wp-content\/uploads\/2024\/04\/passion4travel_bike_tour_anello_del_prosecco_1.jpg\" \/>\n\t<meta property=\"og:image:width\" content=\"1000\" \/>\n\t<meta property=\"og:image:height\" content=\"600\" \/>\n\t<meta property=\"og:image:type\" content=\"image\/jpeg\" \/>\n<meta name=\"twitter:card\" content=\"summary_large_image\" \/>\n<meta name=\"twitter:label1\" content=\"Gesch\u00e4tzte Lesezeit\" \/>\n\t<meta name=\"twitter:data1\" content=\"1\u00a0Minute\" \/>\n<script type=\"application\/ld+json\" class=\"yoast-schema-graph\">{\"@context\":\"https:\/\/schema.org\",\"@graph\":[{\"@type\":\"WebPage\",\"@id\":\"https:\/\/passion4travel.it\/de\/element\/gruppenreisen\/fahrradtouren\/der-prosecco-rundfahrt\/\",\"url\":\"https:\/\/passion4travel.it\/de\/element\/gruppenreisen\/fahrradtouren\/der-prosecco-rundfahrt\/\",\"name\":\"Der Prosecco-Rundfahrt - Passion 4 Travel\",\"isPartOf\":{\"@id\":\"https:\/\/passion4travel.it\/de\/#website\"},\"primaryImageOfPage\":{\"@id\":\"https:\/\/passion4travel.it\/de\/element\/gruppenreisen\/fahrradtouren\/der-prosecco-rundfahrt\/#primaryimage\"},\"image\":{\"@id\":\"https:\/\/passion4travel.it\/de\/element\/gruppenreisen\/fahrradtouren\/der-prosecco-rundfahrt\/#primaryimage\"},\"thumbnailUrl\":\"https:\/\/passion4travel.it\/wp-content\/uploads\/2024\/04\/passion4travel_bike_tour_anello_del_prosecco_1.jpg\",\"datePublished\":\"2024-04-05T14:00:19+00:00\",\"dateModified\":\"2024-04-12T19:24:43+00:00\",\"breadcrumb\":{\"@id\":\"https:\/\/passion4travel.it\/de\/element\/gruppenreisen\/fahrradtouren\/der-prosecco-rundfahrt\/#breadcrumb\"},\"inLanguage\":\"de\",\"potentialAction\":[{\"@type\":\"ReadAction\",\"target\":[\"https:\/\/passion4travel.it\/de\/element\/gruppenreisen\/fahrradtouren\/der-prosecco-rundfahrt\/\"]}]},{\"@type\":\"ImageObject\",\"inLanguage\":\"de\",\"@id\":\"https:\/\/passion4travel.it\/de\/element\/gruppenreisen\/fahrradtouren\/der-prosecco-rundfahrt\/#primaryimage\",\"url\":\"https:\/\/passion4travel.it\/wp-content\/uploads\/2024\/04\/passion4travel_bike_tour_anello_del_prosecco_1.jpg\",\"contentUrl\":\"https:\/\/passion4travel.it\/wp-content\/uploads\/2024\/04\/passion4travel_bike_tour_anello_del_prosecco_1.jpg\",\"width\":1000,\"height\":600},{\"@type\":\"BreadcrumbList\",\"@id\":\"https:\/\/passion4travel.it\/de\/element\/gruppenreisen\/fahrradtouren\/der-prosecco-rundfahrt\/#breadcrumb\",\"itemListElement\":[{\"@type\":\"ListItem\",\"position\":1,\"name\":\"Home\",\"item\":\"https:\/\/passion4travel.it\/de\/\"},{\"@type\":\"ListItem\",\"position\":2,\"name\":\"Produkte\",\"item\":\"https:\/\/passion4travel.it\/de\/shop\/\"},{\"@type\":\"ListItem\",\"position\":3,\"name\":\"Der Prosecco-Rundfahrt\"}]},{\"@type\":\"WebSite\",\"@id\":\"https:\/\/passion4travel.it\/de\/#website\",\"url\":\"https:\/\/passion4travel.it\/de\/\",\"name\":\"Passion 4 Travel\",\"description\":\"Tour Operator con sede nelle Colline del Prosecco Conegliano Valdobbiadene che sviluppa e propone tour guidati e servizi turistici che soddisfano ogni passione.\",\"potentialAction\":[{\"@type\":\"SearchAction\",\"target\":{\"@type\":\"EntryPoint\",\"urlTemplate\":\"https:\/\/passion4travel.it\/de\/?s={search_term_string}\"},\"query-input\":{\"@type\":\"PropertyValueSpecification\",\"valueRequired\":true,\"valueName\":\"search_term_string\"}}],\"inLanguage\":\"de\"}]}<\/script>\n<!-- \/ Yoast SEO plugin. -->","yoast_head_json":{"title":"Der Prosecco-Rundfahrt - Passion 4 Travel","robots":{"index":"index","follow":"follow","max-snippet":"max-snippet:-1","max-image-preview":"max-image-preview:large","max-video-preview":"max-video-preview:-1"},"canonical":"https:\/\/passion4travel.it\/de\/element\/gruppenreisen\/fahrradtouren\/der-prosecco-rundfahrt\/","og_locale":"de_DE","og_type":"article","og_title":"Der Prosecco-Rundfahrt - Passion 4 Travel","og_description":"3 oder 4 Tage in der H\u00fcgellandschaft des Prosecco Superiore Conegliano Valdobbiadene DOCG mit landestypischen Speisen und Weinverkostungen. Die Strecken ,mit unterschiedlichen Leistungsniveaus, umfassen nicht asphaltierte Stra\u00dfen und ein asphaltiertes...","og_url":"https:\/\/passion4travel.it\/de\/element\/gruppenreisen\/fahrradtouren\/der-prosecco-rundfahrt\/","og_site_name":"Passion 4 Travel","article_modified_time":"2024-04-12T19:24:43+00:00","og_image":[{"width":1000,"height":600,"url":"https:\/\/passion4travel.it\/wp-content\/uploads\/2024\/04\/passion4travel_bike_tour_anello_del_prosecco_1.jpg","type":"image\/jpeg"}],"twitter_card":"summary_large_image","twitter_misc":{"Gesch\u00e4tzte Lesezeit":"1\u00a0Minute"},"schema":{"@context":"https:\/\/schema.org","@graph":[{"@type":"WebPage","@id":"https:\/\/passion4travel.it\/de\/element\/gruppenreisen\/fahrradtouren\/der-prosecco-rundfahrt\/","url":"https:\/\/passion4travel.it\/de\/element\/gruppenreisen\/fahrradtouren\/der-prosecco-rundfahrt\/","name":"Der Prosecco-Rundfahrt - Passion 4 Travel","isPartOf":{"@id":"https:\/\/passion4travel.it\/de\/#website"},"primaryImageOfPage":{"@id":"https:\/\/passion4travel.it\/de\/element\/gruppenreisen\/fahrradtouren\/der-prosecco-rundfahrt\/#primaryimage"},"image":{"@id":"https:\/\/passion4travel.it\/de\/element\/gruppenreisen\/fahrradtouren\/der-prosecco-rundfahrt\/#primaryimage"},"thumbnailUrl":"https:\/\/passion4travel.it\/wp-content\/uploads\/2024\/04\/passion4travel_bike_tour_anello_del_prosecco_1.jpg","datePublished":"2024-04-05T14:00:19+00:00","dateModified":"2024-04-12T19:24:43+00:00","breadcrumb":{"@id":"https:\/\/passion4travel.it\/de\/element\/gruppenreisen\/fahrradtouren\/der-prosecco-rundfahrt\/#breadcrumb"},"inLanguage":"de","potentialAction":[{"@type":"ReadAction","target":["https:\/\/passion4travel.it\/de\/element\/gruppenreisen\/fahrradtouren\/der-prosecco-rundfahrt\/"]}]},{"@type":"ImageObject","inLanguage":"de","@id":"https:\/\/passion4travel.it\/de\/element\/gruppenreisen\/fahrradtouren\/der-prosecco-rundfahrt\/#primaryimage","url":"https:\/\/passion4travel.it\/wp-content\/uploads\/2024\/04\/passion4travel_bike_tour_anello_del_prosecco_1.jpg","contentUrl":"https:\/\/passion4travel.it\/wp-content\/uploads\/2024\/04\/passion4travel_bike_tour_anello_del_prosecco_1.jpg","width":1000,"height":600},{"@type":"BreadcrumbList","@id":"https:\/\/passion4travel.it\/de\/element\/gruppenreisen\/fahrradtouren\/der-prosecco-rundfahrt\/#breadcrumb","itemListElement":[{"@type":"ListItem","position":1,"name":"Home","item":"https:\/\/passion4travel.it\/de\/"},{"@type":"ListItem","position":2,"name":"Produkte","item":"https:\/\/passion4travel.it\/de\/shop\/"},{"@type":"ListItem","position":3,"name":"Der Prosecco-Rundfahrt"}]},{"@type":"WebSite","@id":"https:\/\/passion4travel.it\/de\/#website","url":"https:\/\/passion4travel.it\/de\/","name":"Passion 4 Travel","description":"Tour Operator con sede nelle Colline del Prosecco Conegliano Valdobbiadene che sviluppa e propone tour guidati e servizi turistici che soddisfano ogni passione.","potentialAction":[{"@type":"SearchAction","target":{"@type":"EntryPoint","urlTemplate":"https:\/\/passion4travel.it\/de\/?s={search_term_string}"},"query-input":{"@type":"PropertyValueSpecification","valueRequired":true,"valueName":"search_term_string"}}],"inLanguage":"de"}]}},"_links":{"self":[{"href":"https:\/\/passion4travel.it\/de\/wp-json\/wp\/v2\/product\/7801","targetHints":{"allow":["GET"]}}],"collection":[{"href":"https:\/\/passion4travel.it\/de\/wp-json\/wp\/v2\/product"}],"about":[{"href":"https:\/\/passion4travel.it\/de\/wp-json\/wp\/v2\/types\/product"}],"wp:featuredmedia":[{"embeddable":true,"href":"https:\/\/passion4travel.it\/de\/wp-json\/wp\/v2\/media\/6818"}],"wp:attachment":[{"href":"https:\/\/passion4travel.it\/de\/wp-json\/wp\/v2\/media?parent=7801"}],"wp:term":[{"taxonomy":"product_brand","embeddable":true,"href":"https:\/\/passion4travel.it\/de\/wp-json\/wp\/v2\/product_brand?post=7801"},{"taxonomy":"product_cat","embeddable":true,"href":"https:\/\/passion4travel.it\/de\/wp-json\/wp\/v2\/product_cat?post=7801"},{"taxonomy":"product_tag","embeddable":true,"href":"https:\/\/passion4travel.it\/de\/wp-json\/wp\/v2\/product_tag?post=7801"}],"curies":[{"name":"wp","href":"https:\/\/api.w.org\/{rel}","templated":true}]}}