{"id":7807,"date":"2024-04-05T16:10:43","date_gmt":"2024-04-05T14:10:43","guid":{"rendered":"https:\/\/www.passion4travel.it\/elemento\/unkategorisiert\/asiago-lago-di-garda-dolomiti-strada-del-prosecco\/"},"modified":"2024-04-12T21:30:38","modified_gmt":"2024-04-12T19:30:38","slug":"asiago-der-gardasee-die-dolomiten-die-prosecco-strasse","status":"publish","type":"product","link":"https:\/\/passion4travel.it\/de\/element\/gruppenreisen\/motorradtouren\/asiago-der-gardasee-die-dolomiten-die-prosecco-strasse\/","title":{"rendered":"Asiago, der Gardasee, die Dolomiten, die Prosecco-Stra\u00dfe"},"content":{"rendered":"<p>4 Motorrad-Tage durch die Region Venetien, von den Bergp\u00e4ssen auf 2.400 m Meeresh\u00f6he bis zu den H\u00fcgeln, und schlie\u00dflich bis zum wundersch\u00f6nen Gardasee.<\/p>\n<p>Die Rundfahrt, die in Asiago oder in den Prosecco-H\u00fcgeln von Conegliano Valdobbiadene startet, f\u00fchrt durch verschiedene Gebiete Venetiens: Asiago, das f\u00fcr seinen K\u00e4se sehr bekannt ist, den Gardasee, der f\u00fcr seine ber\u00fchmten Weine gesch\u00e4tzt wird, die herrlichen Dolomiten und das weltber\u00fchmte Prosecco-Gebiet.<br \/>\nAlle diese Orte sind voller historischer und kultureller Eindr\u00fccke, die dem Motorradfahrer unvergessliche Erlebnisse bieten werden.<\/p>\n<p><strong>Vorschlag<\/strong>: Unterkunft in einem 3 &#8211; 4 Sterne-Hotel, gepr\u00fcfter und motorisierter Tourbegleiter, Halbpension, 2 Besuche in Weinkellereien. Es k\u00f6nnen weitere Dienstleistungen f\u00fcr die Anreise nach Venedig, die Reinigung der Motorr\u00e4der, das Trocknen der Kleidung und die Kommunikation in der Gruppe \u00fcber Funkger\u00e4te in Anspruch genommen werden.<\/p>\n","protected":false},"excerpt":{"rendered":"<p>4 Motorrad-Tage durch die Region Venetien, von den Bergp\u00e4ssen auf 2.400 m Meeresh\u00f6he bis zu den H\u00fcgeln, und schlie\u00dflich bis zum wundersch\u00f6nen Gardasee. Die Rundfahrt, die in Asiago oder in&#8230;<\/p>\n","protected":false},"featured_media":6860,"template":"","meta":[],"product_brand":[],"product_cat":[86],"product_tag":[],"class_list":{"0":"post-7807","1":"product","2":"type-product","3":"status-publish","4":"has-post-thumbnail","6":"product_cat-motorradtouren","8":"first","9":"instock","10":"virtual","11":"sold-individually","12":"purchasable","13":"product-type-simple"},"yoast_head":"<!-- This site is optimized with the Yoast SEO plugin v27.0 - https:\/\/yoast.com\/product\/yoast-seo-wordpress\/ -->\n<title>Asiago, der Gardasee, die Dolomiten, die Prosecco-Stra\u00dfe - Passion 4 Travel<\/title>\n<meta name=\"robots\" content=\"index, follow, max-snippet:-1, max-image-preview:large, max-video-preview:-1\" \/>\n<link rel=\"canonical\" href=\"https:\/\/passion4travel.it\/de\/element\/gruppenreisen\/motorradtouren\/asiago-der-gardasee-die-dolomiten-die-prosecco-strasse\/\" \/>\n<meta property=\"og:locale\" content=\"de_DE\" \/>\n<meta property=\"og:type\" content=\"article\" \/>\n<meta property=\"og:title\" content=\"Asiago, der Gardasee, die Dolomiten, die Prosecco-Stra\u00dfe - Passion 4 Travel\" \/>\n<meta property=\"og:description\" content=\"4 Motorrad-Tage durch die Region Venetien, von den Bergp\u00e4ssen auf 2.400 m Meeresh\u00f6he bis zu den H\u00fcgeln, und schlie\u00dflich bis zum wundersch\u00f6nen Gardasee. Die Rundfahrt, die in Asiago oder in...\" \/>\n<meta property=\"og:url\" content=\"https:\/\/passion4travel.it\/de\/element\/gruppenreisen\/motorradtouren\/asiago-der-gardasee-die-dolomiten-die-prosecco-strasse\/\" \/>\n<meta property=\"og:site_name\" content=\"Passion 4 Travel\" \/>\n<meta property=\"article:modified_time\" content=\"2024-04-12T19:30:38+00:00\" \/>\n<meta property=\"og:image\" content=\"https:\/\/passion4travel.it\/wp-content\/uploads\/2024\/04\/passion4travel_moto_tour_asiago_lago_di_garda_dolomiti_strada_del_prosecco_1.jpg\" \/>\n\t<meta property=\"og:image:width\" content=\"1000\" \/>\n\t<meta property=\"og:image:height\" content=\"600\" \/>\n\t<meta property=\"og:image:type\" content=\"image\/jpeg\" \/>\n<meta name=\"twitter:card\" content=\"summary_large_image\" \/>\n<meta name=\"twitter:label1\" content=\"Gesch\u00e4tzte Lesezeit\" \/>\n\t<meta name=\"twitter:data1\" content=\"1\u00a0Minute\" \/>\n<script type=\"application\/ld+json\" class=\"yoast-schema-graph\">{\"@context\":\"https:\/\/schema.org\",\"@graph\":[{\"@type\":\"WebPage\",\"@id\":\"https:\/\/passion4travel.it\/de\/element\/gruppenreisen\/motorradtouren\/asiago-der-gardasee-die-dolomiten-die-prosecco-strasse\/\",\"url\":\"https:\/\/passion4travel.it\/de\/element\/gruppenreisen\/motorradtouren\/asiago-der-gardasee-die-dolomiten-die-prosecco-strasse\/\",\"name\":\"Asiago, der Gardasee, die Dolomiten, die Prosecco-Stra\u00dfe - Passion 4 Travel\",\"isPartOf\":{\"@id\":\"https:\/\/passion4travel.it\/de\/#website\"},\"primaryImageOfPage\":{\"@id\":\"https:\/\/passion4travel.it\/de\/element\/gruppenreisen\/motorradtouren\/asiago-der-gardasee-die-dolomiten-die-prosecco-strasse\/#primaryimage\"},\"image\":{\"@id\":\"https:\/\/passion4travel.it\/de\/element\/gruppenreisen\/motorradtouren\/asiago-der-gardasee-die-dolomiten-die-prosecco-strasse\/#primaryimage\"},\"thumbnailUrl\":\"https:\/\/passion4travel.it\/wp-content\/uploads\/2024\/04\/passion4travel_moto_tour_asiago_lago_di_garda_dolomiti_strada_del_prosecco_1.jpg\",\"datePublished\":\"2024-04-05T14:10:43+00:00\",\"dateModified\":\"2024-04-12T19:30:38+00:00\",\"breadcrumb\":{\"@id\":\"https:\/\/passion4travel.it\/de\/element\/gruppenreisen\/motorradtouren\/asiago-der-gardasee-die-dolomiten-die-prosecco-strasse\/#breadcrumb\"},\"inLanguage\":\"de\",\"potentialAction\":[{\"@type\":\"ReadAction\",\"target\":[\"https:\/\/passion4travel.it\/de\/element\/gruppenreisen\/motorradtouren\/asiago-der-gardasee-die-dolomiten-die-prosecco-strasse\/\"]}]},{\"@type\":\"ImageObject\",\"inLanguage\":\"de\",\"@id\":\"https:\/\/passion4travel.it\/de\/element\/gruppenreisen\/motorradtouren\/asiago-der-gardasee-die-dolomiten-die-prosecco-strasse\/#primaryimage\",\"url\":\"https:\/\/passion4travel.it\/wp-content\/uploads\/2024\/04\/passion4travel_moto_tour_asiago_lago_di_garda_dolomiti_strada_del_prosecco_1.jpg\",\"contentUrl\":\"https:\/\/passion4travel.it\/wp-content\/uploads\/2024\/04\/passion4travel_moto_tour_asiago_lago_di_garda_dolomiti_strada_del_prosecco_1.jpg\",\"width\":1000,\"height\":600},{\"@type\":\"BreadcrumbList\",\"@id\":\"https:\/\/passion4travel.it\/de\/element\/gruppenreisen\/motorradtouren\/asiago-der-gardasee-die-dolomiten-die-prosecco-strasse\/#breadcrumb\",\"itemListElement\":[{\"@type\":\"ListItem\",\"position\":1,\"name\":\"Home\",\"item\":\"https:\/\/passion4travel.it\/de\/\"},{\"@type\":\"ListItem\",\"position\":2,\"name\":\"Produkte\",\"item\":\"https:\/\/passion4travel.it\/de\/shop\/\"},{\"@type\":\"ListItem\",\"position\":3,\"name\":\"Asiago, der Gardasee, die Dolomiten, die Prosecco-Stra\u00dfe\"}]},{\"@type\":\"WebSite\",\"@id\":\"https:\/\/passion4travel.it\/de\/#website\",\"url\":\"https:\/\/passion4travel.it\/de\/\",\"name\":\"Passion 4 Travel\",\"description\":\"Tour Operator con sede nelle Colline del Prosecco Conegliano Valdobbiadene che sviluppa e propone tour guidati e servizi turistici che soddisfano ogni passione.\",\"potentialAction\":[{\"@type\":\"SearchAction\",\"target\":{\"@type\":\"EntryPoint\",\"urlTemplate\":\"https:\/\/passion4travel.it\/de\/?s={search_term_string}\"},\"query-input\":{\"@type\":\"PropertyValueSpecification\",\"valueRequired\":true,\"valueName\":\"search_term_string\"}}],\"inLanguage\":\"de\"}]}<\/script>\n<!-- \/ Yoast SEO plugin. -->","yoast_head_json":{"title":"Asiago, der Gardasee, die Dolomiten, die Prosecco-Stra\u00dfe - Passion 4 Travel","robots":{"index":"index","follow":"follow","max-snippet":"max-snippet:-1","max-image-preview":"max-image-preview:large","max-video-preview":"max-video-preview:-1"},"canonical":"https:\/\/passion4travel.it\/de\/element\/gruppenreisen\/motorradtouren\/asiago-der-gardasee-die-dolomiten-die-prosecco-strasse\/","og_locale":"de_DE","og_type":"article","og_title":"Asiago, der Gardasee, die Dolomiten, die Prosecco-Stra\u00dfe - Passion 4 Travel","og_description":"4 Motorrad-Tage durch die Region Venetien, von den Bergp\u00e4ssen auf 2.400 m Meeresh\u00f6he bis zu den H\u00fcgeln, und schlie\u00dflich bis zum wundersch\u00f6nen Gardasee. Die Rundfahrt, die in Asiago oder in...","og_url":"https:\/\/passion4travel.it\/de\/element\/gruppenreisen\/motorradtouren\/asiago-der-gardasee-die-dolomiten-die-prosecco-strasse\/","og_site_name":"Passion 4 Travel","article_modified_time":"2024-04-12T19:30:38+00:00","og_image":[{"width":1000,"height":600,"url":"https:\/\/passion4travel.it\/wp-content\/uploads\/2024\/04\/passion4travel_moto_tour_asiago_lago_di_garda_dolomiti_strada_del_prosecco_1.jpg","type":"image\/jpeg"}],"twitter_card":"summary_large_image","twitter_misc":{"Gesch\u00e4tzte Lesezeit":"1\u00a0Minute"},"schema":{"@context":"https:\/\/schema.org","@graph":[{"@type":"WebPage","@id":"https:\/\/passion4travel.it\/de\/element\/gruppenreisen\/motorradtouren\/asiago-der-gardasee-die-dolomiten-die-prosecco-strasse\/","url":"https:\/\/passion4travel.it\/de\/element\/gruppenreisen\/motorradtouren\/asiago-der-gardasee-die-dolomiten-die-prosecco-strasse\/","name":"Asiago, der Gardasee, die Dolomiten, die Prosecco-Stra\u00dfe - Passion 4 Travel","isPartOf":{"@id":"https:\/\/passion4travel.it\/de\/#website"},"primaryImageOfPage":{"@id":"https:\/\/passion4travel.it\/de\/element\/gruppenreisen\/motorradtouren\/asiago-der-gardasee-die-dolomiten-die-prosecco-strasse\/#primaryimage"},"image":{"@id":"https:\/\/passion4travel.it\/de\/element\/gruppenreisen\/motorradtouren\/asiago-der-gardasee-die-dolomiten-die-prosecco-strasse\/#primaryimage"},"thumbnailUrl":"https:\/\/passion4travel.it\/wp-content\/uploads\/2024\/04\/passion4travel_moto_tour_asiago_lago_di_garda_dolomiti_strada_del_prosecco_1.jpg","datePublished":"2024-04-05T14:10:43+00:00","dateModified":"2024-04-12T19:30:38+00:00","breadcrumb":{"@id":"https:\/\/passion4travel.it\/de\/element\/gruppenreisen\/motorradtouren\/asiago-der-gardasee-die-dolomiten-die-prosecco-strasse\/#breadcrumb"},"inLanguage":"de","potentialAction":[{"@type":"ReadAction","target":["https:\/\/passion4travel.it\/de\/element\/gruppenreisen\/motorradtouren\/asiago-der-gardasee-die-dolomiten-die-prosecco-strasse\/"]}]},{"@type":"ImageObject","inLanguage":"de","@id":"https:\/\/passion4travel.it\/de\/element\/gruppenreisen\/motorradtouren\/asiago-der-gardasee-die-dolomiten-die-prosecco-strasse\/#primaryimage","url":"https:\/\/passion4travel.it\/wp-content\/uploads\/2024\/04\/passion4travel_moto_tour_asiago_lago_di_garda_dolomiti_strada_del_prosecco_1.jpg","contentUrl":"https:\/\/passion4travel.it\/wp-content\/uploads\/2024\/04\/passion4travel_moto_tour_asiago_lago_di_garda_dolomiti_strada_del_prosecco_1.jpg","width":1000,"height":600},{"@type":"BreadcrumbList","@id":"https:\/\/passion4travel.it\/de\/element\/gruppenreisen\/motorradtouren\/asiago-der-gardasee-die-dolomiten-die-prosecco-strasse\/#breadcrumb","itemListElement":[{"@type":"ListItem","position":1,"name":"Home","item":"https:\/\/passion4travel.it\/de\/"},{"@type":"ListItem","position":2,"name":"Produkte","item":"https:\/\/passion4travel.it\/de\/shop\/"},{"@type":"ListItem","position":3,"name":"Asiago, der Gardasee, die Dolomiten, die Prosecco-Stra\u00dfe"}]},{"@type":"WebSite","@id":"https:\/\/passion4travel.it\/de\/#website","url":"https:\/\/passion4travel.it\/de\/","name":"Passion 4 Travel","description":"Tour Operator con sede nelle Colline del Prosecco Conegliano Valdobbiadene che sviluppa e propone tour guidati e servizi turistici che soddisfano ogni passione.","potentialAction":[{"@type":"SearchAction","target":{"@type":"EntryPoint","urlTemplate":"https:\/\/passion4travel.it\/de\/?s={search_term_string}"},"query-input":{"@type":"PropertyValueSpecification","valueRequired":true,"valueName":"search_term_string"}}],"inLanguage":"de"}]}},"_links":{"self":[{"href":"https:\/\/passion4travel.it\/de\/wp-json\/wp\/v2\/product\/7807","targetHints":{"allow":["GET"]}}],"collection":[{"href":"https:\/\/passion4travel.it\/de\/wp-json\/wp\/v2\/product"}],"about":[{"href":"https:\/\/passion4travel.it\/de\/wp-json\/wp\/v2\/types\/product"}],"wp:featuredmedia":[{"embeddable":true,"href":"https:\/\/passion4travel.it\/de\/wp-json\/wp\/v2\/media\/6860"}],"wp:attachment":[{"href":"https:\/\/passion4travel.it\/de\/wp-json\/wp\/v2\/media?parent=7807"}],"wp:term":[{"taxonomy":"product_brand","embeddable":true,"href":"https:\/\/passion4travel.it\/de\/wp-json\/wp\/v2\/product_brand?post=7807"},{"taxonomy":"product_cat","embeddable":true,"href":"https:\/\/passion4travel.it\/de\/wp-json\/wp\/v2\/product_cat?post=7807"},{"taxonomy":"product_tag","embeddable":true,"href":"https:\/\/passion4travel.it\/de\/wp-json\/wp\/v2\/product_tag?post=7807"}],"curies":[{"name":"wp","href":"https:\/\/api.w.org\/{rel}","templated":true}]}}