{"id":7810,"date":"2024-04-05T16:11:52","date_gmt":"2024-04-05T14:11:52","guid":{"rendered":"https:\/\/www.passion4travel.it\/elemento\/unkategorisiert\/dolomiti-prosecco-venezia\/"},"modified":"2024-04-12T21:31:34","modified_gmt":"2024-04-12T19:31:34","slug":"dolomiten-prosecco-venedig","status":"publish","type":"product","link":"https:\/\/passion4travel.it\/de\/element\/gruppenreisen\/motorradtouren\/dolomiten-prosecco-venedig\/","title":{"rendered":"Dolomiten, Prosecco, Venedig"},"content":{"rendered":"<p>3 Tage auf dem Motorrad, von der majest\u00e4tischen Marmolada mit ihren 3343 m Meeresh\u00f6he bis Venedig, wo es einen Aperitif auf dem Schiff geben wird.<\/p>\n<p>Die Rundfahrt beginnt je nach Wunsch der Gruppe und ber\u00fchrt Cortina, das Obere Gadertal, die Marmolada, den Monte Grappa und die Prosecco-H\u00fcgel.<br \/>\nDer Abschluss ist nat\u00fcrlich Venedig gewidmet, das mit einem Bustransfer erreicht wird.<br \/>\nIn der N\u00e4he von Venedig wird ein unvergesslicher Aperitif auf dem Schiff angeboten.<\/p>\n<p><strong>Vorschlag<\/strong>: Unterkunft in einem 3 &#8211; 4 Sterne-Hotel, gepr\u00fcfter und motorisierter Tourbegleiter, Halbpension, 2 Besuche in Weinkellereien. Es k\u00f6nnen weitere Dienstleistungen f\u00fcr die Anreise nach Venedig, die Reinigung der Motorr\u00e4der, das Trocknen der Kleidung und die Kommunikation in der Gruppe \u00fcber Funkger\u00e4te in Anspruch genommen werden.<\/p>\n","protected":false},"excerpt":{"rendered":"<p>3 Tage auf dem Motorrad, von der majest\u00e4tischen Marmolada mit ihren 3343 m Meeresh\u00f6he bis Venedig, wo es einen Aperitif auf dem Schiff geben wird. Die Rundfahrt beginnt je nach&#8230;<\/p>\n","protected":false},"featured_media":6878,"template":"","meta":[],"product_brand":[],"product_cat":[86],"product_tag":[],"class_list":{"0":"post-7810","1":"product","2":"type-product","3":"status-publish","4":"has-post-thumbnail","6":"product_cat-motorradtouren","8":"first","9":"instock","10":"virtual","11":"sold-individually","12":"purchasable","13":"product-type-simple"},"yoast_head":"<!-- This site is optimized with the Yoast SEO plugin v27.0 - https:\/\/yoast.com\/product\/yoast-seo-wordpress\/ -->\n<title>Dolomiten, Prosecco, Venedig - Passion 4 Travel<\/title>\n<meta name=\"robots\" content=\"index, follow, max-snippet:-1, max-image-preview:large, max-video-preview:-1\" \/>\n<link rel=\"canonical\" href=\"https:\/\/passion4travel.it\/de\/element\/gruppenreisen\/motorradtouren\/dolomiten-prosecco-venedig\/\" \/>\n<meta property=\"og:locale\" content=\"de_DE\" \/>\n<meta property=\"og:type\" content=\"article\" \/>\n<meta property=\"og:title\" content=\"Dolomiten, Prosecco, Venedig - Passion 4 Travel\" \/>\n<meta property=\"og:description\" content=\"3 Tage auf dem Motorrad, von der majest\u00e4tischen Marmolada mit ihren 3343 m Meeresh\u00f6he bis Venedig, wo es einen Aperitif auf dem Schiff geben wird. Die Rundfahrt beginnt je nach...\" \/>\n<meta property=\"og:url\" content=\"https:\/\/passion4travel.it\/de\/element\/gruppenreisen\/motorradtouren\/dolomiten-prosecco-venedig\/\" \/>\n<meta property=\"og:site_name\" content=\"Passion 4 Travel\" \/>\n<meta property=\"article:modified_time\" content=\"2024-04-12T19:31:34+00:00\" \/>\n<meta property=\"og:image\" content=\"https:\/\/passion4travel.it\/wp-content\/uploads\/2024\/04\/passion4travel_moto_tour_dolomiti_prosecco_venezia_1.jpg\" \/>\n\t<meta property=\"og:image:width\" content=\"1000\" \/>\n\t<meta property=\"og:image:height\" content=\"600\" \/>\n\t<meta property=\"og:image:type\" content=\"image\/jpeg\" \/>\n<meta name=\"twitter:card\" content=\"summary_large_image\" \/>\n<meta name=\"twitter:label1\" content=\"Gesch\u00e4tzte Lesezeit\" \/>\n\t<meta name=\"twitter:data1\" content=\"1\u00a0Minute\" \/>\n<script type=\"application\/ld+json\" class=\"yoast-schema-graph\">{\"@context\":\"https:\/\/schema.org\",\"@graph\":[{\"@type\":\"WebPage\",\"@id\":\"https:\/\/passion4travel.it\/de\/element\/gruppenreisen\/motorradtouren\/dolomiten-prosecco-venedig\/\",\"url\":\"https:\/\/passion4travel.it\/de\/element\/gruppenreisen\/motorradtouren\/dolomiten-prosecco-venedig\/\",\"name\":\"Dolomiten, Prosecco, Venedig - Passion 4 Travel\",\"isPartOf\":{\"@id\":\"https:\/\/passion4travel.it\/de\/#website\"},\"primaryImageOfPage\":{\"@id\":\"https:\/\/passion4travel.it\/de\/element\/gruppenreisen\/motorradtouren\/dolomiten-prosecco-venedig\/#primaryimage\"},\"image\":{\"@id\":\"https:\/\/passion4travel.it\/de\/element\/gruppenreisen\/motorradtouren\/dolomiten-prosecco-venedig\/#primaryimage\"},\"thumbnailUrl\":\"https:\/\/passion4travel.it\/wp-content\/uploads\/2024\/04\/passion4travel_moto_tour_dolomiti_prosecco_venezia_1.jpg\",\"datePublished\":\"2024-04-05T14:11:52+00:00\",\"dateModified\":\"2024-04-12T19:31:34+00:00\",\"breadcrumb\":{\"@id\":\"https:\/\/passion4travel.it\/de\/element\/gruppenreisen\/motorradtouren\/dolomiten-prosecco-venedig\/#breadcrumb\"},\"inLanguage\":\"de\",\"potentialAction\":[{\"@type\":\"ReadAction\",\"target\":[\"https:\/\/passion4travel.it\/de\/element\/gruppenreisen\/motorradtouren\/dolomiten-prosecco-venedig\/\"]}]},{\"@type\":\"ImageObject\",\"inLanguage\":\"de\",\"@id\":\"https:\/\/passion4travel.it\/de\/element\/gruppenreisen\/motorradtouren\/dolomiten-prosecco-venedig\/#primaryimage\",\"url\":\"https:\/\/passion4travel.it\/wp-content\/uploads\/2024\/04\/passion4travel_moto_tour_dolomiti_prosecco_venezia_1.jpg\",\"contentUrl\":\"https:\/\/passion4travel.it\/wp-content\/uploads\/2024\/04\/passion4travel_moto_tour_dolomiti_prosecco_venezia_1.jpg\",\"width\":1000,\"height\":600},{\"@type\":\"BreadcrumbList\",\"@id\":\"https:\/\/passion4travel.it\/de\/element\/gruppenreisen\/motorradtouren\/dolomiten-prosecco-venedig\/#breadcrumb\",\"itemListElement\":[{\"@type\":\"ListItem\",\"position\":1,\"name\":\"Home\",\"item\":\"https:\/\/passion4travel.it\/de\/\"},{\"@type\":\"ListItem\",\"position\":2,\"name\":\"Produkte\",\"item\":\"https:\/\/passion4travel.it\/de\/shop\/\"},{\"@type\":\"ListItem\",\"position\":3,\"name\":\"Dolomiten, Prosecco, Venedig\"}]},{\"@type\":\"WebSite\",\"@id\":\"https:\/\/passion4travel.it\/de\/#website\",\"url\":\"https:\/\/passion4travel.it\/de\/\",\"name\":\"Passion 4 Travel\",\"description\":\"Tour Operator con sede nelle Colline del Prosecco Conegliano Valdobbiadene che sviluppa e propone tour guidati e servizi turistici che soddisfano ogni passione.\",\"potentialAction\":[{\"@type\":\"SearchAction\",\"target\":{\"@type\":\"EntryPoint\",\"urlTemplate\":\"https:\/\/passion4travel.it\/de\/?s={search_term_string}\"},\"query-input\":{\"@type\":\"PropertyValueSpecification\",\"valueRequired\":true,\"valueName\":\"search_term_string\"}}],\"inLanguage\":\"de\"}]}<\/script>\n<!-- \/ Yoast SEO plugin. -->","yoast_head_json":{"title":"Dolomiten, Prosecco, Venedig - Passion 4 Travel","robots":{"index":"index","follow":"follow","max-snippet":"max-snippet:-1","max-image-preview":"max-image-preview:large","max-video-preview":"max-video-preview:-1"},"canonical":"https:\/\/passion4travel.it\/de\/element\/gruppenreisen\/motorradtouren\/dolomiten-prosecco-venedig\/","og_locale":"de_DE","og_type":"article","og_title":"Dolomiten, Prosecco, Venedig - Passion 4 Travel","og_description":"3 Tage auf dem Motorrad, von der majest\u00e4tischen Marmolada mit ihren 3343 m Meeresh\u00f6he bis Venedig, wo es einen Aperitif auf dem Schiff geben wird. Die Rundfahrt beginnt je nach...","og_url":"https:\/\/passion4travel.it\/de\/element\/gruppenreisen\/motorradtouren\/dolomiten-prosecco-venedig\/","og_site_name":"Passion 4 Travel","article_modified_time":"2024-04-12T19:31:34+00:00","og_image":[{"width":1000,"height":600,"url":"https:\/\/passion4travel.it\/wp-content\/uploads\/2024\/04\/passion4travel_moto_tour_dolomiti_prosecco_venezia_1.jpg","type":"image\/jpeg"}],"twitter_card":"summary_large_image","twitter_misc":{"Gesch\u00e4tzte Lesezeit":"1\u00a0Minute"},"schema":{"@context":"https:\/\/schema.org","@graph":[{"@type":"WebPage","@id":"https:\/\/passion4travel.it\/de\/element\/gruppenreisen\/motorradtouren\/dolomiten-prosecco-venedig\/","url":"https:\/\/passion4travel.it\/de\/element\/gruppenreisen\/motorradtouren\/dolomiten-prosecco-venedig\/","name":"Dolomiten, Prosecco, Venedig - Passion 4 Travel","isPartOf":{"@id":"https:\/\/passion4travel.it\/de\/#website"},"primaryImageOfPage":{"@id":"https:\/\/passion4travel.it\/de\/element\/gruppenreisen\/motorradtouren\/dolomiten-prosecco-venedig\/#primaryimage"},"image":{"@id":"https:\/\/passion4travel.it\/de\/element\/gruppenreisen\/motorradtouren\/dolomiten-prosecco-venedig\/#primaryimage"},"thumbnailUrl":"https:\/\/passion4travel.it\/wp-content\/uploads\/2024\/04\/passion4travel_moto_tour_dolomiti_prosecco_venezia_1.jpg","datePublished":"2024-04-05T14:11:52+00:00","dateModified":"2024-04-12T19:31:34+00:00","breadcrumb":{"@id":"https:\/\/passion4travel.it\/de\/element\/gruppenreisen\/motorradtouren\/dolomiten-prosecco-venedig\/#breadcrumb"},"inLanguage":"de","potentialAction":[{"@type":"ReadAction","target":["https:\/\/passion4travel.it\/de\/element\/gruppenreisen\/motorradtouren\/dolomiten-prosecco-venedig\/"]}]},{"@type":"ImageObject","inLanguage":"de","@id":"https:\/\/passion4travel.it\/de\/element\/gruppenreisen\/motorradtouren\/dolomiten-prosecco-venedig\/#primaryimage","url":"https:\/\/passion4travel.it\/wp-content\/uploads\/2024\/04\/passion4travel_moto_tour_dolomiti_prosecco_venezia_1.jpg","contentUrl":"https:\/\/passion4travel.it\/wp-content\/uploads\/2024\/04\/passion4travel_moto_tour_dolomiti_prosecco_venezia_1.jpg","width":1000,"height":600},{"@type":"BreadcrumbList","@id":"https:\/\/passion4travel.it\/de\/element\/gruppenreisen\/motorradtouren\/dolomiten-prosecco-venedig\/#breadcrumb","itemListElement":[{"@type":"ListItem","position":1,"name":"Home","item":"https:\/\/passion4travel.it\/de\/"},{"@type":"ListItem","position":2,"name":"Produkte","item":"https:\/\/passion4travel.it\/de\/shop\/"},{"@type":"ListItem","position":3,"name":"Dolomiten, Prosecco, Venedig"}]},{"@type":"WebSite","@id":"https:\/\/passion4travel.it\/de\/#website","url":"https:\/\/passion4travel.it\/de\/","name":"Passion 4 Travel","description":"Tour Operator con sede nelle Colline del Prosecco Conegliano Valdobbiadene che sviluppa e propone tour guidati e servizi turistici che soddisfano ogni passione.","potentialAction":[{"@type":"SearchAction","target":{"@type":"EntryPoint","urlTemplate":"https:\/\/passion4travel.it\/de\/?s={search_term_string}"},"query-input":{"@type":"PropertyValueSpecification","valueRequired":true,"valueName":"search_term_string"}}],"inLanguage":"de"}]}},"_links":{"self":[{"href":"https:\/\/passion4travel.it\/de\/wp-json\/wp\/v2\/product\/7810","targetHints":{"allow":["GET"]}}],"collection":[{"href":"https:\/\/passion4travel.it\/de\/wp-json\/wp\/v2\/product"}],"about":[{"href":"https:\/\/passion4travel.it\/de\/wp-json\/wp\/v2\/types\/product"}],"wp:featuredmedia":[{"embeddable":true,"href":"https:\/\/passion4travel.it\/de\/wp-json\/wp\/v2\/media\/6878"}],"wp:attachment":[{"href":"https:\/\/passion4travel.it\/de\/wp-json\/wp\/v2\/media?parent=7810"}],"wp:term":[{"taxonomy":"product_brand","embeddable":true,"href":"https:\/\/passion4travel.it\/de\/wp-json\/wp\/v2\/product_brand?post=7810"},{"taxonomy":"product_cat","embeddable":true,"href":"https:\/\/passion4travel.it\/de\/wp-json\/wp\/v2\/product_cat?post=7810"},{"taxonomy":"product_tag","embeddable":true,"href":"https:\/\/passion4travel.it\/de\/wp-json\/wp\/v2\/product_tag?post=7810"}],"curies":[{"name":"wp","href":"https:\/\/api.w.org\/{rel}","templated":true}]}}