{"id":7815,"date":"2024-04-05T16:27:13","date_gmt":"2024-04-05T14:27:13","guid":{"rendered":"https:\/\/www.passion4travel.it\/elemento\/unkategorisiert\/altipiano-di-asiago-e-dintorni\/"},"modified":"2024-04-12T21:33:04","modified_gmt":"2024-04-12T19:33:04","slug":"die-hochebene-von-asiago-und-umgebung","status":"publish","type":"product","link":"https:\/\/passion4travel.it\/de\/element\/gruppenreisen\/vintage-autotouren\/die-hochebene-von-asiago-und-umgebung\/","title":{"rendered":"Die Hochebene von Asiago und Umgebung"},"content":{"rendered":"<p>3 Tage mit Start auf der Hochebene von Asiago, man f\u00e4hrt mit dem Auto durch hochgelegene Pinienw\u00e4lder und dann auf den Berggipfeln, auf den Spuren des Ersten Weltkriegs.<\/p>\n<p>Die Tour wird sich durch einen logistischen Startpunkt in Asiago entwickeln. Von diesem bekannten Ort aus erreicht man gleich Lavarone, den Bergpass \u201cdelle Fugazze\u201d und Schio, wo man das Mittagessen genie\u00dfen wird. Die R\u00fcckfahrt wird durch den Besuch einer K\u00e4serei spannend gestaltet.<br \/>\nVon Asiago aus f\u00fchrt die Tour am zweiten Tag nach Rozzo, zu den Festungen von Primolano, nach Cima Grappa auf den Spuren des Ersten Weltkriegs.<br \/>\nAm dritten Tag besteht die M\u00f6glichkeit, zwischen dem Prosecco-Gebiet und einem Golftag in Asiago zu w\u00e4hlen.<\/p>\n<p><strong>Vorschlag<\/strong>: Unterkunft in einem 3-4 Sterne-Hotel, gepr\u00fcfte Sprachf\u00fchrung, Halbpension, zwei Besuche in Weinkellern, eine Besichtigung des Schlosses.<\/p>\n","protected":false},"excerpt":{"rendered":"<p>3 Tage mit Start auf der Hochebene von Asiago, man f\u00e4hrt mit dem Auto durch hochgelegene Pinienw\u00e4lder und dann auf den Berggipfeln, auf den Spuren des Ersten Weltkriegs. Die Tour&#8230;<\/p>\n","protected":false},"featured_media":6932,"template":"","meta":[],"product_brand":[],"product_cat":[83],"product_tag":[],"class_list":{"0":"post-7815","1":"product","2":"type-product","3":"status-publish","4":"has-post-thumbnail","6":"product_cat-vintage-autotouren","8":"first","9":"instock","10":"virtual","11":"sold-individually","12":"purchasable","13":"product-type-simple"},"yoast_head":"<!-- This site is optimized with the Yoast SEO plugin v27.0 - https:\/\/yoast.com\/product\/yoast-seo-wordpress\/ -->\n<title>Die Hochebene von Asiago und Umgebung - Passion 4 Travel<\/title>\n<meta name=\"robots\" content=\"index, follow, max-snippet:-1, max-image-preview:large, max-video-preview:-1\" \/>\n<link rel=\"canonical\" href=\"https:\/\/passion4travel.it\/de\/element\/gruppenreisen\/vintage-autotouren\/die-hochebene-von-asiago-und-umgebung\/\" \/>\n<meta property=\"og:locale\" content=\"de_DE\" \/>\n<meta property=\"og:type\" content=\"article\" \/>\n<meta property=\"og:title\" content=\"Die Hochebene von Asiago und Umgebung - Passion 4 Travel\" \/>\n<meta property=\"og:description\" content=\"3 Tage mit Start auf der Hochebene von Asiago, man f\u00e4hrt mit dem Auto durch hochgelegene Pinienw\u00e4lder und dann auf den Berggipfeln, auf den Spuren des Ersten Weltkriegs. Die Tour...\" \/>\n<meta property=\"og:url\" content=\"https:\/\/passion4travel.it\/de\/element\/gruppenreisen\/vintage-autotouren\/die-hochebene-von-asiago-und-umgebung\/\" \/>\n<meta property=\"og:site_name\" content=\"Passion 4 Travel\" \/>\n<meta property=\"article:modified_time\" content=\"2024-04-12T19:33:04+00:00\" \/>\n<meta property=\"og:image\" content=\"https:\/\/passion4travel.it\/wp-content\/uploads\/2024\/04\/passion4travel_auto_d_epoca_tour_altipiano_di_asiago_e_dintorni1.jpg\" \/>\n\t<meta property=\"og:image:width\" content=\"1000\" \/>\n\t<meta property=\"og:image:height\" content=\"600\" \/>\n\t<meta property=\"og:image:type\" content=\"image\/jpeg\" \/>\n<meta name=\"twitter:card\" content=\"summary_large_image\" \/>\n<meta name=\"twitter:label1\" content=\"Gesch\u00e4tzte Lesezeit\" \/>\n\t<meta name=\"twitter:data1\" content=\"1\u00a0Minute\" \/>\n<script type=\"application\/ld+json\" class=\"yoast-schema-graph\">{\"@context\":\"https:\/\/schema.org\",\"@graph\":[{\"@type\":\"WebPage\",\"@id\":\"https:\/\/passion4travel.it\/de\/element\/gruppenreisen\/vintage-autotouren\/die-hochebene-von-asiago-und-umgebung\/\",\"url\":\"https:\/\/passion4travel.it\/de\/element\/gruppenreisen\/vintage-autotouren\/die-hochebene-von-asiago-und-umgebung\/\",\"name\":\"Die Hochebene von Asiago und Umgebung - Passion 4 Travel\",\"isPartOf\":{\"@id\":\"https:\/\/passion4travel.it\/de\/#website\"},\"primaryImageOfPage\":{\"@id\":\"https:\/\/passion4travel.it\/de\/element\/gruppenreisen\/vintage-autotouren\/die-hochebene-von-asiago-und-umgebung\/#primaryimage\"},\"image\":{\"@id\":\"https:\/\/passion4travel.it\/de\/element\/gruppenreisen\/vintage-autotouren\/die-hochebene-von-asiago-und-umgebung\/#primaryimage\"},\"thumbnailUrl\":\"https:\/\/passion4travel.it\/wp-content\/uploads\/2024\/04\/passion4travel_auto_d_epoca_tour_altipiano_di_asiago_e_dintorni1.jpg\",\"datePublished\":\"2024-04-05T14:27:13+00:00\",\"dateModified\":\"2024-04-12T19:33:04+00:00\",\"breadcrumb\":{\"@id\":\"https:\/\/passion4travel.it\/de\/element\/gruppenreisen\/vintage-autotouren\/die-hochebene-von-asiago-und-umgebung\/#breadcrumb\"},\"inLanguage\":\"de\",\"potentialAction\":[{\"@type\":\"ReadAction\",\"target\":[\"https:\/\/passion4travel.it\/de\/element\/gruppenreisen\/vintage-autotouren\/die-hochebene-von-asiago-und-umgebung\/\"]}]},{\"@type\":\"ImageObject\",\"inLanguage\":\"de\",\"@id\":\"https:\/\/passion4travel.it\/de\/element\/gruppenreisen\/vintage-autotouren\/die-hochebene-von-asiago-und-umgebung\/#primaryimage\",\"url\":\"https:\/\/passion4travel.it\/wp-content\/uploads\/2024\/04\/passion4travel_auto_d_epoca_tour_altipiano_di_asiago_e_dintorni1.jpg\",\"contentUrl\":\"https:\/\/passion4travel.it\/wp-content\/uploads\/2024\/04\/passion4travel_auto_d_epoca_tour_altipiano_di_asiago_e_dintorni1.jpg\",\"width\":1000,\"height\":600,\"caption\":\"Canove di Roana-Asiago plateau\"},{\"@type\":\"BreadcrumbList\",\"@id\":\"https:\/\/passion4travel.it\/de\/element\/gruppenreisen\/vintage-autotouren\/die-hochebene-von-asiago-und-umgebung\/#breadcrumb\",\"itemListElement\":[{\"@type\":\"ListItem\",\"position\":1,\"name\":\"Home\",\"item\":\"https:\/\/passion4travel.it\/de\/\"},{\"@type\":\"ListItem\",\"position\":2,\"name\":\"Produkte\",\"item\":\"https:\/\/passion4travel.it\/de\/shop\/\"},{\"@type\":\"ListItem\",\"position\":3,\"name\":\"Die Hochebene von Asiago und Umgebung\"}]},{\"@type\":\"WebSite\",\"@id\":\"https:\/\/passion4travel.it\/de\/#website\",\"url\":\"https:\/\/passion4travel.it\/de\/\",\"name\":\"Passion 4 Travel\",\"description\":\"Tour Operator con sede nelle Colline del Prosecco Conegliano Valdobbiadene che sviluppa e propone tour guidati e servizi turistici che soddisfano ogni passione.\",\"potentialAction\":[{\"@type\":\"SearchAction\",\"target\":{\"@type\":\"EntryPoint\",\"urlTemplate\":\"https:\/\/passion4travel.it\/de\/?s={search_term_string}\"},\"query-input\":{\"@type\":\"PropertyValueSpecification\",\"valueRequired\":true,\"valueName\":\"search_term_string\"}}],\"inLanguage\":\"de\"}]}<\/script>\n<!-- \/ Yoast SEO plugin. -->","yoast_head_json":{"title":"Die Hochebene von Asiago und Umgebung - Passion 4 Travel","robots":{"index":"index","follow":"follow","max-snippet":"max-snippet:-1","max-image-preview":"max-image-preview:large","max-video-preview":"max-video-preview:-1"},"canonical":"https:\/\/passion4travel.it\/de\/element\/gruppenreisen\/vintage-autotouren\/die-hochebene-von-asiago-und-umgebung\/","og_locale":"de_DE","og_type":"article","og_title":"Die Hochebene von Asiago und Umgebung - Passion 4 Travel","og_description":"3 Tage mit Start auf der Hochebene von Asiago, man f\u00e4hrt mit dem Auto durch hochgelegene Pinienw\u00e4lder und dann auf den Berggipfeln, auf den Spuren des Ersten Weltkriegs. Die Tour...","og_url":"https:\/\/passion4travel.it\/de\/element\/gruppenreisen\/vintage-autotouren\/die-hochebene-von-asiago-und-umgebung\/","og_site_name":"Passion 4 Travel","article_modified_time":"2024-04-12T19:33:04+00:00","og_image":[{"width":1000,"height":600,"url":"https:\/\/passion4travel.it\/wp-content\/uploads\/2024\/04\/passion4travel_auto_d_epoca_tour_altipiano_di_asiago_e_dintorni1.jpg","type":"image\/jpeg"}],"twitter_card":"summary_large_image","twitter_misc":{"Gesch\u00e4tzte Lesezeit":"1\u00a0Minute"},"schema":{"@context":"https:\/\/schema.org","@graph":[{"@type":"WebPage","@id":"https:\/\/passion4travel.it\/de\/element\/gruppenreisen\/vintage-autotouren\/die-hochebene-von-asiago-und-umgebung\/","url":"https:\/\/passion4travel.it\/de\/element\/gruppenreisen\/vintage-autotouren\/die-hochebene-von-asiago-und-umgebung\/","name":"Die Hochebene von Asiago und Umgebung - Passion 4 Travel","isPartOf":{"@id":"https:\/\/passion4travel.it\/de\/#website"},"primaryImageOfPage":{"@id":"https:\/\/passion4travel.it\/de\/element\/gruppenreisen\/vintage-autotouren\/die-hochebene-von-asiago-und-umgebung\/#primaryimage"},"image":{"@id":"https:\/\/passion4travel.it\/de\/element\/gruppenreisen\/vintage-autotouren\/die-hochebene-von-asiago-und-umgebung\/#primaryimage"},"thumbnailUrl":"https:\/\/passion4travel.it\/wp-content\/uploads\/2024\/04\/passion4travel_auto_d_epoca_tour_altipiano_di_asiago_e_dintorni1.jpg","datePublished":"2024-04-05T14:27:13+00:00","dateModified":"2024-04-12T19:33:04+00:00","breadcrumb":{"@id":"https:\/\/passion4travel.it\/de\/element\/gruppenreisen\/vintage-autotouren\/die-hochebene-von-asiago-und-umgebung\/#breadcrumb"},"inLanguage":"de","potentialAction":[{"@type":"ReadAction","target":["https:\/\/passion4travel.it\/de\/element\/gruppenreisen\/vintage-autotouren\/die-hochebene-von-asiago-und-umgebung\/"]}]},{"@type":"ImageObject","inLanguage":"de","@id":"https:\/\/passion4travel.it\/de\/element\/gruppenreisen\/vintage-autotouren\/die-hochebene-von-asiago-und-umgebung\/#primaryimage","url":"https:\/\/passion4travel.it\/wp-content\/uploads\/2024\/04\/passion4travel_auto_d_epoca_tour_altipiano_di_asiago_e_dintorni1.jpg","contentUrl":"https:\/\/passion4travel.it\/wp-content\/uploads\/2024\/04\/passion4travel_auto_d_epoca_tour_altipiano_di_asiago_e_dintorni1.jpg","width":1000,"height":600,"caption":"Canove di Roana-Asiago plateau"},{"@type":"BreadcrumbList","@id":"https:\/\/passion4travel.it\/de\/element\/gruppenreisen\/vintage-autotouren\/die-hochebene-von-asiago-und-umgebung\/#breadcrumb","itemListElement":[{"@type":"ListItem","position":1,"name":"Home","item":"https:\/\/passion4travel.it\/de\/"},{"@type":"ListItem","position":2,"name":"Produkte","item":"https:\/\/passion4travel.it\/de\/shop\/"},{"@type":"ListItem","position":3,"name":"Die Hochebene von Asiago und Umgebung"}]},{"@type":"WebSite","@id":"https:\/\/passion4travel.it\/de\/#website","url":"https:\/\/passion4travel.it\/de\/","name":"Passion 4 Travel","description":"Tour Operator con sede nelle Colline del Prosecco Conegliano Valdobbiadene che sviluppa e propone tour guidati e servizi turistici che soddisfano ogni passione.","potentialAction":[{"@type":"SearchAction","target":{"@type":"EntryPoint","urlTemplate":"https:\/\/passion4travel.it\/de\/?s={search_term_string}"},"query-input":{"@type":"PropertyValueSpecification","valueRequired":true,"valueName":"search_term_string"}}],"inLanguage":"de"}]}},"_links":{"self":[{"href":"https:\/\/passion4travel.it\/de\/wp-json\/wp\/v2\/product\/7815","targetHints":{"allow":["GET"]}}],"collection":[{"href":"https:\/\/passion4travel.it\/de\/wp-json\/wp\/v2\/product"}],"about":[{"href":"https:\/\/passion4travel.it\/de\/wp-json\/wp\/v2\/types\/product"}],"wp:featuredmedia":[{"embeddable":true,"href":"https:\/\/passion4travel.it\/de\/wp-json\/wp\/v2\/media\/6932"}],"wp:attachment":[{"href":"https:\/\/passion4travel.it\/de\/wp-json\/wp\/v2\/media?parent=7815"}],"wp:term":[{"taxonomy":"product_brand","embeddable":true,"href":"https:\/\/passion4travel.it\/de\/wp-json\/wp\/v2\/product_brand?post=7815"},{"taxonomy":"product_cat","embeddable":true,"href":"https:\/\/passion4travel.it\/de\/wp-json\/wp\/v2\/product_cat?post=7815"},{"taxonomy":"product_tag","embeddable":true,"href":"https:\/\/passion4travel.it\/de\/wp-json\/wp\/v2\/product_tag?post=7815"}],"curies":[{"name":"wp","href":"https:\/\/api.w.org\/{rel}","templated":true}]}}