{"id":7467,"date":"2024-04-11T15:06:01","date_gmt":"2024-04-11T13:06:01","guid":{"rendered":"https:\/\/www.passion4travel.it\/elemento\/sin%20categor\u00eda\/opel-mokka-e-arancio\/"},"modified":"2024-04-12T15:25:13","modified_gmt":"2024-04-12T13:25:13","slug":"opel-mokka-e-naranja","status":"publish","type":"product","link":"https:\/\/passion4travel.it\/es\/elemento\/alquiler\/autos-electricos\/opel-mokka-e-naranja\/","title":{"rendered":"Opel Mokka-e Naranja"},"content":{"rendered":"<p>Lo el\u00e9ctrico nunca ha sido tan atrevido. Desde un dise\u00f1o ic\u00f3nico hasta una tecnolog\u00eda innovadora y una experiencia de conducci\u00f3n emocionante, Mokka Electric es un concentrado de energ\u00eda.<\/p>\n<p>Mokka te lleva a un nuevo nivel: destaca por su dise\u00f1o fresco y radical y su car\u00e1cter innovador. Desde las luces traseras Eco-LED hasta el Vizor en la parte delantera, esta es nuestra visi\u00f3n del futuro. El Opel Mokka Electric est\u00e1 propulsado por una eficiente bater\u00eda de iones de litio de 50 kWh: 216 celdas de alta densidad de energ\u00eda con gesti\u00f3n avanzada del calor garantizan una larga vida \u00fatil y una gran autonom\u00eda, ampliada mediante un frenado regenerativo optimizado.<\/p>\n<p>El motor 100% el\u00e9ctrico ofrece 260 Nm de par instant\u00e1neo que se traduce inmediatamente en potencia y mucha diversi\u00f3n desde el primer arranque. Mokka est\u00e1 listo para revolucionar tu vida cotidiana.<\/p>\n<p>Al levantar el pie del acelerador mientras conduce, el sistema de frenado regenerativo recupera energ\u00eda cin\u00e9tica para convertirla en mayor alcance. En la configuraci\u00f3n m\u00e1s alta (Modo B), la mayor\u00eda de los desplazamientos diarios se pueden realizar sin el uso de frenos tradicionales, lo que reduce el desgaste y los costos de mantenimiento asociados.<\/p>\n","protected":false},"excerpt":{"rendered":"<p>Lo el\u00e9ctrico nunca ha sido tan atrevido. Desde un dise\u00f1o ic\u00f3nico hasta una tecnolog\u00eda innovadora y una experiencia de conducci\u00f3n emocionante, Mokka Electric es un concentrado de energ\u00eda. Mokka te&#8230;<\/p>\n","protected":false},"featured_media":7317,"template":"","meta":[],"product_brand":[],"product_cat":[89],"product_tag":[],"class_list":{"0":"post-7467","1":"product","2":"type-product","3":"status-publish","4":"has-post-thumbnail","6":"product_cat-autos-electricos","8":"first","9":"instock","10":"virtual","11":"sold-individually","12":"purchasable","13":"product-type-simple"},"yoast_head":"<!-- This site is optimized with the Yoast SEO plugin v27.0 - https:\/\/yoast.com\/product\/yoast-seo-wordpress\/ -->\n<title>Opel Mokka-e Naranja - Passion 4 Travel<\/title>\n<meta name=\"robots\" content=\"index, follow, max-snippet:-1, max-image-preview:large, max-video-preview:-1\" \/>\n<link rel=\"canonical\" href=\"https:\/\/passion4travel.it\/es\/elemento\/alquiler\/autos-electricos\/opel-mokka-e-naranja\/\" \/>\n<meta property=\"og:locale\" content=\"es_ES\" \/>\n<meta property=\"og:type\" content=\"article\" \/>\n<meta property=\"og:title\" content=\"Opel Mokka-e Naranja - Passion 4 Travel\" \/>\n<meta property=\"og:description\" content=\"Lo el\u00e9ctrico nunca ha sido tan atrevido. Desde un dise\u00f1o ic\u00f3nico hasta una tecnolog\u00eda innovadora y una experiencia de conducci\u00f3n emocionante, Mokka Electric es un concentrado de energ\u00eda. Mokka te...\" \/>\n<meta property=\"og:url\" content=\"https:\/\/passion4travel.it\/es\/elemento\/alquiler\/autos-electricos\/opel-mokka-e-naranja\/\" \/>\n<meta property=\"og:site_name\" content=\"Passion 4 Travel\" \/>\n<meta property=\"article:modified_time\" content=\"2024-04-12T13:25:13+00:00\" \/>\n<meta property=\"og:image\" content=\"https:\/\/passion4travel.it\/wp-content\/uploads\/2024\/04\/passion4travel_noleggio_auto_elettriche_opel_mokka-e_vorne_6.jpg\" \/>\n\t<meta property=\"og:image:width\" content=\"1000\" \/>\n\t<meta property=\"og:image:height\" content=\"600\" \/>\n\t<meta property=\"og:image:type\" content=\"image\/jpeg\" \/>\n<meta name=\"twitter:card\" content=\"summary_large_image\" \/>\n<meta name=\"twitter:label1\" content=\"Tiempo de lectura\" \/>\n\t<meta name=\"twitter:data1\" content=\"2 minutos\" \/>\n<script type=\"application\/ld+json\" class=\"yoast-schema-graph\">{\"@context\":\"https:\/\/schema.org\",\"@graph\":[{\"@type\":\"WebPage\",\"@id\":\"https:\/\/passion4travel.it\/es\/elemento\/alquiler\/autos-electricos\/opel-mokka-e-naranja\/\",\"url\":\"https:\/\/passion4travel.it\/es\/elemento\/alquiler\/autos-electricos\/opel-mokka-e-naranja\/\",\"name\":\"Opel Mokka-e Naranja - Passion 4 Travel\",\"isPartOf\":{\"@id\":\"https:\/\/passion4travel.it\/es\/#website\"},\"primaryImageOfPage\":{\"@id\":\"https:\/\/passion4travel.it\/es\/elemento\/alquiler\/autos-electricos\/opel-mokka-e-naranja\/#primaryimage\"},\"image\":{\"@id\":\"https:\/\/passion4travel.it\/es\/elemento\/alquiler\/autos-electricos\/opel-mokka-e-naranja\/#primaryimage\"},\"thumbnailUrl\":\"https:\/\/passion4travel.it\/wp-content\/uploads\/2024\/04\/passion4travel_noleggio_auto_elettriche_opel_mokka-e_vorne_6.jpg\",\"datePublished\":\"2024-04-11T13:06:01+00:00\",\"dateModified\":\"2024-04-12T13:25:13+00:00\",\"breadcrumb\":{\"@id\":\"https:\/\/passion4travel.it\/es\/elemento\/alquiler\/autos-electricos\/opel-mokka-e-naranja\/#breadcrumb\"},\"inLanguage\":\"es\",\"potentialAction\":[{\"@type\":\"ReadAction\",\"target\":[\"https:\/\/passion4travel.it\/es\/elemento\/alquiler\/autos-electricos\/opel-mokka-e-naranja\/\"]}]},{\"@type\":\"ImageObject\",\"inLanguage\":\"es\",\"@id\":\"https:\/\/passion4travel.it\/es\/elemento\/alquiler\/autos-electricos\/opel-mokka-e-naranja\/#primaryimage\",\"url\":\"https:\/\/passion4travel.it\/wp-content\/uploads\/2024\/04\/passion4travel_noleggio_auto_elettriche_opel_mokka-e_vorne_6.jpg\",\"contentUrl\":\"https:\/\/passion4travel.it\/wp-content\/uploads\/2024\/04\/passion4travel_noleggio_auto_elettriche_opel_mokka-e_vorne_6.jpg\",\"width\":1000,\"height\":600},{\"@type\":\"BreadcrumbList\",\"@id\":\"https:\/\/passion4travel.it\/es\/elemento\/alquiler\/autos-electricos\/opel-mokka-e-naranja\/#breadcrumb\",\"itemListElement\":[{\"@type\":\"ListItem\",\"position\":1,\"name\":\"Home\",\"item\":\"https:\/\/passion4travel.it\/es\/\"},{\"@type\":\"ListItem\",\"position\":2,\"name\":\"Productos\",\"item\":\"https:\/\/passion4travel.it\/es\/shop\/\"},{\"@type\":\"ListItem\",\"position\":3,\"name\":\"Opel Mokka-e Naranja\"}]},{\"@type\":\"WebSite\",\"@id\":\"https:\/\/passion4travel.it\/es\/#website\",\"url\":\"https:\/\/passion4travel.it\/es\/\",\"name\":\"Passion 4 Travel\",\"description\":\"Tour Operator con sede nelle Colline del Prosecco Conegliano Valdobbiadene che sviluppa e propone tour guidati e servizi turistici che soddisfano ogni passione.\",\"potentialAction\":[{\"@type\":\"SearchAction\",\"target\":{\"@type\":\"EntryPoint\",\"urlTemplate\":\"https:\/\/passion4travel.it\/es\/?s={search_term_string}\"},\"query-input\":{\"@type\":\"PropertyValueSpecification\",\"valueRequired\":true,\"valueName\":\"search_term_string\"}}],\"inLanguage\":\"es\"}]}<\/script>\n<!-- \/ Yoast SEO plugin. -->","yoast_head_json":{"title":"Opel Mokka-e Naranja - Passion 4 Travel","robots":{"index":"index","follow":"follow","max-snippet":"max-snippet:-1","max-image-preview":"max-image-preview:large","max-video-preview":"max-video-preview:-1"},"canonical":"https:\/\/passion4travel.it\/es\/elemento\/alquiler\/autos-electricos\/opel-mokka-e-naranja\/","og_locale":"es_ES","og_type":"article","og_title":"Opel Mokka-e Naranja - Passion 4 Travel","og_description":"Lo el\u00e9ctrico nunca ha sido tan atrevido. Desde un dise\u00f1o ic\u00f3nico hasta una tecnolog\u00eda innovadora y una experiencia de conducci\u00f3n emocionante, Mokka Electric es un concentrado de energ\u00eda. Mokka te...","og_url":"https:\/\/passion4travel.it\/es\/elemento\/alquiler\/autos-electricos\/opel-mokka-e-naranja\/","og_site_name":"Passion 4 Travel","article_modified_time":"2024-04-12T13:25:13+00:00","og_image":[{"width":1000,"height":600,"url":"https:\/\/passion4travel.it\/wp-content\/uploads\/2024\/04\/passion4travel_noleggio_auto_elettriche_opel_mokka-e_vorne_6.jpg","type":"image\/jpeg"}],"twitter_card":"summary_large_image","twitter_misc":{"Tiempo de lectura":"2 minutos"},"schema":{"@context":"https:\/\/schema.org","@graph":[{"@type":"WebPage","@id":"https:\/\/passion4travel.it\/es\/elemento\/alquiler\/autos-electricos\/opel-mokka-e-naranja\/","url":"https:\/\/passion4travel.it\/es\/elemento\/alquiler\/autos-electricos\/opel-mokka-e-naranja\/","name":"Opel Mokka-e Naranja - Passion 4 Travel","isPartOf":{"@id":"https:\/\/passion4travel.it\/es\/#website"},"primaryImageOfPage":{"@id":"https:\/\/passion4travel.it\/es\/elemento\/alquiler\/autos-electricos\/opel-mokka-e-naranja\/#primaryimage"},"image":{"@id":"https:\/\/passion4travel.it\/es\/elemento\/alquiler\/autos-electricos\/opel-mokka-e-naranja\/#primaryimage"},"thumbnailUrl":"https:\/\/passion4travel.it\/wp-content\/uploads\/2024\/04\/passion4travel_noleggio_auto_elettriche_opel_mokka-e_vorne_6.jpg","datePublished":"2024-04-11T13:06:01+00:00","dateModified":"2024-04-12T13:25:13+00:00","breadcrumb":{"@id":"https:\/\/passion4travel.it\/es\/elemento\/alquiler\/autos-electricos\/opel-mokka-e-naranja\/#breadcrumb"},"inLanguage":"es","potentialAction":[{"@type":"ReadAction","target":["https:\/\/passion4travel.it\/es\/elemento\/alquiler\/autos-electricos\/opel-mokka-e-naranja\/"]}]},{"@type":"ImageObject","inLanguage":"es","@id":"https:\/\/passion4travel.it\/es\/elemento\/alquiler\/autos-electricos\/opel-mokka-e-naranja\/#primaryimage","url":"https:\/\/passion4travel.it\/wp-content\/uploads\/2024\/04\/passion4travel_noleggio_auto_elettriche_opel_mokka-e_vorne_6.jpg","contentUrl":"https:\/\/passion4travel.it\/wp-content\/uploads\/2024\/04\/passion4travel_noleggio_auto_elettriche_opel_mokka-e_vorne_6.jpg","width":1000,"height":600},{"@type":"BreadcrumbList","@id":"https:\/\/passion4travel.it\/es\/elemento\/alquiler\/autos-electricos\/opel-mokka-e-naranja\/#breadcrumb","itemListElement":[{"@type":"ListItem","position":1,"name":"Home","item":"https:\/\/passion4travel.it\/es\/"},{"@type":"ListItem","position":2,"name":"Productos","item":"https:\/\/passion4travel.it\/es\/shop\/"},{"@type":"ListItem","position":3,"name":"Opel Mokka-e Naranja"}]},{"@type":"WebSite","@id":"https:\/\/passion4travel.it\/es\/#website","url":"https:\/\/passion4travel.it\/es\/","name":"Passion 4 Travel","description":"Tour Operator con sede nelle Colline del Prosecco Conegliano Valdobbiadene che sviluppa e propone tour guidati e servizi turistici che soddisfano ogni passione.","potentialAction":[{"@type":"SearchAction","target":{"@type":"EntryPoint","urlTemplate":"https:\/\/passion4travel.it\/es\/?s={search_term_string}"},"query-input":{"@type":"PropertyValueSpecification","valueRequired":true,"valueName":"search_term_string"}}],"inLanguage":"es"}]}},"_links":{"self":[{"href":"https:\/\/passion4travel.it\/es\/wp-json\/wp\/v2\/product\/7467","targetHints":{"allow":["GET"]}}],"collection":[{"href":"https:\/\/passion4travel.it\/es\/wp-json\/wp\/v2\/product"}],"about":[{"href":"https:\/\/passion4travel.it\/es\/wp-json\/wp\/v2\/types\/product"}],"wp:featuredmedia":[{"embeddable":true,"href":"https:\/\/passion4travel.it\/es\/wp-json\/wp\/v2\/media\/7317"}],"wp:attachment":[{"href":"https:\/\/passion4travel.it\/es\/wp-json\/wp\/v2\/media?parent=7467"}],"wp:term":[{"taxonomy":"product_brand","embeddable":true,"href":"https:\/\/passion4travel.it\/es\/wp-json\/wp\/v2\/product_brand?post=7467"},{"taxonomy":"product_cat","embeddable":true,"href":"https:\/\/passion4travel.it\/es\/wp-json\/wp\/v2\/product_cat?post=7467"},{"taxonomy":"product_tag","embeddable":true,"href":"https:\/\/passion4travel.it\/es\/wp-json\/wp\/v2\/product_tag?post=7467"}],"curies":[{"name":"wp","href":"https:\/\/api.w.org\/{rel}","templated":true}]}}