{"id":7485,"date":"2024-04-11T12:53:50","date_gmt":"2024-04-11T10:53:50","guid":{"rendered":"https:\/\/www.passion4travel.it\/elemento\/sin%20categor\u00eda\/volkswagen-maggiolino-cabrio-1976\/"},"modified":"2024-04-12T15:22:42","modified_gmt":"2024-04-12T13:22:42","slug":"volkswagen-maggiolino-cabrio-1976","status":"publish","type":"product","link":"https:\/\/passion4travel.it\/es\/elemento\/alquiler\/autos-clasicos-y-de-lujo\/volkswagen-maggiolino-cabrio-1976\/","title":{"rendered":"Volkswagen Maggiolino Cabrio 1976"},"content":{"rendered":"<p>Il Volkswagen Maggiolino Cabrio del 1976 encarna el esp\u00edritu alegre y la aura nost\u00e1lgica de los a\u00f1os 70. Con su dise\u00f1o ic\u00f3nico, caracterizado por la distintiva silueta y el techo convertible, este veh\u00edculo ha conquistado el coraz\u00f3n de generaciones de entusiastas de los autom\u00f3viles. El Maggiolino Cabrio del &#8217;76 conserva el encanto atemporal del cl\u00e1sico Maggiolino, pero con un toque de sofisticaci\u00f3n adicional y una sensaci\u00f3n de libertad gracias a la posibilidad de bajar el techo.<\/p>\n<p>Su fiable motor de cuatro cilindros ofrece una experiencia de conducci\u00f3n agradable y sin complicaciones, perfecta para paseos veraniegos y excursiones. El interior acogedor y funcional proporciona espacio suficiente para cuatro pasajeros y acabados sencillos pero bien realizados. Con su personalidad animada y su dise\u00f1o atemporal, el Volkswagen Maggiolino Cabrio del 1976 sigue siendo un \u00edcono del automovilismo y del estilo de vida.<\/p>\n","protected":false},"excerpt":{"rendered":"<p>Il Volkswagen Maggiolino Cabrio del 1976 encarna el esp\u00edritu alegre y la aura nost\u00e1lgica de los a\u00f1os 70. Con su dise\u00f1o ic\u00f3nico, caracterizado por la distintiva silueta y el techo&#8230;<\/p>\n","protected":false},"featured_media":7269,"template":"","meta":[],"product_brand":[],"product_cat":[88],"product_tag":[],"class_list":{"0":"post-7485","1":"product","2":"type-product","3":"status-publish","4":"has-post-thumbnail","6":"product_cat-autos-clasicos-y-de-lujo","8":"first","9":"instock","10":"virtual","11":"sold-individually","12":"purchasable","13":"product-type-simple"},"yoast_head":"<!-- This site is optimized with the Yoast SEO plugin v27.0 - https:\/\/yoast.com\/product\/yoast-seo-wordpress\/ -->\n<title>Volkswagen Maggiolino Cabrio 1976 - Passion 4 Travel<\/title>\n<meta name=\"robots\" content=\"index, follow, max-snippet:-1, max-image-preview:large, max-video-preview:-1\" \/>\n<link rel=\"canonical\" href=\"https:\/\/passion4travel.it\/es\/elemento\/alquiler\/autos-clasicos-y-de-lujo\/volkswagen-maggiolino-cabrio-1976\/\" \/>\n<meta property=\"og:locale\" content=\"es_ES\" \/>\n<meta property=\"og:type\" content=\"article\" \/>\n<meta property=\"og:title\" content=\"Volkswagen Maggiolino Cabrio 1976 - Passion 4 Travel\" \/>\n<meta property=\"og:description\" content=\"Il Volkswagen Maggiolino Cabrio del 1976 encarna el esp\u00edritu alegre y la aura nost\u00e1lgica de los a\u00f1os 70. Con su dise\u00f1o ic\u00f3nico, caracterizado por la distintiva silueta y el techo...\" \/>\n<meta property=\"og:url\" content=\"https:\/\/passion4travel.it\/es\/elemento\/alquiler\/autos-clasicos-y-de-lujo\/volkswagen-maggiolino-cabrio-1976\/\" \/>\n<meta property=\"og:site_name\" content=\"Passion 4 Travel\" \/>\n<meta property=\"article:modified_time\" content=\"2024-04-12T13:22:42+00:00\" \/>\n<meta property=\"og:image\" content=\"https:\/\/passion4travel.it\/wp-content\/uploads\/2024\/04\/passion4travel_noleggio_auto_depoca_volkswagen_maggiolino_cabrio_1976_1.jpg\" \/>\n\t<meta property=\"og:image:width\" content=\"1000\" \/>\n\t<meta property=\"og:image:height\" content=\"600\" \/>\n\t<meta property=\"og:image:type\" content=\"image\/jpeg\" \/>\n<meta name=\"twitter:card\" content=\"summary_large_image\" \/>\n<meta name=\"twitter:label1\" content=\"Tiempo de lectura\" \/>\n\t<meta name=\"twitter:data1\" content=\"1 minuto\" \/>\n<script type=\"application\/ld+json\" class=\"yoast-schema-graph\">{\"@context\":\"https:\/\/schema.org\",\"@graph\":[{\"@type\":\"WebPage\",\"@id\":\"https:\/\/passion4travel.it\/es\/elemento\/alquiler\/autos-clasicos-y-de-lujo\/volkswagen-maggiolino-cabrio-1976\/\",\"url\":\"https:\/\/passion4travel.it\/es\/elemento\/alquiler\/autos-clasicos-y-de-lujo\/volkswagen-maggiolino-cabrio-1976\/\",\"name\":\"Volkswagen Maggiolino Cabrio 1976 - Passion 4 Travel\",\"isPartOf\":{\"@id\":\"https:\/\/passion4travel.it\/es\/#website\"},\"primaryImageOfPage\":{\"@id\":\"https:\/\/passion4travel.it\/es\/elemento\/alquiler\/autos-clasicos-y-de-lujo\/volkswagen-maggiolino-cabrio-1976\/#primaryimage\"},\"image\":{\"@id\":\"https:\/\/passion4travel.it\/es\/elemento\/alquiler\/autos-clasicos-y-de-lujo\/volkswagen-maggiolino-cabrio-1976\/#primaryimage\"},\"thumbnailUrl\":\"https:\/\/passion4travel.it\/wp-content\/uploads\/2024\/04\/passion4travel_noleggio_auto_depoca_volkswagen_maggiolino_cabrio_1976_1.jpg\",\"datePublished\":\"2024-04-11T10:53:50+00:00\",\"dateModified\":\"2024-04-12T13:22:42+00:00\",\"breadcrumb\":{\"@id\":\"https:\/\/passion4travel.it\/es\/elemento\/alquiler\/autos-clasicos-y-de-lujo\/volkswagen-maggiolino-cabrio-1976\/#breadcrumb\"},\"inLanguage\":\"es\",\"potentialAction\":[{\"@type\":\"ReadAction\",\"target\":[\"https:\/\/passion4travel.it\/es\/elemento\/alquiler\/autos-clasicos-y-de-lujo\/volkswagen-maggiolino-cabrio-1976\/\"]}]},{\"@type\":\"ImageObject\",\"inLanguage\":\"es\",\"@id\":\"https:\/\/passion4travel.it\/es\/elemento\/alquiler\/autos-clasicos-y-de-lujo\/volkswagen-maggiolino-cabrio-1976\/#primaryimage\",\"url\":\"https:\/\/passion4travel.it\/wp-content\/uploads\/2024\/04\/passion4travel_noleggio_auto_depoca_volkswagen_maggiolino_cabrio_1976_1.jpg\",\"contentUrl\":\"https:\/\/passion4travel.it\/wp-content\/uploads\/2024\/04\/passion4travel_noleggio_auto_depoca_volkswagen_maggiolino_cabrio_1976_1.jpg\",\"width\":1000,\"height\":600},{\"@type\":\"BreadcrumbList\",\"@id\":\"https:\/\/passion4travel.it\/es\/elemento\/alquiler\/autos-clasicos-y-de-lujo\/volkswagen-maggiolino-cabrio-1976\/#breadcrumb\",\"itemListElement\":[{\"@type\":\"ListItem\",\"position\":1,\"name\":\"Home\",\"item\":\"https:\/\/passion4travel.it\/es\/\"},{\"@type\":\"ListItem\",\"position\":2,\"name\":\"Productos\",\"item\":\"https:\/\/passion4travel.it\/es\/shop\/\"},{\"@type\":\"ListItem\",\"position\":3,\"name\":\"Volkswagen Maggiolino Cabrio 1976\"}]},{\"@type\":\"WebSite\",\"@id\":\"https:\/\/passion4travel.it\/es\/#website\",\"url\":\"https:\/\/passion4travel.it\/es\/\",\"name\":\"Passion 4 Travel\",\"description\":\"Tour Operator con sede nelle Colline del Prosecco Conegliano Valdobbiadene che sviluppa e propone tour guidati e servizi turistici che soddisfano ogni passione.\",\"potentialAction\":[{\"@type\":\"SearchAction\",\"target\":{\"@type\":\"EntryPoint\",\"urlTemplate\":\"https:\/\/passion4travel.it\/es\/?s={search_term_string}\"},\"query-input\":{\"@type\":\"PropertyValueSpecification\",\"valueRequired\":true,\"valueName\":\"search_term_string\"}}],\"inLanguage\":\"es\"}]}<\/script>\n<!-- \/ Yoast SEO plugin. -->","yoast_head_json":{"title":"Volkswagen Maggiolino Cabrio 1976 - Passion 4 Travel","robots":{"index":"index","follow":"follow","max-snippet":"max-snippet:-1","max-image-preview":"max-image-preview:large","max-video-preview":"max-video-preview:-1"},"canonical":"https:\/\/passion4travel.it\/es\/elemento\/alquiler\/autos-clasicos-y-de-lujo\/volkswagen-maggiolino-cabrio-1976\/","og_locale":"es_ES","og_type":"article","og_title":"Volkswagen Maggiolino Cabrio 1976 - Passion 4 Travel","og_description":"Il Volkswagen Maggiolino Cabrio del 1976 encarna el esp\u00edritu alegre y la aura nost\u00e1lgica de los a\u00f1os 70. Con su dise\u00f1o ic\u00f3nico, caracterizado por la distintiva silueta y el techo...","og_url":"https:\/\/passion4travel.it\/es\/elemento\/alquiler\/autos-clasicos-y-de-lujo\/volkswagen-maggiolino-cabrio-1976\/","og_site_name":"Passion 4 Travel","article_modified_time":"2024-04-12T13:22:42+00:00","og_image":[{"width":1000,"height":600,"url":"https:\/\/passion4travel.it\/wp-content\/uploads\/2024\/04\/passion4travel_noleggio_auto_depoca_volkswagen_maggiolino_cabrio_1976_1.jpg","type":"image\/jpeg"}],"twitter_card":"summary_large_image","twitter_misc":{"Tiempo de lectura":"1 minuto"},"schema":{"@context":"https:\/\/schema.org","@graph":[{"@type":"WebPage","@id":"https:\/\/passion4travel.it\/es\/elemento\/alquiler\/autos-clasicos-y-de-lujo\/volkswagen-maggiolino-cabrio-1976\/","url":"https:\/\/passion4travel.it\/es\/elemento\/alquiler\/autos-clasicos-y-de-lujo\/volkswagen-maggiolino-cabrio-1976\/","name":"Volkswagen Maggiolino Cabrio 1976 - Passion 4 Travel","isPartOf":{"@id":"https:\/\/passion4travel.it\/es\/#website"},"primaryImageOfPage":{"@id":"https:\/\/passion4travel.it\/es\/elemento\/alquiler\/autos-clasicos-y-de-lujo\/volkswagen-maggiolino-cabrio-1976\/#primaryimage"},"image":{"@id":"https:\/\/passion4travel.it\/es\/elemento\/alquiler\/autos-clasicos-y-de-lujo\/volkswagen-maggiolino-cabrio-1976\/#primaryimage"},"thumbnailUrl":"https:\/\/passion4travel.it\/wp-content\/uploads\/2024\/04\/passion4travel_noleggio_auto_depoca_volkswagen_maggiolino_cabrio_1976_1.jpg","datePublished":"2024-04-11T10:53:50+00:00","dateModified":"2024-04-12T13:22:42+00:00","breadcrumb":{"@id":"https:\/\/passion4travel.it\/es\/elemento\/alquiler\/autos-clasicos-y-de-lujo\/volkswagen-maggiolino-cabrio-1976\/#breadcrumb"},"inLanguage":"es","potentialAction":[{"@type":"ReadAction","target":["https:\/\/passion4travel.it\/es\/elemento\/alquiler\/autos-clasicos-y-de-lujo\/volkswagen-maggiolino-cabrio-1976\/"]}]},{"@type":"ImageObject","inLanguage":"es","@id":"https:\/\/passion4travel.it\/es\/elemento\/alquiler\/autos-clasicos-y-de-lujo\/volkswagen-maggiolino-cabrio-1976\/#primaryimage","url":"https:\/\/passion4travel.it\/wp-content\/uploads\/2024\/04\/passion4travel_noleggio_auto_depoca_volkswagen_maggiolino_cabrio_1976_1.jpg","contentUrl":"https:\/\/passion4travel.it\/wp-content\/uploads\/2024\/04\/passion4travel_noleggio_auto_depoca_volkswagen_maggiolino_cabrio_1976_1.jpg","width":1000,"height":600},{"@type":"BreadcrumbList","@id":"https:\/\/passion4travel.it\/es\/elemento\/alquiler\/autos-clasicos-y-de-lujo\/volkswagen-maggiolino-cabrio-1976\/#breadcrumb","itemListElement":[{"@type":"ListItem","position":1,"name":"Home","item":"https:\/\/passion4travel.it\/es\/"},{"@type":"ListItem","position":2,"name":"Productos","item":"https:\/\/passion4travel.it\/es\/shop\/"},{"@type":"ListItem","position":3,"name":"Volkswagen Maggiolino Cabrio 1976"}]},{"@type":"WebSite","@id":"https:\/\/passion4travel.it\/es\/#website","url":"https:\/\/passion4travel.it\/es\/","name":"Passion 4 Travel","description":"Tour Operator con sede nelle Colline del Prosecco Conegliano Valdobbiadene che sviluppa e propone tour guidati e servizi turistici che soddisfano ogni passione.","potentialAction":[{"@type":"SearchAction","target":{"@type":"EntryPoint","urlTemplate":"https:\/\/passion4travel.it\/es\/?s={search_term_string}"},"query-input":{"@type":"PropertyValueSpecification","valueRequired":true,"valueName":"search_term_string"}}],"inLanguage":"es"}]}},"_links":{"self":[{"href":"https:\/\/passion4travel.it\/es\/wp-json\/wp\/v2\/product\/7485","targetHints":{"allow":["GET"]}}],"collection":[{"href":"https:\/\/passion4travel.it\/es\/wp-json\/wp\/v2\/product"}],"about":[{"href":"https:\/\/passion4travel.it\/es\/wp-json\/wp\/v2\/types\/product"}],"wp:featuredmedia":[{"embeddable":true,"href":"https:\/\/passion4travel.it\/es\/wp-json\/wp\/v2\/media\/7269"}],"wp:attachment":[{"href":"https:\/\/passion4travel.it\/es\/wp-json\/wp\/v2\/media?parent=7485"}],"wp:term":[{"taxonomy":"product_brand","embeddable":true,"href":"https:\/\/passion4travel.it\/es\/wp-json\/wp\/v2\/product_brand?post=7485"},{"taxonomy":"product_cat","embeddable":true,"href":"https:\/\/passion4travel.it\/es\/wp-json\/wp\/v2\/product_cat?post=7485"},{"taxonomy":"product_tag","embeddable":true,"href":"https:\/\/passion4travel.it\/es\/wp-json\/wp\/v2\/product_tag?post=7485"}],"curies":[{"name":"wp","href":"https:\/\/api.w.org\/{rel}","templated":true}]}}