{"id":7500,"date":"2024-04-11T11:20:50","date_gmt":"2024-04-11T09:20:50","guid":{"rendered":"https:\/\/www.passion4travel.it\/elemento\/sin%20categor\u00eda\/alfa-romeo-1600-spider-junior-duetto-1972-1980\/"},"modified":"2024-04-12T15:19:42","modified_gmt":"2024-04-12T13:19:42","slug":"alfa-romeo-1600-spider-junior-duetto-1972-1980","status":"publish","type":"product","link":"https:\/\/passion4travel.it\/es\/elemento\/alquiler\/autos-clasicos-y-de-lujo\/alfa-romeo-1600-spider-junior-duetto-1972-1980\/","title":{"rendered":"Alfa Romeo 1600 Spider Junior \u201cDuetto\u201d 1972-1980"},"content":{"rendered":"<p>Famosa por haber sido el coche protagonista en la pel\u00edcula &#8220;El Graduado&#8221; de 1967, el spider por excelencia de Alfa Romeo ha sido un \u00e9xito desde su presentaci\u00f3n en el Sal\u00f3n del Autom\u00f3vil de Ginebra en 1966.<\/p>\n<p>Su l\u00ednea original y elegante se debe a la carrocer\u00eda Pininfarina, que cre\u00f3 un spider de 2 plazas hasta entonces poco com\u00fan en su g\u00e9nero, con la forma lenticular del frontal y los laterales c\u00f3ncavos con una profunda ranura longitudinal y faros carenados en plexigl\u00e1s.<br \/>\nPara su lanzamiento, Alfa Romeo organiz\u00f3 un concurso para darle un nombre apropiado al nuevo modelo y se eligi\u00f3 la denominaci\u00f3n &#8220;Duetto&#8221;, abandonada por Alfa Romeo despu\u00e9s de solo un a\u00f1o desde su comercializaci\u00f3n pero que permaneci\u00f3 en la mente del p\u00fablico como la definici\u00f3n perfecta para este coche.<br \/>\nEn 1969 hubo un nuevo giro estil\u00edstico con la presentaci\u00f3n del modelo con &#8220;cola truncada&#8221;, una soluci\u00f3n en la que la armon\u00eda general con la parte delantera se lograba mediante una mayor inclinaci\u00f3n del parabrisas. Tambi\u00e9n se redise\u00f1\u00f3 el frontal, con un escudo central m\u00e1s ancho y tres elementos horizontales. En 1972, los modelos Alfa Romeo Spider Junior 1.3\/1.6 y 2000 Spider Veloce fueron los convertibles m\u00e1s vendidos en Italia.<\/p>\n","protected":false},"excerpt":{"rendered":"<p>Famosa por haber sido el coche protagonista en la pel\u00edcula &#8220;El Graduado&#8221; de 1967, el spider por excelencia de Alfa Romeo ha sido un \u00e9xito desde su presentaci\u00f3n en el&#8230;<\/p>\n","protected":false},"featured_media":7242,"template":"","meta":[],"product_brand":[],"product_cat":[88],"product_tag":[],"class_list":{"0":"post-7500","1":"product","2":"type-product","3":"status-publish","4":"has-post-thumbnail","6":"product_cat-autos-clasicos-y-de-lujo","8":"first","9":"instock","10":"virtual","11":"sold-individually","12":"purchasable","13":"product-type-simple"},"yoast_head":"<!-- This site is optimized with the Yoast SEO plugin v27.0 - https:\/\/yoast.com\/product\/yoast-seo-wordpress\/ -->\n<title>Alfa Romeo 1600 Spider Junior \u201cDuetto\u201d 1972-1980 - Passion 4 Travel<\/title>\n<meta name=\"robots\" content=\"index, follow, max-snippet:-1, max-image-preview:large, max-video-preview:-1\" \/>\n<link rel=\"canonical\" href=\"https:\/\/passion4travel.it\/es\/elemento\/alquiler\/autos-clasicos-y-de-lujo\/alfa-romeo-1600-spider-junior-duetto-1972-1980\/\" \/>\n<meta property=\"og:locale\" content=\"es_ES\" \/>\n<meta property=\"og:type\" content=\"article\" \/>\n<meta property=\"og:title\" content=\"Alfa Romeo 1600 Spider Junior \u201cDuetto\u201d 1972-1980 - Passion 4 Travel\" \/>\n<meta property=\"og:description\" content=\"Famosa por haber sido el coche protagonista en la pel\u00edcula &#8220;El Graduado&#8221; de 1967, el spider por excelencia de Alfa Romeo ha sido un \u00e9xito desde su presentaci\u00f3n en el...\" \/>\n<meta property=\"og:url\" content=\"https:\/\/passion4travel.it\/es\/elemento\/alquiler\/autos-clasicos-y-de-lujo\/alfa-romeo-1600-spider-junior-duetto-1972-1980\/\" \/>\n<meta property=\"og:site_name\" content=\"Passion 4 Travel\" \/>\n<meta property=\"article:modified_time\" content=\"2024-04-12T13:19:42+00:00\" \/>\n<meta property=\"og:image\" content=\"https:\/\/passion4travel.it\/wp-content\/uploads\/2024\/04\/alfa-romeo-1600-duetto-1972_0064-1.jpg\" \/>\n\t<meta property=\"og:image:width\" content=\"1200\" \/>\n\t<meta property=\"og:image:height\" content=\"800\" \/>\n\t<meta property=\"og:image:type\" content=\"image\/jpeg\" \/>\n<meta name=\"twitter:card\" content=\"summary_large_image\" \/>\n<meta name=\"twitter:label1\" content=\"Tiempo de lectura\" \/>\n\t<meta name=\"twitter:data1\" content=\"2 minutos\" \/>\n<script type=\"application\/ld+json\" class=\"yoast-schema-graph\">{\"@context\":\"https:\/\/schema.org\",\"@graph\":[{\"@type\":\"WebPage\",\"@id\":\"https:\/\/passion4travel.it\/es\/elemento\/alquiler\/autos-clasicos-y-de-lujo\/alfa-romeo-1600-spider-junior-duetto-1972-1980\/\",\"url\":\"https:\/\/passion4travel.it\/es\/elemento\/alquiler\/autos-clasicos-y-de-lujo\/alfa-romeo-1600-spider-junior-duetto-1972-1980\/\",\"name\":\"Alfa Romeo 1600 Spider Junior \u201cDuetto\u201d 1972-1980 - Passion 4 Travel\",\"isPartOf\":{\"@id\":\"https:\/\/passion4travel.it\/es\/#website\"},\"primaryImageOfPage\":{\"@id\":\"https:\/\/passion4travel.it\/es\/elemento\/alquiler\/autos-clasicos-y-de-lujo\/alfa-romeo-1600-spider-junior-duetto-1972-1980\/#primaryimage\"},\"image\":{\"@id\":\"https:\/\/passion4travel.it\/es\/elemento\/alquiler\/autos-clasicos-y-de-lujo\/alfa-romeo-1600-spider-junior-duetto-1972-1980\/#primaryimage\"},\"thumbnailUrl\":\"https:\/\/passion4travel.it\/wp-content\/uploads\/2024\/04\/alfa-romeo-1600-duetto-1972_0064-1.jpg\",\"datePublished\":\"2024-04-11T09:20:50+00:00\",\"dateModified\":\"2024-04-12T13:19:42+00:00\",\"breadcrumb\":{\"@id\":\"https:\/\/passion4travel.it\/es\/elemento\/alquiler\/autos-clasicos-y-de-lujo\/alfa-romeo-1600-spider-junior-duetto-1972-1980\/#breadcrumb\"},\"inLanguage\":\"es\",\"potentialAction\":[{\"@type\":\"ReadAction\",\"target\":[\"https:\/\/passion4travel.it\/es\/elemento\/alquiler\/autos-clasicos-y-de-lujo\/alfa-romeo-1600-spider-junior-duetto-1972-1980\/\"]}]},{\"@type\":\"ImageObject\",\"inLanguage\":\"es\",\"@id\":\"https:\/\/passion4travel.it\/es\/elemento\/alquiler\/autos-clasicos-y-de-lujo\/alfa-romeo-1600-spider-junior-duetto-1972-1980\/#primaryimage\",\"url\":\"https:\/\/passion4travel.it\/wp-content\/uploads\/2024\/04\/alfa-romeo-1600-duetto-1972_0064-1.jpg\",\"contentUrl\":\"https:\/\/passion4travel.it\/wp-content\/uploads\/2024\/04\/alfa-romeo-1600-duetto-1972_0064-1.jpg\",\"width\":1200,\"height\":800},{\"@type\":\"BreadcrumbList\",\"@id\":\"https:\/\/passion4travel.it\/es\/elemento\/alquiler\/autos-clasicos-y-de-lujo\/alfa-romeo-1600-spider-junior-duetto-1972-1980\/#breadcrumb\",\"itemListElement\":[{\"@type\":\"ListItem\",\"position\":1,\"name\":\"Home\",\"item\":\"https:\/\/passion4travel.it\/es\/\"},{\"@type\":\"ListItem\",\"position\":2,\"name\":\"Productos\",\"item\":\"https:\/\/passion4travel.it\/es\/shop\/\"},{\"@type\":\"ListItem\",\"position\":3,\"name\":\"Alfa Romeo 1600 Spider Junior \u201cDuetto\u201d 1972-1980\"}]},{\"@type\":\"WebSite\",\"@id\":\"https:\/\/passion4travel.it\/es\/#website\",\"url\":\"https:\/\/passion4travel.it\/es\/\",\"name\":\"Passion 4 Travel\",\"description\":\"Tour Operator con sede nelle Colline del Prosecco Conegliano Valdobbiadene che sviluppa e propone tour guidati e servizi turistici che soddisfano ogni passione.\",\"potentialAction\":[{\"@type\":\"SearchAction\",\"target\":{\"@type\":\"EntryPoint\",\"urlTemplate\":\"https:\/\/passion4travel.it\/es\/?s={search_term_string}\"},\"query-input\":{\"@type\":\"PropertyValueSpecification\",\"valueRequired\":true,\"valueName\":\"search_term_string\"}}],\"inLanguage\":\"es\"}]}<\/script>\n<!-- \/ Yoast SEO plugin. -->","yoast_head_json":{"title":"Alfa Romeo 1600 Spider Junior \u201cDuetto\u201d 1972-1980 - Passion 4 Travel","robots":{"index":"index","follow":"follow","max-snippet":"max-snippet:-1","max-image-preview":"max-image-preview:large","max-video-preview":"max-video-preview:-1"},"canonical":"https:\/\/passion4travel.it\/es\/elemento\/alquiler\/autos-clasicos-y-de-lujo\/alfa-romeo-1600-spider-junior-duetto-1972-1980\/","og_locale":"es_ES","og_type":"article","og_title":"Alfa Romeo 1600 Spider Junior \u201cDuetto\u201d 1972-1980 - Passion 4 Travel","og_description":"Famosa por haber sido el coche protagonista en la pel\u00edcula &#8220;El Graduado&#8221; de 1967, el spider por excelencia de Alfa Romeo ha sido un \u00e9xito desde su presentaci\u00f3n en el...","og_url":"https:\/\/passion4travel.it\/es\/elemento\/alquiler\/autos-clasicos-y-de-lujo\/alfa-romeo-1600-spider-junior-duetto-1972-1980\/","og_site_name":"Passion 4 Travel","article_modified_time":"2024-04-12T13:19:42+00:00","og_image":[{"width":1200,"height":800,"url":"https:\/\/passion4travel.it\/wp-content\/uploads\/2024\/04\/alfa-romeo-1600-duetto-1972_0064-1.jpg","type":"image\/jpeg"}],"twitter_card":"summary_large_image","twitter_misc":{"Tiempo de lectura":"2 minutos"},"schema":{"@context":"https:\/\/schema.org","@graph":[{"@type":"WebPage","@id":"https:\/\/passion4travel.it\/es\/elemento\/alquiler\/autos-clasicos-y-de-lujo\/alfa-romeo-1600-spider-junior-duetto-1972-1980\/","url":"https:\/\/passion4travel.it\/es\/elemento\/alquiler\/autos-clasicos-y-de-lujo\/alfa-romeo-1600-spider-junior-duetto-1972-1980\/","name":"Alfa Romeo 1600 Spider Junior \u201cDuetto\u201d 1972-1980 - Passion 4 Travel","isPartOf":{"@id":"https:\/\/passion4travel.it\/es\/#website"},"primaryImageOfPage":{"@id":"https:\/\/passion4travel.it\/es\/elemento\/alquiler\/autos-clasicos-y-de-lujo\/alfa-romeo-1600-spider-junior-duetto-1972-1980\/#primaryimage"},"image":{"@id":"https:\/\/passion4travel.it\/es\/elemento\/alquiler\/autos-clasicos-y-de-lujo\/alfa-romeo-1600-spider-junior-duetto-1972-1980\/#primaryimage"},"thumbnailUrl":"https:\/\/passion4travel.it\/wp-content\/uploads\/2024\/04\/alfa-romeo-1600-duetto-1972_0064-1.jpg","datePublished":"2024-04-11T09:20:50+00:00","dateModified":"2024-04-12T13:19:42+00:00","breadcrumb":{"@id":"https:\/\/passion4travel.it\/es\/elemento\/alquiler\/autos-clasicos-y-de-lujo\/alfa-romeo-1600-spider-junior-duetto-1972-1980\/#breadcrumb"},"inLanguage":"es","potentialAction":[{"@type":"ReadAction","target":["https:\/\/passion4travel.it\/es\/elemento\/alquiler\/autos-clasicos-y-de-lujo\/alfa-romeo-1600-spider-junior-duetto-1972-1980\/"]}]},{"@type":"ImageObject","inLanguage":"es","@id":"https:\/\/passion4travel.it\/es\/elemento\/alquiler\/autos-clasicos-y-de-lujo\/alfa-romeo-1600-spider-junior-duetto-1972-1980\/#primaryimage","url":"https:\/\/passion4travel.it\/wp-content\/uploads\/2024\/04\/alfa-romeo-1600-duetto-1972_0064-1.jpg","contentUrl":"https:\/\/passion4travel.it\/wp-content\/uploads\/2024\/04\/alfa-romeo-1600-duetto-1972_0064-1.jpg","width":1200,"height":800},{"@type":"BreadcrumbList","@id":"https:\/\/passion4travel.it\/es\/elemento\/alquiler\/autos-clasicos-y-de-lujo\/alfa-romeo-1600-spider-junior-duetto-1972-1980\/#breadcrumb","itemListElement":[{"@type":"ListItem","position":1,"name":"Home","item":"https:\/\/passion4travel.it\/es\/"},{"@type":"ListItem","position":2,"name":"Productos","item":"https:\/\/passion4travel.it\/es\/shop\/"},{"@type":"ListItem","position":3,"name":"Alfa Romeo 1600 Spider Junior \u201cDuetto\u201d 1972-1980"}]},{"@type":"WebSite","@id":"https:\/\/passion4travel.it\/es\/#website","url":"https:\/\/passion4travel.it\/es\/","name":"Passion 4 Travel","description":"Tour Operator con sede nelle Colline del Prosecco Conegliano Valdobbiadene che sviluppa e propone tour guidati e servizi turistici che soddisfano ogni passione.","potentialAction":[{"@type":"SearchAction","target":{"@type":"EntryPoint","urlTemplate":"https:\/\/passion4travel.it\/es\/?s={search_term_string}"},"query-input":{"@type":"PropertyValueSpecification","valueRequired":true,"valueName":"search_term_string"}}],"inLanguage":"es"}]}},"_links":{"self":[{"href":"https:\/\/passion4travel.it\/es\/wp-json\/wp\/v2\/product\/7500","targetHints":{"allow":["GET"]}}],"collection":[{"href":"https:\/\/passion4travel.it\/es\/wp-json\/wp\/v2\/product"}],"about":[{"href":"https:\/\/passion4travel.it\/es\/wp-json\/wp\/v2\/types\/product"}],"wp:featuredmedia":[{"embeddable":true,"href":"https:\/\/passion4travel.it\/es\/wp-json\/wp\/v2\/media\/7242"}],"wp:attachment":[{"href":"https:\/\/passion4travel.it\/es\/wp-json\/wp\/v2\/media?parent=7500"}],"wp:term":[{"taxonomy":"product_brand","embeddable":true,"href":"https:\/\/passion4travel.it\/es\/wp-json\/wp\/v2\/product_brand?post=7500"},{"taxonomy":"product_cat","embeddable":true,"href":"https:\/\/passion4travel.it\/es\/wp-json\/wp\/v2\/product_cat?post=7500"},{"taxonomy":"product_tag","embeddable":true,"href":"https:\/\/passion4travel.it\/es\/wp-json\/wp\/v2\/product_tag?post=7500"}],"curies":[{"name":"wp","href":"https:\/\/api.w.org\/{rel}","templated":true}]}}