{"id":7506,"date":"2024-04-11T10:27:29","date_gmt":"2024-04-11T08:27:29","guid":{"rendered":"https:\/\/www.passion4travel.it\/elemento\/sin%20categor\u00eda\/royal-enfield-shotgun-650\/"},"modified":"2024-04-12T15:18:55","modified_gmt":"2024-04-12T13:18:55","slug":"royal-enfield-shotgun-650","status":"publish","type":"product","link":"https:\/\/passion4travel.it\/es\/elemento\/alquiler\/motocicletas\/royal-enfield-shotgun-650\/","title":{"rendered":"Royal Enfield Shotgun 650"},"content":{"rendered":"<p>La Shotgun 650 rompe moldes en esp\u00edritu y forma. Gracias a su dise\u00f1o modular, puede transformarse f\u00e1cilmente de una cl\u00e1sica moto de un solo asiento a una de dos plazas e incluso a una perfecta tourer para viajes. Sus cuatro colores \u00fanicos se inspiran en la cultura custom y ofrecen a expertos y novatos una tela ideal para expresar su creatividad.<\/p>\n<p>La Shotgun 650 cuenta con una ergonom\u00eda optimizada con estriberas en posici\u00f3n central, una altura de asiento de solo 795 mm y un manillar f\u00e1cil de maniobrar en l\u00ednea con la posici\u00f3n de asiento y estriberas. Las suspensiones Showa especialmente ajustadas, la distancia entre ejes de 1.465 mm y el bajo centro de gravedad hacen que cada salida en moto sea divertida, ya sea para esquivar el tr\u00e1fico o para recorrer kil\u00f3metros hasta llegar a carreteras secundarias y de curvas. Los neum\u00e1ticos de 18&#8243; delanteros y 17&#8243; traseros, junto con los frenos de disco de 320 mm y 300 mm, garantizan un agarre constante y un control \u00f3ptimo a cualquier velocidad, con o sin pasajero y equipaje.<\/p>\n<p>En el coraz\u00f3n del chasis de la Shotgun 650 late un motor bicil\u00edndrico en paralelo de 648 cc dise\u00f1ado para ofrecer una experiencia de conducci\u00f3n envolvente con un par motor contundente en el rango medio y disponible en toda la gama de revoluciones. Una moto que encarna nuestro aut\u00e9ntico ADN motociclista sin dejarse atrapar y que aprovecha su dise\u00f1o modular, la est\u00e9tica neo-moderna y los colores exclusivos para romper esquemas y superar los l\u00edmites de lo que puede ser una Royal Enfield.<\/p>\n","protected":false},"excerpt":{"rendered":"<p>La Shotgun 650 rompe moldes en esp\u00edritu y forma. Gracias a su dise\u00f1o modular, puede transformarse f\u00e1cilmente de una cl\u00e1sica moto de un solo asiento a una de dos plazas&#8230;<\/p>\n","protected":false},"featured_media":7227,"template":"","meta":[],"product_brand":[],"product_cat":[71],"product_tag":[],"class_list":{"0":"post-7506","1":"product","2":"type-product","3":"status-publish","4":"has-post-thumbnail","6":"product_cat-motocicletas","8":"first","9":"instock","10":"virtual","11":"sold-individually","12":"purchasable","13":"product-type-simple"},"yoast_head":"<!-- This site is optimized with the Yoast SEO plugin v27.0 - https:\/\/yoast.com\/product\/yoast-seo-wordpress\/ -->\n<title>Royal Enfield Shotgun 650 - Passion 4 Travel<\/title>\n<meta name=\"robots\" content=\"index, follow, max-snippet:-1, max-image-preview:large, max-video-preview:-1\" \/>\n<link rel=\"canonical\" href=\"https:\/\/passion4travel.it\/es\/elemento\/alquiler\/motocicletas\/royal-enfield-shotgun-650\/\" \/>\n<meta property=\"og:locale\" content=\"es_ES\" \/>\n<meta property=\"og:type\" content=\"article\" \/>\n<meta property=\"og:title\" content=\"Royal Enfield Shotgun 650 - Passion 4 Travel\" \/>\n<meta property=\"og:description\" content=\"La Shotgun 650 rompe moldes en esp\u00edritu y forma. Gracias a su dise\u00f1o modular, puede transformarse f\u00e1cilmente de una cl\u00e1sica moto de un solo asiento a una de dos plazas...\" \/>\n<meta property=\"og:url\" content=\"https:\/\/passion4travel.it\/es\/elemento\/alquiler\/motocicletas\/royal-enfield-shotgun-650\/\" \/>\n<meta property=\"og:site_name\" content=\"Passion 4 Travel\" \/>\n<meta property=\"article:modified_time\" content=\"2024-04-12T13:18:55+00:00\" \/>\n<meta property=\"og:image\" content=\"https:\/\/passion4travel.it\/wp-content\/uploads\/2024\/04\/passion4travel_noleggio_moto_harley_davidson_shotgun_650_1.jpg\" \/>\n\t<meta property=\"og:image:width\" content=\"1000\" \/>\n\t<meta property=\"og:image:height\" content=\"600\" \/>\n\t<meta property=\"og:image:type\" content=\"image\/jpeg\" \/>\n<meta name=\"twitter:card\" content=\"summary_large_image\" \/>\n<meta name=\"twitter:label1\" content=\"Tiempo de lectura\" \/>\n\t<meta name=\"twitter:data1\" content=\"2 minutos\" \/>\n<script type=\"application\/ld+json\" class=\"yoast-schema-graph\">{\"@context\":\"https:\/\/schema.org\",\"@graph\":[{\"@type\":\"WebPage\",\"@id\":\"https:\/\/passion4travel.it\/es\/elemento\/alquiler\/motocicletas\/royal-enfield-shotgun-650\/\",\"url\":\"https:\/\/passion4travel.it\/es\/elemento\/alquiler\/motocicletas\/royal-enfield-shotgun-650\/\",\"name\":\"Royal Enfield Shotgun 650 - Passion 4 Travel\",\"isPartOf\":{\"@id\":\"https:\/\/passion4travel.it\/es\/#website\"},\"primaryImageOfPage\":{\"@id\":\"https:\/\/passion4travel.it\/es\/elemento\/alquiler\/motocicletas\/royal-enfield-shotgun-650\/#primaryimage\"},\"image\":{\"@id\":\"https:\/\/passion4travel.it\/es\/elemento\/alquiler\/motocicletas\/royal-enfield-shotgun-650\/#primaryimage\"},\"thumbnailUrl\":\"https:\/\/passion4travel.it\/wp-content\/uploads\/2024\/04\/passion4travel_noleggio_moto_harley_davidson_shotgun_650_1.jpg\",\"datePublished\":\"2024-04-11T08:27:29+00:00\",\"dateModified\":\"2024-04-12T13:18:55+00:00\",\"breadcrumb\":{\"@id\":\"https:\/\/passion4travel.it\/es\/elemento\/alquiler\/motocicletas\/royal-enfield-shotgun-650\/#breadcrumb\"},\"inLanguage\":\"es\",\"potentialAction\":[{\"@type\":\"ReadAction\",\"target\":[\"https:\/\/passion4travel.it\/es\/elemento\/alquiler\/motocicletas\/royal-enfield-shotgun-650\/\"]}]},{\"@type\":\"ImageObject\",\"inLanguage\":\"es\",\"@id\":\"https:\/\/passion4travel.it\/es\/elemento\/alquiler\/motocicletas\/royal-enfield-shotgun-650\/#primaryimage\",\"url\":\"https:\/\/passion4travel.it\/wp-content\/uploads\/2024\/04\/passion4travel_noleggio_moto_harley_davidson_shotgun_650_1.jpg\",\"contentUrl\":\"https:\/\/passion4travel.it\/wp-content\/uploads\/2024\/04\/passion4travel_noleggio_moto_harley_davidson_shotgun_650_1.jpg\",\"width\":1000,\"height\":600},{\"@type\":\"BreadcrumbList\",\"@id\":\"https:\/\/passion4travel.it\/es\/elemento\/alquiler\/motocicletas\/royal-enfield-shotgun-650\/#breadcrumb\",\"itemListElement\":[{\"@type\":\"ListItem\",\"position\":1,\"name\":\"Home\",\"item\":\"https:\/\/passion4travel.it\/es\/\"},{\"@type\":\"ListItem\",\"position\":2,\"name\":\"Productos\",\"item\":\"https:\/\/passion4travel.it\/es\/shop\/\"},{\"@type\":\"ListItem\",\"position\":3,\"name\":\"Royal Enfield Shotgun 650\"}]},{\"@type\":\"WebSite\",\"@id\":\"https:\/\/passion4travel.it\/es\/#website\",\"url\":\"https:\/\/passion4travel.it\/es\/\",\"name\":\"Passion 4 Travel\",\"description\":\"Tour Operator con sede nelle Colline del Prosecco Conegliano Valdobbiadene che sviluppa e propone tour guidati e servizi turistici che soddisfano ogni passione.\",\"potentialAction\":[{\"@type\":\"SearchAction\",\"target\":{\"@type\":\"EntryPoint\",\"urlTemplate\":\"https:\/\/passion4travel.it\/es\/?s={search_term_string}\"},\"query-input\":{\"@type\":\"PropertyValueSpecification\",\"valueRequired\":true,\"valueName\":\"search_term_string\"}}],\"inLanguage\":\"es\"}]}<\/script>\n<!-- \/ Yoast SEO plugin. -->","yoast_head_json":{"title":"Royal Enfield Shotgun 650 - Passion 4 Travel","robots":{"index":"index","follow":"follow","max-snippet":"max-snippet:-1","max-image-preview":"max-image-preview:large","max-video-preview":"max-video-preview:-1"},"canonical":"https:\/\/passion4travel.it\/es\/elemento\/alquiler\/motocicletas\/royal-enfield-shotgun-650\/","og_locale":"es_ES","og_type":"article","og_title":"Royal Enfield Shotgun 650 - Passion 4 Travel","og_description":"La Shotgun 650 rompe moldes en esp\u00edritu y forma. Gracias a su dise\u00f1o modular, puede transformarse f\u00e1cilmente de una cl\u00e1sica moto de un solo asiento a una de dos plazas...","og_url":"https:\/\/passion4travel.it\/es\/elemento\/alquiler\/motocicletas\/royal-enfield-shotgun-650\/","og_site_name":"Passion 4 Travel","article_modified_time":"2024-04-12T13:18:55+00:00","og_image":[{"width":1000,"height":600,"url":"https:\/\/passion4travel.it\/wp-content\/uploads\/2024\/04\/passion4travel_noleggio_moto_harley_davidson_shotgun_650_1.jpg","type":"image\/jpeg"}],"twitter_card":"summary_large_image","twitter_misc":{"Tiempo de lectura":"2 minutos"},"schema":{"@context":"https:\/\/schema.org","@graph":[{"@type":"WebPage","@id":"https:\/\/passion4travel.it\/es\/elemento\/alquiler\/motocicletas\/royal-enfield-shotgun-650\/","url":"https:\/\/passion4travel.it\/es\/elemento\/alquiler\/motocicletas\/royal-enfield-shotgun-650\/","name":"Royal Enfield Shotgun 650 - Passion 4 Travel","isPartOf":{"@id":"https:\/\/passion4travel.it\/es\/#website"},"primaryImageOfPage":{"@id":"https:\/\/passion4travel.it\/es\/elemento\/alquiler\/motocicletas\/royal-enfield-shotgun-650\/#primaryimage"},"image":{"@id":"https:\/\/passion4travel.it\/es\/elemento\/alquiler\/motocicletas\/royal-enfield-shotgun-650\/#primaryimage"},"thumbnailUrl":"https:\/\/passion4travel.it\/wp-content\/uploads\/2024\/04\/passion4travel_noleggio_moto_harley_davidson_shotgun_650_1.jpg","datePublished":"2024-04-11T08:27:29+00:00","dateModified":"2024-04-12T13:18:55+00:00","breadcrumb":{"@id":"https:\/\/passion4travel.it\/es\/elemento\/alquiler\/motocicletas\/royal-enfield-shotgun-650\/#breadcrumb"},"inLanguage":"es","potentialAction":[{"@type":"ReadAction","target":["https:\/\/passion4travel.it\/es\/elemento\/alquiler\/motocicletas\/royal-enfield-shotgun-650\/"]}]},{"@type":"ImageObject","inLanguage":"es","@id":"https:\/\/passion4travel.it\/es\/elemento\/alquiler\/motocicletas\/royal-enfield-shotgun-650\/#primaryimage","url":"https:\/\/passion4travel.it\/wp-content\/uploads\/2024\/04\/passion4travel_noleggio_moto_harley_davidson_shotgun_650_1.jpg","contentUrl":"https:\/\/passion4travel.it\/wp-content\/uploads\/2024\/04\/passion4travel_noleggio_moto_harley_davidson_shotgun_650_1.jpg","width":1000,"height":600},{"@type":"BreadcrumbList","@id":"https:\/\/passion4travel.it\/es\/elemento\/alquiler\/motocicletas\/royal-enfield-shotgun-650\/#breadcrumb","itemListElement":[{"@type":"ListItem","position":1,"name":"Home","item":"https:\/\/passion4travel.it\/es\/"},{"@type":"ListItem","position":2,"name":"Productos","item":"https:\/\/passion4travel.it\/es\/shop\/"},{"@type":"ListItem","position":3,"name":"Royal Enfield Shotgun 650"}]},{"@type":"WebSite","@id":"https:\/\/passion4travel.it\/es\/#website","url":"https:\/\/passion4travel.it\/es\/","name":"Passion 4 Travel","description":"Tour Operator con sede nelle Colline del Prosecco Conegliano Valdobbiadene che sviluppa e propone tour guidati e servizi turistici che soddisfano ogni passione.","potentialAction":[{"@type":"SearchAction","target":{"@type":"EntryPoint","urlTemplate":"https:\/\/passion4travel.it\/es\/?s={search_term_string}"},"query-input":{"@type":"PropertyValueSpecification","valueRequired":true,"valueName":"search_term_string"}}],"inLanguage":"es"}]}},"_links":{"self":[{"href":"https:\/\/passion4travel.it\/es\/wp-json\/wp\/v2\/product\/7506","targetHints":{"allow":["GET"]}}],"collection":[{"href":"https:\/\/passion4travel.it\/es\/wp-json\/wp\/v2\/product"}],"about":[{"href":"https:\/\/passion4travel.it\/es\/wp-json\/wp\/v2\/types\/product"}],"wp:featuredmedia":[{"embeddable":true,"href":"https:\/\/passion4travel.it\/es\/wp-json\/wp\/v2\/media\/7227"}],"wp:attachment":[{"href":"https:\/\/passion4travel.it\/es\/wp-json\/wp\/v2\/media?parent=7506"}],"wp:term":[{"taxonomy":"product_brand","embeddable":true,"href":"https:\/\/passion4travel.it\/es\/wp-json\/wp\/v2\/product_brand?post=7506"},{"taxonomy":"product_cat","embeddable":true,"href":"https:\/\/passion4travel.it\/es\/wp-json\/wp\/v2\/product_cat?post=7506"},{"taxonomy":"product_tag","embeddable":true,"href":"https:\/\/passion4travel.it\/es\/wp-json\/wp\/v2\/product_tag?post=7506"}],"curies":[{"name":"wp","href":"https:\/\/api.w.org\/{rel}","templated":true}]}}