{"id":7530,"date":"2024-04-08T19:25:31","date_gmt":"2024-04-08T17:25:31","guid":{"rendered":"https:\/\/www.passion4travel.it\/elemento\/sin%20categor\u00eda\/suzuki-gsx-8r\/"},"modified":"2024-04-12T15:15:27","modified_gmt":"2024-04-12T13:15:27","slug":"suzuki-gsx-8r","status":"publish","type":"product","link":"https:\/\/passion4travel.it\/es\/elemento\/alquiler\/motocicletas\/suzuki-gsx-8r\/","title":{"rendered":"Suzuki GSX-8R"},"content":{"rendered":"<p>El encanto del estilo deportivo y moderno captura de inmediato la atenci\u00f3n. Una vez que est\u00e1s en el asiento, experimenta el refinado equilibrio entre potencia, maniobrabilidad y capacidad de respuesta que te permite tener un control total. Una fusi\u00f3n de elementos para una nueva experiencia de conducci\u00f3n que va m\u00e1s all\u00e1 del uso puramente deportivo o en pista. La GSX-8R est\u00e1 destinada a redefinir el concepto de deportividad, creando una emocionante nueva era.<\/p>\n<p>Desde el dise\u00f1o afilado de las carenas y la parte frontal hasta el perfil elegante de la secci\u00f3n trasera, el aspecto agresivo y deportivo de la GSX-8R transmite inmediatamente todo el potencial de sus prestaciones. Los detalles del motor y los gr\u00e1ficos resaltan a\u00fan m\u00e1s su atractivo distintivo, haci\u00e9ndola inconfundible y extremadamente fascinante.<\/p>\n","protected":false},"excerpt":{"rendered":"<p>El encanto del estilo deportivo y moderno captura de inmediato la atenci\u00f3n. Una vez que est\u00e1s en el asiento, experimenta el refinado equilibrio entre potencia, maniobrabilidad y capacidad de respuesta&#8230;<\/p>\n","protected":false},"featured_media":7170,"template":"","meta":[],"product_brand":[],"product_cat":[71],"product_tag":[],"class_list":{"0":"post-7530","1":"product","2":"type-product","3":"status-publish","4":"has-post-thumbnail","6":"product_cat-motocicletas","8":"first","9":"instock","10":"virtual","11":"sold-individually","12":"purchasable","13":"product-type-simple"},"yoast_head":"<!-- This site is optimized with the Yoast SEO plugin v27.0 - https:\/\/yoast.com\/product\/yoast-seo-wordpress\/ -->\n<title>Suzuki GSX-8R - Passion 4 Travel<\/title>\n<meta name=\"robots\" content=\"index, follow, max-snippet:-1, max-image-preview:large, max-video-preview:-1\" \/>\n<link rel=\"canonical\" href=\"https:\/\/passion4travel.it\/es\/elemento\/alquiler\/motocicletas\/suzuki-gsx-8r\/\" \/>\n<meta property=\"og:locale\" content=\"es_ES\" \/>\n<meta property=\"og:type\" content=\"article\" \/>\n<meta property=\"og:title\" content=\"Suzuki GSX-8R - Passion 4 Travel\" \/>\n<meta property=\"og:description\" content=\"El encanto del estilo deportivo y moderno captura de inmediato la atenci\u00f3n. Una vez que est\u00e1s en el asiento, experimenta el refinado equilibrio entre potencia, maniobrabilidad y capacidad de respuesta...\" \/>\n<meta property=\"og:url\" content=\"https:\/\/passion4travel.it\/es\/elemento\/alquiler\/motocicletas\/suzuki-gsx-8r\/\" \/>\n<meta property=\"og:site_name\" content=\"Passion 4 Travel\" \/>\n<meta property=\"article:modified_time\" content=\"2024-04-12T13:15:27+00:00\" \/>\n<meta property=\"og:image\" content=\"https:\/\/passion4travel.it\/wp-content\/uploads\/2024\/04\/passion4travel_noleggio_moto_suzuki_gsx_8r_1.jpg\" \/>\n\t<meta property=\"og:image:width\" content=\"1000\" \/>\n\t<meta property=\"og:image:height\" content=\"600\" \/>\n\t<meta property=\"og:image:type\" content=\"image\/jpeg\" \/>\n<meta name=\"twitter:card\" content=\"summary_large_image\" \/>\n<meta name=\"twitter:label1\" content=\"Tiempo de lectura\" \/>\n\t<meta name=\"twitter:data1\" content=\"1 minuto\" \/>\n<script type=\"application\/ld+json\" class=\"yoast-schema-graph\">{\"@context\":\"https:\/\/schema.org\",\"@graph\":[{\"@type\":\"WebPage\",\"@id\":\"https:\/\/passion4travel.it\/es\/elemento\/alquiler\/motocicletas\/suzuki-gsx-8r\/\",\"url\":\"https:\/\/passion4travel.it\/es\/elemento\/alquiler\/motocicletas\/suzuki-gsx-8r\/\",\"name\":\"Suzuki GSX-8R - Passion 4 Travel\",\"isPartOf\":{\"@id\":\"https:\/\/passion4travel.it\/es\/#website\"},\"primaryImageOfPage\":{\"@id\":\"https:\/\/passion4travel.it\/es\/elemento\/alquiler\/motocicletas\/suzuki-gsx-8r\/#primaryimage\"},\"image\":{\"@id\":\"https:\/\/passion4travel.it\/es\/elemento\/alquiler\/motocicletas\/suzuki-gsx-8r\/#primaryimage\"},\"thumbnailUrl\":\"https:\/\/passion4travel.it\/wp-content\/uploads\/2024\/04\/passion4travel_noleggio_moto_suzuki_gsx_8r_1.jpg\",\"datePublished\":\"2024-04-08T17:25:31+00:00\",\"dateModified\":\"2024-04-12T13:15:27+00:00\",\"breadcrumb\":{\"@id\":\"https:\/\/passion4travel.it\/es\/elemento\/alquiler\/motocicletas\/suzuki-gsx-8r\/#breadcrumb\"},\"inLanguage\":\"es\",\"potentialAction\":[{\"@type\":\"ReadAction\",\"target\":[\"https:\/\/passion4travel.it\/es\/elemento\/alquiler\/motocicletas\/suzuki-gsx-8r\/\"]}]},{\"@type\":\"ImageObject\",\"inLanguage\":\"es\",\"@id\":\"https:\/\/passion4travel.it\/es\/elemento\/alquiler\/motocicletas\/suzuki-gsx-8r\/#primaryimage\",\"url\":\"https:\/\/passion4travel.it\/wp-content\/uploads\/2024\/04\/passion4travel_noleggio_moto_suzuki_gsx_8r_1.jpg\",\"contentUrl\":\"https:\/\/passion4travel.it\/wp-content\/uploads\/2024\/04\/passion4travel_noleggio_moto_suzuki_gsx_8r_1.jpg\",\"width\":1000,\"height\":600},{\"@type\":\"BreadcrumbList\",\"@id\":\"https:\/\/passion4travel.it\/es\/elemento\/alquiler\/motocicletas\/suzuki-gsx-8r\/#breadcrumb\",\"itemListElement\":[{\"@type\":\"ListItem\",\"position\":1,\"name\":\"Home\",\"item\":\"https:\/\/passion4travel.it\/es\/\"},{\"@type\":\"ListItem\",\"position\":2,\"name\":\"Productos\",\"item\":\"https:\/\/passion4travel.it\/es\/shop\/\"},{\"@type\":\"ListItem\",\"position\":3,\"name\":\"Suzuki GSX-8R\"}]},{\"@type\":\"WebSite\",\"@id\":\"https:\/\/passion4travel.it\/es\/#website\",\"url\":\"https:\/\/passion4travel.it\/es\/\",\"name\":\"Passion 4 Travel\",\"description\":\"Tour Operator con sede nelle Colline del Prosecco Conegliano Valdobbiadene che sviluppa e propone tour guidati e servizi turistici che soddisfano ogni passione.\",\"potentialAction\":[{\"@type\":\"SearchAction\",\"target\":{\"@type\":\"EntryPoint\",\"urlTemplate\":\"https:\/\/passion4travel.it\/es\/?s={search_term_string}\"},\"query-input\":{\"@type\":\"PropertyValueSpecification\",\"valueRequired\":true,\"valueName\":\"search_term_string\"}}],\"inLanguage\":\"es\"}]}<\/script>\n<!-- \/ Yoast SEO plugin. -->","yoast_head_json":{"title":"Suzuki GSX-8R - Passion 4 Travel","robots":{"index":"index","follow":"follow","max-snippet":"max-snippet:-1","max-image-preview":"max-image-preview:large","max-video-preview":"max-video-preview:-1"},"canonical":"https:\/\/passion4travel.it\/es\/elemento\/alquiler\/motocicletas\/suzuki-gsx-8r\/","og_locale":"es_ES","og_type":"article","og_title":"Suzuki GSX-8R - Passion 4 Travel","og_description":"El encanto del estilo deportivo y moderno captura de inmediato la atenci\u00f3n. Una vez que est\u00e1s en el asiento, experimenta el refinado equilibrio entre potencia, maniobrabilidad y capacidad de respuesta...","og_url":"https:\/\/passion4travel.it\/es\/elemento\/alquiler\/motocicletas\/suzuki-gsx-8r\/","og_site_name":"Passion 4 Travel","article_modified_time":"2024-04-12T13:15:27+00:00","og_image":[{"width":1000,"height":600,"url":"https:\/\/passion4travel.it\/wp-content\/uploads\/2024\/04\/passion4travel_noleggio_moto_suzuki_gsx_8r_1.jpg","type":"image\/jpeg"}],"twitter_card":"summary_large_image","twitter_misc":{"Tiempo de lectura":"1 minuto"},"schema":{"@context":"https:\/\/schema.org","@graph":[{"@type":"WebPage","@id":"https:\/\/passion4travel.it\/es\/elemento\/alquiler\/motocicletas\/suzuki-gsx-8r\/","url":"https:\/\/passion4travel.it\/es\/elemento\/alquiler\/motocicletas\/suzuki-gsx-8r\/","name":"Suzuki GSX-8R - Passion 4 Travel","isPartOf":{"@id":"https:\/\/passion4travel.it\/es\/#website"},"primaryImageOfPage":{"@id":"https:\/\/passion4travel.it\/es\/elemento\/alquiler\/motocicletas\/suzuki-gsx-8r\/#primaryimage"},"image":{"@id":"https:\/\/passion4travel.it\/es\/elemento\/alquiler\/motocicletas\/suzuki-gsx-8r\/#primaryimage"},"thumbnailUrl":"https:\/\/passion4travel.it\/wp-content\/uploads\/2024\/04\/passion4travel_noleggio_moto_suzuki_gsx_8r_1.jpg","datePublished":"2024-04-08T17:25:31+00:00","dateModified":"2024-04-12T13:15:27+00:00","breadcrumb":{"@id":"https:\/\/passion4travel.it\/es\/elemento\/alquiler\/motocicletas\/suzuki-gsx-8r\/#breadcrumb"},"inLanguage":"es","potentialAction":[{"@type":"ReadAction","target":["https:\/\/passion4travel.it\/es\/elemento\/alquiler\/motocicletas\/suzuki-gsx-8r\/"]}]},{"@type":"ImageObject","inLanguage":"es","@id":"https:\/\/passion4travel.it\/es\/elemento\/alquiler\/motocicletas\/suzuki-gsx-8r\/#primaryimage","url":"https:\/\/passion4travel.it\/wp-content\/uploads\/2024\/04\/passion4travel_noleggio_moto_suzuki_gsx_8r_1.jpg","contentUrl":"https:\/\/passion4travel.it\/wp-content\/uploads\/2024\/04\/passion4travel_noleggio_moto_suzuki_gsx_8r_1.jpg","width":1000,"height":600},{"@type":"BreadcrumbList","@id":"https:\/\/passion4travel.it\/es\/elemento\/alquiler\/motocicletas\/suzuki-gsx-8r\/#breadcrumb","itemListElement":[{"@type":"ListItem","position":1,"name":"Home","item":"https:\/\/passion4travel.it\/es\/"},{"@type":"ListItem","position":2,"name":"Productos","item":"https:\/\/passion4travel.it\/es\/shop\/"},{"@type":"ListItem","position":3,"name":"Suzuki GSX-8R"}]},{"@type":"WebSite","@id":"https:\/\/passion4travel.it\/es\/#website","url":"https:\/\/passion4travel.it\/es\/","name":"Passion 4 Travel","description":"Tour Operator con sede nelle Colline del Prosecco Conegliano Valdobbiadene che sviluppa e propone tour guidati e servizi turistici che soddisfano ogni passione.","potentialAction":[{"@type":"SearchAction","target":{"@type":"EntryPoint","urlTemplate":"https:\/\/passion4travel.it\/es\/?s={search_term_string}"},"query-input":{"@type":"PropertyValueSpecification","valueRequired":true,"valueName":"search_term_string"}}],"inLanguage":"es"}]}},"_links":{"self":[{"href":"https:\/\/passion4travel.it\/es\/wp-json\/wp\/v2\/product\/7530","targetHints":{"allow":["GET"]}}],"collection":[{"href":"https:\/\/passion4travel.it\/es\/wp-json\/wp\/v2\/product"}],"about":[{"href":"https:\/\/passion4travel.it\/es\/wp-json\/wp\/v2\/types\/product"}],"wp:featuredmedia":[{"embeddable":true,"href":"https:\/\/passion4travel.it\/es\/wp-json\/wp\/v2\/media\/7170"}],"wp:attachment":[{"href":"https:\/\/passion4travel.it\/es\/wp-json\/wp\/v2\/media?parent=7530"}],"wp:term":[{"taxonomy":"product_brand","embeddable":true,"href":"https:\/\/passion4travel.it\/es\/wp-json\/wp\/v2\/product_brand?post=7530"},{"taxonomy":"product_cat","embeddable":true,"href":"https:\/\/passion4travel.it\/es\/wp-json\/wp\/v2\/product_cat?post=7530"},{"taxonomy":"product_tag","embeddable":true,"href":"https:\/\/passion4travel.it\/es\/wp-json\/wp\/v2\/product_tag?post=7530"}],"curies":[{"name":"wp","href":"https:\/\/api.w.org\/{rel}","templated":true}]}}