{"id":7574,"date":"2024-04-05T18:45:41","date_gmt":"2024-04-05T16:45:41","guid":{"rendered":"https:\/\/www.passion4travel.it\/elemento\/sin%20categor\u00eda\/ghost-e-asx-160-universal-al\/"},"modified":"2024-04-12T15:46:33","modified_gmt":"2024-04-12T13:46:33","slug":"ghost-e-asx-160-universal-al","status":"publish","type":"product","link":"https:\/\/passion4travel.it\/es\/elemento\/alquiler\/bicicletas-electricas\/ghost-e-asx-160-universal-al\/","title":{"rendered":"Ghost E-ASX 160 Universal AL"},"content":{"rendered":"<p>A toda velocidad cuesta arriba. Y con un gran potencial cuesta abajo. El modelo E-ASX es una bicicleta de monta\u00f1a con asistencia el\u00e9ctrica de equipamiento robusto, que gracias a una suspensi\u00f3n de 160 mm es capaz de enfrentarse a senderos dif\u00edciles y excursiones exigentes. Para el equipamiento, hemos optado deliberadamente por renunciar a soluciones costosas, prefiriendo los componentes resistentes y probados de Bosch, SRAM y Rock Shox.<\/p>\n<p>Los entusiastas de las dos ruedas adorar\u00e1n el Sistema Inteligente Bosch, en el que el motor, la bater\u00eda y la pantalla est\u00e1n perfectamente conectados en red a trav\u00e9s de una aplicaci\u00f3n, ofreciendo nuevas posibilidades de an\u00e1lisis y ajustes precisos.<\/p>\n","protected":false},"excerpt":{"rendered":"<p>A toda velocidad cuesta arriba. Y con un gran potencial cuesta abajo. El modelo E-ASX es una bicicleta de monta\u00f1a con asistencia el\u00e9ctrica de equipamiento robusto, que gracias a una&#8230;<\/p>\n","protected":false},"featured_media":6957,"template":"","meta":[],"product_brand":[],"product_cat":[90],"product_tag":[],"class_list":{"0":"post-7574","1":"product","2":"type-product","3":"status-publish","4":"has-post-thumbnail","6":"product_cat-bicicletas-electricas","8":"first","9":"instock","10":"virtual","11":"sold-individually","12":"purchasable","13":"product-type-simple"},"yoast_head":"<!-- This site is optimized with the Yoast SEO plugin v27.0 - https:\/\/yoast.com\/product\/yoast-seo-wordpress\/ -->\n<title>Ghost E-ASX 160 Universal AL - Passion 4 Travel<\/title>\n<meta name=\"robots\" content=\"index, follow, max-snippet:-1, max-image-preview:large, max-video-preview:-1\" \/>\n<link rel=\"canonical\" href=\"https:\/\/passion4travel.it\/es\/elemento\/alquiler\/bicicletas-electricas\/ghost-e-asx-160-universal-al\/\" \/>\n<meta property=\"og:locale\" content=\"es_ES\" \/>\n<meta property=\"og:type\" content=\"article\" \/>\n<meta property=\"og:title\" content=\"Ghost E-ASX 160 Universal AL - Passion 4 Travel\" \/>\n<meta property=\"og:description\" content=\"A toda velocidad cuesta arriba. Y con un gran potencial cuesta abajo. El modelo E-ASX es una bicicleta de monta\u00f1a con asistencia el\u00e9ctrica de equipamiento robusto, que gracias a una...\" \/>\n<meta property=\"og:url\" content=\"https:\/\/passion4travel.it\/es\/elemento\/alquiler\/bicicletas-electricas\/ghost-e-asx-160-universal-al\/\" \/>\n<meta property=\"og:site_name\" content=\"Passion 4 Travel\" \/>\n<meta property=\"article:modified_time\" content=\"2024-04-12T13:46:33+00:00\" \/>\n<meta property=\"og:image\" content=\"https:\/\/passion4travel.it\/wp-content\/uploads\/2024\/04\/passion4travel_noleggio_bici_elettriche_e_asx_universal_al_1.jpg\" \/>\n\t<meta property=\"og:image:width\" content=\"1000\" \/>\n\t<meta property=\"og:image:height\" content=\"600\" \/>\n\t<meta property=\"og:image:type\" content=\"image\/jpeg\" \/>\n<meta name=\"twitter:card\" content=\"summary_large_image\" \/>\n<meta name=\"twitter:label1\" content=\"Tiempo de lectura\" \/>\n\t<meta name=\"twitter:data1\" content=\"1 minuto\" \/>\n<script type=\"application\/ld+json\" class=\"yoast-schema-graph\">{\"@context\":\"https:\/\/schema.org\",\"@graph\":[{\"@type\":\"WebPage\",\"@id\":\"https:\/\/passion4travel.it\/es\/elemento\/alquiler\/bicicletas-electricas\/ghost-e-asx-160-universal-al\/\",\"url\":\"https:\/\/passion4travel.it\/es\/elemento\/alquiler\/bicicletas-electricas\/ghost-e-asx-160-universal-al\/\",\"name\":\"Ghost E-ASX 160 Universal AL - Passion 4 Travel\",\"isPartOf\":{\"@id\":\"https:\/\/passion4travel.it\/es\/#website\"},\"primaryImageOfPage\":{\"@id\":\"https:\/\/passion4travel.it\/es\/elemento\/alquiler\/bicicletas-electricas\/ghost-e-asx-160-universal-al\/#primaryimage\"},\"image\":{\"@id\":\"https:\/\/passion4travel.it\/es\/elemento\/alquiler\/bicicletas-electricas\/ghost-e-asx-160-universal-al\/#primaryimage\"},\"thumbnailUrl\":\"https:\/\/passion4travel.it\/wp-content\/uploads\/2024\/04\/passion4travel_noleggio_bici_elettriche_e_asx_universal_al_1.jpg\",\"datePublished\":\"2024-04-05T16:45:41+00:00\",\"dateModified\":\"2024-04-12T13:46:33+00:00\",\"breadcrumb\":{\"@id\":\"https:\/\/passion4travel.it\/es\/elemento\/alquiler\/bicicletas-electricas\/ghost-e-asx-160-universal-al\/#breadcrumb\"},\"inLanguage\":\"es\",\"potentialAction\":[{\"@type\":\"ReadAction\",\"target\":[\"https:\/\/passion4travel.it\/es\/elemento\/alquiler\/bicicletas-electricas\/ghost-e-asx-160-universal-al\/\"]}]},{\"@type\":\"ImageObject\",\"inLanguage\":\"es\",\"@id\":\"https:\/\/passion4travel.it\/es\/elemento\/alquiler\/bicicletas-electricas\/ghost-e-asx-160-universal-al\/#primaryimage\",\"url\":\"https:\/\/passion4travel.it\/wp-content\/uploads\/2024\/04\/passion4travel_noleggio_bici_elettriche_e_asx_universal_al_1.jpg\",\"contentUrl\":\"https:\/\/passion4travel.it\/wp-content\/uploads\/2024\/04\/passion4travel_noleggio_bici_elettriche_e_asx_universal_al_1.jpg\",\"width\":1000,\"height\":600},{\"@type\":\"BreadcrumbList\",\"@id\":\"https:\/\/passion4travel.it\/es\/elemento\/alquiler\/bicicletas-electricas\/ghost-e-asx-160-universal-al\/#breadcrumb\",\"itemListElement\":[{\"@type\":\"ListItem\",\"position\":1,\"name\":\"Home\",\"item\":\"https:\/\/passion4travel.it\/es\/\"},{\"@type\":\"ListItem\",\"position\":2,\"name\":\"Productos\",\"item\":\"https:\/\/passion4travel.it\/es\/shop\/\"},{\"@type\":\"ListItem\",\"position\":3,\"name\":\"Ghost E-ASX 160 Universal AL\"}]},{\"@type\":\"WebSite\",\"@id\":\"https:\/\/passion4travel.it\/es\/#website\",\"url\":\"https:\/\/passion4travel.it\/es\/\",\"name\":\"Passion 4 Travel\",\"description\":\"Tour Operator con sede nelle Colline del Prosecco Conegliano Valdobbiadene che sviluppa e propone tour guidati e servizi turistici che soddisfano ogni passione.\",\"potentialAction\":[{\"@type\":\"SearchAction\",\"target\":{\"@type\":\"EntryPoint\",\"urlTemplate\":\"https:\/\/passion4travel.it\/es\/?s={search_term_string}\"},\"query-input\":{\"@type\":\"PropertyValueSpecification\",\"valueRequired\":true,\"valueName\":\"search_term_string\"}}],\"inLanguage\":\"es\"}]}<\/script>\n<!-- \/ Yoast SEO plugin. -->","yoast_head_json":{"title":"Ghost E-ASX 160 Universal AL - Passion 4 Travel","robots":{"index":"index","follow":"follow","max-snippet":"max-snippet:-1","max-image-preview":"max-image-preview:large","max-video-preview":"max-video-preview:-1"},"canonical":"https:\/\/passion4travel.it\/es\/elemento\/alquiler\/bicicletas-electricas\/ghost-e-asx-160-universal-al\/","og_locale":"es_ES","og_type":"article","og_title":"Ghost E-ASX 160 Universal AL - Passion 4 Travel","og_description":"A toda velocidad cuesta arriba. Y con un gran potencial cuesta abajo. El modelo E-ASX es una bicicleta de monta\u00f1a con asistencia el\u00e9ctrica de equipamiento robusto, que gracias a una...","og_url":"https:\/\/passion4travel.it\/es\/elemento\/alquiler\/bicicletas-electricas\/ghost-e-asx-160-universal-al\/","og_site_name":"Passion 4 Travel","article_modified_time":"2024-04-12T13:46:33+00:00","og_image":[{"width":1000,"height":600,"url":"https:\/\/passion4travel.it\/wp-content\/uploads\/2024\/04\/passion4travel_noleggio_bici_elettriche_e_asx_universal_al_1.jpg","type":"image\/jpeg"}],"twitter_card":"summary_large_image","twitter_misc":{"Tiempo de lectura":"1 minuto"},"schema":{"@context":"https:\/\/schema.org","@graph":[{"@type":"WebPage","@id":"https:\/\/passion4travel.it\/es\/elemento\/alquiler\/bicicletas-electricas\/ghost-e-asx-160-universal-al\/","url":"https:\/\/passion4travel.it\/es\/elemento\/alquiler\/bicicletas-electricas\/ghost-e-asx-160-universal-al\/","name":"Ghost E-ASX 160 Universal AL - Passion 4 Travel","isPartOf":{"@id":"https:\/\/passion4travel.it\/es\/#website"},"primaryImageOfPage":{"@id":"https:\/\/passion4travel.it\/es\/elemento\/alquiler\/bicicletas-electricas\/ghost-e-asx-160-universal-al\/#primaryimage"},"image":{"@id":"https:\/\/passion4travel.it\/es\/elemento\/alquiler\/bicicletas-electricas\/ghost-e-asx-160-universal-al\/#primaryimage"},"thumbnailUrl":"https:\/\/passion4travel.it\/wp-content\/uploads\/2024\/04\/passion4travel_noleggio_bici_elettriche_e_asx_universal_al_1.jpg","datePublished":"2024-04-05T16:45:41+00:00","dateModified":"2024-04-12T13:46:33+00:00","breadcrumb":{"@id":"https:\/\/passion4travel.it\/es\/elemento\/alquiler\/bicicletas-electricas\/ghost-e-asx-160-universal-al\/#breadcrumb"},"inLanguage":"es","potentialAction":[{"@type":"ReadAction","target":["https:\/\/passion4travel.it\/es\/elemento\/alquiler\/bicicletas-electricas\/ghost-e-asx-160-universal-al\/"]}]},{"@type":"ImageObject","inLanguage":"es","@id":"https:\/\/passion4travel.it\/es\/elemento\/alquiler\/bicicletas-electricas\/ghost-e-asx-160-universal-al\/#primaryimage","url":"https:\/\/passion4travel.it\/wp-content\/uploads\/2024\/04\/passion4travel_noleggio_bici_elettriche_e_asx_universal_al_1.jpg","contentUrl":"https:\/\/passion4travel.it\/wp-content\/uploads\/2024\/04\/passion4travel_noleggio_bici_elettriche_e_asx_universal_al_1.jpg","width":1000,"height":600},{"@type":"BreadcrumbList","@id":"https:\/\/passion4travel.it\/es\/elemento\/alquiler\/bicicletas-electricas\/ghost-e-asx-160-universal-al\/#breadcrumb","itemListElement":[{"@type":"ListItem","position":1,"name":"Home","item":"https:\/\/passion4travel.it\/es\/"},{"@type":"ListItem","position":2,"name":"Productos","item":"https:\/\/passion4travel.it\/es\/shop\/"},{"@type":"ListItem","position":3,"name":"Ghost E-ASX 160 Universal AL"}]},{"@type":"WebSite","@id":"https:\/\/passion4travel.it\/es\/#website","url":"https:\/\/passion4travel.it\/es\/","name":"Passion 4 Travel","description":"Tour Operator con sede nelle Colline del Prosecco Conegliano Valdobbiadene che sviluppa e propone tour guidati e servizi turistici che soddisfano ogni passione.","potentialAction":[{"@type":"SearchAction","target":{"@type":"EntryPoint","urlTemplate":"https:\/\/passion4travel.it\/es\/?s={search_term_string}"},"query-input":{"@type":"PropertyValueSpecification","valueRequired":true,"valueName":"search_term_string"}}],"inLanguage":"es"}]}},"_links":{"self":[{"href":"https:\/\/passion4travel.it\/es\/wp-json\/wp\/v2\/product\/7574","targetHints":{"allow":["GET"]}}],"collection":[{"href":"https:\/\/passion4travel.it\/es\/wp-json\/wp\/v2\/product"}],"about":[{"href":"https:\/\/passion4travel.it\/es\/wp-json\/wp\/v2\/types\/product"}],"wp:featuredmedia":[{"embeddable":true,"href":"https:\/\/passion4travel.it\/es\/wp-json\/wp\/v2\/media\/6957"}],"wp:attachment":[{"href":"https:\/\/passion4travel.it\/es\/wp-json\/wp\/v2\/media?parent=7574"}],"wp:term":[{"taxonomy":"product_brand","embeddable":true,"href":"https:\/\/passion4travel.it\/es\/wp-json\/wp\/v2\/product_brand?post=7574"},{"taxonomy":"product_cat","embeddable":true,"href":"https:\/\/passion4travel.it\/es\/wp-json\/wp\/v2\/product_cat?post=7574"},{"taxonomy":"product_tag","embeddable":true,"href":"https:\/\/passion4travel.it\/es\/wp-json\/wp\/v2\/product_tag?post=7574"}],"curies":[{"name":"wp","href":"https:\/\/api.w.org\/{rel}","templated":true}]}}