{"id":7580,"date":"2024-04-08T17:00:26","date_gmt":"2024-04-08T15:00:26","guid":{"rendered":"https:\/\/www.passion4travel.it\/elemento\/sin%20categor\u00eda\/olympia-ex-900-sport\/"},"modified":"2024-04-12T15:47:37","modified_gmt":"2024-04-12T13:47:37","slug":"olympia-ex-900-sport","status":"publish","type":"product","link":"https:\/\/passion4travel.it\/es\/elemento\/alquiler\/bicicletas-electricas\/olympia-ex-900-sport\/","title":{"rendered":"Olympia EX 900 Sport"},"content":{"rendered":"<p>La full suspended EX 900 TRAIL utiliza el motor compacto Ananda M81, con 100 Nm de par y cinco niveles de asistencia. El motor ha sido ajustado por Olympia para proporcionar un rendimiento \u00f3ptimo seg\u00fan las caracter\u00edsticas estructurales de la bicicleta.<\/p>\n<p>La alimentaci\u00f3n es suministrada por la &#8220;superbater\u00eda&#8221; PowerNine 900 de gran autonom\u00eda. El marco de aluminio 6061 hidroformado ha sido dise\u00f1ado seg\u00fan los est\u00e1ndares de &#8220;Electric Fit Geometry&#8221;. El sistema de suspensi\u00f3n est\u00e1 dise\u00f1ado para adaptarse a diferentes tipos de terreno y estilos de pedaleo. El amortiguador central y la horquilla tienen un recorrido de 140 mm y 150 mm respectivamente.<\/p>\n<p>Las geometr\u00edas del marco han sido dise\u00f1adas para maximizar el rendimiento con ruedas de 29 pulgadas.<\/p>\n","protected":false},"excerpt":{"rendered":"<p>La full suspended EX 900 TRAIL utiliza el motor compacto Ananda M81, con 100 Nm de par y cinco niveles de asistencia. El motor ha sido ajustado por Olympia para&#8230;<\/p>\n","protected":false},"featured_media":7026,"template":"","meta":[],"product_brand":[],"product_cat":[90],"product_tag":[],"class_list":{"0":"post-7580","1":"product","2":"type-product","3":"status-publish","4":"has-post-thumbnail","6":"product_cat-bicicletas-electricas","8":"first","9":"instock","10":"virtual","11":"sold-individually","12":"purchasable","13":"product-type-simple"},"yoast_head":"<!-- This site is optimized with the Yoast SEO plugin v27.0 - https:\/\/yoast.com\/product\/yoast-seo-wordpress\/ -->\n<title>Olympia EX 900 Sport - Passion 4 Travel<\/title>\n<meta name=\"robots\" content=\"index, follow, max-snippet:-1, max-image-preview:large, max-video-preview:-1\" \/>\n<link rel=\"canonical\" href=\"https:\/\/passion4travel.it\/es\/elemento\/alquiler\/bicicletas-electricas\/olympia-ex-900-sport\/\" \/>\n<meta property=\"og:locale\" content=\"es_ES\" \/>\n<meta property=\"og:type\" content=\"article\" \/>\n<meta property=\"og:title\" content=\"Olympia EX 900 Sport - Passion 4 Travel\" \/>\n<meta property=\"og:description\" content=\"La full suspended EX 900 TRAIL utiliza el motor compacto Ananda M81, con 100 Nm de par y cinco niveles de asistencia. El motor ha sido ajustado por Olympia para...\" \/>\n<meta property=\"og:url\" content=\"https:\/\/passion4travel.it\/es\/elemento\/alquiler\/bicicletas-electricas\/olympia-ex-900-sport\/\" \/>\n<meta property=\"og:site_name\" content=\"Passion 4 Travel\" \/>\n<meta property=\"article:modified_time\" content=\"2024-04-12T13:47:37+00:00\" \/>\n<meta property=\"og:image\" content=\"https:\/\/passion4travel.it\/wp-content\/uploads\/2024\/04\/passion4travel_noleggio_bici_elettriche_olympia_ex900_1.jpg\" \/>\n\t<meta property=\"og:image:width\" content=\"1000\" \/>\n\t<meta property=\"og:image:height\" content=\"600\" \/>\n\t<meta property=\"og:image:type\" content=\"image\/jpeg\" \/>\n<meta name=\"twitter:card\" content=\"summary_large_image\" \/>\n<meta name=\"twitter:label1\" content=\"Tiempo de lectura\" \/>\n\t<meta name=\"twitter:data1\" content=\"1 minuto\" \/>\n<script type=\"application\/ld+json\" class=\"yoast-schema-graph\">{\"@context\":\"https:\/\/schema.org\",\"@graph\":[{\"@type\":\"WebPage\",\"@id\":\"https:\/\/passion4travel.it\/es\/elemento\/alquiler\/bicicletas-electricas\/olympia-ex-900-sport\/\",\"url\":\"https:\/\/passion4travel.it\/es\/elemento\/alquiler\/bicicletas-electricas\/olympia-ex-900-sport\/\",\"name\":\"Olympia EX 900 Sport - Passion 4 Travel\",\"isPartOf\":{\"@id\":\"https:\/\/passion4travel.it\/es\/#website\"},\"primaryImageOfPage\":{\"@id\":\"https:\/\/passion4travel.it\/es\/elemento\/alquiler\/bicicletas-electricas\/olympia-ex-900-sport\/#primaryimage\"},\"image\":{\"@id\":\"https:\/\/passion4travel.it\/es\/elemento\/alquiler\/bicicletas-electricas\/olympia-ex-900-sport\/#primaryimage\"},\"thumbnailUrl\":\"https:\/\/passion4travel.it\/wp-content\/uploads\/2024\/04\/passion4travel_noleggio_bici_elettriche_olympia_ex900_1.jpg\",\"datePublished\":\"2024-04-08T15:00:26+00:00\",\"dateModified\":\"2024-04-12T13:47:37+00:00\",\"breadcrumb\":{\"@id\":\"https:\/\/passion4travel.it\/es\/elemento\/alquiler\/bicicletas-electricas\/olympia-ex-900-sport\/#breadcrumb\"},\"inLanguage\":\"es\",\"potentialAction\":[{\"@type\":\"ReadAction\",\"target\":[\"https:\/\/passion4travel.it\/es\/elemento\/alquiler\/bicicletas-electricas\/olympia-ex-900-sport\/\"]}]},{\"@type\":\"ImageObject\",\"inLanguage\":\"es\",\"@id\":\"https:\/\/passion4travel.it\/es\/elemento\/alquiler\/bicicletas-electricas\/olympia-ex-900-sport\/#primaryimage\",\"url\":\"https:\/\/passion4travel.it\/wp-content\/uploads\/2024\/04\/passion4travel_noleggio_bici_elettriche_olympia_ex900_1.jpg\",\"contentUrl\":\"https:\/\/passion4travel.it\/wp-content\/uploads\/2024\/04\/passion4travel_noleggio_bici_elettriche_olympia_ex900_1.jpg\",\"width\":1000,\"height\":600},{\"@type\":\"BreadcrumbList\",\"@id\":\"https:\/\/passion4travel.it\/es\/elemento\/alquiler\/bicicletas-electricas\/olympia-ex-900-sport\/#breadcrumb\",\"itemListElement\":[{\"@type\":\"ListItem\",\"position\":1,\"name\":\"Home\",\"item\":\"https:\/\/passion4travel.it\/es\/\"},{\"@type\":\"ListItem\",\"position\":2,\"name\":\"Productos\",\"item\":\"https:\/\/passion4travel.it\/es\/shop\/\"},{\"@type\":\"ListItem\",\"position\":3,\"name\":\"Olympia EX 900 Sport\"}]},{\"@type\":\"WebSite\",\"@id\":\"https:\/\/passion4travel.it\/es\/#website\",\"url\":\"https:\/\/passion4travel.it\/es\/\",\"name\":\"Passion 4 Travel\",\"description\":\"Tour Operator con sede nelle Colline del Prosecco Conegliano Valdobbiadene che sviluppa e propone tour guidati e servizi turistici che soddisfano ogni passione.\",\"potentialAction\":[{\"@type\":\"SearchAction\",\"target\":{\"@type\":\"EntryPoint\",\"urlTemplate\":\"https:\/\/passion4travel.it\/es\/?s={search_term_string}\"},\"query-input\":{\"@type\":\"PropertyValueSpecification\",\"valueRequired\":true,\"valueName\":\"search_term_string\"}}],\"inLanguage\":\"es\"}]}<\/script>\n<!-- \/ Yoast SEO plugin. -->","yoast_head_json":{"title":"Olympia EX 900 Sport - Passion 4 Travel","robots":{"index":"index","follow":"follow","max-snippet":"max-snippet:-1","max-image-preview":"max-image-preview:large","max-video-preview":"max-video-preview:-1"},"canonical":"https:\/\/passion4travel.it\/es\/elemento\/alquiler\/bicicletas-electricas\/olympia-ex-900-sport\/","og_locale":"es_ES","og_type":"article","og_title":"Olympia EX 900 Sport - Passion 4 Travel","og_description":"La full suspended EX 900 TRAIL utiliza el motor compacto Ananda M81, con 100 Nm de par y cinco niveles de asistencia. El motor ha sido ajustado por Olympia para...","og_url":"https:\/\/passion4travel.it\/es\/elemento\/alquiler\/bicicletas-electricas\/olympia-ex-900-sport\/","og_site_name":"Passion 4 Travel","article_modified_time":"2024-04-12T13:47:37+00:00","og_image":[{"width":1000,"height":600,"url":"https:\/\/passion4travel.it\/wp-content\/uploads\/2024\/04\/passion4travel_noleggio_bici_elettriche_olympia_ex900_1.jpg","type":"image\/jpeg"}],"twitter_card":"summary_large_image","twitter_misc":{"Tiempo de lectura":"1 minuto"},"schema":{"@context":"https:\/\/schema.org","@graph":[{"@type":"WebPage","@id":"https:\/\/passion4travel.it\/es\/elemento\/alquiler\/bicicletas-electricas\/olympia-ex-900-sport\/","url":"https:\/\/passion4travel.it\/es\/elemento\/alquiler\/bicicletas-electricas\/olympia-ex-900-sport\/","name":"Olympia EX 900 Sport - Passion 4 Travel","isPartOf":{"@id":"https:\/\/passion4travel.it\/es\/#website"},"primaryImageOfPage":{"@id":"https:\/\/passion4travel.it\/es\/elemento\/alquiler\/bicicletas-electricas\/olympia-ex-900-sport\/#primaryimage"},"image":{"@id":"https:\/\/passion4travel.it\/es\/elemento\/alquiler\/bicicletas-electricas\/olympia-ex-900-sport\/#primaryimage"},"thumbnailUrl":"https:\/\/passion4travel.it\/wp-content\/uploads\/2024\/04\/passion4travel_noleggio_bici_elettriche_olympia_ex900_1.jpg","datePublished":"2024-04-08T15:00:26+00:00","dateModified":"2024-04-12T13:47:37+00:00","breadcrumb":{"@id":"https:\/\/passion4travel.it\/es\/elemento\/alquiler\/bicicletas-electricas\/olympia-ex-900-sport\/#breadcrumb"},"inLanguage":"es","potentialAction":[{"@type":"ReadAction","target":["https:\/\/passion4travel.it\/es\/elemento\/alquiler\/bicicletas-electricas\/olympia-ex-900-sport\/"]}]},{"@type":"ImageObject","inLanguage":"es","@id":"https:\/\/passion4travel.it\/es\/elemento\/alquiler\/bicicletas-electricas\/olympia-ex-900-sport\/#primaryimage","url":"https:\/\/passion4travel.it\/wp-content\/uploads\/2024\/04\/passion4travel_noleggio_bici_elettriche_olympia_ex900_1.jpg","contentUrl":"https:\/\/passion4travel.it\/wp-content\/uploads\/2024\/04\/passion4travel_noleggio_bici_elettriche_olympia_ex900_1.jpg","width":1000,"height":600},{"@type":"BreadcrumbList","@id":"https:\/\/passion4travel.it\/es\/elemento\/alquiler\/bicicletas-electricas\/olympia-ex-900-sport\/#breadcrumb","itemListElement":[{"@type":"ListItem","position":1,"name":"Home","item":"https:\/\/passion4travel.it\/es\/"},{"@type":"ListItem","position":2,"name":"Productos","item":"https:\/\/passion4travel.it\/es\/shop\/"},{"@type":"ListItem","position":3,"name":"Olympia EX 900 Sport"}]},{"@type":"WebSite","@id":"https:\/\/passion4travel.it\/es\/#website","url":"https:\/\/passion4travel.it\/es\/","name":"Passion 4 Travel","description":"Tour Operator con sede nelle Colline del Prosecco Conegliano Valdobbiadene che sviluppa e propone tour guidati e servizi turistici che soddisfano ogni passione.","potentialAction":[{"@type":"SearchAction","target":{"@type":"EntryPoint","urlTemplate":"https:\/\/passion4travel.it\/es\/?s={search_term_string}"},"query-input":{"@type":"PropertyValueSpecification","valueRequired":true,"valueName":"search_term_string"}}],"inLanguage":"es"}]}},"_links":{"self":[{"href":"https:\/\/passion4travel.it\/es\/wp-json\/wp\/v2\/product\/7580","targetHints":{"allow":["GET"]}}],"collection":[{"href":"https:\/\/passion4travel.it\/es\/wp-json\/wp\/v2\/product"}],"about":[{"href":"https:\/\/passion4travel.it\/es\/wp-json\/wp\/v2\/types\/product"}],"wp:featuredmedia":[{"embeddable":true,"href":"https:\/\/passion4travel.it\/es\/wp-json\/wp\/v2\/media\/7026"}],"wp:attachment":[{"href":"https:\/\/passion4travel.it\/es\/wp-json\/wp\/v2\/media?parent=7580"}],"wp:term":[{"taxonomy":"product_brand","embeddable":true,"href":"https:\/\/passion4travel.it\/es\/wp-json\/wp\/v2\/product_brand?post=7580"},{"taxonomy":"product_cat","embeddable":true,"href":"https:\/\/passion4travel.it\/es\/wp-json\/wp\/v2\/product_cat?post=7580"},{"taxonomy":"product_tag","embeddable":true,"href":"https:\/\/passion4travel.it\/es\/wp-json\/wp\/v2\/product_tag?post=7580"}],"curies":[{"name":"wp","href":"https:\/\/api.w.org\/{rel}","templated":true}]}}