{"id":7598,"date":"2024-04-08T18:44:54","date_gmt":"2024-04-08T16:44:54","guid":{"rendered":"https:\/\/www.passion4travel.it\/elemento\/sin%20categor\u00eda\/moto-morini-scrambler-650\/"},"modified":"2024-04-12T15:49:42","modified_gmt":"2024-04-12T13:49:42","slug":"moto-morini-scrambler-650","status":"publish","type":"product","link":"https:\/\/passion4travel.it\/es\/elemento\/alquiler\/motocicletas\/moto-morini-scrambler-650\/","title":{"rendered":"Moto Morini Scrambler 650"},"content":{"rendered":"<p>Estilo atemporal y vanguardia tecnol\u00f3gica.<\/p>\n<p>Donde la tradici\u00f3n se encuentra con la innovaci\u00f3n, la SEIEMMEZZO SCR libera todo su potencial. El asiento proporcionado, el tanque con l\u00edneas fascinantes, el manillar ancho y no muy cerca del torso del conductor, la elegancia de lo cl\u00e1sico a trav\u00e9s del uso de elementos vintage.<\/p>\n<p>Cada detalle ha sido dise\u00f1ado para crear un equilibrio perfecto de formas sin descuidar la innovaci\u00f3n tecnol\u00f3gica.<\/p>\n","protected":false},"excerpt":{"rendered":"<p>Estilo atemporal y vanguardia tecnol\u00f3gica. Donde la tradici\u00f3n se encuentra con la innovaci\u00f3n, la SEIEMMEZZO SCR libera todo su potencial. El asiento proporcionado, el tanque con l\u00edneas fascinantes, el manillar&#8230;<\/p>\n","protected":false},"featured_media":7104,"template":"","meta":[],"product_brand":[],"product_cat":[71],"product_tag":[],"class_list":{"0":"post-7598","1":"product","2":"type-product","3":"status-publish","4":"has-post-thumbnail","6":"product_cat-motocicletas","8":"first","9":"instock","10":"virtual","11":"sold-individually","12":"purchasable","13":"product-type-simple"},"yoast_head":"<!-- This site is optimized with the Yoast SEO plugin v27.0 - https:\/\/yoast.com\/product\/yoast-seo-wordpress\/ -->\n<title>Moto Morini Scrambler 650 - Passion 4 Travel<\/title>\n<meta name=\"robots\" content=\"index, follow, max-snippet:-1, max-image-preview:large, max-video-preview:-1\" \/>\n<link rel=\"canonical\" href=\"https:\/\/passion4travel.it\/es\/elemento\/alquiler\/motocicletas\/moto-morini-scrambler-650\/\" \/>\n<meta property=\"og:locale\" content=\"es_ES\" \/>\n<meta property=\"og:type\" content=\"article\" \/>\n<meta property=\"og:title\" content=\"Moto Morini Scrambler 650 - Passion 4 Travel\" \/>\n<meta property=\"og:description\" content=\"Estilo atemporal y vanguardia tecnol\u00f3gica. Donde la tradici\u00f3n se encuentra con la innovaci\u00f3n, la SEIEMMEZZO SCR libera todo su potencial. El asiento proporcionado, el tanque con l\u00edneas fascinantes, el manillar...\" \/>\n<meta property=\"og:url\" content=\"https:\/\/passion4travel.it\/es\/elemento\/alquiler\/motocicletas\/moto-morini-scrambler-650\/\" \/>\n<meta property=\"og:site_name\" content=\"Passion 4 Travel\" \/>\n<meta property=\"article:modified_time\" content=\"2024-04-12T13:49:42+00:00\" \/>\n<meta property=\"og:image\" content=\"https:\/\/passion4travel.it\/wp-content\/uploads\/2024\/04\/passion4travel_noleggio_moto_moto_morini_scrambler_650_1.jpg\" \/>\n\t<meta property=\"og:image:width\" content=\"1000\" \/>\n\t<meta property=\"og:image:height\" content=\"600\" \/>\n\t<meta property=\"og:image:type\" content=\"image\/jpeg\" \/>\n<meta name=\"twitter:card\" content=\"summary_large_image\" \/>\n<meta name=\"twitter:label1\" content=\"Tiempo de lectura\" \/>\n\t<meta name=\"twitter:data1\" content=\"1 minuto\" \/>\n<script type=\"application\/ld+json\" class=\"yoast-schema-graph\">{\"@context\":\"https:\/\/schema.org\",\"@graph\":[{\"@type\":\"WebPage\",\"@id\":\"https:\/\/passion4travel.it\/es\/elemento\/alquiler\/motocicletas\/moto-morini-scrambler-650\/\",\"url\":\"https:\/\/passion4travel.it\/es\/elemento\/alquiler\/motocicletas\/moto-morini-scrambler-650\/\",\"name\":\"Moto Morini Scrambler 650 - Passion 4 Travel\",\"isPartOf\":{\"@id\":\"https:\/\/passion4travel.it\/es\/#website\"},\"primaryImageOfPage\":{\"@id\":\"https:\/\/passion4travel.it\/es\/elemento\/alquiler\/motocicletas\/moto-morini-scrambler-650\/#primaryimage\"},\"image\":{\"@id\":\"https:\/\/passion4travel.it\/es\/elemento\/alquiler\/motocicletas\/moto-morini-scrambler-650\/#primaryimage\"},\"thumbnailUrl\":\"https:\/\/passion4travel.it\/wp-content\/uploads\/2024\/04\/passion4travel_noleggio_moto_moto_morini_scrambler_650_1.jpg\",\"datePublished\":\"2024-04-08T16:44:54+00:00\",\"dateModified\":\"2024-04-12T13:49:42+00:00\",\"breadcrumb\":{\"@id\":\"https:\/\/passion4travel.it\/es\/elemento\/alquiler\/motocicletas\/moto-morini-scrambler-650\/#breadcrumb\"},\"inLanguage\":\"es\",\"potentialAction\":[{\"@type\":\"ReadAction\",\"target\":[\"https:\/\/passion4travel.it\/es\/elemento\/alquiler\/motocicletas\/moto-morini-scrambler-650\/\"]}]},{\"@type\":\"ImageObject\",\"inLanguage\":\"es\",\"@id\":\"https:\/\/passion4travel.it\/es\/elemento\/alquiler\/motocicletas\/moto-morini-scrambler-650\/#primaryimage\",\"url\":\"https:\/\/passion4travel.it\/wp-content\/uploads\/2024\/04\/passion4travel_noleggio_moto_moto_morini_scrambler_650_1.jpg\",\"contentUrl\":\"https:\/\/passion4travel.it\/wp-content\/uploads\/2024\/04\/passion4travel_noleggio_moto_moto_morini_scrambler_650_1.jpg\",\"width\":1000,\"height\":600},{\"@type\":\"BreadcrumbList\",\"@id\":\"https:\/\/passion4travel.it\/es\/elemento\/alquiler\/motocicletas\/moto-morini-scrambler-650\/#breadcrumb\",\"itemListElement\":[{\"@type\":\"ListItem\",\"position\":1,\"name\":\"Home\",\"item\":\"https:\/\/passion4travel.it\/es\/\"},{\"@type\":\"ListItem\",\"position\":2,\"name\":\"Productos\",\"item\":\"https:\/\/passion4travel.it\/es\/shop\/\"},{\"@type\":\"ListItem\",\"position\":3,\"name\":\"Moto Morini Scrambler 650\"}]},{\"@type\":\"WebSite\",\"@id\":\"https:\/\/passion4travel.it\/es\/#website\",\"url\":\"https:\/\/passion4travel.it\/es\/\",\"name\":\"Passion 4 Travel\",\"description\":\"Tour Operator con sede nelle Colline del Prosecco Conegliano Valdobbiadene che sviluppa e propone tour guidati e servizi turistici che soddisfano ogni passione.\",\"potentialAction\":[{\"@type\":\"SearchAction\",\"target\":{\"@type\":\"EntryPoint\",\"urlTemplate\":\"https:\/\/passion4travel.it\/es\/?s={search_term_string}\"},\"query-input\":{\"@type\":\"PropertyValueSpecification\",\"valueRequired\":true,\"valueName\":\"search_term_string\"}}],\"inLanguage\":\"es\"}]}<\/script>\n<!-- \/ Yoast SEO plugin. -->","yoast_head_json":{"title":"Moto Morini Scrambler 650 - Passion 4 Travel","robots":{"index":"index","follow":"follow","max-snippet":"max-snippet:-1","max-image-preview":"max-image-preview:large","max-video-preview":"max-video-preview:-1"},"canonical":"https:\/\/passion4travel.it\/es\/elemento\/alquiler\/motocicletas\/moto-morini-scrambler-650\/","og_locale":"es_ES","og_type":"article","og_title":"Moto Morini Scrambler 650 - Passion 4 Travel","og_description":"Estilo atemporal y vanguardia tecnol\u00f3gica. Donde la tradici\u00f3n se encuentra con la innovaci\u00f3n, la SEIEMMEZZO SCR libera todo su potencial. El asiento proporcionado, el tanque con l\u00edneas fascinantes, el manillar...","og_url":"https:\/\/passion4travel.it\/es\/elemento\/alquiler\/motocicletas\/moto-morini-scrambler-650\/","og_site_name":"Passion 4 Travel","article_modified_time":"2024-04-12T13:49:42+00:00","og_image":[{"width":1000,"height":600,"url":"https:\/\/passion4travel.it\/wp-content\/uploads\/2024\/04\/passion4travel_noleggio_moto_moto_morini_scrambler_650_1.jpg","type":"image\/jpeg"}],"twitter_card":"summary_large_image","twitter_misc":{"Tiempo de lectura":"1 minuto"},"schema":{"@context":"https:\/\/schema.org","@graph":[{"@type":"WebPage","@id":"https:\/\/passion4travel.it\/es\/elemento\/alquiler\/motocicletas\/moto-morini-scrambler-650\/","url":"https:\/\/passion4travel.it\/es\/elemento\/alquiler\/motocicletas\/moto-morini-scrambler-650\/","name":"Moto Morini Scrambler 650 - Passion 4 Travel","isPartOf":{"@id":"https:\/\/passion4travel.it\/es\/#website"},"primaryImageOfPage":{"@id":"https:\/\/passion4travel.it\/es\/elemento\/alquiler\/motocicletas\/moto-morini-scrambler-650\/#primaryimage"},"image":{"@id":"https:\/\/passion4travel.it\/es\/elemento\/alquiler\/motocicletas\/moto-morini-scrambler-650\/#primaryimage"},"thumbnailUrl":"https:\/\/passion4travel.it\/wp-content\/uploads\/2024\/04\/passion4travel_noleggio_moto_moto_morini_scrambler_650_1.jpg","datePublished":"2024-04-08T16:44:54+00:00","dateModified":"2024-04-12T13:49:42+00:00","breadcrumb":{"@id":"https:\/\/passion4travel.it\/es\/elemento\/alquiler\/motocicletas\/moto-morini-scrambler-650\/#breadcrumb"},"inLanguage":"es","potentialAction":[{"@type":"ReadAction","target":["https:\/\/passion4travel.it\/es\/elemento\/alquiler\/motocicletas\/moto-morini-scrambler-650\/"]}]},{"@type":"ImageObject","inLanguage":"es","@id":"https:\/\/passion4travel.it\/es\/elemento\/alquiler\/motocicletas\/moto-morini-scrambler-650\/#primaryimage","url":"https:\/\/passion4travel.it\/wp-content\/uploads\/2024\/04\/passion4travel_noleggio_moto_moto_morini_scrambler_650_1.jpg","contentUrl":"https:\/\/passion4travel.it\/wp-content\/uploads\/2024\/04\/passion4travel_noleggio_moto_moto_morini_scrambler_650_1.jpg","width":1000,"height":600},{"@type":"BreadcrumbList","@id":"https:\/\/passion4travel.it\/es\/elemento\/alquiler\/motocicletas\/moto-morini-scrambler-650\/#breadcrumb","itemListElement":[{"@type":"ListItem","position":1,"name":"Home","item":"https:\/\/passion4travel.it\/es\/"},{"@type":"ListItem","position":2,"name":"Productos","item":"https:\/\/passion4travel.it\/es\/shop\/"},{"@type":"ListItem","position":3,"name":"Moto Morini Scrambler 650"}]},{"@type":"WebSite","@id":"https:\/\/passion4travel.it\/es\/#website","url":"https:\/\/passion4travel.it\/es\/","name":"Passion 4 Travel","description":"Tour Operator con sede nelle Colline del Prosecco Conegliano Valdobbiadene che sviluppa e propone tour guidati e servizi turistici che soddisfano ogni passione.","potentialAction":[{"@type":"SearchAction","target":{"@type":"EntryPoint","urlTemplate":"https:\/\/passion4travel.it\/es\/?s={search_term_string}"},"query-input":{"@type":"PropertyValueSpecification","valueRequired":true,"valueName":"search_term_string"}}],"inLanguage":"es"}]}},"_links":{"self":[{"href":"https:\/\/passion4travel.it\/es\/wp-json\/wp\/v2\/product\/7598","targetHints":{"allow":["GET"]}}],"collection":[{"href":"https:\/\/passion4travel.it\/es\/wp-json\/wp\/v2\/product"}],"about":[{"href":"https:\/\/passion4travel.it\/es\/wp-json\/wp\/v2\/types\/product"}],"wp:featuredmedia":[{"embeddable":true,"href":"https:\/\/passion4travel.it\/es\/wp-json\/wp\/v2\/media\/7104"}],"wp:attachment":[{"href":"https:\/\/passion4travel.it\/es\/wp-json\/wp\/v2\/media?parent=7598"}],"wp:term":[{"taxonomy":"product_brand","embeddable":true,"href":"https:\/\/passion4travel.it\/es\/wp-json\/wp\/v2\/product_brand?post=7598"},{"taxonomy":"product_cat","embeddable":true,"href":"https:\/\/passion4travel.it\/es\/wp-json\/wp\/v2\/product_cat?post=7598"},{"taxonomy":"product_tag","embeddable":true,"href":"https:\/\/passion4travel.it\/es\/wp-json\/wp\/v2\/product_tag?post=7598"}],"curies":[{"name":"wp","href":"https:\/\/api.w.org\/{rel}","templated":true}]}}