{"id":7600,"date":"2024-04-08T18:46:41","date_gmt":"2024-04-08T16:46:41","guid":{"rendered":"https:\/\/www.passion4travel.it\/elemento\/sin%20categor\u00eda\/moto-morini-x-cape\/"},"modified":"2024-04-12T15:50:23","modified_gmt":"2024-04-12T13:50:23","slug":"moto-morini-x-cape","status":"publish","type":"product","link":"https:\/\/passion4travel.it\/es\/elemento\/alquiler\/motocicletas\/moto-morini-x-cape\/","title":{"rendered":"Moto Morini X-Cape"},"content":{"rendered":"<p>Comienza tu pr\u00f3xima aventura.<\/p>\n<p>X-CAPE es la moto de aventura de Moto Morini: versatilidad, diversi\u00f3n y comodidad destiladas en una l\u00ednea futurista y cautivadora.<\/p>\n<p>La rueda delantera de 19&#8243; y la horquilla ajustable de 50 mm de di\u00e1metro garantizan una sorprendente estabilidad en la carretera, haci\u00e9ndola adecuada tanto para pasos de monta\u00f1a como para senderos sin pavimentar.<\/p>\n","protected":false},"excerpt":{"rendered":"<p>Comienza tu pr\u00f3xima aventura. X-CAPE es la moto de aventura de Moto Morini: versatilidad, diversi\u00f3n y comodidad destiladas en una l\u00ednea futurista y cautivadora. La rueda delantera de 19&#8243; y&#8230;<\/p>\n","protected":false},"featured_media":7125,"template":"","meta":[],"product_brand":[],"product_cat":[71],"product_tag":[],"class_list":{"0":"post-7600","1":"product","2":"type-product","3":"status-publish","4":"has-post-thumbnail","6":"product_cat-motocicletas","8":"first","9":"instock","10":"virtual","11":"sold-individually","12":"purchasable","13":"product-type-simple"},"yoast_head":"<!-- This site is optimized with the Yoast SEO plugin v27.0 - https:\/\/yoast.com\/product\/yoast-seo-wordpress\/ -->\n<title>Moto Morini X-Cape - Passion 4 Travel<\/title>\n<meta name=\"robots\" content=\"index, follow, max-snippet:-1, max-image-preview:large, max-video-preview:-1\" \/>\n<link rel=\"canonical\" href=\"https:\/\/passion4travel.it\/es\/elemento\/alquiler\/motocicletas\/moto-morini-x-cape\/\" \/>\n<meta property=\"og:locale\" content=\"es_ES\" \/>\n<meta property=\"og:type\" content=\"article\" \/>\n<meta property=\"og:title\" content=\"Moto Morini X-Cape - Passion 4 Travel\" \/>\n<meta property=\"og:description\" content=\"Comienza tu pr\u00f3xima aventura. X-CAPE es la moto de aventura de Moto Morini: versatilidad, diversi\u00f3n y comodidad destiladas en una l\u00ednea futurista y cautivadora. La rueda delantera de 19&#8243; y...\" \/>\n<meta property=\"og:url\" content=\"https:\/\/passion4travel.it\/es\/elemento\/alquiler\/motocicletas\/moto-morini-x-cape\/\" \/>\n<meta property=\"og:site_name\" content=\"Passion 4 Travel\" \/>\n<meta property=\"article:modified_time\" content=\"2024-04-12T13:50:23+00:00\" \/>\n<meta property=\"og:image\" content=\"https:\/\/passion4travel.it\/wp-content\/uploads\/2024\/04\/passion4travel_noleggio_moto_moto_morini_x-cape_1.jpg\" \/>\n\t<meta property=\"og:image:width\" content=\"1000\" \/>\n\t<meta property=\"og:image:height\" content=\"600\" \/>\n\t<meta property=\"og:image:type\" content=\"image\/jpeg\" \/>\n<meta name=\"twitter:card\" content=\"summary_large_image\" \/>\n<meta name=\"twitter:label1\" content=\"Tiempo de lectura\" \/>\n\t<meta name=\"twitter:data1\" content=\"1 minuto\" \/>\n<script type=\"application\/ld+json\" class=\"yoast-schema-graph\">{\"@context\":\"https:\/\/schema.org\",\"@graph\":[{\"@type\":\"WebPage\",\"@id\":\"https:\/\/passion4travel.it\/es\/elemento\/alquiler\/motocicletas\/moto-morini-x-cape\/\",\"url\":\"https:\/\/passion4travel.it\/es\/elemento\/alquiler\/motocicletas\/moto-morini-x-cape\/\",\"name\":\"Moto Morini X-Cape - Passion 4 Travel\",\"isPartOf\":{\"@id\":\"https:\/\/passion4travel.it\/es\/#website\"},\"primaryImageOfPage\":{\"@id\":\"https:\/\/passion4travel.it\/es\/elemento\/alquiler\/motocicletas\/moto-morini-x-cape\/#primaryimage\"},\"image\":{\"@id\":\"https:\/\/passion4travel.it\/es\/elemento\/alquiler\/motocicletas\/moto-morini-x-cape\/#primaryimage\"},\"thumbnailUrl\":\"https:\/\/passion4travel.it\/wp-content\/uploads\/2024\/04\/passion4travel_noleggio_moto_moto_morini_x-cape_1.jpg\",\"datePublished\":\"2024-04-08T16:46:41+00:00\",\"dateModified\":\"2024-04-12T13:50:23+00:00\",\"breadcrumb\":{\"@id\":\"https:\/\/passion4travel.it\/es\/elemento\/alquiler\/motocicletas\/moto-morini-x-cape\/#breadcrumb\"},\"inLanguage\":\"es\",\"potentialAction\":[{\"@type\":\"ReadAction\",\"target\":[\"https:\/\/passion4travel.it\/es\/elemento\/alquiler\/motocicletas\/moto-morini-x-cape\/\"]}]},{\"@type\":\"ImageObject\",\"inLanguage\":\"es\",\"@id\":\"https:\/\/passion4travel.it\/es\/elemento\/alquiler\/motocicletas\/moto-morini-x-cape\/#primaryimage\",\"url\":\"https:\/\/passion4travel.it\/wp-content\/uploads\/2024\/04\/passion4travel_noleggio_moto_moto_morini_x-cape_1.jpg\",\"contentUrl\":\"https:\/\/passion4travel.it\/wp-content\/uploads\/2024\/04\/passion4travel_noleggio_moto_moto_morini_x-cape_1.jpg\",\"width\":1000,\"height\":600},{\"@type\":\"BreadcrumbList\",\"@id\":\"https:\/\/passion4travel.it\/es\/elemento\/alquiler\/motocicletas\/moto-morini-x-cape\/#breadcrumb\",\"itemListElement\":[{\"@type\":\"ListItem\",\"position\":1,\"name\":\"Home\",\"item\":\"https:\/\/passion4travel.it\/es\/\"},{\"@type\":\"ListItem\",\"position\":2,\"name\":\"Productos\",\"item\":\"https:\/\/passion4travel.it\/es\/shop\/\"},{\"@type\":\"ListItem\",\"position\":3,\"name\":\"Moto Morini X-Cape\"}]},{\"@type\":\"WebSite\",\"@id\":\"https:\/\/passion4travel.it\/es\/#website\",\"url\":\"https:\/\/passion4travel.it\/es\/\",\"name\":\"Passion 4 Travel\",\"description\":\"Tour Operator con sede nelle Colline del Prosecco Conegliano Valdobbiadene che sviluppa e propone tour guidati e servizi turistici che soddisfano ogni passione.\",\"potentialAction\":[{\"@type\":\"SearchAction\",\"target\":{\"@type\":\"EntryPoint\",\"urlTemplate\":\"https:\/\/passion4travel.it\/es\/?s={search_term_string}\"},\"query-input\":{\"@type\":\"PropertyValueSpecification\",\"valueRequired\":true,\"valueName\":\"search_term_string\"}}],\"inLanguage\":\"es\"}]}<\/script>\n<!-- \/ Yoast SEO plugin. -->","yoast_head_json":{"title":"Moto Morini X-Cape - Passion 4 Travel","robots":{"index":"index","follow":"follow","max-snippet":"max-snippet:-1","max-image-preview":"max-image-preview:large","max-video-preview":"max-video-preview:-1"},"canonical":"https:\/\/passion4travel.it\/es\/elemento\/alquiler\/motocicletas\/moto-morini-x-cape\/","og_locale":"es_ES","og_type":"article","og_title":"Moto Morini X-Cape - Passion 4 Travel","og_description":"Comienza tu pr\u00f3xima aventura. X-CAPE es la moto de aventura de Moto Morini: versatilidad, diversi\u00f3n y comodidad destiladas en una l\u00ednea futurista y cautivadora. La rueda delantera de 19&#8243; y...","og_url":"https:\/\/passion4travel.it\/es\/elemento\/alquiler\/motocicletas\/moto-morini-x-cape\/","og_site_name":"Passion 4 Travel","article_modified_time":"2024-04-12T13:50:23+00:00","og_image":[{"width":1000,"height":600,"url":"https:\/\/passion4travel.it\/wp-content\/uploads\/2024\/04\/passion4travel_noleggio_moto_moto_morini_x-cape_1.jpg","type":"image\/jpeg"}],"twitter_card":"summary_large_image","twitter_misc":{"Tiempo de lectura":"1 minuto"},"schema":{"@context":"https:\/\/schema.org","@graph":[{"@type":"WebPage","@id":"https:\/\/passion4travel.it\/es\/elemento\/alquiler\/motocicletas\/moto-morini-x-cape\/","url":"https:\/\/passion4travel.it\/es\/elemento\/alquiler\/motocicletas\/moto-morini-x-cape\/","name":"Moto Morini X-Cape - Passion 4 Travel","isPartOf":{"@id":"https:\/\/passion4travel.it\/es\/#website"},"primaryImageOfPage":{"@id":"https:\/\/passion4travel.it\/es\/elemento\/alquiler\/motocicletas\/moto-morini-x-cape\/#primaryimage"},"image":{"@id":"https:\/\/passion4travel.it\/es\/elemento\/alquiler\/motocicletas\/moto-morini-x-cape\/#primaryimage"},"thumbnailUrl":"https:\/\/passion4travel.it\/wp-content\/uploads\/2024\/04\/passion4travel_noleggio_moto_moto_morini_x-cape_1.jpg","datePublished":"2024-04-08T16:46:41+00:00","dateModified":"2024-04-12T13:50:23+00:00","breadcrumb":{"@id":"https:\/\/passion4travel.it\/es\/elemento\/alquiler\/motocicletas\/moto-morini-x-cape\/#breadcrumb"},"inLanguage":"es","potentialAction":[{"@type":"ReadAction","target":["https:\/\/passion4travel.it\/es\/elemento\/alquiler\/motocicletas\/moto-morini-x-cape\/"]}]},{"@type":"ImageObject","inLanguage":"es","@id":"https:\/\/passion4travel.it\/es\/elemento\/alquiler\/motocicletas\/moto-morini-x-cape\/#primaryimage","url":"https:\/\/passion4travel.it\/wp-content\/uploads\/2024\/04\/passion4travel_noleggio_moto_moto_morini_x-cape_1.jpg","contentUrl":"https:\/\/passion4travel.it\/wp-content\/uploads\/2024\/04\/passion4travel_noleggio_moto_moto_morini_x-cape_1.jpg","width":1000,"height":600},{"@type":"BreadcrumbList","@id":"https:\/\/passion4travel.it\/es\/elemento\/alquiler\/motocicletas\/moto-morini-x-cape\/#breadcrumb","itemListElement":[{"@type":"ListItem","position":1,"name":"Home","item":"https:\/\/passion4travel.it\/es\/"},{"@type":"ListItem","position":2,"name":"Productos","item":"https:\/\/passion4travel.it\/es\/shop\/"},{"@type":"ListItem","position":3,"name":"Moto Morini X-Cape"}]},{"@type":"WebSite","@id":"https:\/\/passion4travel.it\/es\/#website","url":"https:\/\/passion4travel.it\/es\/","name":"Passion 4 Travel","description":"Tour Operator con sede nelle Colline del Prosecco Conegliano Valdobbiadene che sviluppa e propone tour guidati e servizi turistici che soddisfano ogni passione.","potentialAction":[{"@type":"SearchAction","target":{"@type":"EntryPoint","urlTemplate":"https:\/\/passion4travel.it\/es\/?s={search_term_string}"},"query-input":{"@type":"PropertyValueSpecification","valueRequired":true,"valueName":"search_term_string"}}],"inLanguage":"es"}]}},"_links":{"self":[{"href":"https:\/\/passion4travel.it\/es\/wp-json\/wp\/v2\/product\/7600","targetHints":{"allow":["GET"]}}],"collection":[{"href":"https:\/\/passion4travel.it\/es\/wp-json\/wp\/v2\/product"}],"about":[{"href":"https:\/\/passion4travel.it\/es\/wp-json\/wp\/v2\/types\/product"}],"wp:featuredmedia":[{"embeddable":true,"href":"https:\/\/passion4travel.it\/es\/wp-json\/wp\/v2\/media\/7125"}],"wp:attachment":[{"href":"https:\/\/passion4travel.it\/es\/wp-json\/wp\/v2\/media?parent=7600"}],"wp:term":[{"taxonomy":"product_brand","embeddable":true,"href":"https:\/\/passion4travel.it\/es\/wp-json\/wp\/v2\/product_brand?post=7600"},{"taxonomy":"product_cat","embeddable":true,"href":"https:\/\/passion4travel.it\/es\/wp-json\/wp\/v2\/product_cat?post=7600"},{"taxonomy":"product_tag","embeddable":true,"href":"https:\/\/passion4travel.it\/es\/wp-json\/wp\/v2\/product_tag?post=7600"}],"curies":[{"name":"wp","href":"https:\/\/api.w.org\/{rel}","templated":true}]}}