{"id":7804,"date":"2024-04-05T16:02:16","date_gmt":"2024-04-05T14:02:16","guid":{"rendered":"https:\/\/www.passion4travel.it\/elemento\/sin%20categor\u00eda\/la-perla-cortina\/"},"modified":"2024-04-12T22:03:51","modified_gmt":"2024-04-12T20:03:51","slug":"la-perla-cortina","status":"publish","type":"product","link":"https:\/\/passion4travel.it\/es\/elemento\/viajes-en-grupo\/tours-en-bicicleta\/la-perla-cortina\/","title":{"rendered":"La perla Cortina"},"content":{"rendered":"<p>2\/3 d\u00edas descubriendo la Perla de los Dolomitas a trav\u00e9s de rutas ciclistas seguras, pasando por las Dolomitas de Belluno, con posible degustaci\u00f3n de quesos t\u00edpicos de monta\u00f1a.<\/p>\n<p>La propuesta del tour comienza desde Calalzo para llegar a Cortina y luego a Dobbiaco.<br \/>\nEl tercer d\u00eda adicional incluye Dobbiaco Lienz o un d\u00eda dedicado completamente a la gastronom\u00eda y enolog\u00eda. El servicio de traslado en autob\u00fas est\u00e1 disponible bajo petici\u00f3n.<br \/>\n\u00a1Cortina y los Dolomitas emocionar\u00e1n a cualquiera!<\/p>\n<p><strong>Propuesta<\/strong>: alojamiento en hoteles de 3 a 4 estrellas, gu\u00eda autorizada, media pensi\u00f3n, 2 visitas a bodegas, 1 visita a un castillo, posibilidad de transporte de equipaje bajo petici\u00f3n.<\/p>\n","protected":false},"excerpt":{"rendered":"<p>2\/3 d\u00edas descubriendo la Perla de los Dolomitas a trav\u00e9s de rutas ciclistas seguras, pasando por las Dolomitas de Belluno, con posible degustaci\u00f3n de quesos t\u00edpicos de monta\u00f1a. La propuesta&#8230;<\/p>\n","protected":false},"featured_media":6831,"template":"","meta":[],"product_brand":[],"product_cat":[94],"product_tag":[],"class_list":{"0":"post-7804","1":"product","2":"type-product","3":"status-publish","4":"has-post-thumbnail","6":"product_cat-tours-en-bicicleta","8":"first","9":"instock","10":"virtual","11":"sold-individually","12":"purchasable","13":"product-type-simple"},"yoast_head":"<!-- This site is optimized with the Yoast SEO plugin v27.0 - https:\/\/yoast.com\/product\/yoast-seo-wordpress\/ -->\n<title>La perla Cortina - Passion 4 Travel<\/title>\n<meta name=\"robots\" content=\"index, follow, max-snippet:-1, max-image-preview:large, max-video-preview:-1\" \/>\n<link rel=\"canonical\" href=\"https:\/\/passion4travel.it\/es\/elemento\/viajes-en-grupo\/tours-en-bicicleta\/la-perla-cortina\/\" \/>\n<meta property=\"og:locale\" content=\"es_ES\" \/>\n<meta property=\"og:type\" content=\"article\" \/>\n<meta property=\"og:title\" content=\"La perla Cortina - Passion 4 Travel\" \/>\n<meta property=\"og:description\" content=\"2\/3 d\u00edas descubriendo la Perla de los Dolomitas a trav\u00e9s de rutas ciclistas seguras, pasando por las Dolomitas de Belluno, con posible degustaci\u00f3n de quesos t\u00edpicos de monta\u00f1a. La propuesta...\" \/>\n<meta property=\"og:url\" content=\"https:\/\/passion4travel.it\/es\/elemento\/viajes-en-grupo\/tours-en-bicicleta\/la-perla-cortina\/\" \/>\n<meta property=\"og:site_name\" content=\"Passion 4 Travel\" \/>\n<meta property=\"article:modified_time\" content=\"2024-04-12T20:03:51+00:00\" \/>\n<meta property=\"og:image\" content=\"https:\/\/passion4travel.it\/wp-content\/uploads\/2024\/04\/passion4travel_bike_tour_la_perla_cortina_1.jpg\" \/>\n\t<meta property=\"og:image:width\" content=\"1000\" \/>\n\t<meta property=\"og:image:height\" content=\"600\" \/>\n\t<meta property=\"og:image:type\" content=\"image\/jpeg\" \/>\n<meta name=\"twitter:card\" content=\"summary_large_image\" \/>\n<meta name=\"twitter:label1\" content=\"Tiempo de lectura\" \/>\n\t<meta name=\"twitter:data1\" content=\"1 minuto\" \/>\n<script type=\"application\/ld+json\" class=\"yoast-schema-graph\">{\"@context\":\"https:\/\/schema.org\",\"@graph\":[{\"@type\":\"WebPage\",\"@id\":\"https:\/\/passion4travel.it\/es\/elemento\/viajes-en-grupo\/tours-en-bicicleta\/la-perla-cortina\/\",\"url\":\"https:\/\/passion4travel.it\/es\/elemento\/viajes-en-grupo\/tours-en-bicicleta\/la-perla-cortina\/\",\"name\":\"La perla Cortina - Passion 4 Travel\",\"isPartOf\":{\"@id\":\"https:\/\/passion4travel.it\/es\/#website\"},\"primaryImageOfPage\":{\"@id\":\"https:\/\/passion4travel.it\/es\/elemento\/viajes-en-grupo\/tours-en-bicicleta\/la-perla-cortina\/#primaryimage\"},\"image\":{\"@id\":\"https:\/\/passion4travel.it\/es\/elemento\/viajes-en-grupo\/tours-en-bicicleta\/la-perla-cortina\/#primaryimage\"},\"thumbnailUrl\":\"https:\/\/passion4travel.it\/wp-content\/uploads\/2024\/04\/passion4travel_bike_tour_la_perla_cortina_1.jpg\",\"datePublished\":\"2024-04-05T14:02:16+00:00\",\"dateModified\":\"2024-04-12T20:03:51+00:00\",\"breadcrumb\":{\"@id\":\"https:\/\/passion4travel.it\/es\/elemento\/viajes-en-grupo\/tours-en-bicicleta\/la-perla-cortina\/#breadcrumb\"},\"inLanguage\":\"es\",\"potentialAction\":[{\"@type\":\"ReadAction\",\"target\":[\"https:\/\/passion4travel.it\/es\/elemento\/viajes-en-grupo\/tours-en-bicicleta\/la-perla-cortina\/\"]}]},{\"@type\":\"ImageObject\",\"inLanguage\":\"es\",\"@id\":\"https:\/\/passion4travel.it\/es\/elemento\/viajes-en-grupo\/tours-en-bicicleta\/la-perla-cortina\/#primaryimage\",\"url\":\"https:\/\/passion4travel.it\/wp-content\/uploads\/2024\/04\/passion4travel_bike_tour_la_perla_cortina_1.jpg\",\"contentUrl\":\"https:\/\/passion4travel.it\/wp-content\/uploads\/2024\/04\/passion4travel_bike_tour_la_perla_cortina_1.jpg\",\"width\":1000,\"height\":600},{\"@type\":\"BreadcrumbList\",\"@id\":\"https:\/\/passion4travel.it\/es\/elemento\/viajes-en-grupo\/tours-en-bicicleta\/la-perla-cortina\/#breadcrumb\",\"itemListElement\":[{\"@type\":\"ListItem\",\"position\":1,\"name\":\"Home\",\"item\":\"https:\/\/passion4travel.it\/es\/\"},{\"@type\":\"ListItem\",\"position\":2,\"name\":\"Productos\",\"item\":\"https:\/\/passion4travel.it\/es\/shop\/\"},{\"@type\":\"ListItem\",\"position\":3,\"name\":\"La perla Cortina\"}]},{\"@type\":\"WebSite\",\"@id\":\"https:\/\/passion4travel.it\/es\/#website\",\"url\":\"https:\/\/passion4travel.it\/es\/\",\"name\":\"Passion 4 Travel\",\"description\":\"Tour Operator con sede nelle Colline del Prosecco Conegliano Valdobbiadene che sviluppa e propone tour guidati e servizi turistici che soddisfano ogni passione.\",\"potentialAction\":[{\"@type\":\"SearchAction\",\"target\":{\"@type\":\"EntryPoint\",\"urlTemplate\":\"https:\/\/passion4travel.it\/es\/?s={search_term_string}\"},\"query-input\":{\"@type\":\"PropertyValueSpecification\",\"valueRequired\":true,\"valueName\":\"search_term_string\"}}],\"inLanguage\":\"es\"}]}<\/script>\n<!-- \/ Yoast SEO plugin. -->","yoast_head_json":{"title":"La perla Cortina - Passion 4 Travel","robots":{"index":"index","follow":"follow","max-snippet":"max-snippet:-1","max-image-preview":"max-image-preview:large","max-video-preview":"max-video-preview:-1"},"canonical":"https:\/\/passion4travel.it\/es\/elemento\/viajes-en-grupo\/tours-en-bicicleta\/la-perla-cortina\/","og_locale":"es_ES","og_type":"article","og_title":"La perla Cortina - Passion 4 Travel","og_description":"2\/3 d\u00edas descubriendo la Perla de los Dolomitas a trav\u00e9s de rutas ciclistas seguras, pasando por las Dolomitas de Belluno, con posible degustaci\u00f3n de quesos t\u00edpicos de monta\u00f1a. La propuesta...","og_url":"https:\/\/passion4travel.it\/es\/elemento\/viajes-en-grupo\/tours-en-bicicleta\/la-perla-cortina\/","og_site_name":"Passion 4 Travel","article_modified_time":"2024-04-12T20:03:51+00:00","og_image":[{"width":1000,"height":600,"url":"https:\/\/passion4travel.it\/wp-content\/uploads\/2024\/04\/passion4travel_bike_tour_la_perla_cortina_1.jpg","type":"image\/jpeg"}],"twitter_card":"summary_large_image","twitter_misc":{"Tiempo de lectura":"1 minuto"},"schema":{"@context":"https:\/\/schema.org","@graph":[{"@type":"WebPage","@id":"https:\/\/passion4travel.it\/es\/elemento\/viajes-en-grupo\/tours-en-bicicleta\/la-perla-cortina\/","url":"https:\/\/passion4travel.it\/es\/elemento\/viajes-en-grupo\/tours-en-bicicleta\/la-perla-cortina\/","name":"La perla Cortina - Passion 4 Travel","isPartOf":{"@id":"https:\/\/passion4travel.it\/es\/#website"},"primaryImageOfPage":{"@id":"https:\/\/passion4travel.it\/es\/elemento\/viajes-en-grupo\/tours-en-bicicleta\/la-perla-cortina\/#primaryimage"},"image":{"@id":"https:\/\/passion4travel.it\/es\/elemento\/viajes-en-grupo\/tours-en-bicicleta\/la-perla-cortina\/#primaryimage"},"thumbnailUrl":"https:\/\/passion4travel.it\/wp-content\/uploads\/2024\/04\/passion4travel_bike_tour_la_perla_cortina_1.jpg","datePublished":"2024-04-05T14:02:16+00:00","dateModified":"2024-04-12T20:03:51+00:00","breadcrumb":{"@id":"https:\/\/passion4travel.it\/es\/elemento\/viajes-en-grupo\/tours-en-bicicleta\/la-perla-cortina\/#breadcrumb"},"inLanguage":"es","potentialAction":[{"@type":"ReadAction","target":["https:\/\/passion4travel.it\/es\/elemento\/viajes-en-grupo\/tours-en-bicicleta\/la-perla-cortina\/"]}]},{"@type":"ImageObject","inLanguage":"es","@id":"https:\/\/passion4travel.it\/es\/elemento\/viajes-en-grupo\/tours-en-bicicleta\/la-perla-cortina\/#primaryimage","url":"https:\/\/passion4travel.it\/wp-content\/uploads\/2024\/04\/passion4travel_bike_tour_la_perla_cortina_1.jpg","contentUrl":"https:\/\/passion4travel.it\/wp-content\/uploads\/2024\/04\/passion4travel_bike_tour_la_perla_cortina_1.jpg","width":1000,"height":600},{"@type":"BreadcrumbList","@id":"https:\/\/passion4travel.it\/es\/elemento\/viajes-en-grupo\/tours-en-bicicleta\/la-perla-cortina\/#breadcrumb","itemListElement":[{"@type":"ListItem","position":1,"name":"Home","item":"https:\/\/passion4travel.it\/es\/"},{"@type":"ListItem","position":2,"name":"Productos","item":"https:\/\/passion4travel.it\/es\/shop\/"},{"@type":"ListItem","position":3,"name":"La perla Cortina"}]},{"@type":"WebSite","@id":"https:\/\/passion4travel.it\/es\/#website","url":"https:\/\/passion4travel.it\/es\/","name":"Passion 4 Travel","description":"Tour Operator con sede nelle Colline del Prosecco Conegliano Valdobbiadene che sviluppa e propone tour guidati e servizi turistici che soddisfano ogni passione.","potentialAction":[{"@type":"SearchAction","target":{"@type":"EntryPoint","urlTemplate":"https:\/\/passion4travel.it\/es\/?s={search_term_string}"},"query-input":{"@type":"PropertyValueSpecification","valueRequired":true,"valueName":"search_term_string"}}],"inLanguage":"es"}]}},"_links":{"self":[{"href":"https:\/\/passion4travel.it\/es\/wp-json\/wp\/v2\/product\/7804","targetHints":{"allow":["GET"]}}],"collection":[{"href":"https:\/\/passion4travel.it\/es\/wp-json\/wp\/v2\/product"}],"about":[{"href":"https:\/\/passion4travel.it\/es\/wp-json\/wp\/v2\/types\/product"}],"wp:featuredmedia":[{"embeddable":true,"href":"https:\/\/passion4travel.it\/es\/wp-json\/wp\/v2\/media\/6831"}],"wp:attachment":[{"href":"https:\/\/passion4travel.it\/es\/wp-json\/wp\/v2\/media?parent=7804"}],"wp:term":[{"taxonomy":"product_brand","embeddable":true,"href":"https:\/\/passion4travel.it\/es\/wp-json\/wp\/v2\/product_brand?post=7804"},{"taxonomy":"product_cat","embeddable":true,"href":"https:\/\/passion4travel.it\/es\/wp-json\/wp\/v2\/product_cat?post=7804"},{"taxonomy":"product_tag","embeddable":true,"href":"https:\/\/passion4travel.it\/es\/wp-json\/wp\/v2\/product_tag?post=7804"}],"curies":[{"name":"wp","href":"https:\/\/api.w.org\/{rel}","templated":true}]}}