{"id":7806,"date":"2024-04-05T16:03:30","date_gmt":"2024-04-05T14:03:30","guid":{"rendered":"https:\/\/www.passion4travel.it\/elemento\/sin%20categor\u00eda\/prosecco-dolomiti-collio\/"},"modified":"2024-04-12T22:04:47","modified_gmt":"2024-04-12T20:04:47","slug":"prosecco-dolomitas-collio","status":"publish","type":"product","link":"https:\/\/passion4travel.it\/es\/elemento\/viajes-en-grupo\/tours-en-moto\/prosecco-dolomitas-collio\/","title":{"rendered":"Prosecco, Dolomitas, Collio"},"content":{"rendered":"<p>4 d\u00edas en moto por las colinas del Prosecco Conegliano Valdobbiadene, los maravillosos Pasos Dolom\u00edticos y la zona del Collio Friulano. Curvas y gastronom\u00eda garantizadas.<\/p>\n<p>El tour, en forma de anillo, que comienza seg\u00fan la solicitud del grupo, recorrer\u00e1 tanto la zona del Prosecco como la del Collio Friulano y los Dolomitas de Belluno.<br \/>\nEl alojamiento ser\u00e1 fijo, donde llegar\u00e1n cada noche para pernoctar.<br \/>\nEl gu\u00eda, motorizado, se\u00f1alar\u00e1 la ruta y se detendr\u00e1 en puntos panor\u00e1micos y paradas predefinidas (almuerzos y visitas a bodegas). Tambi\u00e9n se pueden solicitar otros servicios adicionales para hacer que la experiencia sea \u00fanica y emocionante.<\/p>\n<p><strong>Propuesta<\/strong>: alojamiento en hoteles de 3 a 4 estrellas, gu\u00eda autorizado y motorizado, media pensi\u00f3n, 2 visitas a bodegas. Otros posibles servicios como traslados a Venecia, limpieza de motos, secado de ropa, comunicaci\u00f3n grupal a trav\u00e9s de radios.<\/p>\n","protected":false},"excerpt":{"rendered":"<p>4 d\u00edas en moto por las colinas del Prosecco Conegliano Valdobbiadene, los maravillosos Pasos Dolom\u00edticos y la zona del Collio Friulano. Curvas y gastronom\u00eda garantizadas. El tour, en forma de&#8230;<\/p>\n","protected":false},"featured_media":6846,"template":"","meta":[],"product_brand":[],"product_cat":[96],"product_tag":[],"class_list":{"0":"post-7806","1":"product","2":"type-product","3":"status-publish","4":"has-post-thumbnail","6":"product_cat-tours-en-moto","8":"first","9":"instock","10":"virtual","11":"sold-individually","12":"purchasable","13":"product-type-simple"},"yoast_head":"<!-- This site is optimized with the Yoast SEO plugin v27.0 - https:\/\/yoast.com\/product\/yoast-seo-wordpress\/ -->\n<title>Prosecco, Dolomitas, Collio - Passion 4 Travel<\/title>\n<meta name=\"robots\" content=\"index, follow, max-snippet:-1, max-image-preview:large, max-video-preview:-1\" \/>\n<link rel=\"canonical\" href=\"https:\/\/passion4travel.it\/es\/elemento\/viajes-en-grupo\/tours-en-moto\/prosecco-dolomitas-collio\/\" \/>\n<meta property=\"og:locale\" content=\"es_ES\" \/>\n<meta property=\"og:type\" content=\"article\" \/>\n<meta property=\"og:title\" content=\"Prosecco, Dolomitas, Collio - Passion 4 Travel\" \/>\n<meta property=\"og:description\" content=\"4 d\u00edas en moto por las colinas del Prosecco Conegliano Valdobbiadene, los maravillosos Pasos Dolom\u00edticos y la zona del Collio Friulano. Curvas y gastronom\u00eda garantizadas. El tour, en forma de...\" \/>\n<meta property=\"og:url\" content=\"https:\/\/passion4travel.it\/es\/elemento\/viajes-en-grupo\/tours-en-moto\/prosecco-dolomitas-collio\/\" \/>\n<meta property=\"og:site_name\" content=\"Passion 4 Travel\" \/>\n<meta property=\"article:modified_time\" content=\"2024-04-12T20:04:47+00:00\" \/>\n<meta property=\"og:image\" content=\"https:\/\/passion4travel.it\/wp-content\/uploads\/2024\/04\/passion4travel_moto_tour_prosecco_dolomiti_collio_1.jpg\" \/>\n\t<meta property=\"og:image:width\" content=\"1000\" \/>\n\t<meta property=\"og:image:height\" content=\"600\" \/>\n\t<meta property=\"og:image:type\" content=\"image\/jpeg\" \/>\n<meta name=\"twitter:card\" content=\"summary_large_image\" \/>\n<meta name=\"twitter:label1\" content=\"Tiempo de lectura\" \/>\n\t<meta name=\"twitter:data1\" content=\"1 minuto\" \/>\n<script type=\"application\/ld+json\" class=\"yoast-schema-graph\">{\"@context\":\"https:\/\/schema.org\",\"@graph\":[{\"@type\":\"WebPage\",\"@id\":\"https:\/\/passion4travel.it\/es\/elemento\/viajes-en-grupo\/tours-en-moto\/prosecco-dolomitas-collio\/\",\"url\":\"https:\/\/passion4travel.it\/es\/elemento\/viajes-en-grupo\/tours-en-moto\/prosecco-dolomitas-collio\/\",\"name\":\"Prosecco, Dolomitas, Collio - Passion 4 Travel\",\"isPartOf\":{\"@id\":\"https:\/\/passion4travel.it\/es\/#website\"},\"primaryImageOfPage\":{\"@id\":\"https:\/\/passion4travel.it\/es\/elemento\/viajes-en-grupo\/tours-en-moto\/prosecco-dolomitas-collio\/#primaryimage\"},\"image\":{\"@id\":\"https:\/\/passion4travel.it\/es\/elemento\/viajes-en-grupo\/tours-en-moto\/prosecco-dolomitas-collio\/#primaryimage\"},\"thumbnailUrl\":\"https:\/\/passion4travel.it\/wp-content\/uploads\/2024\/04\/passion4travel_moto_tour_prosecco_dolomiti_collio_1.jpg\",\"datePublished\":\"2024-04-05T14:03:30+00:00\",\"dateModified\":\"2024-04-12T20:04:47+00:00\",\"breadcrumb\":{\"@id\":\"https:\/\/passion4travel.it\/es\/elemento\/viajes-en-grupo\/tours-en-moto\/prosecco-dolomitas-collio\/#breadcrumb\"},\"inLanguage\":\"es\",\"potentialAction\":[{\"@type\":\"ReadAction\",\"target\":[\"https:\/\/passion4travel.it\/es\/elemento\/viajes-en-grupo\/tours-en-moto\/prosecco-dolomitas-collio\/\"]}]},{\"@type\":\"ImageObject\",\"inLanguage\":\"es\",\"@id\":\"https:\/\/passion4travel.it\/es\/elemento\/viajes-en-grupo\/tours-en-moto\/prosecco-dolomitas-collio\/#primaryimage\",\"url\":\"https:\/\/passion4travel.it\/wp-content\/uploads\/2024\/04\/passion4travel_moto_tour_prosecco_dolomiti_collio_1.jpg\",\"contentUrl\":\"https:\/\/passion4travel.it\/wp-content\/uploads\/2024\/04\/passion4travel_moto_tour_prosecco_dolomiti_collio_1.jpg\",\"width\":1000,\"height\":600},{\"@type\":\"BreadcrumbList\",\"@id\":\"https:\/\/passion4travel.it\/es\/elemento\/viajes-en-grupo\/tours-en-moto\/prosecco-dolomitas-collio\/#breadcrumb\",\"itemListElement\":[{\"@type\":\"ListItem\",\"position\":1,\"name\":\"Home\",\"item\":\"https:\/\/passion4travel.it\/es\/\"},{\"@type\":\"ListItem\",\"position\":2,\"name\":\"Productos\",\"item\":\"https:\/\/passion4travel.it\/es\/shop\/\"},{\"@type\":\"ListItem\",\"position\":3,\"name\":\"Prosecco, Dolomitas, Collio\"}]},{\"@type\":\"WebSite\",\"@id\":\"https:\/\/passion4travel.it\/es\/#website\",\"url\":\"https:\/\/passion4travel.it\/es\/\",\"name\":\"Passion 4 Travel\",\"description\":\"Tour Operator con sede nelle Colline del Prosecco Conegliano Valdobbiadene che sviluppa e propone tour guidati e servizi turistici che soddisfano ogni passione.\",\"potentialAction\":[{\"@type\":\"SearchAction\",\"target\":{\"@type\":\"EntryPoint\",\"urlTemplate\":\"https:\/\/passion4travel.it\/es\/?s={search_term_string}\"},\"query-input\":{\"@type\":\"PropertyValueSpecification\",\"valueRequired\":true,\"valueName\":\"search_term_string\"}}],\"inLanguage\":\"es\"}]}<\/script>\n<!-- \/ Yoast SEO plugin. -->","yoast_head_json":{"title":"Prosecco, Dolomitas, Collio - Passion 4 Travel","robots":{"index":"index","follow":"follow","max-snippet":"max-snippet:-1","max-image-preview":"max-image-preview:large","max-video-preview":"max-video-preview:-1"},"canonical":"https:\/\/passion4travel.it\/es\/elemento\/viajes-en-grupo\/tours-en-moto\/prosecco-dolomitas-collio\/","og_locale":"es_ES","og_type":"article","og_title":"Prosecco, Dolomitas, Collio - Passion 4 Travel","og_description":"4 d\u00edas en moto por las colinas del Prosecco Conegliano Valdobbiadene, los maravillosos Pasos Dolom\u00edticos y la zona del Collio Friulano. Curvas y gastronom\u00eda garantizadas. El tour, en forma de...","og_url":"https:\/\/passion4travel.it\/es\/elemento\/viajes-en-grupo\/tours-en-moto\/prosecco-dolomitas-collio\/","og_site_name":"Passion 4 Travel","article_modified_time":"2024-04-12T20:04:47+00:00","og_image":[{"width":1000,"height":600,"url":"https:\/\/passion4travel.it\/wp-content\/uploads\/2024\/04\/passion4travel_moto_tour_prosecco_dolomiti_collio_1.jpg","type":"image\/jpeg"}],"twitter_card":"summary_large_image","twitter_misc":{"Tiempo de lectura":"1 minuto"},"schema":{"@context":"https:\/\/schema.org","@graph":[{"@type":"WebPage","@id":"https:\/\/passion4travel.it\/es\/elemento\/viajes-en-grupo\/tours-en-moto\/prosecco-dolomitas-collio\/","url":"https:\/\/passion4travel.it\/es\/elemento\/viajes-en-grupo\/tours-en-moto\/prosecco-dolomitas-collio\/","name":"Prosecco, Dolomitas, Collio - Passion 4 Travel","isPartOf":{"@id":"https:\/\/passion4travel.it\/es\/#website"},"primaryImageOfPage":{"@id":"https:\/\/passion4travel.it\/es\/elemento\/viajes-en-grupo\/tours-en-moto\/prosecco-dolomitas-collio\/#primaryimage"},"image":{"@id":"https:\/\/passion4travel.it\/es\/elemento\/viajes-en-grupo\/tours-en-moto\/prosecco-dolomitas-collio\/#primaryimage"},"thumbnailUrl":"https:\/\/passion4travel.it\/wp-content\/uploads\/2024\/04\/passion4travel_moto_tour_prosecco_dolomiti_collio_1.jpg","datePublished":"2024-04-05T14:03:30+00:00","dateModified":"2024-04-12T20:04:47+00:00","breadcrumb":{"@id":"https:\/\/passion4travel.it\/es\/elemento\/viajes-en-grupo\/tours-en-moto\/prosecco-dolomitas-collio\/#breadcrumb"},"inLanguage":"es","potentialAction":[{"@type":"ReadAction","target":["https:\/\/passion4travel.it\/es\/elemento\/viajes-en-grupo\/tours-en-moto\/prosecco-dolomitas-collio\/"]}]},{"@type":"ImageObject","inLanguage":"es","@id":"https:\/\/passion4travel.it\/es\/elemento\/viajes-en-grupo\/tours-en-moto\/prosecco-dolomitas-collio\/#primaryimage","url":"https:\/\/passion4travel.it\/wp-content\/uploads\/2024\/04\/passion4travel_moto_tour_prosecco_dolomiti_collio_1.jpg","contentUrl":"https:\/\/passion4travel.it\/wp-content\/uploads\/2024\/04\/passion4travel_moto_tour_prosecco_dolomiti_collio_1.jpg","width":1000,"height":600},{"@type":"BreadcrumbList","@id":"https:\/\/passion4travel.it\/es\/elemento\/viajes-en-grupo\/tours-en-moto\/prosecco-dolomitas-collio\/#breadcrumb","itemListElement":[{"@type":"ListItem","position":1,"name":"Home","item":"https:\/\/passion4travel.it\/es\/"},{"@type":"ListItem","position":2,"name":"Productos","item":"https:\/\/passion4travel.it\/es\/shop\/"},{"@type":"ListItem","position":3,"name":"Prosecco, Dolomitas, Collio"}]},{"@type":"WebSite","@id":"https:\/\/passion4travel.it\/es\/#website","url":"https:\/\/passion4travel.it\/es\/","name":"Passion 4 Travel","description":"Tour Operator con sede nelle Colline del Prosecco Conegliano Valdobbiadene che sviluppa e propone tour guidati e servizi turistici che soddisfano ogni passione.","potentialAction":[{"@type":"SearchAction","target":{"@type":"EntryPoint","urlTemplate":"https:\/\/passion4travel.it\/es\/?s={search_term_string}"},"query-input":{"@type":"PropertyValueSpecification","valueRequired":true,"valueName":"search_term_string"}}],"inLanguage":"es"}]}},"_links":{"self":[{"href":"https:\/\/passion4travel.it\/es\/wp-json\/wp\/v2\/product\/7806","targetHints":{"allow":["GET"]}}],"collection":[{"href":"https:\/\/passion4travel.it\/es\/wp-json\/wp\/v2\/product"}],"about":[{"href":"https:\/\/passion4travel.it\/es\/wp-json\/wp\/v2\/types\/product"}],"wp:featuredmedia":[{"embeddable":true,"href":"https:\/\/passion4travel.it\/es\/wp-json\/wp\/v2\/media\/6846"}],"wp:attachment":[{"href":"https:\/\/passion4travel.it\/es\/wp-json\/wp\/v2\/media?parent=7806"}],"wp:term":[{"taxonomy":"product_brand","embeddable":true,"href":"https:\/\/passion4travel.it\/es\/wp-json\/wp\/v2\/product_brand?post=7806"},{"taxonomy":"product_cat","embeddable":true,"href":"https:\/\/passion4travel.it\/es\/wp-json\/wp\/v2\/product_cat?post=7806"},{"taxonomy":"product_tag","embeddable":true,"href":"https:\/\/passion4travel.it\/es\/wp-json\/wp\/v2\/product_tag?post=7806"}],"curies":[{"name":"wp","href":"https:\/\/api.w.org\/{rel}","templated":true}]}}