{"id":7816,"date":"2024-04-05T16:27:13","date_gmt":"2024-04-05T14:27:13","guid":{"rendered":"https:\/\/www.passion4travel.it\/elemento\/sin%20categor\u00eda\/altipiano-di-asiago-e-dintorni\/"},"modified":"2024-04-12T22:08:17","modified_gmt":"2024-04-12T20:08:17","slug":"altopiano-di-asiago-e-sus-alrededores","status":"publish","type":"product","link":"https:\/\/passion4travel.it\/es\/elemento\/viajes-en-grupo\/tours-de-autos-clasicos\/altopiano-di-asiago-e-sus-alrededores\/","title":{"rendered":"Altopiano di Asiago e sus alrededores"},"content":{"rendered":"<p>3 d\u00edas con base en el altiplano de Asiago nos permitir\u00e1n recorrer en moto bosques de pino en altitud para luego recorrer las crestas de las monta\u00f1as siguiendo las huellas de la Gran Guerra.<\/p>\n<p>El tour se desarrollar\u00e1 con una base log\u00edstica en Asiago. Desde este conocido destino se puede llegar f\u00e1cilmente a Lavarone, el paso de las Fugazze y Schio, donde se almorzar\u00e1. El regreso ser\u00e1 igualmente emocionante gracias a la visita a una queser\u00eda. Partiendo siempre desde Asiago, el segundo d\u00eda, se continuar\u00e1 hacia Rozzo, los fuertes de Primulano, para llegar a Cima Grappa y recorrer el trazado de la Gran Guerra. En el tercer d\u00eda disponible se podr\u00e1 elegir entre la zona del Prosecco y un d\u00eda de golf en Asiago.<\/p>\n<p><strong>Propuesta<\/strong>: alojamiento en hoteles de 3 a 4 estrellas, gu\u00eda autorizada en varios idiomas, media pensi\u00f3n, 2 visitas a bodegas, 1 visita a un castillo.<\/p>\n","protected":false},"excerpt":{"rendered":"<p>3 d\u00edas con base en el altiplano de Asiago nos permitir\u00e1n recorrer en moto bosques de pino en altitud para luego recorrer las crestas de las monta\u00f1as siguiendo las huellas&#8230;<\/p>\n","protected":false},"featured_media":6933,"template":"","meta":[],"product_brand":[],"product_cat":[93],"product_tag":[],"class_list":{"0":"post-7816","1":"product","2":"type-product","3":"status-publish","4":"has-post-thumbnail","6":"product_cat-tours-de-autos-clasicos","8":"first","9":"instock","10":"virtual","11":"sold-individually","12":"purchasable","13":"product-type-simple"},"yoast_head":"<!-- This site is optimized with the Yoast SEO plugin v27.0 - https:\/\/yoast.com\/product\/yoast-seo-wordpress\/ -->\n<title>Altopiano di Asiago e sus alrededores - Passion 4 Travel<\/title>\n<meta name=\"robots\" content=\"index, follow, max-snippet:-1, max-image-preview:large, max-video-preview:-1\" \/>\n<link rel=\"canonical\" href=\"https:\/\/passion4travel.it\/es\/elemento\/viajes-en-grupo\/tours-de-autos-clasicos\/altopiano-di-asiago-e-sus-alrededores\/\" \/>\n<meta property=\"og:locale\" content=\"es_ES\" \/>\n<meta property=\"og:type\" content=\"article\" \/>\n<meta property=\"og:title\" content=\"Altopiano di Asiago e sus alrededores - Passion 4 Travel\" \/>\n<meta property=\"og:description\" content=\"3 d\u00edas con base en el altiplano de Asiago nos permitir\u00e1n recorrer en moto bosques de pino en altitud para luego recorrer las crestas de las monta\u00f1as siguiendo las huellas...\" \/>\n<meta property=\"og:url\" content=\"https:\/\/passion4travel.it\/es\/elemento\/viajes-en-grupo\/tours-de-autos-clasicos\/altopiano-di-asiago-e-sus-alrededores\/\" \/>\n<meta property=\"og:site_name\" content=\"Passion 4 Travel\" \/>\n<meta property=\"article:modified_time\" content=\"2024-04-12T20:08:17+00:00\" \/>\n<meta property=\"og:image\" content=\"https:\/\/passion4travel.it\/wp-content\/uploads\/2024\/04\/passion4travel_auto_d_epoca_tour_altipiano_di_asiago_e_dintorni1.jpg\" \/>\n\t<meta property=\"og:image:width\" content=\"1000\" \/>\n\t<meta property=\"og:image:height\" content=\"600\" \/>\n\t<meta property=\"og:image:type\" content=\"image\/jpeg\" \/>\n<meta name=\"twitter:card\" content=\"summary_large_image\" \/>\n<meta name=\"twitter:label1\" content=\"Tiempo de lectura\" \/>\n\t<meta name=\"twitter:data1\" content=\"1 minuto\" \/>\n<script type=\"application\/ld+json\" class=\"yoast-schema-graph\">{\"@context\":\"https:\/\/schema.org\",\"@graph\":[{\"@type\":\"WebPage\",\"@id\":\"https:\/\/passion4travel.it\/es\/elemento\/viajes-en-grupo\/tours-de-autos-clasicos\/altopiano-di-asiago-e-sus-alrededores\/\",\"url\":\"https:\/\/passion4travel.it\/es\/elemento\/viajes-en-grupo\/tours-de-autos-clasicos\/altopiano-di-asiago-e-sus-alrededores\/\",\"name\":\"Altopiano di Asiago e sus alrededores - Passion 4 Travel\",\"isPartOf\":{\"@id\":\"https:\/\/passion4travel.it\/es\/#website\"},\"primaryImageOfPage\":{\"@id\":\"https:\/\/passion4travel.it\/es\/elemento\/viajes-en-grupo\/tours-de-autos-clasicos\/altopiano-di-asiago-e-sus-alrededores\/#primaryimage\"},\"image\":{\"@id\":\"https:\/\/passion4travel.it\/es\/elemento\/viajes-en-grupo\/tours-de-autos-clasicos\/altopiano-di-asiago-e-sus-alrededores\/#primaryimage\"},\"thumbnailUrl\":\"https:\/\/passion4travel.it\/wp-content\/uploads\/2024\/04\/passion4travel_auto_d_epoca_tour_altipiano_di_asiago_e_dintorni1.jpg\",\"datePublished\":\"2024-04-05T14:27:13+00:00\",\"dateModified\":\"2024-04-12T20:08:17+00:00\",\"breadcrumb\":{\"@id\":\"https:\/\/passion4travel.it\/es\/elemento\/viajes-en-grupo\/tours-de-autos-clasicos\/altopiano-di-asiago-e-sus-alrededores\/#breadcrumb\"},\"inLanguage\":\"es\",\"potentialAction\":[{\"@type\":\"ReadAction\",\"target\":[\"https:\/\/passion4travel.it\/es\/elemento\/viajes-en-grupo\/tours-de-autos-clasicos\/altopiano-di-asiago-e-sus-alrededores\/\"]}]},{\"@type\":\"ImageObject\",\"inLanguage\":\"es\",\"@id\":\"https:\/\/passion4travel.it\/es\/elemento\/viajes-en-grupo\/tours-de-autos-clasicos\/altopiano-di-asiago-e-sus-alrededores\/#primaryimage\",\"url\":\"https:\/\/passion4travel.it\/wp-content\/uploads\/2024\/04\/passion4travel_auto_d_epoca_tour_altipiano_di_asiago_e_dintorni1.jpg\",\"contentUrl\":\"https:\/\/passion4travel.it\/wp-content\/uploads\/2024\/04\/passion4travel_auto_d_epoca_tour_altipiano_di_asiago_e_dintorni1.jpg\",\"width\":1000,\"height\":600,\"caption\":\"Canove di Roana-Asiago plateau\"},{\"@type\":\"BreadcrumbList\",\"@id\":\"https:\/\/passion4travel.it\/es\/elemento\/viajes-en-grupo\/tours-de-autos-clasicos\/altopiano-di-asiago-e-sus-alrededores\/#breadcrumb\",\"itemListElement\":[{\"@type\":\"ListItem\",\"position\":1,\"name\":\"Home\",\"item\":\"https:\/\/passion4travel.it\/es\/\"},{\"@type\":\"ListItem\",\"position\":2,\"name\":\"Productos\",\"item\":\"https:\/\/passion4travel.it\/es\/shop\/\"},{\"@type\":\"ListItem\",\"position\":3,\"name\":\"Altopiano di Asiago e sus alrededores\"}]},{\"@type\":\"WebSite\",\"@id\":\"https:\/\/passion4travel.it\/es\/#website\",\"url\":\"https:\/\/passion4travel.it\/es\/\",\"name\":\"Passion 4 Travel\",\"description\":\"Tour Operator con sede nelle Colline del Prosecco Conegliano Valdobbiadene che sviluppa e propone tour guidati e servizi turistici che soddisfano ogni passione.\",\"potentialAction\":[{\"@type\":\"SearchAction\",\"target\":{\"@type\":\"EntryPoint\",\"urlTemplate\":\"https:\/\/passion4travel.it\/es\/?s={search_term_string}\"},\"query-input\":{\"@type\":\"PropertyValueSpecification\",\"valueRequired\":true,\"valueName\":\"search_term_string\"}}],\"inLanguage\":\"es\"}]}<\/script>\n<!-- \/ Yoast SEO plugin. -->","yoast_head_json":{"title":"Altopiano di Asiago e sus alrededores - Passion 4 Travel","robots":{"index":"index","follow":"follow","max-snippet":"max-snippet:-1","max-image-preview":"max-image-preview:large","max-video-preview":"max-video-preview:-1"},"canonical":"https:\/\/passion4travel.it\/es\/elemento\/viajes-en-grupo\/tours-de-autos-clasicos\/altopiano-di-asiago-e-sus-alrededores\/","og_locale":"es_ES","og_type":"article","og_title":"Altopiano di Asiago e sus alrededores - Passion 4 Travel","og_description":"3 d\u00edas con base en el altiplano de Asiago nos permitir\u00e1n recorrer en moto bosques de pino en altitud para luego recorrer las crestas de las monta\u00f1as siguiendo las huellas...","og_url":"https:\/\/passion4travel.it\/es\/elemento\/viajes-en-grupo\/tours-de-autos-clasicos\/altopiano-di-asiago-e-sus-alrededores\/","og_site_name":"Passion 4 Travel","article_modified_time":"2024-04-12T20:08:17+00:00","og_image":[{"width":1000,"height":600,"url":"https:\/\/passion4travel.it\/wp-content\/uploads\/2024\/04\/passion4travel_auto_d_epoca_tour_altipiano_di_asiago_e_dintorni1.jpg","type":"image\/jpeg"}],"twitter_card":"summary_large_image","twitter_misc":{"Tiempo de lectura":"1 minuto"},"schema":{"@context":"https:\/\/schema.org","@graph":[{"@type":"WebPage","@id":"https:\/\/passion4travel.it\/es\/elemento\/viajes-en-grupo\/tours-de-autos-clasicos\/altopiano-di-asiago-e-sus-alrededores\/","url":"https:\/\/passion4travel.it\/es\/elemento\/viajes-en-grupo\/tours-de-autos-clasicos\/altopiano-di-asiago-e-sus-alrededores\/","name":"Altopiano di Asiago e sus alrededores - Passion 4 Travel","isPartOf":{"@id":"https:\/\/passion4travel.it\/es\/#website"},"primaryImageOfPage":{"@id":"https:\/\/passion4travel.it\/es\/elemento\/viajes-en-grupo\/tours-de-autos-clasicos\/altopiano-di-asiago-e-sus-alrededores\/#primaryimage"},"image":{"@id":"https:\/\/passion4travel.it\/es\/elemento\/viajes-en-grupo\/tours-de-autos-clasicos\/altopiano-di-asiago-e-sus-alrededores\/#primaryimage"},"thumbnailUrl":"https:\/\/passion4travel.it\/wp-content\/uploads\/2024\/04\/passion4travel_auto_d_epoca_tour_altipiano_di_asiago_e_dintorni1.jpg","datePublished":"2024-04-05T14:27:13+00:00","dateModified":"2024-04-12T20:08:17+00:00","breadcrumb":{"@id":"https:\/\/passion4travel.it\/es\/elemento\/viajes-en-grupo\/tours-de-autos-clasicos\/altopiano-di-asiago-e-sus-alrededores\/#breadcrumb"},"inLanguage":"es","potentialAction":[{"@type":"ReadAction","target":["https:\/\/passion4travel.it\/es\/elemento\/viajes-en-grupo\/tours-de-autos-clasicos\/altopiano-di-asiago-e-sus-alrededores\/"]}]},{"@type":"ImageObject","inLanguage":"es","@id":"https:\/\/passion4travel.it\/es\/elemento\/viajes-en-grupo\/tours-de-autos-clasicos\/altopiano-di-asiago-e-sus-alrededores\/#primaryimage","url":"https:\/\/passion4travel.it\/wp-content\/uploads\/2024\/04\/passion4travel_auto_d_epoca_tour_altipiano_di_asiago_e_dintorni1.jpg","contentUrl":"https:\/\/passion4travel.it\/wp-content\/uploads\/2024\/04\/passion4travel_auto_d_epoca_tour_altipiano_di_asiago_e_dintorni1.jpg","width":1000,"height":600,"caption":"Canove di Roana-Asiago plateau"},{"@type":"BreadcrumbList","@id":"https:\/\/passion4travel.it\/es\/elemento\/viajes-en-grupo\/tours-de-autos-clasicos\/altopiano-di-asiago-e-sus-alrededores\/#breadcrumb","itemListElement":[{"@type":"ListItem","position":1,"name":"Home","item":"https:\/\/passion4travel.it\/es\/"},{"@type":"ListItem","position":2,"name":"Productos","item":"https:\/\/passion4travel.it\/es\/shop\/"},{"@type":"ListItem","position":3,"name":"Altopiano di Asiago e sus alrededores"}]},{"@type":"WebSite","@id":"https:\/\/passion4travel.it\/es\/#website","url":"https:\/\/passion4travel.it\/es\/","name":"Passion 4 Travel","description":"Tour Operator con sede nelle Colline del Prosecco Conegliano Valdobbiadene che sviluppa e propone tour guidati e servizi turistici che soddisfano ogni passione.","potentialAction":[{"@type":"SearchAction","target":{"@type":"EntryPoint","urlTemplate":"https:\/\/passion4travel.it\/es\/?s={search_term_string}"},"query-input":{"@type":"PropertyValueSpecification","valueRequired":true,"valueName":"search_term_string"}}],"inLanguage":"es"}]}},"_links":{"self":[{"href":"https:\/\/passion4travel.it\/es\/wp-json\/wp\/v2\/product\/7816","targetHints":{"allow":["GET"]}}],"collection":[{"href":"https:\/\/passion4travel.it\/es\/wp-json\/wp\/v2\/product"}],"about":[{"href":"https:\/\/passion4travel.it\/es\/wp-json\/wp\/v2\/types\/product"}],"wp:featuredmedia":[{"embeddable":true,"href":"https:\/\/passion4travel.it\/es\/wp-json\/wp\/v2\/media\/6933"}],"wp:attachment":[{"href":"https:\/\/passion4travel.it\/es\/wp-json\/wp\/v2\/media?parent=7816"}],"wp:term":[{"taxonomy":"product_brand","embeddable":true,"href":"https:\/\/passion4travel.it\/es\/wp-json\/wp\/v2\/product_brand?post=7816"},{"taxonomy":"product_cat","embeddable":true,"href":"https:\/\/passion4travel.it\/es\/wp-json\/wp\/v2\/product_cat?post=7816"},{"taxonomy":"product_tag","embeddable":true,"href":"https:\/\/passion4travel.it\/es\/wp-json\/wp\/v2\/product_tag?post=7816"}],"curies":[{"name":"wp","href":"https:\/\/api.w.org\/{rel}","templated":true}]}}